{"id":136,"date":"2015-05-29T03:27:19","date_gmt":"2015-05-29T00:27:19","guid":{"rendered":"http:\/\/odysseus-contests.eu\/2016\/?page_id=136"},"modified":"2015-06-15T16:06:25","modified_gmt":"2015-06-15T13:06:25","slug":"advisory-board","status":"publish","type":"page","link":"https:\/\/odysseus-contests.eu\/2016\/odysseus-ii\/advisory-board\/","title":{"rendered":"Advisory Board"},"content":{"rendered":"<p style=\"text-align: justify;\"><b><img decoding=\"async\" loading=\"lazy\" class=\"alignleft size-full wp-image-419\" src=\"http:\/\/odysseus-contests.eu\/2016\/wp-content\/uploads\/2015\/05\/image001.png\" alt=\"image001\" width=\"155\" height=\"215\" \/>Jean-Pierre Swings<\/b> is Honorary Professor at the University of Liege (Belgium) where he obtained his Master\u2019s degree in space engineering and his PhD and DSc in astrophysics. His subjects of interest are among others solar physics and emission-line and\/or infrared excess objects. He gradually switched from observational astrophysics to \u201castropolitics\u201d, as General Secretary of the International Astronomical Union, member of numerous committees of the European Space Agency, Council Member of the European Southern Observatory and Member of the European Astronomical Society of which he was one of the four founders. Jean-Pierre Swings was until recently,\u00a0Chairman of the European Space Sciences Committee of the European Science Foundation and member of the Space Advisory Group of the European Commission 7th Framework Program. (Odysseus Member of International Jury 2012-2013).<\/p>\n<p style=\"text-align: justify;\"><b><img decoding=\"async\" loading=\"lazy\" class=\"alignleft size-full wp-image-425\" src=\"http:\/\/odysseus-contests.eu\/2016\/wp-content\/uploads\/2015\/05\/image003.png\" alt=\"image003\" width=\"149\" height=\"215\" \/><\/b><strong>Athena Coustenis<\/strong> is Director of Research with the National Centre for Scientific Research (CNRS) of France. She is the Chair of the ESF Space Sciences Committee. Her speciality is Planetology (exploration of the Solar System from ground-based and space observations). Her astronomy research is devoted to the investigation of planetary atmospheres and surfaces, with emphasis on the icy moons around the giant planets and exoplanets. In the recent years she has been leading efforts towards future space missions. <em>(Odysseus Member of International Jury 2012-2013)<\/em><\/p>\n<p>&nbsp;<\/p>\n<p>&nbsp;<\/p>\n<p style=\"text-align: justify;\"><b><img decoding=\"async\" loading=\"lazy\" class=\"alignleft size-full wp-image-430\" src=\"http:\/\/odysseus-contests.eu\/2016\/wp-content\/uploads\/2015\/05\/image005.png\" alt=\"image005\" width=\"155\" height=\"203\" \/>Frank De Winne<\/b> is an ESA astronaut. He was an experienced test pilot with the Belgian Air Force before he joined the Astronaut Corps of the European Space Agency. In 2002, De Winne participated in the Odissea mission, a support flight to the International Space Station ISS. During the 11-day mission, he carried out a programme of 23 experiments. De Winne\u2019s second mission took place from May to December 2009, a long-duration spaceflight to the ISS called OasISS. During this flight De Winne became the first European Commander of the ISS. During the mission, a comprehensive utilisation and outreach programme was implemented dedicated to science. On August 1, 2012 De Winne became Head of the European Astronaut Centre Department. (Odysseus Member of International Jury 2012-2013)<\/p>\n<p><b><img decoding=\"async\" loading=\"lazy\" class=\"alignleft size-full wp-image-436\" src=\"http:\/\/odysseus-contests.eu\/2016\/wp-content\/uploads\/2015\/05\/image007.png\" alt=\"image007\" width=\"155\" height=\"215\" \/><\/b><\/p>\n<p style=\"text-align: justify;\"><strong>Manolis K. Georgoulis<\/strong> is a Senior Researcher at the Research Center for Astronomy and Applied Mathematics of the Academy of Athens. Moreover, he is the Greek National Delegate to the Science Programme Committee of the European Space Agency (ESA\/SPC) (2011 \u2013 present), President of the European Solar Physics Division (ESPD) of the European Physical Society (EPS) (2014 \u2013 2017), appointed member of the Greek National Committee for Astronomy (GNCA) (2012 \u2013 present), and Project Coordinator of the FLARECAST EU project on solar flare forecasting (2015 &#8211; 2017). He holds a B.Sc. (Physics) from the Aristotle University of Thessaloniki (1993) and a Ph.D. (solar plasma physics) from the same institution (2000). Dr Georgoulis was PostDoctoral Research Associate at the Johns Hopkins University Applied Physics Laboratory (JHU\/APL) in Laurel, MD, USA (2000 \u2013 2003). Thereafter, a Senior Professional Staff Physicist at JHU\/APL (2003 \u2013 2009), when he accepted a researcher position at the Academy of Athens. Honored with a Marie Curie fellowship from the European Commission (2010 &#8211; 2014), a Certificate of Appreciation for Exceptional Contribution to JHU\/APL Mission Proposal Efforts (2008),\u00a0 a Special Achievement Award (JHU\/APL, 2007), an ERASMUS Scholarship of the European Astrophysical Doctoral Network (EADN, 1996 \u2013 1997), and a Ph.D. Scholarship of the Greek National Foundation of Scholarships (IKY, 1996 \u2013 2000). He has participated in the Science Team of three NASA and two ESA space missions, including a Deputy Project Scientist position in the Solar Probe Plus (SPP) mission (2008 \u2013 2009), currently built at JHU\/APL. He has authored or co-authored 55 refereed-journal papers, enjoying more than 1,500 citations [Source: NASA\/ADS]. <em>(Odysseus Member of International Jury 2012-2013)<\/em><\/p>\n<p style=\"text-align: justify;\">\n<p style=\"text-align: justify;\"><b><img decoding=\"async\" loading=\"lazy\" class=\"alignleft wp-image-441\" src=\"http:\/\/odysseus-contests.eu\/2016\/wp-content\/uploads\/2015\/05\/image009.jpg\" alt=\"image009\" width=\"170\" height=\"187\" srcset=\"https:\/\/odysseus-contests.eu\/2016\/wp-content\/uploads\/2015\/05\/image009.jpg 282w, https:\/\/odysseus-contests.eu\/2016\/wp-content\/uploads\/2015\/05\/image009-272x300.jpg 272w\" sizes=\"(max-width: 170px) 100vw, 170px\" \/>Ya\u00ebl Naz\u00e9<\/b> is Research Associate FNRS at the University of Li\u00e8ge (Belgium). She studies massive stars, through multiwavelength observations obtained by ground-based and space-based observatories (as of March 2014: 44\u00a0refereed publications as first author, 64\u00a0as co-author, h-index=27). She has served as expert on the stellar panels of several observatories (ESA, ESO, NASA) and as referee for astrophysical journals. She is also involved in multidisciplinary research and in outreach activities (incl. 10\u00a0books published).<\/p>\n<p>&nbsp;<\/p>\n<p>&nbsp;<\/p>\n<p><b><img decoding=\"async\" loading=\"lazy\" class=\"alignleft size-full wp-image-446\" src=\"http:\/\/odysseus-contests.eu\/2016\/wp-content\/uploads\/2015\/05\/image011.jpg\" alt=\"image011\" width=\"184\" height=\"207\" \/>Rosa M. Ros Ferr\u00e9<\/b> is the Vice-President of the International Astronomical Union (IAU) Comm. 46. Furthermore she is the Vice-President of the European Association for Astronomy Education (EAAE) and Director of programs of \u201cCiencia en Acci\u00f3n\u201d and \u201cAdopta una Estrella\u201d. She also teaches Mathematics for Engineering degrees on Aeronautics, Telematics and Telecommunications at Escola Polit\u00e8cnica Superior de Castelldefels. She holds a Chair of Publications of the \u201cJunta Directiva\u201d of the \u201cAsociaci\u00f3n para la Ense\u00f1anza de la Astronom\u00eda\u201d (ApEA), she is a Member of Education Committee of \u201cUniverse Awareness\u201d(UNAWE), a Consulting Member of the Executive Committee of EIROforum and a Member of the \u201cAdvisory Panel\u201d of \u201cPhysics Education\u201d. She has been the Spanish National Representative for IAU Comm. 46 since 1994, the Spanish National Representative for Physics on Stage and Science on Stage since 1999 and the Spanish National Representative for \u201cUNAWE \u2013 Explora el Universo\u201d since 2006.<\/p>\n","protected":false},"excerpt":{"rendered":"<p>Jean-Pierre Swings is Honorary Professor at the University of Liege (Belgium) where he obtained his Master\u2019s degree in space engineering and his PhD and DSc in astrophysics. His subjects of interest are among others solar physics and emission-line and\/or infrared excess objects. He gradually switched from observational astrophysics to \u201castropolitics\u201d, as General Secretary of the [&hellip;]<\/p>\n","protected":false},"author":1,"featured_media":0,"parent":131,"menu_order":40,"comment_status":"closed","ping_status":"closed","template":"","meta":[],"acf":[],"yoast_head":"<!-- This site is optimized with the Yoast SEO plugin v19.14 - https:\/\/yoast.com\/wordpress\/plugins\/seo\/ -->\n<title>Advisory Board - ODYSSEUS II<\/title>\n<meta name=\"robots\" content=\"index, follow, max-snippet:-1, max-image-preview:large, max-video-preview:-1\" \/>\n<link rel=\"canonical\" href=\"https:\/\/odysseus-contests.eu\/2016\/odysseus-ii\/advisory-board\/\" \/>\n<meta property=\"og:locale\" content=\"en_US\" \/>\n<meta property=\"og:type\" content=\"article\" \/>\n<meta property=\"og:title\" content=\"Advisory Board - ODYSSEUS II\" \/>\n<meta property=\"og:description\" content=\"Jean-Pierre Swings is Honorary Professor at the University of Liege (Belgium) where he obtained his Master\u2019s degree in space engineering and his PhD and DSc in astrophysics. His subjects of interest are among others solar physics and emission-line and\/or infrared excess objects. He gradually switched from observational astrophysics to \u201castropolitics\u201d, as General Secretary of the [&hellip;]\" \/>\n<meta property=\"og:url\" content=\"https:\/\/odysseus-contests.eu\/2016\/odysseus-ii\/advisory-board\/\" \/>\n<meta property=\"og:site_name\" content=\"ODYSSEUS II\" \/>\n<meta property=\"article:modified_time\" content=\"2015-06-15T13:06:25+00:00\" \/>\n<meta property=\"og:image\" content=\"http:\/\/odysseus-contests.eu\/2016\/wp-content\/uploads\/2015\/05\/image001.png\" \/>\n<meta name=\"twitter:card\" content=\"summary_large_image\" \/>\n<meta name=\"twitter:label1\" content=\"Est. reading time\" \/>\n\t<meta name=\"twitter:data1\" content=\"4 minutes\" \/>\n<script type=\"application\/ld+json\" class=\"yoast-schema-graph\">{\"@context\":\"https:\/\/schema.org\",\"@graph\":[{\"@type\":\"WebPage\",\"@id\":\"https:\/\/odysseus-contests.eu\/2016\/odysseus-ii\/advisory-board\/\",\"url\":\"https:\/\/odysseus-contests.eu\/2016\/odysseus-ii\/advisory-board\/\",\"name\":\"Advisory Board - ODYSSEUS II\",\"isPartOf\":{\"@id\":\"https:\/\/odysseus-contests.eu\/2016\/de\/#website\"},\"datePublished\":\"2015-05-29T00:27:19+00:00\",\"dateModified\":\"2015-06-15T13:06:25+00:00\",\"breadcrumb\":{\"@id\":\"https:\/\/odysseus-contests.eu\/2016\/odysseus-ii\/advisory-board\/#breadcrumb\"},\"inLanguage\":\"en-US\",\"potentialAction\":[{\"@type\":\"ReadAction\",\"target\":[\"https:\/\/odysseus-contests.eu\/2016\/odysseus-ii\/advisory-board\/\"]}]},{\"@type\":\"BreadcrumbList\",\"@id\":\"https:\/\/odysseus-contests.eu\/2016\/odysseus-ii\/advisory-board\/#breadcrumb\",\"itemListElement\":[{\"@type\":\"ListItem\",\"position\":1,\"name\":\"Home\",\"item\":\"https:\/\/odysseus-contests.eu\/2016\/\"},{\"@type\":\"ListItem\",\"position\":2,\"name\":\"The Odysseus II Project\",\"item\":\"https:\/\/odysseus-contests.eu\/2016\/odysseus-ii\/\"},{\"@type\":\"ListItem\",\"position\":3,\"name\":\"Advisory Board\"}]},{\"@type\":\"WebSite\",\"@id\":\"https:\/\/odysseus-contests.eu\/2016\/de\/#website\",\"url\":\"https:\/\/odysseus-contests.eu\/2016\/de\/\",\"name\":\"ODYSSEUS II\",\"description\":\"European Youth Space Contest\",\"potentialAction\":[{\"@type\":\"SearchAction\",\"target\":{\"@type\":\"EntryPoint\",\"urlTemplate\":\"https:\/\/odysseus-contests.eu\/2016\/de\/?s={search_term_string}\"},\"query-input\":\"required name=search_term_string\"}],\"inLanguage\":\"en-US\"}]}<\/script>\n<!-- \/ Yoast SEO plugin. -->","yoast_head_json":{"title":"Advisory Board - ODYSSEUS II","robots":{"index":"index","follow":"follow","max-snippet":"max-snippet:-1","max-image-preview":"max-image-preview:large","max-video-preview":"max-video-preview:-1"},"canonical":"https:\/\/odysseus-contests.eu\/2016\/odysseus-ii\/advisory-board\/","og_locale":"en_US","og_type":"article","og_title":"Advisory Board - ODYSSEUS II","og_description":"Jean-Pierre Swings is Honorary Professor at the University of Liege (Belgium) where he obtained his Master\u2019s degree in space engineering and his PhD and DSc in astrophysics. His subjects of interest are among others solar physics and emission-line and\/or infrared excess objects. He gradually switched from observational astrophysics to \u201castropolitics\u201d, as General Secretary of the [&hellip;]","og_url":"https:\/\/odysseus-contests.eu\/2016\/odysseus-ii\/advisory-board\/","og_site_name":"ODYSSEUS II","article_modified_time":"2015-06-15T13:06:25+00:00","og_image":[{"url":"http:\/\/odysseus-contests.eu\/2016\/wp-content\/uploads\/2015\/05\/image001.png"}],"twitter_card":"summary_large_image","twitter_misc":{"Est. reading time":"4 minutes"},"schema":{"@context":"https:\/\/schema.org","@graph":[{"@type":"WebPage","@id":"https:\/\/odysseus-contests.eu\/2016\/odysseus-ii\/advisory-board\/","url":"https:\/\/odysseus-contests.eu\/2016\/odysseus-ii\/advisory-board\/","name":"Advisory Board - ODYSSEUS II","isPartOf":{"@id":"https:\/\/odysseus-contests.eu\/2016\/de\/#website"},"datePublished":"2015-05-29T00:27:19+00:00","dateModified":"2015-06-15T13:06:25+00:00","breadcrumb":{"@id":"https:\/\/odysseus-contests.eu\/2016\/odysseus-ii\/advisory-board\/#breadcrumb"},"inLanguage":"en-US","potentialAction":[{"@type":"ReadAction","target":["https:\/\/odysseus-contests.eu\/2016\/odysseus-ii\/advisory-board\/"]}]},{"@type":"BreadcrumbList","@id":"https:\/\/odysseus-contests.eu\/2016\/odysseus-ii\/advisory-board\/#breadcrumb","itemListElement":[{"@type":"ListItem","position":1,"name":"Home","item":"https:\/\/odysseus-contests.eu\/2016\/"},{"@type":"ListItem","position":2,"name":"The Odysseus II Project","item":"https:\/\/odysseus-contests.eu\/2016\/odysseus-ii\/"},{"@type":"ListItem","position":3,"name":"Advisory Board"}]},{"@type":"WebSite","@id":"https:\/\/odysseus-contests.eu\/2016\/de\/#website","url":"https:\/\/odysseus-contests.eu\/2016\/de\/","name":"ODYSSEUS II","description":"European Youth Space Contest","potentialAction":[{"@type":"SearchAction","target":{"@type":"EntryPoint","urlTemplate":"https:\/\/odysseus-contests.eu\/2016\/de\/?s={search_term_string}"},"query-input":"required name=search_term_string"}],"inLanguage":"en-US"}]}},"_links":{"self":[{"href":"https:\/\/odysseus-contests.eu\/2016\/wp-json\/wp\/v2\/pages\/136"}],"collection":[{"href":"https:\/\/odysseus-contests.eu\/2016\/wp-json\/wp\/v2\/pages"}],"about":[{"href":"https:\/\/odysseus-contests.eu\/2016\/wp-json\/wp\/v2\/types\/page"}],"author":[{"embeddable":true,"href":"https:\/\/odysseus-contests.eu\/2016\/wp-json\/wp\/v2\/users\/1"}],"replies":[{"embeddable":true,"href":"https:\/\/odysseus-contests.eu\/2016\/wp-json\/wp\/v2\/comments?post=136"}],"version-history":[{"count":0,"href":"https:\/\/odysseus-contests.eu\/2016\/wp-json\/wp\/v2\/pages\/136\/revisions"}],"up":[{"embeddable":true,"href":"https:\/\/odysseus-contests.eu\/2016\/wp-json\/wp\/v2\/pages\/131"}],"wp:attachment":[{"href":"https:\/\/odysseus-contests.eu\/2016\/wp-json\/wp\/v2\/media?parent=136"}],"curies":[{"name":"wp","href":"https:\/\/api.w.org\/{rel}","templated":true}]}}