{"id":5552,"date":"2015-09-15T17:14:53","date_gmt":"2015-09-15T14:14:53","guid":{"rendered":"http:\/\/odysseus-contests.eu\/2016\/?page_id=5552"},"modified":"2015-09-15T17:14:53","modified_gmt":"2015-09-15T14:14:53","slug":"projekt-odysseus-ii","status":"publish","type":"page","link":"https:\/\/odysseus-contests.eu\/2016\/sk\/the-odysseus-ii-project\/projekt-odysseus-ii\/","title":{"rendered":"Projekt Odysseus II"},"content":{"rendered":"<p>V\u00fdzva\u00a0 Ml\u00e1de\u0161 pre vesm\u00edr \u2013 projekt ODYSSEUS II si kladie za cie\u013e in\u0161pirova\u0165 mlad\u00fdch \u013eud\u00ed z celej Eur\u00f3py a zapoji\u0165 sa do objavovania vesm\u00faru skrz s\u00e9riu vzdel\u00e1vac\u00edch aktiv\u00edt, ktor\u00e9 bud\u00fa kombin\u00e1ciou vedeck\u00e9ho u\u010denia a z\u00e1\u017eitkov. Prostredn\u00edctvom organizovania z\u00e1bavnej a z\u00e1rove\u0148 vzdel\u00e1vacej s\u00fa\u0165a\u017ee, ktor\u00e1 bude organizovan\u00e1 v nieko\u013ek\u00fdch kol\u00e1ch a je zameran\u00e1 na \u017eiakov a \u0161tudentov v Eur\u00f3pe, nech u\u017e b\u00fdvaj\u00fa kdeko\u013evek, bez oh\u013eadu na ich kult\u00farne z\u00e1zemie a jazyk, ktor\u00fdm hovoria, projekt chce podporova\u0165 vznik kvalitn\u00fdch mla\u00fdch vedcov, in\u017einierov a technikov v oblastiach relevantn\u00fdch pre vesm\u00edrnu politiku E\u00da.<\/p>\n<p>S\u00fa\u0165a\u017e Odysseus si kladie za cie\u013e stava\u0165 na \u00faspechoch projektu <a href=\"http:\/\/www.odysseus-contest.eu\" target=\"_blank\">Odysseus II<\/a>\u00a0a poskytn\u00fa\u0165 mo\u017enosti vzdel\u00e1vania vo vede o vesm\u00edre a v technol\u00f3gi\u00e1ch mlad\u00fdm \u013eu\u010fom z celej Eur\u00f3py. V kontexte dvoch k\u00f4l s\u00fa\u0165a\u017ee (\u0161kolsk\u00fd\/akademick\u00fd rok 2015\/2016 a \u0161kolsk\u00fd\/akademick\u00fd rok 2016\/2017) projekt Odysseus II zam\u00fd\u0161\u013ea zauja\u0165 desiatky tis\u00edc \u017eiakov a \u0161tudentov v Eur\u00f3pe aj mimo nej.<\/p>\n<p>Projekt Odysseus II je financovan\u00fd z programu Eur\u00f3pskej \u00fanie Horizont 2020 pod grantom \u010d. 640218, v\u010faka ktor\u00e9mu z\u00edskal od Eur\u00f3pskej komisie takmer dva mili\u00f3ny EUR. Projekt bol zah\u00e1jen\u00fd 1. janu\u00e1ra 2015 a bude pokra\u010dova\u0165 do 31. decembra 2017. Siln\u00e1 asoci\u00e1cia 14 partnerov a 4 podporuj\u00facich organiz\u00e1ci\u00ed z 11 eur\u00f3pskych kraj\u00edn bude spolupracova\u0165 na tom, aby poskytla mlad\u00fdm \u013eudom znalosti v kozmick\u00fdch ved\u00e1ch a technol\u00f3gi\u00e1ch.<\/p>\n","protected":false},"excerpt":{"rendered":"<p>V\u00fdzva\u00a0 Ml\u00e1de\u0161 pre vesm\u00edr \u2013 projekt ODYSSEUS II si kladie za cie\u013e in\u0161pirova\u0165 mlad\u00fdch \u013eud\u00ed z celej Eur\u00f3py a zapoji\u0165 sa do objavovania vesm\u00faru skrz s\u00e9riu vzdel\u00e1vac\u00edch aktiv\u00edt, ktor\u00e9 bud\u00fa kombin\u00e1ciou vedeck\u00e9ho u\u010denia a z\u00e1\u017eitkov. Prostredn\u00edctvom organizovania z\u00e1bavnej a z\u00e1rove\u0148 vzdel\u00e1vacej s\u00fa\u0165a\u017ee, ktor\u00e1 bude organizovan\u00e1 v nieko\u013ek\u00fdch kol\u00e1ch a je zameran\u00e1 na \u017eiakov a \u0161tudentov [&hellip;]<\/p>\n","protected":false},"author":5,"featured_media":0,"parent":5548,"menu_order":10,"comment_status":"closed","ping_status":"closed","template":"","meta":[],"acf":[],"yoast_head":"<!-- This site is optimized with the Yoast SEO plugin v19.14 - https:\/\/yoast.com\/wordpress\/plugins\/seo\/ -->\n<title>Projekt Odysseus II - ODYSSEUS II<\/title>\n<meta name=\"robots\" content=\"index, follow, max-snippet:-1, max-image-preview:large, max-video-preview:-1\" \/>\n<link rel=\"canonical\" href=\"https:\/\/odysseus-contests.eu\/2016\/sk\/the-odysseus-ii-project\/projekt-odysseus-ii\/\" \/>\n<meta property=\"og:locale\" content=\"sk_SK\" \/>\n<meta property=\"og:type\" content=\"article\" \/>\n<meta property=\"og:title\" content=\"Projekt Odysseus II - ODYSSEUS II\" \/>\n<meta property=\"og:description\" content=\"V\u00fdzva\u00a0 Ml\u00e1de\u0161 pre vesm\u00edr \u2013 projekt ODYSSEUS II si kladie za cie\u013e in\u0161pirova\u0165 mlad\u00fdch \u013eud\u00ed z celej Eur\u00f3py a zapoji\u0165 sa do objavovania vesm\u00faru skrz s\u00e9riu vzdel\u00e1vac\u00edch aktiv\u00edt, ktor\u00e9 bud\u00fa kombin\u00e1ciou vedeck\u00e9ho u\u010denia a z\u00e1\u017eitkov. Prostredn\u00edctvom organizovania z\u00e1bavnej a z\u00e1rove\u0148 vzdel\u00e1vacej s\u00fa\u0165a\u017ee, ktor\u00e1 bude organizovan\u00e1 v nieko\u013ek\u00fdch kol\u00e1ch a je zameran\u00e1 na \u017eiakov a \u0161tudentov [&hellip;]\" \/>\n<meta property=\"og:url\" content=\"https:\/\/odysseus-contests.eu\/2016\/sk\/the-odysseus-ii-project\/projekt-odysseus-ii\/\" \/>\n<meta property=\"og:site_name\" content=\"ODYSSEUS II\" \/>\n<meta name=\"twitter:card\" content=\"summary_large_image\" \/>\n<meta name=\"twitter:label1\" content=\"Predpokladan\u00fd \u010das \u010d\u00edtania\" \/>\n\t<meta name=\"twitter:data1\" content=\"1 min\u00fata\" \/>\n<script type=\"application\/ld+json\" class=\"yoast-schema-graph\">{\"@context\":\"https:\/\/schema.org\",\"@graph\":[{\"@type\":\"WebPage\",\"@id\":\"https:\/\/odysseus-contests.eu\/2016\/sk\/the-odysseus-ii-project\/projekt-odysseus-ii\/\",\"url\":\"https:\/\/odysseus-contests.eu\/2016\/sk\/the-odysseus-ii-project\/projekt-odysseus-ii\/\",\"name\":\"Projekt Odysseus II - ODYSSEUS II\",\"isPartOf\":{\"@id\":\"https:\/\/odysseus-contests.eu\/2016\/de\/#website\"},\"datePublished\":\"2015-09-15T14:14:53+00:00\",\"dateModified\":\"2015-09-15T14:14:53+00:00\",\"breadcrumb\":{\"@id\":\"https:\/\/odysseus-contests.eu\/2016\/sk\/the-odysseus-ii-project\/projekt-odysseus-ii\/#breadcrumb\"},\"inLanguage\":\"sk-SK\",\"potentialAction\":[{\"@type\":\"ReadAction\",\"target\":[\"https:\/\/odysseus-contests.eu\/2016\/sk\/the-odysseus-ii-project\/projekt-odysseus-ii\/\"]}]},{\"@type\":\"BreadcrumbList\",\"@id\":\"https:\/\/odysseus-contests.eu\/2016\/sk\/the-odysseus-ii-project\/projekt-odysseus-ii\/#breadcrumb\",\"itemListElement\":[{\"@type\":\"ListItem\",\"position\":1,\"name\":\"Home\",\"item\":\"https:\/\/odysseus-contests.eu\/2016\/sk\/\"},{\"@type\":\"ListItem\",\"position\":2,\"name\":\"Projekt Odysseus II\",\"item\":\"https:\/\/odysseus-contests.eu\/2016\/sk\/the-odysseus-ii-project\/\"},{\"@type\":\"ListItem\",\"position\":3,\"name\":\"Projekt Odysseus II\"}]},{\"@type\":\"WebSite\",\"@id\":\"https:\/\/odysseus-contests.eu\/2016\/de\/#website\",\"url\":\"https:\/\/odysseus-contests.eu\/2016\/de\/\",\"name\":\"ODYSSEUS II\",\"description\":\"European Youth Space Contest \",\"potentialAction\":[{\"@type\":\"SearchAction\",\"target\":{\"@type\":\"EntryPoint\",\"urlTemplate\":\"https:\/\/odysseus-contests.eu\/2016\/de\/?s={search_term_string}\"},\"query-input\":\"required name=search_term_string\"}],\"inLanguage\":\"sk-SK\"}]}<\/script>\n<!-- \/ Yoast SEO plugin. -->","yoast_head_json":{"title":"Projekt Odysseus II - ODYSSEUS II","robots":{"index":"index","follow":"follow","max-snippet":"max-snippet:-1","max-image-preview":"max-image-preview:large","max-video-preview":"max-video-preview:-1"},"canonical":"https:\/\/odysseus-contests.eu\/2016\/sk\/the-odysseus-ii-project\/projekt-odysseus-ii\/","og_locale":"sk_SK","og_type":"article","og_title":"Projekt Odysseus II - ODYSSEUS II","og_description":"V\u00fdzva\u00a0 Ml\u00e1de\u0161 pre vesm\u00edr \u2013 projekt ODYSSEUS II si kladie za cie\u013e in\u0161pirova\u0165 mlad\u00fdch \u013eud\u00ed z celej Eur\u00f3py a zapoji\u0165 sa do objavovania vesm\u00faru skrz s\u00e9riu vzdel\u00e1vac\u00edch aktiv\u00edt, ktor\u00e9 bud\u00fa kombin\u00e1ciou vedeck\u00e9ho u\u010denia a z\u00e1\u017eitkov. Prostredn\u00edctvom organizovania z\u00e1bavnej a z\u00e1rove\u0148 vzdel\u00e1vacej s\u00fa\u0165a\u017ee, ktor\u00e1 bude organizovan\u00e1 v nieko\u013ek\u00fdch kol\u00e1ch a je zameran\u00e1 na \u017eiakov a \u0161tudentov [&hellip;]","og_url":"https:\/\/odysseus-contests.eu\/2016\/sk\/the-odysseus-ii-project\/projekt-odysseus-ii\/","og_site_name":"ODYSSEUS II","twitter_card":"summary_large_image","twitter_misc":{"Predpokladan\u00fd \u010das \u010d\u00edtania":"1 min\u00fata"},"schema":{"@context":"https:\/\/schema.org","@graph":[{"@type":"WebPage","@id":"https:\/\/odysseus-contests.eu\/2016\/sk\/the-odysseus-ii-project\/projekt-odysseus-ii\/","url":"https:\/\/odysseus-contests.eu\/2016\/sk\/the-odysseus-ii-project\/projekt-odysseus-ii\/","name":"Projekt Odysseus II - ODYSSEUS II","isPartOf":{"@id":"https:\/\/odysseus-contests.eu\/2016\/de\/#website"},"datePublished":"2015-09-15T14:14:53+00:00","dateModified":"2015-09-15T14:14:53+00:00","breadcrumb":{"@id":"https:\/\/odysseus-contests.eu\/2016\/sk\/the-odysseus-ii-project\/projekt-odysseus-ii\/#breadcrumb"},"inLanguage":"sk-SK","potentialAction":[{"@type":"ReadAction","target":["https:\/\/odysseus-contests.eu\/2016\/sk\/the-odysseus-ii-project\/projekt-odysseus-ii\/"]}]},{"@type":"BreadcrumbList","@id":"https:\/\/odysseus-contests.eu\/2016\/sk\/the-odysseus-ii-project\/projekt-odysseus-ii\/#breadcrumb","itemListElement":[{"@type":"ListItem","position":1,"name":"Home","item":"https:\/\/odysseus-contests.eu\/2016\/sk\/"},{"@type":"ListItem","position":2,"name":"Projekt Odysseus II","item":"https:\/\/odysseus-contests.eu\/2016\/sk\/the-odysseus-ii-project\/"},{"@type":"ListItem","position":3,"name":"Projekt Odysseus II"}]},{"@type":"WebSite","@id":"https:\/\/odysseus-contests.eu\/2016\/de\/#website","url":"https:\/\/odysseus-contests.eu\/2016\/de\/","name":"ODYSSEUS II","description":"European Youth Space Contest ","potentialAction":[{"@type":"SearchAction","target":{"@type":"EntryPoint","urlTemplate":"https:\/\/odysseus-contests.eu\/2016\/de\/?s={search_term_string}"},"query-input":"required name=search_term_string"}],"inLanguage":"sk-SK"}]}},"_links":{"self":[{"href":"https:\/\/odysseus-contests.eu\/2016\/sk\/wp-json\/wp\/v2\/pages\/5552"}],"collection":[{"href":"https:\/\/odysseus-contests.eu\/2016\/sk\/wp-json\/wp\/v2\/pages"}],"about":[{"href":"https:\/\/odysseus-contests.eu\/2016\/sk\/wp-json\/wp\/v2\/types\/page"}],"author":[{"embeddable":true,"href":"https:\/\/odysseus-contests.eu\/2016\/sk\/wp-json\/wp\/v2\/users\/5"}],"replies":[{"embeddable":true,"href":"https:\/\/odysseus-contests.eu\/2016\/sk\/wp-json\/wp\/v2\/comments?post=5552"}],"version-history":[{"count":0,"href":"https:\/\/odysseus-contests.eu\/2016\/sk\/wp-json\/wp\/v2\/pages\/5552\/revisions"}],"up":[{"embeddable":true,"href":"https:\/\/odysseus-contests.eu\/2016\/sk\/wp-json\/wp\/v2\/pages\/5548"}],"wp:attachment":[{"href":"https:\/\/odysseus-contests.eu\/2016\/sk\/wp-json\/wp\/v2\/media?parent=5552"}],"curies":[{"name":"wp","href":"https:\/\/api.w.org\/{rel}","templated":true}]}}