{"id":5546,"date":"2015-09-15T17:11:16","date_gmt":"2015-09-15T14:11:16","guid":{"rendered":"http:\/\/odysseus-contests.eu\/2016\/?page_id=5546"},"modified":"2016-02-04T22:19:21","modified_gmt":"2016-02-04T19:19:21","slug":"casto-kladene-otazky","status":"publish","type":"page","link":"https:\/\/odysseus-contests.eu\/2016\/sk\/skywalkers-7\/casto-kladene-otazky\/","title":{"rendered":"\u010casto kladen\u00e9 ot\u00e1zky"},"content":{"rendered":"<h4>Ot.:\u00a0 \u010co je Odysseus II?<\/h4>\n<p>Odp.: Odysseus II je celoeur\u00f3psky projekt financovan\u00fd Eur\u00f3pskou komisiou. Jeho hlavn\u00fdm cie\u013eom je organiz\u00e1cia celoeur\u00f3pskej s\u00fa\u0165a\u017ee Odysseus pre \u017eiakov a \u0161tudentov vo veku medzi sedem (7) a dvadsa\u0165dva (22) rokov v oblasti v\u00fdskumu vesm\u00edru. S\u00fa\u0165a\u017ee sa m\u00f4\u017eu z\u00fa\u010dastni\u0165 nie len \u017eiaci a \u0161tudenti \u010dlensk\u00fdch kraj\u00edn EU, ale aj kraj\u00edn, ktor\u00e9 \u010dlenmi EU nie s\u00fa.<\/p>\n<h4>Ot.: Chcem zaregistrova\u0165 do s\u00fa\u0165a\u017ee svojho \u017eiaka &#8211; ako to urob\u00edm?<\/h4>\n<p>Odp.: M\u00f4\u017eete ZAREGOSTROVA\u0164 \u017eiaka vyplnen\u00edm svojej e-mailovej adresy a zvolen\u00e9ho hesla v patri\u010dnej sekcii webovej str\u00e1nky s\u00fa\u0165a\u017ee Odysseus. Potom, \u010do zad\u00e1te svoj e-mail a heslo, je potrebn\u00e9 zvoli\u0165 kateg\u00f3riu Skywalkers a prija\u0165 pravidl\u00e1 s\u00fa\u0165a\u017ee Odysseus. Mus\u00edte taktie\u017e overi\u0165 svoj e-mailov\u00fd \u00fa\u010det kliknut\u00edm na odkaz, ktor\u00fd v\u00e1m bude automaticky zaslan\u00fd na uveden\u00fa e-mailov\u00fa adresu. N\u00e1sledne sa mus\u00edte PRIHL\u00c1SI\u0164 a vyplni\u0165 inform\u00e1cie o sebe a o \u017eiakovi v on-line formul\u00e1ri.<\/p>\n<h4>Ot.: Mus\u00edm sp\u013a\u0148a\u0165 nejak\u00e9 \u010fal\u0161ie podmienky, aby som mohol zaregistrova\u0165 \u017eiaka do s\u00fa\u0165a\u017ee Odysseus?<\/h4>\n<p>Odp.: \u00c1no, rodi\u010d alebo z\u00e1konn\u00fd z\u00e1stupca mus\u00ed vyplnen\u00edm patri\u010dn\u00e9ho formul\u00e1ra udeli\u0165 s\u00fahlas s \u00fa\u010das\u0165ou \u017eiaka v s\u00fa\u0165a\u017ei Odysseus a s\u00fahlas s pravidlami s\u00fa\u0165a\u017ee. Aby bol \u017eiak opr\u00e1vnen\u00fd z\u00fa\u010dastni\u0165 sa s\u00fa\u0165a\u017ee, mus\u00ed by\u0165 registr\u00e1cia dokon\u010den\u00e1 pred 31. marcom 2016.<\/p>\n<h4>Ot.: Ak\u00fd star\u00fd mus\u00ed by\u0165 \u017eiak, aby sa mohol zapoji\u0165 do s\u00fa\u0165a\u017ee?<\/h4>\n<p>Odp.: S\u00fa\u0165a\u017eiaci v kateg\u00f3rii Skywalker mus\u00ed by\u0165 naroden\u00fd medzi 1. apr\u00edlom 2002 a 31. marcom 2009 (vr\u00e1tane).<\/p>\n<h4>Ot.:\u00a0 Ako odo\u0161lem s\u00fa\u0165a\u017en\u00fd pr\u00edspevok?<\/h4>\n<p>Odp.: Je potrebn\u00e9 by\u0165 zaregistrovan\u00fd a prihl\u00e1sen\u00fd na webov\u00fdch str\u00e1nkach s\u00fa\u0165a\u017ee. Potom sta\u010d\u00ed klikn\u00fa\u0165 na odkaz \u201eOdosla\u0165 pr\u00edspevok\u201c.<\/p>\n<h4>Ot.:\u00a0 M\u00f4\u017eem odosla\u0165 viac ako jeden s\u00fa\u0165a\u017en\u00fd pr\u00edspevok?<\/h4>\n<p>Odp.: Nie, m\u00f4\u017eete odosla\u0165 iba jeden s\u00fa\u0165a\u017en\u00fd pr\u00edspevok na jedn\u00e9ho s\u00fa\u0165a\u017eiaceho. Pokia\u013e ste u\u010dite\u013e, m\u00f4\u017eete odosla\u0165 a\u017e p\u00e4\u0165desiat (50) obr\u00e1zkov od p\u00e4\u0165desiatich (50) r\u00f4znych s\u00fa\u0165a\u017eiacich v kateg\u00f3rii Skywalkers pokia\u013e je pre ka\u017ed\u00e9ho z nich udelen\u00fd rodi\u010dovsk\u00fd s\u00fahlas. To m\u00f4\u017ee by\u0165 ve\u013emi vhodn\u00e9 pre u\u010dite\u013ea s ve\u013ek\u00fdmi triedami.<\/p>\n<h4>Ot.:\u00a0 \u010co m\u00e1m urobi\u0165, ke\u010f som zabudol heslo k s\u00fa\u0165a\u017en\u00e9mu port\u00e1lu Odysseus?<\/h4>\n<p>Odp.: Na prihlasovacej str\u00e1nke sa nach\u00e1dza odkaz \u201eZabudol som heslo\u201c. Kliknite na neho a nov\u00e9 heslo v\u00e1m bude zaslan\u00e9 na registrovan\u00fa e-mailov\u00fa adresu k va\u0161emu \u00fa\u010dtu k s\u00fa\u0165a\u017ei Odysseus.<\/p>\n<h4>Ot.:\u00a0 Kedy m\u00e1m odosla\u0165 s\u00fa\u0165a\u017en\u00fd pr\u00edspevok?<\/h4>\n<p>\u0391: S\u00fa\u0165a\u017en\u00fd pr\u00edspevok je potrebn\u00e9 odosla\u0165 medzi 1. septembrom 2015 a 23:59:59 CET 31. marcom 2016. Organiz\u00e1tori s\u00fa\u0165a\u017ee Odysseus odpor\u00fa\u010daj\u00fa odosla\u0165 pr\u00edspevok ihne\u010f po dokon\u010den\u00ed a ne\u010daka\u0165 do fin\u00e1lneho d\u00e1tumu na odoslanie.<\/p>\n<h4>Ot.: M\u00f4\u017eete mi pom\u00f4c\u0165 s nahr\u00e1van\u00edm s\u00fa\u0165a\u017en\u00e9ho pr\u00edspevku na web Odysseus?<\/h4>\n<p>Odp.:\u00a0 \u00c1no. Postupujte pod\u013ea in\u0161trukci\u00ed uveden\u00fdch v odkaze <strong>Odosla\u0165 pr\u00edspevok. <\/strong>Pokia\u013e m\u00e1te ak\u00e9ko\u013evek ot\u00e1zky alebo potrebujete pom\u00f4c\u0165 s nahran\u00edm pr\u00edspevku, vypl\u0148te a odo\u0161lite pros\u00edm kontaktn\u00fd formul\u00e1r a organiz\u00e1tori v\u00e1m pom\u00f4\u017eu a zaist\u00ed, aby bol v\u00e1\u0161 pr\u00edspevok spr\u00e1vne nahran\u00fd.<\/p>\n<h4>Ot.: M\u00f4\u017eem zobrazi\u0165 ostatn\u00e9 pr\u00edspevky odoslan\u00e9 do s\u00fa\u0165a\u017ee Odysseus?<\/h4>\n<p>Odp.:\u00a0 \u00c1no, v\u0161etci pr\u00edspevky bud\u00fa zobrazen\u00e9 v gal\u00e9rii na webovej str\u00e1nke s\u00fa\u0165a\u017ee po term\u00edne pre ich odoslanie.<\/p>\n<h4>Ot.:\u00a0 Ako bude fungova\u0165 hodnotenie \u00fa\u010dastn\u00edkov?<\/h4>\n<p>Odp.:\u00a0 Ka\u017ed\u00fd \u00fa\u010dastn\u00edk bude ma\u0165 mo\u017enos\u0165 hlasova\u0165 prostredn\u00edctvom webov\u00e9ho rozhrania s\u00fa\u0165a\u017ee Odysseus pre svoj ob\u013e\u00faben\u00fd obr\u00e1zok, ale nebude m\u00f4c\u0165 hlasova\u0165 pre svoj vlastn\u00fd pr\u00edspevok. Ka\u017ed\u00fd \u00fa\u010dastn\u00edk m\u00e1 iba jeden hlas. S\u00fa\u0165a\u017eiaci bud\u00fa hlasova\u0165 iba pre obr\u00e1zky zo svojej krajiny a vekovej kateg\u00f3rie.<\/p>\n<h4>Ot.:\u00a0\u00a0 Ako budem upozornen\u00fd v pr\u00edpade, \u017ee m\u00f4j pr\u00edspevok vyhr\u00e1?<\/h4>\n<p>Odp.:\u00a0 V\u00ed\u0165azi bud\u00fa zverejnen\u00ed na webov\u00fdch str\u00e1nkach s\u00fa\u0165a\u017ee.<\/p>\n<h4>Ot.:\u00a0 Ak\u00e9 s\u00fa s\u00fa\u0165a\u017en\u00e9 ceny?<\/h4>\n<p>Odp.:\u00a0 V\u00ed\u0165azi kateg\u00f3ri\u00ed Junior Skywalkers a Senior Skywalkers, vybran\u00ed k \u00fa\u010dasti na celoeur\u00f3pskom fin\u00e1le, dostan\u00fa iPad Air 2 s e-knihami a aplik\u00e1ciami spojen\u00fdmi s vesm\u00edrom a diplom \u201eEuropean Youth Space Ambassador\u201c, ktor\u00fd im bude zaslan\u00fd priamo domov alebo do \u0161koly. Viac detailov o s\u00fa\u0165a\u017en\u00fdch cen\u00e1ch n\u00e1jdete v<a href=\"http:\/\/odysseus-contests.eu\/2016\/sk\/skywalkers-7\/ceny\/\" target=\"_blank\"> sekcii Ceny str\u00e1nky Skywalkers<\/a>.<\/p>\n","protected":false},"excerpt":{"rendered":"<p>Ot.:\u00a0 \u010co je Odysseus II? Odp.: Odysseus II je celoeur\u00f3psky projekt financovan\u00fd Eur\u00f3pskou komisiou. Jeho hlavn\u00fdm cie\u013eom je organiz\u00e1cia celoeur\u00f3pskej s\u00fa\u0165a\u017ee Odysseus pre \u017eiakov a \u0161tudentov vo veku medzi sedem (7) a dvadsa\u0165dva (22) rokov v oblasti v\u00fdskumu vesm\u00edru. S\u00fa\u0165a\u017ee sa m\u00f4\u017eu z\u00fa\u010dastni\u0165 nie len \u017eiaci a \u0161tudenti \u010dlensk\u00fdch kraj\u00edn EU, ale aj kraj\u00edn, ktor\u00e9 [&hellip;]<\/p>\n","protected":false},"author":5,"featured_media":0,"parent":5533,"menu_order":60,"comment_status":"closed","ping_status":"closed","template":"","meta":[],"acf":[],"yoast_head":"<!-- This site is optimized with the Yoast SEO plugin v19.14 - https:\/\/yoast.com\/wordpress\/plugins\/seo\/ -->\n<title>\u010casto kladen\u00e9 ot\u00e1zky - ODYSSEUS II<\/title>\n<meta name=\"robots\" content=\"index, follow, max-snippet:-1, max-image-preview:large, max-video-preview:-1\" \/>\n<link rel=\"canonical\" href=\"https:\/\/odysseus-contests.eu\/2016\/sk\/skywalkers-7\/casto-kladene-otazky\/\" \/>\n<meta property=\"og:locale\" content=\"sk_SK\" \/>\n<meta property=\"og:type\" content=\"article\" \/>\n<meta property=\"og:title\" content=\"\u010casto kladen\u00e9 ot\u00e1zky - ODYSSEUS II\" \/>\n<meta property=\"og:description\" content=\"Ot.:\u00a0 \u010co je Odysseus II? Odp.: Odysseus II je celoeur\u00f3psky projekt financovan\u00fd Eur\u00f3pskou komisiou. Jeho hlavn\u00fdm cie\u013eom je organiz\u00e1cia celoeur\u00f3pskej s\u00fa\u0165a\u017ee Odysseus pre \u017eiakov a \u0161tudentov vo veku medzi sedem (7) a dvadsa\u0165dva (22) rokov v oblasti v\u00fdskumu vesm\u00edru. S\u00fa\u0165a\u017ee sa m\u00f4\u017eu z\u00fa\u010dastni\u0165 nie len \u017eiaci a \u0161tudenti \u010dlensk\u00fdch kraj\u00edn EU, ale aj kraj\u00edn, ktor\u00e9 [&hellip;]\" \/>\n<meta property=\"og:url\" content=\"https:\/\/odysseus-contests.eu\/2016\/sk\/skywalkers-7\/casto-kladene-otazky\/\" \/>\n<meta property=\"og:site_name\" content=\"ODYSSEUS II\" \/>\n<meta property=\"article:modified_time\" content=\"2016-02-04T19:19:21+00:00\" \/>\n<meta name=\"twitter:card\" content=\"summary_large_image\" \/>\n<meta name=\"twitter:label1\" content=\"Predpokladan\u00fd \u010das \u010d\u00edtania\" \/>\n\t<meta name=\"twitter:data1\" content=\"4 min\u00faty\" \/>\n<script type=\"application\/ld+json\" class=\"yoast-schema-graph\">{\"@context\":\"https:\/\/schema.org\",\"@graph\":[{\"@type\":\"WebPage\",\"@id\":\"https:\/\/odysseus-contests.eu\/2016\/sk\/skywalkers-7\/casto-kladene-otazky\/\",\"url\":\"https:\/\/odysseus-contests.eu\/2016\/sk\/skywalkers-7\/casto-kladene-otazky\/\",\"name\":\"\u010casto kladen\u00e9 ot\u00e1zky - ODYSSEUS II\",\"isPartOf\":{\"@id\":\"https:\/\/odysseus-contests.eu\/2016\/de\/#website\"},\"datePublished\":\"2015-09-15T14:11:16+00:00\",\"dateModified\":\"2016-02-04T19:19:21+00:00\",\"breadcrumb\":{\"@id\":\"https:\/\/odysseus-contests.eu\/2016\/sk\/skywalkers-7\/casto-kladene-otazky\/#breadcrumb\"},\"inLanguage\":\"sk-SK\",\"potentialAction\":[{\"@type\":\"ReadAction\",\"target\":[\"https:\/\/odysseus-contests.eu\/2016\/sk\/skywalkers-7\/casto-kladene-otazky\/\"]}]},{\"@type\":\"BreadcrumbList\",\"@id\":\"https:\/\/odysseus-contests.eu\/2016\/sk\/skywalkers-7\/casto-kladene-otazky\/#breadcrumb\",\"itemListElement\":[{\"@type\":\"ListItem\",\"position\":1,\"name\":\"Home\",\"item\":\"https:\/\/odysseus-contests.eu\/2016\/sk\/\"},{\"@type\":\"ListItem\",\"position\":2,\"name\":\"Skywalkers\",\"item\":\"https:\/\/odysseus-contests.eu\/2016\/sk\/skywalkers-7\/\"},{\"@type\":\"ListItem\",\"position\":3,\"name\":\"\u010casto kladen\u00e9 ot\u00e1zky\"}]},{\"@type\":\"WebSite\",\"@id\":\"https:\/\/odysseus-contests.eu\/2016\/de\/#website\",\"url\":\"https:\/\/odysseus-contests.eu\/2016\/de\/\",\"name\":\"ODYSSEUS II\",\"description\":\"European Youth Space Contest \",\"potentialAction\":[{\"@type\":\"SearchAction\",\"target\":{\"@type\":\"EntryPoint\",\"urlTemplate\":\"https:\/\/odysseus-contests.eu\/2016\/de\/?s={search_term_string}\"},\"query-input\":\"required name=search_term_string\"}],\"inLanguage\":\"sk-SK\"}]}<\/script>\n<!-- \/ Yoast SEO plugin. -->","yoast_head_json":{"title":"\u010casto kladen\u00e9 ot\u00e1zky - ODYSSEUS II","robots":{"index":"index","follow":"follow","max-snippet":"max-snippet:-1","max-image-preview":"max-image-preview:large","max-video-preview":"max-video-preview:-1"},"canonical":"https:\/\/odysseus-contests.eu\/2016\/sk\/skywalkers-7\/casto-kladene-otazky\/","og_locale":"sk_SK","og_type":"article","og_title":"\u010casto kladen\u00e9 ot\u00e1zky - ODYSSEUS II","og_description":"Ot.:\u00a0 \u010co je Odysseus II? Odp.: Odysseus II je celoeur\u00f3psky projekt financovan\u00fd Eur\u00f3pskou komisiou. Jeho hlavn\u00fdm cie\u013eom je organiz\u00e1cia celoeur\u00f3pskej s\u00fa\u0165a\u017ee Odysseus pre \u017eiakov a \u0161tudentov vo veku medzi sedem (7) a dvadsa\u0165dva (22) rokov v oblasti v\u00fdskumu vesm\u00edru. S\u00fa\u0165a\u017ee sa m\u00f4\u017eu z\u00fa\u010dastni\u0165 nie len \u017eiaci a \u0161tudenti \u010dlensk\u00fdch kraj\u00edn EU, ale aj kraj\u00edn, ktor\u00e9 [&hellip;]","og_url":"https:\/\/odysseus-contests.eu\/2016\/sk\/skywalkers-7\/casto-kladene-otazky\/","og_site_name":"ODYSSEUS II","article_modified_time":"2016-02-04T19:19:21+00:00","twitter_card":"summary_large_image","twitter_misc":{"Predpokladan\u00fd \u010das \u010d\u00edtania":"4 min\u00faty"},"schema":{"@context":"https:\/\/schema.org","@graph":[{"@type":"WebPage","@id":"https:\/\/odysseus-contests.eu\/2016\/sk\/skywalkers-7\/casto-kladene-otazky\/","url":"https:\/\/odysseus-contests.eu\/2016\/sk\/skywalkers-7\/casto-kladene-otazky\/","name":"\u010casto kladen\u00e9 ot\u00e1zky - ODYSSEUS II","isPartOf":{"@id":"https:\/\/odysseus-contests.eu\/2016\/de\/#website"},"datePublished":"2015-09-15T14:11:16+00:00","dateModified":"2016-02-04T19:19:21+00:00","breadcrumb":{"@id":"https:\/\/odysseus-contests.eu\/2016\/sk\/skywalkers-7\/casto-kladene-otazky\/#breadcrumb"},"inLanguage":"sk-SK","potentialAction":[{"@type":"ReadAction","target":["https:\/\/odysseus-contests.eu\/2016\/sk\/skywalkers-7\/casto-kladene-otazky\/"]}]},{"@type":"BreadcrumbList","@id":"https:\/\/odysseus-contests.eu\/2016\/sk\/skywalkers-7\/casto-kladene-otazky\/#breadcrumb","itemListElement":[{"@type":"ListItem","position":1,"name":"Home","item":"https:\/\/odysseus-contests.eu\/2016\/sk\/"},{"@type":"ListItem","position":2,"name":"Skywalkers","item":"https:\/\/odysseus-contests.eu\/2016\/sk\/skywalkers-7\/"},{"@type":"ListItem","position":3,"name":"\u010casto kladen\u00e9 ot\u00e1zky"}]},{"@type":"WebSite","@id":"https:\/\/odysseus-contests.eu\/2016\/de\/#website","url":"https:\/\/odysseus-contests.eu\/2016\/de\/","name":"ODYSSEUS II","description":"European Youth Space Contest ","potentialAction":[{"@type":"SearchAction","target":{"@type":"EntryPoint","urlTemplate":"https:\/\/odysseus-contests.eu\/2016\/de\/?s={search_term_string}"},"query-input":"required name=search_term_string"}],"inLanguage":"sk-SK"}]}},"_links":{"self":[{"href":"https:\/\/odysseus-contests.eu\/2016\/sk\/wp-json\/wp\/v2\/pages\/5546"}],"collection":[{"href":"https:\/\/odysseus-contests.eu\/2016\/sk\/wp-json\/wp\/v2\/pages"}],"about":[{"href":"https:\/\/odysseus-contests.eu\/2016\/sk\/wp-json\/wp\/v2\/types\/page"}],"author":[{"embeddable":true,"href":"https:\/\/odysseus-contests.eu\/2016\/sk\/wp-json\/wp\/v2\/users\/5"}],"replies":[{"embeddable":true,"href":"https:\/\/odysseus-contests.eu\/2016\/sk\/wp-json\/wp\/v2\/comments?post=5546"}],"version-history":[{"count":2,"href":"https:\/\/odysseus-contests.eu\/2016\/sk\/wp-json\/wp\/v2\/pages\/5546\/revisions"}],"predecessor-version":[{"id":7873,"href":"https:\/\/odysseus-contests.eu\/2016\/sk\/wp-json\/wp\/v2\/pages\/5546\/revisions\/7873"}],"up":[{"embeddable":true,"href":"https:\/\/odysseus-contests.eu\/2016\/sk\/wp-json\/wp\/v2\/pages\/5533"}],"wp:attachment":[{"href":"https:\/\/odysseus-contests.eu\/2016\/sk\/wp-json\/wp\/v2\/media?parent=5546"}],"curies":[{"name":"wp","href":"https:\/\/api.w.org\/{rel}","templated":true}]}}