{"id":5544,"date":"2015-09-15T17:09:01","date_gmt":"2015-09-15T14:09:01","guid":{"rendered":"http:\/\/odysseus-contests.eu\/2016\/?page_id=5544"},"modified":"2016-06-05T11:12:28","modified_gmt":"2016-06-05T08:12:28","slug":"hodnotenie-a-vyber","status":"publish","type":"page","link":"https:\/\/odysseus-contests.eu\/2016\/sk\/skywalkers-7\/hodnotenie-a-vyber\/","title":{"rendered":"Hodnotenie a v\u00fdber"},"content":{"rendered":"<p>V kateg\u00f3rii Skywalker bud\u00fa v\u0161etky pr\u00edspevky posudzovan\u00e9 prostredn\u00edctvom online hlasovania medzi samotn\u00fdmi s\u00fa\u0165a\u017eiacimi. V\u0161etci s\u00fa\u0165a\u017eiaci bud\u00fa m\u00f4c\u0165 hlasova\u0165 pre svoj ob\u013e\u00faben\u00fd obr\u00e1zok, ale nebud\u00fa m\u00f4c\u0165 hlasova\u0165 pre svoj vlastn\u00fd pr\u00edspevok. Jeden v\u00ed\u0165az a s\u00fa\u0165a\u017eiaci na druhom a tre\u0165om mieste bud\u00fa vybran\u00ed v ka\u017edej z dvoch\u00a0 a\u017e vekov\u00fdch kateg\u00f3ri\u00ed: 7 a\u017e 10 rokov (<strong>Junior Skywalkers<\/strong>) a 11 a\u017e 13 rokov (<strong>Senior Skywalkers<\/strong>). Vo fin\u00e1lnom kole bud\u00fa obr\u00e1zky n\u00e1rodn\u00fdch v\u00ed\u0165azov a s\u00fa\u0165a\u017eiacich na druhom a tre\u0165om mieste op\u00e4\u0165 hodnoten\u00e9 prostredn\u00edctvom online hlasovania medzi s\u00fa\u0165a\u017eiacimi. Najpopul\u00e1rnej\u0161ie obr\u00e1zky v ka\u017edej vekovej skupine vyhraj\u00fa hlavn\u00fa cenu v s\u00fa\u0165a\u017enej kateg\u00f3rii Skywalkers.<\/p>\n","protected":false},"excerpt":{"rendered":"<p>V kateg\u00f3rii Skywalker bud\u00fa v\u0161etky pr\u00edspevky posudzovan\u00e9 prostredn\u00edctvom online hlasovania medzi samotn\u00fdmi s\u00fa\u0165a\u017eiacimi. V\u0161etci s\u00fa\u0165a\u017eiaci bud\u00fa m\u00f4c\u0165 hlasova\u0165 pre svoj ob\u013e\u00faben\u00fd obr\u00e1zok, ale nebud\u00fa m\u00f4c\u0165 hlasova\u0165 pre svoj vlastn\u00fd pr\u00edspevok. Jeden v\u00ed\u0165az a s\u00fa\u0165a\u017eiaci na druhom a tre\u0165om mieste bud\u00fa vybran\u00ed v ka\u017edej z dvoch\u00a0 a\u017e vekov\u00fdch kateg\u00f3ri\u00ed: 7 a\u017e 10 rokov (Junior Skywalkers) a [&hellip;]<\/p>\n","protected":false},"author":5,"featured_media":0,"parent":5533,"menu_order":50,"comment_status":"closed","ping_status":"closed","template":"","meta":[],"acf":[],"yoast_head":"<!-- This site is optimized with the Yoast SEO plugin v19.14 - https:\/\/yoast.com\/wordpress\/plugins\/seo\/ -->\n<title>Hodnotenie a v\u00fdber - ODYSSEUS II<\/title>\n<meta name=\"robots\" content=\"index, follow, max-snippet:-1, max-image-preview:large, max-video-preview:-1\" \/>\n<link rel=\"canonical\" href=\"https:\/\/odysseus-contests.eu\/2016\/sk\/skywalkers-7\/hodnotenie-a-vyber\/\" \/>\n<meta property=\"og:locale\" content=\"sk_SK\" \/>\n<meta property=\"og:type\" content=\"article\" \/>\n<meta property=\"og:title\" content=\"Hodnotenie a v\u00fdber - ODYSSEUS II\" \/>\n<meta property=\"og:description\" content=\"V kateg\u00f3rii Skywalker bud\u00fa v\u0161etky pr\u00edspevky posudzovan\u00e9 prostredn\u00edctvom online hlasovania medzi samotn\u00fdmi s\u00fa\u0165a\u017eiacimi. V\u0161etci s\u00fa\u0165a\u017eiaci bud\u00fa m\u00f4c\u0165 hlasova\u0165 pre svoj ob\u013e\u00faben\u00fd obr\u00e1zok, ale nebud\u00fa m\u00f4c\u0165 hlasova\u0165 pre svoj vlastn\u00fd pr\u00edspevok. Jeden v\u00ed\u0165az a s\u00fa\u0165a\u017eiaci na druhom a tre\u0165om mieste bud\u00fa vybran\u00ed v ka\u017edej z dvoch\u00a0 a\u017e vekov\u00fdch kateg\u00f3ri\u00ed: 7 a\u017e 10 rokov (Junior Skywalkers) a [&hellip;]\" \/>\n<meta property=\"og:url\" content=\"https:\/\/odysseus-contests.eu\/2016\/sk\/skywalkers-7\/hodnotenie-a-vyber\/\" \/>\n<meta property=\"og:site_name\" content=\"ODYSSEUS II\" \/>\n<meta property=\"article:modified_time\" content=\"2016-06-05T08:12:28+00:00\" \/>\n<meta name=\"twitter:card\" content=\"summary_large_image\" \/>\n<meta name=\"twitter:label1\" content=\"Predpokladan\u00fd \u010das \u010d\u00edtania\" \/>\n\t<meta name=\"twitter:data1\" content=\"1 min\u00fata\" \/>\n<script type=\"application\/ld+json\" class=\"yoast-schema-graph\">{\"@context\":\"https:\/\/schema.org\",\"@graph\":[{\"@type\":\"WebPage\",\"@id\":\"https:\/\/odysseus-contests.eu\/2016\/sk\/skywalkers-7\/hodnotenie-a-vyber\/\",\"url\":\"https:\/\/odysseus-contests.eu\/2016\/sk\/skywalkers-7\/hodnotenie-a-vyber\/\",\"name\":\"Hodnotenie a v\u00fdber - ODYSSEUS II\",\"isPartOf\":{\"@id\":\"https:\/\/odysseus-contests.eu\/2016\/de\/#website\"},\"datePublished\":\"2015-09-15T14:09:01+00:00\",\"dateModified\":\"2016-06-05T08:12:28+00:00\",\"breadcrumb\":{\"@id\":\"https:\/\/odysseus-contests.eu\/2016\/sk\/skywalkers-7\/hodnotenie-a-vyber\/#breadcrumb\"},\"inLanguage\":\"sk-SK\",\"potentialAction\":[{\"@type\":\"ReadAction\",\"target\":[\"https:\/\/odysseus-contests.eu\/2016\/sk\/skywalkers-7\/hodnotenie-a-vyber\/\"]}]},{\"@type\":\"BreadcrumbList\",\"@id\":\"https:\/\/odysseus-contests.eu\/2016\/sk\/skywalkers-7\/hodnotenie-a-vyber\/#breadcrumb\",\"itemListElement\":[{\"@type\":\"ListItem\",\"position\":1,\"name\":\"Home\",\"item\":\"https:\/\/odysseus-contests.eu\/2016\/sk\/\"},{\"@type\":\"ListItem\",\"position\":2,\"name\":\"Skywalkers\",\"item\":\"https:\/\/odysseus-contests.eu\/2016\/sk\/skywalkers-7\/\"},{\"@type\":\"ListItem\",\"position\":3,\"name\":\"Hodnotenie a v\u00fdber\"}]},{\"@type\":\"WebSite\",\"@id\":\"https:\/\/odysseus-contests.eu\/2016\/de\/#website\",\"url\":\"https:\/\/odysseus-contests.eu\/2016\/de\/\",\"name\":\"ODYSSEUS II\",\"description\":\"European Youth Space Contest \",\"potentialAction\":[{\"@type\":\"SearchAction\",\"target\":{\"@type\":\"EntryPoint\",\"urlTemplate\":\"https:\/\/odysseus-contests.eu\/2016\/de\/?s={search_term_string}\"},\"query-input\":\"required name=search_term_string\"}],\"inLanguage\":\"sk-SK\"}]}<\/script>\n<!-- \/ Yoast SEO plugin. -->","yoast_head_json":{"title":"Hodnotenie a v\u00fdber - ODYSSEUS II","robots":{"index":"index","follow":"follow","max-snippet":"max-snippet:-1","max-image-preview":"max-image-preview:large","max-video-preview":"max-video-preview:-1"},"canonical":"https:\/\/odysseus-contests.eu\/2016\/sk\/skywalkers-7\/hodnotenie-a-vyber\/","og_locale":"sk_SK","og_type":"article","og_title":"Hodnotenie a v\u00fdber - ODYSSEUS II","og_description":"V kateg\u00f3rii Skywalker bud\u00fa v\u0161etky pr\u00edspevky posudzovan\u00e9 prostredn\u00edctvom online hlasovania medzi samotn\u00fdmi s\u00fa\u0165a\u017eiacimi. V\u0161etci s\u00fa\u0165a\u017eiaci bud\u00fa m\u00f4c\u0165 hlasova\u0165 pre svoj ob\u013e\u00faben\u00fd obr\u00e1zok, ale nebud\u00fa m\u00f4c\u0165 hlasova\u0165 pre svoj vlastn\u00fd pr\u00edspevok. Jeden v\u00ed\u0165az a s\u00fa\u0165a\u017eiaci na druhom a tre\u0165om mieste bud\u00fa vybran\u00ed v ka\u017edej z dvoch\u00a0 a\u017e vekov\u00fdch kateg\u00f3ri\u00ed: 7 a\u017e 10 rokov (Junior Skywalkers) a [&hellip;]","og_url":"https:\/\/odysseus-contests.eu\/2016\/sk\/skywalkers-7\/hodnotenie-a-vyber\/","og_site_name":"ODYSSEUS II","article_modified_time":"2016-06-05T08:12:28+00:00","twitter_card":"summary_large_image","twitter_misc":{"Predpokladan\u00fd \u010das \u010d\u00edtania":"1 min\u00fata"},"schema":{"@context":"https:\/\/schema.org","@graph":[{"@type":"WebPage","@id":"https:\/\/odysseus-contests.eu\/2016\/sk\/skywalkers-7\/hodnotenie-a-vyber\/","url":"https:\/\/odysseus-contests.eu\/2016\/sk\/skywalkers-7\/hodnotenie-a-vyber\/","name":"Hodnotenie a v\u00fdber - ODYSSEUS II","isPartOf":{"@id":"https:\/\/odysseus-contests.eu\/2016\/de\/#website"},"datePublished":"2015-09-15T14:09:01+00:00","dateModified":"2016-06-05T08:12:28+00:00","breadcrumb":{"@id":"https:\/\/odysseus-contests.eu\/2016\/sk\/skywalkers-7\/hodnotenie-a-vyber\/#breadcrumb"},"inLanguage":"sk-SK","potentialAction":[{"@type":"ReadAction","target":["https:\/\/odysseus-contests.eu\/2016\/sk\/skywalkers-7\/hodnotenie-a-vyber\/"]}]},{"@type":"BreadcrumbList","@id":"https:\/\/odysseus-contests.eu\/2016\/sk\/skywalkers-7\/hodnotenie-a-vyber\/#breadcrumb","itemListElement":[{"@type":"ListItem","position":1,"name":"Home","item":"https:\/\/odysseus-contests.eu\/2016\/sk\/"},{"@type":"ListItem","position":2,"name":"Skywalkers","item":"https:\/\/odysseus-contests.eu\/2016\/sk\/skywalkers-7\/"},{"@type":"ListItem","position":3,"name":"Hodnotenie a v\u00fdber"}]},{"@type":"WebSite","@id":"https:\/\/odysseus-contests.eu\/2016\/de\/#website","url":"https:\/\/odysseus-contests.eu\/2016\/de\/","name":"ODYSSEUS II","description":"European Youth Space Contest ","potentialAction":[{"@type":"SearchAction","target":{"@type":"EntryPoint","urlTemplate":"https:\/\/odysseus-contests.eu\/2016\/de\/?s={search_term_string}"},"query-input":"required name=search_term_string"}],"inLanguage":"sk-SK"}]}},"_links":{"self":[{"href":"https:\/\/odysseus-contests.eu\/2016\/sk\/wp-json\/wp\/v2\/pages\/5544"}],"collection":[{"href":"https:\/\/odysseus-contests.eu\/2016\/sk\/wp-json\/wp\/v2\/pages"}],"about":[{"href":"https:\/\/odysseus-contests.eu\/2016\/sk\/wp-json\/wp\/v2\/types\/page"}],"author":[{"embeddable":true,"href":"https:\/\/odysseus-contests.eu\/2016\/sk\/wp-json\/wp\/v2\/users\/5"}],"replies":[{"embeddable":true,"href":"https:\/\/odysseus-contests.eu\/2016\/sk\/wp-json\/wp\/v2\/comments?post=5544"}],"version-history":[{"count":1,"href":"https:\/\/odysseus-contests.eu\/2016\/sk\/wp-json\/wp\/v2\/pages\/5544\/revisions"}],"predecessor-version":[{"id":11785,"href":"https:\/\/odysseus-contests.eu\/2016\/sk\/wp-json\/wp\/v2\/pages\/5544\/revisions\/11785"}],"up":[{"embeddable":true,"href":"https:\/\/odysseus-contests.eu\/2016\/sk\/wp-json\/wp\/v2\/pages\/5533"}],"wp:attachment":[{"href":"https:\/\/odysseus-contests.eu\/2016\/sk\/wp-json\/wp\/v2\/media?parent=5544"}],"curies":[{"name":"wp","href":"https:\/\/api.w.org\/{rel}","templated":true}]}}