{"id":5537,"date":"2015-09-15T17:06:33","date_gmt":"2015-09-15T14:06:33","guid":{"rendered":"http:\/\/odysseus-contests.eu\/2016\/?page_id=5537"},"modified":"2015-09-15T17:06:33","modified_gmt":"2015-09-15T14:06:33","slug":"pravidla","status":"publish","type":"page","link":"https:\/\/odysseus-contests.eu\/2016\/sk\/skywalkers-7\/pravidla\/","title":{"rendered":"Pravidl\u00e1"},"content":{"rendered":"<ul>\n<li>S\u00fa\u0165a\u017e je otvoren\u00e1 \u017eiakom vo veku od sedem (7) do trin\u00e1s\u0165 (13) rokov, tzn. \u017eiakom naroden\u00fdm medzi 1. apr\u00edlom 2002 a 31. marcom 2009 (vr\u00e1tane).<\/li>\n<li>S\u00fa\u0165a\u017eiaci v kateg\u00f3rii Skywalkers odovzd\u00e1vaj\u00fa obr\u00e1zky, ktor\u00e9 vytvorili sami. Pod term\u00ednom \u201eobr\u00e1zok\u201c sa rozumie obraz vytvoren\u00fd akouko\u013evek technikou, bu\u010f ru\u010dne (kresba, ma\u013eba, kol\u00e1\u017e apod.). alebo elektronicky (fotografie, kresby vytvoren\u00e9 prostredn\u00edctvom po\u010d\u00edta\u010dov\u00e9ho programu apod.). Obr\u00e1zky nevytvoren\u00e9 elektronicky musia by\u0165 naskenovan\u00e9 a nahran\u00e9 v jednom z povolen\u00fdch form\u00e1tov.<\/li>\n<li>S\u00fa\u0165a\u017eiaci v kateg\u00f3rii Skywalkers s\u00fa\u0165a\u017eia ako jednotlivci, ale s registr\u00e1ciou a odovzdan\u00edm s\u00fa\u0165a\u017en\u00e9ho pr\u00edspevku im mus\u00ed pom\u00f4c\u0165 dospel\u00e1 osoba (u\u010dite\u013e, rodinn\u00fd pr\u00edslu\u0161n\u00edk alebo pracovn\u00edk s ml\u00e1de\u017eou).<\/li>\n<li>Ka\u017ed\u00fd s\u00fa\u0165a\u017eiaci v kateg\u00f3rii Skywalkers m\u00f4\u017ee v r\u00e1mci s\u00fa\u0165a\u017ee odovzda\u0165 len jeden obr\u00e1zok.<\/li>\n<li>V\u0161etci s\u00fa\u0165a\u017eiaci musia odovzda\u0165 origin\u00e1lny obr\u00e1zok t\u00fdkaj\u00faci sa vesm\u00edrneho v\u00fdskumu na jednu z t\u00e9m \u0161pecifikovan\u00fdch pre ich vekov\u00fa kateg\u00f3riu.<\/li>\n<li>S\u00fa\u0165a\u017eiaci m\u00f4\u017eu odovzda\u0165 svoju s\u00fa\u0165a\u017en\u00fa pr\u00e1cu v term\u00edne od 1. septembra 2015 do 31. marca 2016.<\/li>\n<li>V\u0161etky pr\u00edspevky musia by\u0165 vlastn\u00e9 pr\u00e1ce s\u00fa\u0165a\u017eiacich a musia by\u0165 vytvoren\u00e9 \u0161peci\u00e1lne pre t\u00fato s\u00fa\u0165a\u017e.<\/li>\n<li>V kateg\u00f3rii Skywalkers bud\u00fa v\u0161etky pr\u00edspevky hodnoten\u00e9 prostredn\u00edctvom on-line hlasovania samotn\u00fdmi s\u00fa\u0165a\u017eiacimi. V\u00ed\u0165az a s\u00fa\u0165a\u017eiaci na druhom a tre\u0165om mieste bud\u00fa vybran\u00ed nez\u00e1visle v ka\u017edej krajine EU z\u00fa\u010dast\u0148uj\u00facej sa s\u00fa\u0165a\u017ee (a v ka\u017edom bloku kraj\u00edn mimo EU), v ka\u017edej z nasleduj\u00facich vekov\u00fdch kateg\u00f3ri\u00ed: sedem (7) a\u017e desa\u0165 (10) rokov (Junior Skywalkers) a jeden\u00e1s\u0165 (11) a\u017e trin\u00e1s\u0165 (13) rokov (Senior Skywalkers). Rozdelenie do vekov\u00fdch kateg\u00f3ri\u00ed bude ur\u010den\u00e9 vekom s\u00fa\u0165a\u017eiaceho Skywalkera v posledn\u00fd de\u0148 odovzdania pr\u00edspevkov (31. marca 2016). Kateg\u00f3ria Junior Skywalkers zah\u0155\u0148a \u017eiakov neroden\u00fdch medzi 1. apr\u00edlom 2005 a 31. marcom 2009 (vr\u00e1tane). Kateg\u00f3ria Senior Skywalkers zah\u0155\u0148a \u017eiakov naroden\u00fdch medzi 1. apr\u00edlom 2002 a 31. marcom 2005 (vr\u00e1tane).<\/li>\n<li>Pred on-line hlasovan\u00edm s\u00fa\u0165a\u017eiacimi Skywalkermi o obr\u00e1zkoch v ich vekovej kateg\u00f3rii bud\u00fa najlep\u0161ie v\u00fdtvory v ka\u017edej vekovej kateg\u00f3rii v ka\u017edej krajine vybran\u00e9 s\u00fa\u0165a\u017enou porotou a zaraden\u00e9 do hlasovania. To zaru\u010duje zvl\u00e1dnute\u013en\u00fd po\u010det obr\u00e1zkov predkladan\u00fd Skywalkerom k hodnoteniu.<\/li>\n<li>S\u00fa\u0165a\u017eiaci Skywalkeri bud\u00fa hlasova\u0165 iba o obr\u00e1zkoch v ich vlastnej krajine a vekovej kateg\u00f3rii.<\/li>\n<li>Obr\u00e1zky od s\u00fa\u0165a\u017eiacich Skywalkerov z kraj\u00edn mimo EU vytvoria jedin\u00fd blok v r\u00e1mci ich priraden\u00e9ho regi\u00f3nu a bud\u00fa posudzovan\u00e9 ako keby poch\u00e1dzali z jednej krajiny.<\/li>\n<li>N\u00e1rodn\u00ed v\u00ed\u0165azi obr\u00e1zkovej s\u00fa\u0165a\u017ee Skywalkers bud\u00fa vyhl\u00e1sen\u00ed 3. j\u00fana 2016.<\/li>\n<li>On-line hlasovanie medzi n\u00e1rodn\u00fdmi v\u00ed\u0165azmi za\u010dne po vyhl\u00e1sen\u00ed finalistov a potrv\u00e1 do 3. j\u00fala 2016. Dvaja hlavn\u00ed v\u00ed\u0165azi kateg\u00f3rie Skywalkers bud\u00fa vyhl\u00e1sen\u00ed na sl\u00e1vnostnom odovzd\u00e1van\u00ed cien s\u00fa\u0165a\u017ee Odysseus d\u0148a 7. j\u00fala 2016.<\/li>\n<li>Skywalkeri v obr\u00e1zkovej s\u00fa\u0165a\u017ei sa nebud\u00fa z\u00fa\u010dast\u0148ova\u0165 region\u00e1lneho semifin\u00e1le ani nep\u00f4jdu na celoeur\u00f3pske fin\u00e1le do Bruselu alebo Toulouse, ale n\u00e1rodn\u00ed v\u00ed\u0165azi bud\u00fa vyhl\u00e1sen\u00ed a ich obr\u00e1zky bud\u00fa vystaven\u00e9 na celoeur\u00f3pskom fin\u00e1le.<\/li>\n<li>Ka\u017ed\u00fd \u00fa\u010dastn\u00edk mus\u00ed dolo\u017ei\u0165 od rodi\u010dov podp\u00edsan\u00fd formul\u00e1r o \u00fa\u010dasti v s\u00fa\u0165a\u017ei.<\/li>\n<li>Ka\u017ed\u00e9mu s\u00fa\u0165a\u017eiacemu v kateg\u00f3rii Skywalker by mala pri registr\u00e1cii a odoslan\u00ed s\u00fa\u0165a\u017en\u00e9ho obr\u00e1zku asistova\u0165 dospel\u00e1 osoba (u\u010dite\u013e, rodinn\u00fd pr\u00edslu\u0161n\u00edk alebo pracovn\u00edk s ml\u00e1de\u017eou). Ka\u017ed\u00fd dospel\u00fd (u\u010dite\u013e, rodinn\u00fd pr\u00edslu\u0161n\u00edk alebo pracovn\u00edk s ml\u00e1de\u017eou) m\u00f4\u017ee odovzda\u0165 a\u017e p\u00e4\u0165desiat (50) obr\u00e1zkov od p\u00e4\u0165desiatich (50) r\u00f4znych s\u00fa\u0165a\u017eiacich v kateg\u00f3rii Skywalker. Ka\u017ed\u00fd z nich mus\u00ed ma\u0165 s\u00fahlas rodi\u010dov.<\/li>\n<\/ul>\n","protected":false},"excerpt":{"rendered":"<p>S\u00fa\u0165a\u017e je otvoren\u00e1 \u017eiakom vo veku od sedem (7) do trin\u00e1s\u0165 (13) rokov, tzn. \u017eiakom naroden\u00fdm medzi 1. apr\u00edlom 2002 a 31. marcom 2009 (vr\u00e1tane). S\u00fa\u0165a\u017eiaci v kateg\u00f3rii Skywalkers odovzd\u00e1vaj\u00fa obr\u00e1zky, ktor\u00e9 vytvorili sami. Pod term\u00ednom \u201eobr\u00e1zok\u201c sa rozumie obraz vytvoren\u00fd akouko\u013evek technikou, bu\u010f ru\u010dne (kresba, ma\u013eba, kol\u00e1\u017e apod.). alebo elektronicky (fotografie, kresby vytvoren\u00e9 prostredn\u00edctvom [&hellip;]<\/p>\n","protected":false},"author":5,"featured_media":0,"parent":5533,"menu_order":20,"comment_status":"closed","ping_status":"closed","template":"","meta":[],"acf":[],"yoast_head":"<!-- This site is optimized with the Yoast SEO plugin v19.14 - https:\/\/yoast.com\/wordpress\/plugins\/seo\/ -->\n<title>Pravidl\u00e1 - ODYSSEUS II<\/title>\n<meta name=\"robots\" content=\"index, follow, max-snippet:-1, max-image-preview:large, max-video-preview:-1\" \/>\n<link rel=\"canonical\" href=\"https:\/\/odysseus-contests.eu\/2016\/sk\/skywalkers-7\/pravidla\/\" \/>\n<meta property=\"og:locale\" content=\"sk_SK\" \/>\n<meta property=\"og:type\" content=\"article\" \/>\n<meta property=\"og:title\" content=\"Pravidl\u00e1 - ODYSSEUS II\" \/>\n<meta property=\"og:description\" content=\"S\u00fa\u0165a\u017e je otvoren\u00e1 \u017eiakom vo veku od sedem (7) do trin\u00e1s\u0165 (13) rokov, tzn. \u017eiakom naroden\u00fdm medzi 1. apr\u00edlom 2002 a 31. marcom 2009 (vr\u00e1tane). S\u00fa\u0165a\u017eiaci v kateg\u00f3rii Skywalkers odovzd\u00e1vaj\u00fa obr\u00e1zky, ktor\u00e9 vytvorili sami. Pod term\u00ednom \u201eobr\u00e1zok\u201c sa rozumie obraz vytvoren\u00fd akouko\u013evek technikou, bu\u010f ru\u010dne (kresba, ma\u013eba, kol\u00e1\u017e apod.). alebo elektronicky (fotografie, kresby vytvoren\u00e9 prostredn\u00edctvom [&hellip;]\" \/>\n<meta property=\"og:url\" content=\"https:\/\/odysseus-contests.eu\/2016\/sk\/skywalkers-7\/pravidla\/\" \/>\n<meta property=\"og:site_name\" content=\"ODYSSEUS II\" \/>\n<meta name=\"twitter:card\" content=\"summary_large_image\" \/>\n<meta name=\"twitter:label1\" content=\"Predpokladan\u00fd \u010das \u010d\u00edtania\" \/>\n\t<meta name=\"twitter:data1\" content=\"3 min\u00faty\" \/>\n<script type=\"application\/ld+json\" class=\"yoast-schema-graph\">{\"@context\":\"https:\/\/schema.org\",\"@graph\":[{\"@type\":\"WebPage\",\"@id\":\"https:\/\/odysseus-contests.eu\/2016\/sk\/skywalkers-7\/pravidla\/\",\"url\":\"https:\/\/odysseus-contests.eu\/2016\/sk\/skywalkers-7\/pravidla\/\",\"name\":\"Pravidl\u00e1 - ODYSSEUS II\",\"isPartOf\":{\"@id\":\"https:\/\/odysseus-contests.eu\/2016\/de\/#website\"},\"datePublished\":\"2015-09-15T14:06:33+00:00\",\"dateModified\":\"2015-09-15T14:06:33+00:00\",\"breadcrumb\":{\"@id\":\"https:\/\/odysseus-contests.eu\/2016\/sk\/skywalkers-7\/pravidla\/#breadcrumb\"},\"inLanguage\":\"sk-SK\",\"potentialAction\":[{\"@type\":\"ReadAction\",\"target\":[\"https:\/\/odysseus-contests.eu\/2016\/sk\/skywalkers-7\/pravidla\/\"]}]},{\"@type\":\"BreadcrumbList\",\"@id\":\"https:\/\/odysseus-contests.eu\/2016\/sk\/skywalkers-7\/pravidla\/#breadcrumb\",\"itemListElement\":[{\"@type\":\"ListItem\",\"position\":1,\"name\":\"Home\",\"item\":\"https:\/\/odysseus-contests.eu\/2016\/sk\/\"},{\"@type\":\"ListItem\",\"position\":2,\"name\":\"Skywalkers\",\"item\":\"https:\/\/odysseus-contests.eu\/2016\/sk\/skywalkers-7\/\"},{\"@type\":\"ListItem\",\"position\":3,\"name\":\"Pravidl\u00e1\"}]},{\"@type\":\"WebSite\",\"@id\":\"https:\/\/odysseus-contests.eu\/2016\/de\/#website\",\"url\":\"https:\/\/odysseus-contests.eu\/2016\/de\/\",\"name\":\"ODYSSEUS II\",\"description\":\"European Youth Space Contest \",\"potentialAction\":[{\"@type\":\"SearchAction\",\"target\":{\"@type\":\"EntryPoint\",\"urlTemplate\":\"https:\/\/odysseus-contests.eu\/2016\/de\/?s={search_term_string}\"},\"query-input\":\"required name=search_term_string\"}],\"inLanguage\":\"sk-SK\"}]}<\/script>\n<!-- \/ Yoast SEO plugin. -->","yoast_head_json":{"title":"Pravidl\u00e1 - ODYSSEUS II","robots":{"index":"index","follow":"follow","max-snippet":"max-snippet:-1","max-image-preview":"max-image-preview:large","max-video-preview":"max-video-preview:-1"},"canonical":"https:\/\/odysseus-contests.eu\/2016\/sk\/skywalkers-7\/pravidla\/","og_locale":"sk_SK","og_type":"article","og_title":"Pravidl\u00e1 - ODYSSEUS II","og_description":"S\u00fa\u0165a\u017e je otvoren\u00e1 \u017eiakom vo veku od sedem (7) do trin\u00e1s\u0165 (13) rokov, tzn. \u017eiakom naroden\u00fdm medzi 1. apr\u00edlom 2002 a 31. marcom 2009 (vr\u00e1tane). S\u00fa\u0165a\u017eiaci v kateg\u00f3rii Skywalkers odovzd\u00e1vaj\u00fa obr\u00e1zky, ktor\u00e9 vytvorili sami. Pod term\u00ednom \u201eobr\u00e1zok\u201c sa rozumie obraz vytvoren\u00fd akouko\u013evek technikou, bu\u010f ru\u010dne (kresba, ma\u013eba, kol\u00e1\u017e apod.). alebo elektronicky (fotografie, kresby vytvoren\u00e9 prostredn\u00edctvom [&hellip;]","og_url":"https:\/\/odysseus-contests.eu\/2016\/sk\/skywalkers-7\/pravidla\/","og_site_name":"ODYSSEUS II","twitter_card":"summary_large_image","twitter_misc":{"Predpokladan\u00fd \u010das \u010d\u00edtania":"3 min\u00faty"},"schema":{"@context":"https:\/\/schema.org","@graph":[{"@type":"WebPage","@id":"https:\/\/odysseus-contests.eu\/2016\/sk\/skywalkers-7\/pravidla\/","url":"https:\/\/odysseus-contests.eu\/2016\/sk\/skywalkers-7\/pravidla\/","name":"Pravidl\u00e1 - ODYSSEUS II","isPartOf":{"@id":"https:\/\/odysseus-contests.eu\/2016\/de\/#website"},"datePublished":"2015-09-15T14:06:33+00:00","dateModified":"2015-09-15T14:06:33+00:00","breadcrumb":{"@id":"https:\/\/odysseus-contests.eu\/2016\/sk\/skywalkers-7\/pravidla\/#breadcrumb"},"inLanguage":"sk-SK","potentialAction":[{"@type":"ReadAction","target":["https:\/\/odysseus-contests.eu\/2016\/sk\/skywalkers-7\/pravidla\/"]}]},{"@type":"BreadcrumbList","@id":"https:\/\/odysseus-contests.eu\/2016\/sk\/skywalkers-7\/pravidla\/#breadcrumb","itemListElement":[{"@type":"ListItem","position":1,"name":"Home","item":"https:\/\/odysseus-contests.eu\/2016\/sk\/"},{"@type":"ListItem","position":2,"name":"Skywalkers","item":"https:\/\/odysseus-contests.eu\/2016\/sk\/skywalkers-7\/"},{"@type":"ListItem","position":3,"name":"Pravidl\u00e1"}]},{"@type":"WebSite","@id":"https:\/\/odysseus-contests.eu\/2016\/de\/#website","url":"https:\/\/odysseus-contests.eu\/2016\/de\/","name":"ODYSSEUS II","description":"European Youth Space Contest ","potentialAction":[{"@type":"SearchAction","target":{"@type":"EntryPoint","urlTemplate":"https:\/\/odysseus-contests.eu\/2016\/de\/?s={search_term_string}"},"query-input":"required name=search_term_string"}],"inLanguage":"sk-SK"}]}},"_links":{"self":[{"href":"https:\/\/odysseus-contests.eu\/2016\/sk\/wp-json\/wp\/v2\/pages\/5537"}],"collection":[{"href":"https:\/\/odysseus-contests.eu\/2016\/sk\/wp-json\/wp\/v2\/pages"}],"about":[{"href":"https:\/\/odysseus-contests.eu\/2016\/sk\/wp-json\/wp\/v2\/types\/page"}],"author":[{"embeddable":true,"href":"https:\/\/odysseus-contests.eu\/2016\/sk\/wp-json\/wp\/v2\/users\/5"}],"replies":[{"embeddable":true,"href":"https:\/\/odysseus-contests.eu\/2016\/sk\/wp-json\/wp\/v2\/comments?post=5537"}],"version-history":[{"count":0,"href":"https:\/\/odysseus-contests.eu\/2016\/sk\/wp-json\/wp\/v2\/pages\/5537\/revisions"}],"up":[{"embeddable":true,"href":"https:\/\/odysseus-contests.eu\/2016\/sk\/wp-json\/wp\/v2\/pages\/5533"}],"wp:attachment":[{"href":"https:\/\/odysseus-contests.eu\/2016\/sk\/wp-json\/wp\/v2\/media?parent=5537"}],"curies":[{"name":"wp","href":"https:\/\/api.w.org\/{rel}","templated":true}]}}