{"id":5535,"date":"2015-09-15T17:05:03","date_gmt":"2015-09-15T14:05:03","guid":{"rendered":"http:\/\/odysseus-contests.eu\/2016\/?page_id=5535"},"modified":"2015-09-15T17:05:33","modified_gmt":"2015-09-15T14:05:33","slug":"instrukcie","status":"publish","type":"page","link":"https:\/\/odysseus-contests.eu\/2016\/sk\/skywalkers-7\/instrukcie\/","title":{"rendered":"In\u0161trukcie"},"content":{"rendered":"<p>\u017diaci naroden\u00ed medzi 1. apr\u00edlom 2002 a 31. marcom 2009 (vr\u00e1tane) m\u00f4\u017eu\u00a0 individu\u00e1lne vytvori\u0165 \u201cobr\u00e1zok\u201d na jednu z nasleduj\u00facich t\u00e9m:<\/p>\n<ol>\n<li>Slne\u010dn\u00e1 s\u00fastava a vesm\u00edrny v\u00fdskum (napr. Ako vyzer\u00e1 Zem z povrchu Mesiaca a z povrchu Venu\u0161e?)<\/li>\n<li>Eur\u00f3pa vo vesm\u00edre (napr. Prech\u00e1dzka po kom\u00e9te)<\/li>\n<li>\u013dudia na Marse<\/li>\n<li>Astrobiol\u00f3gia \u2013 H\u013eadanie \u017eivota vo vesm\u00edre (napr. Nakresli civiliz\u00e1ciu, ktor\u00e1 sa dostala na ve\u013emi vysok\u00fa technologick\u00fa \u00farove\u0148)<\/li>\n<\/ol>\n<p>* Tento zoznam nie je z\u00e1v\u00e4zn\u00fd a ak\u00e9ko\u013evek in\u00e9 rozvinutie t\u00fdchto n\u00e1padov v r\u00e1mci vybran\u00fdch t\u00e9m m\u00f4\u017ee by\u0165 spracovan\u00e9 na z\u00e1klade predstavivosti \u017eiakov.<\/p>\n<p>Pod pojmom \u201eobr\u00e1zok\u201c sa rozumie obraz vytvoren\u00fd akouko\u013evek technikou, bu\u010f ru\u010dne (kresba, ma\u013eba, kol\u00e1\u017e a pod.), alebo elektronicky (fotografia, kresby vytvoren\u00e9 pomocou po\u010d\u00edta\u010dov\u00e9ho programu a pod.). Obr\u00e1zky nevytvoren\u00e9 elektronicky musia by\u0165 naskenovan\u00e9 a nahran\u00e9 v jednom z povolen\u00fdch form\u00e1tov.<\/p>\n<p>S\u00fa\u0165a\u017en\u00fd pr\u00edspevok mus\u00ed by\u0165 odovzdan\u00fd dospelou osobou (u\u010dite\u013eom \u017eiaka, rodinn\u00fdm pr\u00edslu\u0161n\u00edk alebo pracovn\u00edkom s ml\u00e1de\u017eou) cez on-line formul\u00e1r na str\u00e1nke s\u00fa\u0165a\u017ee Odysseus.<\/p>\n","protected":false},"excerpt":{"rendered":"<p>\u017diaci naroden\u00ed medzi 1. apr\u00edlom 2002 a 31. marcom 2009 (vr\u00e1tane) m\u00f4\u017eu\u00a0 individu\u00e1lne vytvori\u0165 \u201cobr\u00e1zok\u201d na jednu z nasleduj\u00facich t\u00e9m: Slne\u010dn\u00e1 s\u00fastava a vesm\u00edrny v\u00fdskum (napr. Ako vyzer\u00e1 Zem z povrchu Mesiaca a z povrchu Venu\u0161e?) Eur\u00f3pa vo vesm\u00edre (napr. Prech\u00e1dzka po kom\u00e9te) \u013dudia na Marse Astrobiol\u00f3gia \u2013 H\u013eadanie \u017eivota vo vesm\u00edre (napr. Nakresli civiliz\u00e1ciu, [&hellip;]<\/p>\n","protected":false},"author":5,"featured_media":0,"parent":5533,"menu_order":10,"comment_status":"closed","ping_status":"closed","template":"","meta":[],"acf":[],"yoast_head":"<!-- This site is optimized with the Yoast SEO plugin v19.14 - https:\/\/yoast.com\/wordpress\/plugins\/seo\/ -->\n<title>In\u0161trukcie - ODYSSEUS II<\/title>\n<meta name=\"robots\" content=\"index, follow, max-snippet:-1, max-image-preview:large, max-video-preview:-1\" \/>\n<link rel=\"canonical\" href=\"https:\/\/odysseus-contests.eu\/2016\/sk\/skywalkers-7\/instrukcie\/\" \/>\n<meta property=\"og:locale\" content=\"sk_SK\" \/>\n<meta property=\"og:type\" content=\"article\" \/>\n<meta property=\"og:title\" content=\"In\u0161trukcie - ODYSSEUS II\" \/>\n<meta property=\"og:description\" content=\"\u017diaci naroden\u00ed medzi 1. apr\u00edlom 2002 a 31. marcom 2009 (vr\u00e1tane) m\u00f4\u017eu\u00a0 individu\u00e1lne vytvori\u0165 \u201cobr\u00e1zok\u201d na jednu z nasleduj\u00facich t\u00e9m: Slne\u010dn\u00e1 s\u00fastava a vesm\u00edrny v\u00fdskum (napr. Ako vyzer\u00e1 Zem z povrchu Mesiaca a z povrchu Venu\u0161e?) Eur\u00f3pa vo vesm\u00edre (napr. Prech\u00e1dzka po kom\u00e9te) \u013dudia na Marse Astrobiol\u00f3gia \u2013 H\u013eadanie \u017eivota vo vesm\u00edre (napr. Nakresli civiliz\u00e1ciu, [&hellip;]\" \/>\n<meta property=\"og:url\" content=\"https:\/\/odysseus-contests.eu\/2016\/sk\/skywalkers-7\/instrukcie\/\" \/>\n<meta property=\"og:site_name\" content=\"ODYSSEUS II\" \/>\n<meta property=\"article:modified_time\" content=\"2015-09-15T14:05:33+00:00\" \/>\n<meta name=\"twitter:card\" content=\"summary_large_image\" \/>\n<meta name=\"twitter:label1\" content=\"Predpokladan\u00fd \u010das \u010d\u00edtania\" \/>\n\t<meta name=\"twitter:data1\" content=\"1 min\u00fata\" \/>\n<script type=\"application\/ld+json\" class=\"yoast-schema-graph\">{\"@context\":\"https:\/\/schema.org\",\"@graph\":[{\"@type\":\"WebPage\",\"@id\":\"https:\/\/odysseus-contests.eu\/2016\/sk\/skywalkers-7\/instrukcie\/\",\"url\":\"https:\/\/odysseus-contests.eu\/2016\/sk\/skywalkers-7\/instrukcie\/\",\"name\":\"In\u0161trukcie - ODYSSEUS II\",\"isPartOf\":{\"@id\":\"https:\/\/odysseus-contests.eu\/2016\/de\/#website\"},\"datePublished\":\"2015-09-15T14:05:03+00:00\",\"dateModified\":\"2015-09-15T14:05:33+00:00\",\"breadcrumb\":{\"@id\":\"https:\/\/odysseus-contests.eu\/2016\/sk\/skywalkers-7\/instrukcie\/#breadcrumb\"},\"inLanguage\":\"sk-SK\",\"potentialAction\":[{\"@type\":\"ReadAction\",\"target\":[\"https:\/\/odysseus-contests.eu\/2016\/sk\/skywalkers-7\/instrukcie\/\"]}]},{\"@type\":\"BreadcrumbList\",\"@id\":\"https:\/\/odysseus-contests.eu\/2016\/sk\/skywalkers-7\/instrukcie\/#breadcrumb\",\"itemListElement\":[{\"@type\":\"ListItem\",\"position\":1,\"name\":\"Home\",\"item\":\"https:\/\/odysseus-contests.eu\/2016\/sk\/\"},{\"@type\":\"ListItem\",\"position\":2,\"name\":\"Skywalkers\",\"item\":\"https:\/\/odysseus-contests.eu\/2016\/sk\/skywalkers-7\/\"},{\"@type\":\"ListItem\",\"position\":3,\"name\":\"In\u0161trukcie\"}]},{\"@type\":\"WebSite\",\"@id\":\"https:\/\/odysseus-contests.eu\/2016\/de\/#website\",\"url\":\"https:\/\/odysseus-contests.eu\/2016\/de\/\",\"name\":\"ODYSSEUS II\",\"description\":\"European Youth Space Contest \",\"potentialAction\":[{\"@type\":\"SearchAction\",\"target\":{\"@type\":\"EntryPoint\",\"urlTemplate\":\"https:\/\/odysseus-contests.eu\/2016\/de\/?s={search_term_string}\"},\"query-input\":\"required name=search_term_string\"}],\"inLanguage\":\"sk-SK\"}]}<\/script>\n<!-- \/ Yoast SEO plugin. -->","yoast_head_json":{"title":"In\u0161trukcie - ODYSSEUS II","robots":{"index":"index","follow":"follow","max-snippet":"max-snippet:-1","max-image-preview":"max-image-preview:large","max-video-preview":"max-video-preview:-1"},"canonical":"https:\/\/odysseus-contests.eu\/2016\/sk\/skywalkers-7\/instrukcie\/","og_locale":"sk_SK","og_type":"article","og_title":"In\u0161trukcie - ODYSSEUS II","og_description":"\u017diaci naroden\u00ed medzi 1. apr\u00edlom 2002 a 31. marcom 2009 (vr\u00e1tane) m\u00f4\u017eu\u00a0 individu\u00e1lne vytvori\u0165 \u201cobr\u00e1zok\u201d na jednu z nasleduj\u00facich t\u00e9m: Slne\u010dn\u00e1 s\u00fastava a vesm\u00edrny v\u00fdskum (napr. Ako vyzer\u00e1 Zem z povrchu Mesiaca a z povrchu Venu\u0161e?) Eur\u00f3pa vo vesm\u00edre (napr. Prech\u00e1dzka po kom\u00e9te) \u013dudia na Marse Astrobiol\u00f3gia \u2013 H\u013eadanie \u017eivota vo vesm\u00edre (napr. Nakresli civiliz\u00e1ciu, [&hellip;]","og_url":"https:\/\/odysseus-contests.eu\/2016\/sk\/skywalkers-7\/instrukcie\/","og_site_name":"ODYSSEUS II","article_modified_time":"2015-09-15T14:05:33+00:00","twitter_card":"summary_large_image","twitter_misc":{"Predpokladan\u00fd \u010das \u010d\u00edtania":"1 min\u00fata"},"schema":{"@context":"https:\/\/schema.org","@graph":[{"@type":"WebPage","@id":"https:\/\/odysseus-contests.eu\/2016\/sk\/skywalkers-7\/instrukcie\/","url":"https:\/\/odysseus-contests.eu\/2016\/sk\/skywalkers-7\/instrukcie\/","name":"In\u0161trukcie - ODYSSEUS II","isPartOf":{"@id":"https:\/\/odysseus-contests.eu\/2016\/de\/#website"},"datePublished":"2015-09-15T14:05:03+00:00","dateModified":"2015-09-15T14:05:33+00:00","breadcrumb":{"@id":"https:\/\/odysseus-contests.eu\/2016\/sk\/skywalkers-7\/instrukcie\/#breadcrumb"},"inLanguage":"sk-SK","potentialAction":[{"@type":"ReadAction","target":["https:\/\/odysseus-contests.eu\/2016\/sk\/skywalkers-7\/instrukcie\/"]}]},{"@type":"BreadcrumbList","@id":"https:\/\/odysseus-contests.eu\/2016\/sk\/skywalkers-7\/instrukcie\/#breadcrumb","itemListElement":[{"@type":"ListItem","position":1,"name":"Home","item":"https:\/\/odysseus-contests.eu\/2016\/sk\/"},{"@type":"ListItem","position":2,"name":"Skywalkers","item":"https:\/\/odysseus-contests.eu\/2016\/sk\/skywalkers-7\/"},{"@type":"ListItem","position":3,"name":"In\u0161trukcie"}]},{"@type":"WebSite","@id":"https:\/\/odysseus-contests.eu\/2016\/de\/#website","url":"https:\/\/odysseus-contests.eu\/2016\/de\/","name":"ODYSSEUS II","description":"European Youth Space Contest ","potentialAction":[{"@type":"SearchAction","target":{"@type":"EntryPoint","urlTemplate":"https:\/\/odysseus-contests.eu\/2016\/de\/?s={search_term_string}"},"query-input":"required name=search_term_string"}],"inLanguage":"sk-SK"}]}},"_links":{"self":[{"href":"https:\/\/odysseus-contests.eu\/2016\/sk\/wp-json\/wp\/v2\/pages\/5535"}],"collection":[{"href":"https:\/\/odysseus-contests.eu\/2016\/sk\/wp-json\/wp\/v2\/pages"}],"about":[{"href":"https:\/\/odysseus-contests.eu\/2016\/sk\/wp-json\/wp\/v2\/types\/page"}],"author":[{"embeddable":true,"href":"https:\/\/odysseus-contests.eu\/2016\/sk\/wp-json\/wp\/v2\/users\/5"}],"replies":[{"embeddable":true,"href":"https:\/\/odysseus-contests.eu\/2016\/sk\/wp-json\/wp\/v2\/comments?post=5535"}],"version-history":[{"count":0,"href":"https:\/\/odysseus-contests.eu\/2016\/sk\/wp-json\/wp\/v2\/pages\/5535\/revisions"}],"up":[{"embeddable":true,"href":"https:\/\/odysseus-contests.eu\/2016\/sk\/wp-json\/wp\/v2\/pages\/5533"}],"wp:attachment":[{"href":"https:\/\/odysseus-contests.eu\/2016\/sk\/wp-json\/wp\/v2\/media?parent=5535"}],"curies":[{"name":"wp","href":"https:\/\/api.w.org\/{rel}","templated":true}]}}