{"id":5533,"date":"2015-09-15T17:02:01","date_gmt":"2015-09-15T14:02:01","guid":{"rendered":"http:\/\/odysseus-contests.eu\/2016\/?page_id=5533"},"modified":"2015-09-15T17:02:01","modified_gmt":"2015-09-15T14:02:01","slug":"skywalkers-7","status":"publish","type":"page","link":"https:\/\/odysseus-contests.eu\/2016\/sk\/skywalkers-7\/","title":{"rendered":"Skywalkers"},"content":{"rendered":"<p>S\u00fa\u0165a\u017e Odysseus pre kateg\u00f3riu Skywalkers pon\u00faka \u017eiakom od 7 to 13 rokov mo\u017enos\u0165 prem\u00fd\u0161\u013ea\u0165 o v\u00fdskume vesm\u00edru t\u00fdm, \u017ee vytvoria obr\u00e1zok t\u00fdkaj\u00faci sa t\u00e9m s\u00fa\u0165a\u017ee. Ste pripraven\u00ed prija\u0165 t\u00fato v\u00fdzvu? \u010eal\u0161ie d\u00f4le\u017eit\u00e9 inform\u00e1cie n\u00e1jdete na odkazoch na \u013eavej strane.<\/p>\n","protected":false},"excerpt":{"rendered":"<p>S\u00fa\u0165a\u017e Odysseus pre kateg\u00f3riu Skywalkers pon\u00faka \u017eiakom od 7 to 13 rokov mo\u017enos\u0165 prem\u00fd\u0161\u013ea\u0165 o v\u00fdskume vesm\u00edru t\u00fdm, \u017ee vytvoria obr\u00e1zok t\u00fdkaj\u00faci sa t\u00e9m s\u00fa\u0165a\u017ee. Ste pripraven\u00ed prija\u0165 t\u00fato v\u00fdzvu? \u010eal\u0161ie d\u00f4le\u017eit\u00e9 inform\u00e1cie n\u00e1jdete na odkazoch na \u013eavej strane.<\/p>\n","protected":false},"author":5,"featured_media":0,"parent":0,"menu_order":0,"comment_status":"closed","ping_status":"closed","template":"","meta":[],"acf":[],"yoast_head":"<!-- This site is optimized with the Yoast SEO plugin v19.14 - https:\/\/yoast.com\/wordpress\/plugins\/seo\/ -->\n<title>Skywalkers - ODYSSEUS II<\/title>\n<meta name=\"robots\" content=\"index, follow, max-snippet:-1, max-image-preview:large, max-video-preview:-1\" \/>\n<link rel=\"canonical\" href=\"https:\/\/odysseus-contests.eu\/2016\/sk\/skywalkers-7\/\" \/>\n<meta property=\"og:locale\" content=\"sk_SK\" \/>\n<meta property=\"og:type\" content=\"article\" \/>\n<meta property=\"og:title\" content=\"Skywalkers - ODYSSEUS II\" \/>\n<meta property=\"og:description\" content=\"S\u00fa\u0165a\u017e Odysseus pre kateg\u00f3riu Skywalkers pon\u00faka \u017eiakom od 7 to 13 rokov mo\u017enos\u0165 prem\u00fd\u0161\u013ea\u0165 o v\u00fdskume vesm\u00edru t\u00fdm, \u017ee vytvoria obr\u00e1zok t\u00fdkaj\u00faci sa t\u00e9m s\u00fa\u0165a\u017ee. Ste pripraven\u00ed prija\u0165 t\u00fato v\u00fdzvu? \u010eal\u0161ie d\u00f4le\u017eit\u00e9 inform\u00e1cie n\u00e1jdete na odkazoch na \u013eavej strane.\" \/>\n<meta property=\"og:url\" content=\"https:\/\/odysseus-contests.eu\/2016\/sk\/skywalkers-7\/\" \/>\n<meta property=\"og:site_name\" content=\"ODYSSEUS II\" \/>\n<meta name=\"twitter:card\" content=\"summary_large_image\" \/>\n<script type=\"application\/ld+json\" class=\"yoast-schema-graph\">{\"@context\":\"https:\/\/schema.org\",\"@graph\":[{\"@type\":\"WebPage\",\"@id\":\"https:\/\/odysseus-contests.eu\/2016\/sk\/skywalkers-7\/\",\"url\":\"https:\/\/odysseus-contests.eu\/2016\/sk\/skywalkers-7\/\",\"name\":\"Skywalkers - ODYSSEUS II\",\"isPartOf\":{\"@id\":\"https:\/\/odysseus-contests.eu\/2016\/de\/#website\"},\"datePublished\":\"2015-09-15T14:02:01+00:00\",\"dateModified\":\"2015-09-15T14:02:01+00:00\",\"breadcrumb\":{\"@id\":\"https:\/\/odysseus-contests.eu\/2016\/sk\/skywalkers-7\/#breadcrumb\"},\"inLanguage\":\"sk-SK\",\"potentialAction\":[{\"@type\":\"ReadAction\",\"target\":[\"https:\/\/odysseus-contests.eu\/2016\/sk\/skywalkers-7\/\"]}]},{\"@type\":\"BreadcrumbList\",\"@id\":\"https:\/\/odysseus-contests.eu\/2016\/sk\/skywalkers-7\/#breadcrumb\",\"itemListElement\":[{\"@type\":\"ListItem\",\"position\":1,\"name\":\"Home\",\"item\":\"https:\/\/odysseus-contests.eu\/2016\/sk\/\"},{\"@type\":\"ListItem\",\"position\":2,\"name\":\"Skywalkers\"}]},{\"@type\":\"WebSite\",\"@id\":\"https:\/\/odysseus-contests.eu\/2016\/de\/#website\",\"url\":\"https:\/\/odysseus-contests.eu\/2016\/de\/\",\"name\":\"ODYSSEUS II\",\"description\":\"European Youth Space Contest \",\"potentialAction\":[{\"@type\":\"SearchAction\",\"target\":{\"@type\":\"EntryPoint\",\"urlTemplate\":\"https:\/\/odysseus-contests.eu\/2016\/de\/?s={search_term_string}\"},\"query-input\":\"required name=search_term_string\"}],\"inLanguage\":\"sk-SK\"}]}<\/script>\n<!-- \/ Yoast SEO plugin. -->","yoast_head_json":{"title":"Skywalkers - ODYSSEUS II","robots":{"index":"index","follow":"follow","max-snippet":"max-snippet:-1","max-image-preview":"max-image-preview:large","max-video-preview":"max-video-preview:-1"},"canonical":"https:\/\/odysseus-contests.eu\/2016\/sk\/skywalkers-7\/","og_locale":"sk_SK","og_type":"article","og_title":"Skywalkers - ODYSSEUS II","og_description":"S\u00fa\u0165a\u017e Odysseus pre kateg\u00f3riu Skywalkers pon\u00faka \u017eiakom od 7 to 13 rokov mo\u017enos\u0165 prem\u00fd\u0161\u013ea\u0165 o v\u00fdskume vesm\u00edru t\u00fdm, \u017ee vytvoria obr\u00e1zok t\u00fdkaj\u00faci sa t\u00e9m s\u00fa\u0165a\u017ee. Ste pripraven\u00ed prija\u0165 t\u00fato v\u00fdzvu? \u010eal\u0161ie d\u00f4le\u017eit\u00e9 inform\u00e1cie n\u00e1jdete na odkazoch na \u013eavej strane.","og_url":"https:\/\/odysseus-contests.eu\/2016\/sk\/skywalkers-7\/","og_site_name":"ODYSSEUS II","twitter_card":"summary_large_image","schema":{"@context":"https:\/\/schema.org","@graph":[{"@type":"WebPage","@id":"https:\/\/odysseus-contests.eu\/2016\/sk\/skywalkers-7\/","url":"https:\/\/odysseus-contests.eu\/2016\/sk\/skywalkers-7\/","name":"Skywalkers - ODYSSEUS II","isPartOf":{"@id":"https:\/\/odysseus-contests.eu\/2016\/de\/#website"},"datePublished":"2015-09-15T14:02:01+00:00","dateModified":"2015-09-15T14:02:01+00:00","breadcrumb":{"@id":"https:\/\/odysseus-contests.eu\/2016\/sk\/skywalkers-7\/#breadcrumb"},"inLanguage":"sk-SK","potentialAction":[{"@type":"ReadAction","target":["https:\/\/odysseus-contests.eu\/2016\/sk\/skywalkers-7\/"]}]},{"@type":"BreadcrumbList","@id":"https:\/\/odysseus-contests.eu\/2016\/sk\/skywalkers-7\/#breadcrumb","itemListElement":[{"@type":"ListItem","position":1,"name":"Home","item":"https:\/\/odysseus-contests.eu\/2016\/sk\/"},{"@type":"ListItem","position":2,"name":"Skywalkers"}]},{"@type":"WebSite","@id":"https:\/\/odysseus-contests.eu\/2016\/de\/#website","url":"https:\/\/odysseus-contests.eu\/2016\/de\/","name":"ODYSSEUS II","description":"European Youth Space Contest ","potentialAction":[{"@type":"SearchAction","target":{"@type":"EntryPoint","urlTemplate":"https:\/\/odysseus-contests.eu\/2016\/de\/?s={search_term_string}"},"query-input":"required name=search_term_string"}],"inLanguage":"sk-SK"}]}},"_links":{"self":[{"href":"https:\/\/odysseus-contests.eu\/2016\/sk\/wp-json\/wp\/v2\/pages\/5533"}],"collection":[{"href":"https:\/\/odysseus-contests.eu\/2016\/sk\/wp-json\/wp\/v2\/pages"}],"about":[{"href":"https:\/\/odysseus-contests.eu\/2016\/sk\/wp-json\/wp\/v2\/types\/page"}],"author":[{"embeddable":true,"href":"https:\/\/odysseus-contests.eu\/2016\/sk\/wp-json\/wp\/v2\/users\/5"}],"replies":[{"embeddable":true,"href":"https:\/\/odysseus-contests.eu\/2016\/sk\/wp-json\/wp\/v2\/comments?post=5533"}],"version-history":[{"count":0,"href":"https:\/\/odysseus-contests.eu\/2016\/sk\/wp-json\/wp\/v2\/pages\/5533\/revisions"}],"wp:attachment":[{"href":"https:\/\/odysseus-contests.eu\/2016\/sk\/wp-json\/wp\/v2\/media?parent=5533"}],"curies":[{"name":"wp","href":"https:\/\/api.w.org\/{rel}","templated":true}]}}