{"id":5528,"date":"2015-09-15T16:57:14","date_gmt":"2015-09-15T13:57:14","guid":{"rendered":"http:\/\/odysseus-contests.eu\/2016\/?page_id=5528"},"modified":"2015-09-15T16:57:14","modified_gmt":"2015-09-15T13:57:14","slug":"organizers","status":"publish","type":"page","link":"https:\/\/odysseus-contests.eu\/2016\/sk\/rules\/organizers\/","title":{"rendered":"Organiz\u00e1tori"},"content":{"rendered":"<ul>\n<li>S\u00fa\u0165a\u017e Odysseus je organizovan\u00e1 medzin\u00e1rodnou asoci\u00e1ciou in\u0161tit\u00faci\u00ed z desiatich kraj\u00edn Eur\u00f3pskej \u00fanie, financovan\u00e1 Eur\u00f3pskou komisiou a riaden\u00e1 spolo\u010dnos\u0165ou Signosis consulting company Brussels. Cel\u00fd zoznam in\u0161tit\u00faci\u00ed je publikovan\u00fd na str\u00e1nkach s\u00fa\u0165a\u017ee Odysseus a na \u010fal\u0161\u00edch komunika\u010dn\u00fdch kan\u00e1loch a soci\u00e1lnych m\u00e9di\u00e1ch vybran\u00fdch organiz\u00e1tormi.<\/li>\n<li>Organiz\u00e1tori zais\u0165uj\u00fa infra\u0161trukt\u00faru registr\u00e1ci\u00ed \u00fa\u010dastn\u00edkov a odovzdanie ich projektov na hodnotenie. Vo\u013eba najlep\u0161ieho Skywalker obr\u00e1zku v ka\u017edej krajine bude taktie\u017e zaisten\u00e1 cez str\u00e1nky s\u00fa\u0165a\u017ee Odysseus.<\/li>\n<li>Miestni organiz\u00e1tori v ka\u017edej krajine E\u00da dojednaj\u00fa sie\u0165 mentorov ako zdroj pre s\u00fa\u0165a\u017eiacich v kateg\u00f3ri\u00e1ch \u201cPioneer\u201d a \u201cExplorer\u201d.<\/li>\n<li>Organiz\u00e1tori bud\u00fa po\u017eadova\u0165 inform\u00e1cie o pohlav\u00ed a n\u00e1rodnosti \u00fa\u010dastn\u00edkov, ale t\u00e1to inform\u00e1cia bude pou\u017eit\u00e1 iba pre \u0161tatistick\u00e9 \u00fa\u010dely a nie ako hodnotiace krit\u00e9rium.<\/li>\n<li>Organiz\u00e1tori bud\u00fa tie\u017e na str\u00e1nkach publikova\u0165 s\u00fahrnn\u00e9 inform\u00e1cie o po\u010dtoch \u00fa\u010dastn\u00edkov v s\u00fa\u0165a\u017ei pod\u013ea kraj\u00edn, veku a pohlavia.<\/li>\n<li>Organiz\u00e1tori si vyhradzuj\u00fa pr\u00e1vu na \u00fapravu alebo skvalitnenie odmien, pravidiel, podmienok a okolnost\u00ed s\u00fa\u0165a\u017ee a to kedyko\u013evek, pokia\u013e m\u00f4\u017eu preuk\u00e1za\u0165 pr\u00ed\u010dinu t\u00fdchto zmien.<\/li>\n<\/ul>\n","protected":false},"excerpt":{"rendered":"<p>S\u00fa\u0165a\u017e Odysseus je organizovan\u00e1 medzin\u00e1rodnou asoci\u00e1ciou in\u0161tit\u00faci\u00ed z desiatich kraj\u00edn Eur\u00f3pskej \u00fanie, financovan\u00e1 Eur\u00f3pskou komisiou a riaden\u00e1 spolo\u010dnos\u0165ou Signosis consulting company Brussels. Cel\u00fd zoznam in\u0161tit\u00faci\u00ed je publikovan\u00fd na str\u00e1nkach s\u00fa\u0165a\u017ee Odysseus a na \u010fal\u0161\u00edch komunika\u010dn\u00fdch kan\u00e1loch a soci\u00e1lnych m\u00e9di\u00e1ch vybran\u00fdch organiz\u00e1tormi. Organiz\u00e1tori zais\u0165uj\u00fa infra\u0161trukt\u00faru registr\u00e1ci\u00ed \u00fa\u010dastn\u00edkov a odovzdanie ich projektov na hodnotenie. Vo\u013eba najlep\u0161ieho Skywalker [&hellip;]<\/p>\n","protected":false},"author":5,"featured_media":0,"parent":5487,"menu_order":140,"comment_status":"closed","ping_status":"closed","template":"","meta":[],"acf":[],"yoast_head":"<!-- This site is optimized with the Yoast SEO plugin v19.14 - https:\/\/yoast.com\/wordpress\/plugins\/seo\/ -->\n<title>Organiz\u00e1tori - ODYSSEUS II<\/title>\n<meta name=\"robots\" content=\"index, follow, max-snippet:-1, max-image-preview:large, max-video-preview:-1\" \/>\n<link rel=\"canonical\" href=\"https:\/\/odysseus-contests.eu\/2016\/sk\/rules\/organizers\/\" \/>\n<meta property=\"og:locale\" content=\"sk_SK\" \/>\n<meta property=\"og:type\" content=\"article\" \/>\n<meta property=\"og:title\" content=\"Organiz\u00e1tori - ODYSSEUS II\" \/>\n<meta property=\"og:description\" content=\"S\u00fa\u0165a\u017e Odysseus je organizovan\u00e1 medzin\u00e1rodnou asoci\u00e1ciou in\u0161tit\u00faci\u00ed z desiatich kraj\u00edn Eur\u00f3pskej \u00fanie, financovan\u00e1 Eur\u00f3pskou komisiou a riaden\u00e1 spolo\u010dnos\u0165ou Signosis consulting company Brussels. Cel\u00fd zoznam in\u0161tit\u00faci\u00ed je publikovan\u00fd na str\u00e1nkach s\u00fa\u0165a\u017ee Odysseus a na \u010fal\u0161\u00edch komunika\u010dn\u00fdch kan\u00e1loch a soci\u00e1lnych m\u00e9di\u00e1ch vybran\u00fdch organiz\u00e1tormi. Organiz\u00e1tori zais\u0165uj\u00fa infra\u0161trukt\u00faru registr\u00e1ci\u00ed \u00fa\u010dastn\u00edkov a odovzdanie ich projektov na hodnotenie. Vo\u013eba najlep\u0161ieho Skywalker [&hellip;]\" \/>\n<meta property=\"og:url\" content=\"https:\/\/odysseus-contests.eu\/2016\/sk\/rules\/organizers\/\" \/>\n<meta property=\"og:site_name\" content=\"ODYSSEUS II\" \/>\n<meta name=\"twitter:card\" content=\"summary_large_image\" \/>\n<meta name=\"twitter:label1\" content=\"Predpokladan\u00fd \u010das \u010d\u00edtania\" \/>\n\t<meta name=\"twitter:data1\" content=\"1 min\u00fata\" \/>\n<script type=\"application\/ld+json\" class=\"yoast-schema-graph\">{\"@context\":\"https:\/\/schema.org\",\"@graph\":[{\"@type\":\"WebPage\",\"@id\":\"https:\/\/odysseus-contests.eu\/2016\/sk\/rules\/organizers\/\",\"url\":\"https:\/\/odysseus-contests.eu\/2016\/sk\/rules\/organizers\/\",\"name\":\"Organiz\u00e1tori - ODYSSEUS II\",\"isPartOf\":{\"@id\":\"https:\/\/odysseus-contests.eu\/2016\/de\/#website\"},\"datePublished\":\"2015-09-15T13:57:14+00:00\",\"dateModified\":\"2015-09-15T13:57:14+00:00\",\"breadcrumb\":{\"@id\":\"https:\/\/odysseus-contests.eu\/2016\/sk\/rules\/organizers\/#breadcrumb\"},\"inLanguage\":\"sk-SK\",\"potentialAction\":[{\"@type\":\"ReadAction\",\"target\":[\"https:\/\/odysseus-contests.eu\/2016\/sk\/rules\/organizers\/\"]}]},{\"@type\":\"BreadcrumbList\",\"@id\":\"https:\/\/odysseus-contests.eu\/2016\/sk\/rules\/organizers\/#breadcrumb\",\"itemListElement\":[{\"@type\":\"ListItem\",\"position\":1,\"name\":\"Home\",\"item\":\"https:\/\/odysseus-contests.eu\/2016\/sk\/\"},{\"@type\":\"ListItem\",\"position\":2,\"name\":\"Pravidl\u00e1\",\"item\":\"https:\/\/odysseus-contests.eu\/2016\/sk\/rules\/\"},{\"@type\":\"ListItem\",\"position\":3,\"name\":\"Organiz\u00e1tori\"}]},{\"@type\":\"WebSite\",\"@id\":\"https:\/\/odysseus-contests.eu\/2016\/de\/#website\",\"url\":\"https:\/\/odysseus-contests.eu\/2016\/de\/\",\"name\":\"ODYSSEUS II\",\"description\":\"European Youth Space Contest \",\"potentialAction\":[{\"@type\":\"SearchAction\",\"target\":{\"@type\":\"EntryPoint\",\"urlTemplate\":\"https:\/\/odysseus-contests.eu\/2016\/de\/?s={search_term_string}\"},\"query-input\":\"required name=search_term_string\"}],\"inLanguage\":\"sk-SK\"}]}<\/script>\n<!-- \/ Yoast SEO plugin. -->","yoast_head_json":{"title":"Organiz\u00e1tori - ODYSSEUS II","robots":{"index":"index","follow":"follow","max-snippet":"max-snippet:-1","max-image-preview":"max-image-preview:large","max-video-preview":"max-video-preview:-1"},"canonical":"https:\/\/odysseus-contests.eu\/2016\/sk\/rules\/organizers\/","og_locale":"sk_SK","og_type":"article","og_title":"Organiz\u00e1tori - ODYSSEUS II","og_description":"S\u00fa\u0165a\u017e Odysseus je organizovan\u00e1 medzin\u00e1rodnou asoci\u00e1ciou in\u0161tit\u00faci\u00ed z desiatich kraj\u00edn Eur\u00f3pskej \u00fanie, financovan\u00e1 Eur\u00f3pskou komisiou a riaden\u00e1 spolo\u010dnos\u0165ou Signosis consulting company Brussels. Cel\u00fd zoznam in\u0161tit\u00faci\u00ed je publikovan\u00fd na str\u00e1nkach s\u00fa\u0165a\u017ee Odysseus a na \u010fal\u0161\u00edch komunika\u010dn\u00fdch kan\u00e1loch a soci\u00e1lnych m\u00e9di\u00e1ch vybran\u00fdch organiz\u00e1tormi. Organiz\u00e1tori zais\u0165uj\u00fa infra\u0161trukt\u00faru registr\u00e1ci\u00ed \u00fa\u010dastn\u00edkov a odovzdanie ich projektov na hodnotenie. Vo\u013eba najlep\u0161ieho Skywalker [&hellip;]","og_url":"https:\/\/odysseus-contests.eu\/2016\/sk\/rules\/organizers\/","og_site_name":"ODYSSEUS II","twitter_card":"summary_large_image","twitter_misc":{"Predpokladan\u00fd \u010das \u010d\u00edtania":"1 min\u00fata"},"schema":{"@context":"https:\/\/schema.org","@graph":[{"@type":"WebPage","@id":"https:\/\/odysseus-contests.eu\/2016\/sk\/rules\/organizers\/","url":"https:\/\/odysseus-contests.eu\/2016\/sk\/rules\/organizers\/","name":"Organiz\u00e1tori - ODYSSEUS II","isPartOf":{"@id":"https:\/\/odysseus-contests.eu\/2016\/de\/#website"},"datePublished":"2015-09-15T13:57:14+00:00","dateModified":"2015-09-15T13:57:14+00:00","breadcrumb":{"@id":"https:\/\/odysseus-contests.eu\/2016\/sk\/rules\/organizers\/#breadcrumb"},"inLanguage":"sk-SK","potentialAction":[{"@type":"ReadAction","target":["https:\/\/odysseus-contests.eu\/2016\/sk\/rules\/organizers\/"]}]},{"@type":"BreadcrumbList","@id":"https:\/\/odysseus-contests.eu\/2016\/sk\/rules\/organizers\/#breadcrumb","itemListElement":[{"@type":"ListItem","position":1,"name":"Home","item":"https:\/\/odysseus-contests.eu\/2016\/sk\/"},{"@type":"ListItem","position":2,"name":"Pravidl\u00e1","item":"https:\/\/odysseus-contests.eu\/2016\/sk\/rules\/"},{"@type":"ListItem","position":3,"name":"Organiz\u00e1tori"}]},{"@type":"WebSite","@id":"https:\/\/odysseus-contests.eu\/2016\/de\/#website","url":"https:\/\/odysseus-contests.eu\/2016\/de\/","name":"ODYSSEUS II","description":"European Youth Space Contest ","potentialAction":[{"@type":"SearchAction","target":{"@type":"EntryPoint","urlTemplate":"https:\/\/odysseus-contests.eu\/2016\/de\/?s={search_term_string}"},"query-input":"required name=search_term_string"}],"inLanguage":"sk-SK"}]}},"_links":{"self":[{"href":"https:\/\/odysseus-contests.eu\/2016\/sk\/wp-json\/wp\/v2\/pages\/5528"}],"collection":[{"href":"https:\/\/odysseus-contests.eu\/2016\/sk\/wp-json\/wp\/v2\/pages"}],"about":[{"href":"https:\/\/odysseus-contests.eu\/2016\/sk\/wp-json\/wp\/v2\/types\/page"}],"author":[{"embeddable":true,"href":"https:\/\/odysseus-contests.eu\/2016\/sk\/wp-json\/wp\/v2\/users\/5"}],"replies":[{"embeddable":true,"href":"https:\/\/odysseus-contests.eu\/2016\/sk\/wp-json\/wp\/v2\/comments?post=5528"}],"version-history":[{"count":0,"href":"https:\/\/odysseus-contests.eu\/2016\/sk\/wp-json\/wp\/v2\/pages\/5528\/revisions"}],"up":[{"embeddable":true,"href":"https:\/\/odysseus-contests.eu\/2016\/sk\/wp-json\/wp\/v2\/pages\/5487"}],"wp:attachment":[{"href":"https:\/\/odysseus-contests.eu\/2016\/sk\/wp-json\/wp\/v2\/media?parent=5528"}],"curies":[{"name":"wp","href":"https:\/\/api.w.org\/{rel}","templated":true}]}}