{"id":5527,"date":"2015-09-15T16:56:48","date_gmt":"2015-09-15T13:56:48","guid":{"rendered":"http:\/\/odysseus-contests.eu\/2016\/?page_id=5527"},"modified":"2015-09-15T16:56:48","modified_gmt":"2015-09-15T13:56:48","slug":"veduci-a-mentori","status":"publish","type":"page","link":"https:\/\/odysseus-contests.eu\/2016\/sk\/rules\/veduci-a-mentori\/","title":{"rendered":"Ved\u00faci a mentori"},"content":{"rendered":"<ul>\n<li>Predpoklad\u00e1 sa, \u017ee ved\u00faci t\u00edmov a s\u00fa\u0165a\u017eiacich \u0161tudentov s\u00fa zozn\u00e1men\u00ed s pravidlami s\u00fa\u0165a\u017ee, vr\u00e1tane pozn\u00e1mok nap\u00edsan\u00fdch mal\u00fdm p\u00edsmom.<\/li>\n<li>Ka\u017ed\u00fd \u201cPioneer\u201d t\u00edm mus\u00ed ma\u0165 ved\u00faceho a ka\u017ed\u00fd Skywalker s\u00fa\u0165a\u017eiaci by mal ma\u0165 u\u010dite\u013ea, \u010dlena rodiny alebo mlad\u00e9ho l\u00eddra, ktor\u00fd im bude pom\u00e1ha\u0165.<\/li>\n<li>Mentori zais\u0165uj\u00fa iba technick\u00fa a vedeck\u00fa pomoc s\u00fa\u0165a\u017eiacim alebo t\u00edmom v kateg\u00f3rii \u201cPioneer\u201d a \u201cExplorer\u201d a po\u010det pr\u00e1c, ktor\u00fdm m\u00f4\u017ee mentor radi\u0165, nie je obmedzen\u00fd.<\/li>\n<li>Pre viac inform\u00e1ci\u00ed sa pros\u00edm pozrite na str\u00e1nku <a href=\"http:\/\/odysseus-contests.eu\/2016\/sk\/pioneers-7\/\" target=\"_blank\">Pioneers<\/a> (pre ved\u00facich) a na sekciu <em><a href=\"http:\/\/odysseus-contests.eu\/2016\/sk\/resources\/siet-menotorov\/\" target=\"_blank\">Mentori<\/a> a <a href=\"http:\/\/odysseus-contests.eu\/2016\/sk\/resources\/hodnotitelia\/\" target=\"_blank\">Hodnotitelia<\/a>.<\/em><\/li>\n<\/ul>\n","protected":false},"excerpt":{"rendered":"<p>Predpoklad\u00e1 sa, \u017ee ved\u00faci t\u00edmov a s\u00fa\u0165a\u017eiacich \u0161tudentov s\u00fa zozn\u00e1men\u00ed s pravidlami s\u00fa\u0165a\u017ee, vr\u00e1tane pozn\u00e1mok nap\u00edsan\u00fdch mal\u00fdm p\u00edsmom. Ka\u017ed\u00fd \u201cPioneer\u201d t\u00edm mus\u00ed ma\u0165 ved\u00faceho a ka\u017ed\u00fd Skywalker s\u00fa\u0165a\u017eiaci by mal ma\u0165 u\u010dite\u013ea, \u010dlena rodiny alebo mlad\u00e9ho l\u00eddra, ktor\u00fd im bude pom\u00e1ha\u0165. Mentori zais\u0165uj\u00fa iba technick\u00fa a vedeck\u00fa pomoc s\u00fa\u0165a\u017eiacim alebo t\u00edmom v kateg\u00f3rii \u201cPioneer\u201d a [&hellip;]<\/p>\n","protected":false},"author":5,"featured_media":0,"parent":5487,"menu_order":130,"comment_status":"closed","ping_status":"closed","template":"","meta":[],"acf":[],"yoast_head":"<!-- This site is optimized with the Yoast SEO plugin v19.14 - https:\/\/yoast.com\/wordpress\/plugins\/seo\/ -->\n<title>Ved\u00faci a mentori - ODYSSEUS II<\/title>\n<meta name=\"robots\" content=\"index, follow, max-snippet:-1, max-image-preview:large, max-video-preview:-1\" \/>\n<link rel=\"canonical\" href=\"https:\/\/odysseus-contests.eu\/2016\/sk\/rules\/veduci-a-mentori\/\" \/>\n<meta property=\"og:locale\" content=\"sk_SK\" \/>\n<meta property=\"og:type\" content=\"article\" \/>\n<meta property=\"og:title\" content=\"Ved\u00faci a mentori - ODYSSEUS II\" \/>\n<meta property=\"og:description\" content=\"Predpoklad\u00e1 sa, \u017ee ved\u00faci t\u00edmov a s\u00fa\u0165a\u017eiacich \u0161tudentov s\u00fa zozn\u00e1men\u00ed s pravidlami s\u00fa\u0165a\u017ee, vr\u00e1tane pozn\u00e1mok nap\u00edsan\u00fdch mal\u00fdm p\u00edsmom. Ka\u017ed\u00fd \u201cPioneer\u201d t\u00edm mus\u00ed ma\u0165 ved\u00faceho a ka\u017ed\u00fd Skywalker s\u00fa\u0165a\u017eiaci by mal ma\u0165 u\u010dite\u013ea, \u010dlena rodiny alebo mlad\u00e9ho l\u00eddra, ktor\u00fd im bude pom\u00e1ha\u0165. Mentori zais\u0165uj\u00fa iba technick\u00fa a vedeck\u00fa pomoc s\u00fa\u0165a\u017eiacim alebo t\u00edmom v kateg\u00f3rii \u201cPioneer\u201d a [&hellip;]\" \/>\n<meta property=\"og:url\" content=\"https:\/\/odysseus-contests.eu\/2016\/sk\/rules\/veduci-a-mentori\/\" \/>\n<meta property=\"og:site_name\" content=\"ODYSSEUS II\" \/>\n<meta name=\"twitter:card\" content=\"summary_large_image\" \/>\n<meta name=\"twitter:label1\" content=\"Predpokladan\u00fd \u010das \u010d\u00edtania\" \/>\n\t<meta name=\"twitter:data1\" content=\"1 min\u00fata\" \/>\n<script type=\"application\/ld+json\" class=\"yoast-schema-graph\">{\"@context\":\"https:\/\/schema.org\",\"@graph\":[{\"@type\":\"WebPage\",\"@id\":\"https:\/\/odysseus-contests.eu\/2016\/sk\/rules\/veduci-a-mentori\/\",\"url\":\"https:\/\/odysseus-contests.eu\/2016\/sk\/rules\/veduci-a-mentori\/\",\"name\":\"Ved\u00faci a mentori - ODYSSEUS II\",\"isPartOf\":{\"@id\":\"https:\/\/odysseus-contests.eu\/2016\/de\/#website\"},\"datePublished\":\"2015-09-15T13:56:48+00:00\",\"dateModified\":\"2015-09-15T13:56:48+00:00\",\"breadcrumb\":{\"@id\":\"https:\/\/odysseus-contests.eu\/2016\/sk\/rules\/veduci-a-mentori\/#breadcrumb\"},\"inLanguage\":\"sk-SK\",\"potentialAction\":[{\"@type\":\"ReadAction\",\"target\":[\"https:\/\/odysseus-contests.eu\/2016\/sk\/rules\/veduci-a-mentori\/\"]}]},{\"@type\":\"BreadcrumbList\",\"@id\":\"https:\/\/odysseus-contests.eu\/2016\/sk\/rules\/veduci-a-mentori\/#breadcrumb\",\"itemListElement\":[{\"@type\":\"ListItem\",\"position\":1,\"name\":\"Home\",\"item\":\"https:\/\/odysseus-contests.eu\/2016\/sk\/\"},{\"@type\":\"ListItem\",\"position\":2,\"name\":\"Pravidl\u00e1\",\"item\":\"https:\/\/odysseus-contests.eu\/2016\/sk\/rules\/\"},{\"@type\":\"ListItem\",\"position\":3,\"name\":\"Ved\u00faci a mentori\"}]},{\"@type\":\"WebSite\",\"@id\":\"https:\/\/odysseus-contests.eu\/2016\/de\/#website\",\"url\":\"https:\/\/odysseus-contests.eu\/2016\/de\/\",\"name\":\"ODYSSEUS II\",\"description\":\"European Youth Space Contest \",\"potentialAction\":[{\"@type\":\"SearchAction\",\"target\":{\"@type\":\"EntryPoint\",\"urlTemplate\":\"https:\/\/odysseus-contests.eu\/2016\/de\/?s={search_term_string}\"},\"query-input\":\"required name=search_term_string\"}],\"inLanguage\":\"sk-SK\"}]}<\/script>\n<!-- \/ Yoast SEO plugin. -->","yoast_head_json":{"title":"Ved\u00faci a mentori - ODYSSEUS II","robots":{"index":"index","follow":"follow","max-snippet":"max-snippet:-1","max-image-preview":"max-image-preview:large","max-video-preview":"max-video-preview:-1"},"canonical":"https:\/\/odysseus-contests.eu\/2016\/sk\/rules\/veduci-a-mentori\/","og_locale":"sk_SK","og_type":"article","og_title":"Ved\u00faci a mentori - ODYSSEUS II","og_description":"Predpoklad\u00e1 sa, \u017ee ved\u00faci t\u00edmov a s\u00fa\u0165a\u017eiacich \u0161tudentov s\u00fa zozn\u00e1men\u00ed s pravidlami s\u00fa\u0165a\u017ee, vr\u00e1tane pozn\u00e1mok nap\u00edsan\u00fdch mal\u00fdm p\u00edsmom. Ka\u017ed\u00fd \u201cPioneer\u201d t\u00edm mus\u00ed ma\u0165 ved\u00faceho a ka\u017ed\u00fd Skywalker s\u00fa\u0165a\u017eiaci by mal ma\u0165 u\u010dite\u013ea, \u010dlena rodiny alebo mlad\u00e9ho l\u00eddra, ktor\u00fd im bude pom\u00e1ha\u0165. Mentori zais\u0165uj\u00fa iba technick\u00fa a vedeck\u00fa pomoc s\u00fa\u0165a\u017eiacim alebo t\u00edmom v kateg\u00f3rii \u201cPioneer\u201d a [&hellip;]","og_url":"https:\/\/odysseus-contests.eu\/2016\/sk\/rules\/veduci-a-mentori\/","og_site_name":"ODYSSEUS II","twitter_card":"summary_large_image","twitter_misc":{"Predpokladan\u00fd \u010das \u010d\u00edtania":"1 min\u00fata"},"schema":{"@context":"https:\/\/schema.org","@graph":[{"@type":"WebPage","@id":"https:\/\/odysseus-contests.eu\/2016\/sk\/rules\/veduci-a-mentori\/","url":"https:\/\/odysseus-contests.eu\/2016\/sk\/rules\/veduci-a-mentori\/","name":"Ved\u00faci a mentori - ODYSSEUS II","isPartOf":{"@id":"https:\/\/odysseus-contests.eu\/2016\/de\/#website"},"datePublished":"2015-09-15T13:56:48+00:00","dateModified":"2015-09-15T13:56:48+00:00","breadcrumb":{"@id":"https:\/\/odysseus-contests.eu\/2016\/sk\/rules\/veduci-a-mentori\/#breadcrumb"},"inLanguage":"sk-SK","potentialAction":[{"@type":"ReadAction","target":["https:\/\/odysseus-contests.eu\/2016\/sk\/rules\/veduci-a-mentori\/"]}]},{"@type":"BreadcrumbList","@id":"https:\/\/odysseus-contests.eu\/2016\/sk\/rules\/veduci-a-mentori\/#breadcrumb","itemListElement":[{"@type":"ListItem","position":1,"name":"Home","item":"https:\/\/odysseus-contests.eu\/2016\/sk\/"},{"@type":"ListItem","position":2,"name":"Pravidl\u00e1","item":"https:\/\/odysseus-contests.eu\/2016\/sk\/rules\/"},{"@type":"ListItem","position":3,"name":"Ved\u00faci a mentori"}]},{"@type":"WebSite","@id":"https:\/\/odysseus-contests.eu\/2016\/de\/#website","url":"https:\/\/odysseus-contests.eu\/2016\/de\/","name":"ODYSSEUS II","description":"European Youth Space Contest ","potentialAction":[{"@type":"SearchAction","target":{"@type":"EntryPoint","urlTemplate":"https:\/\/odysseus-contests.eu\/2016\/de\/?s={search_term_string}"},"query-input":"required name=search_term_string"}],"inLanguage":"sk-SK"}]}},"_links":{"self":[{"href":"https:\/\/odysseus-contests.eu\/2016\/sk\/wp-json\/wp\/v2\/pages\/5527"}],"collection":[{"href":"https:\/\/odysseus-contests.eu\/2016\/sk\/wp-json\/wp\/v2\/pages"}],"about":[{"href":"https:\/\/odysseus-contests.eu\/2016\/sk\/wp-json\/wp\/v2\/types\/page"}],"author":[{"embeddable":true,"href":"https:\/\/odysseus-contests.eu\/2016\/sk\/wp-json\/wp\/v2\/users\/5"}],"replies":[{"embeddable":true,"href":"https:\/\/odysseus-contests.eu\/2016\/sk\/wp-json\/wp\/v2\/comments?post=5527"}],"version-history":[{"count":0,"href":"https:\/\/odysseus-contests.eu\/2016\/sk\/wp-json\/wp\/v2\/pages\/5527\/revisions"}],"up":[{"embeddable":true,"href":"https:\/\/odysseus-contests.eu\/2016\/sk\/wp-json\/wp\/v2\/pages\/5487"}],"wp:attachment":[{"href":"https:\/\/odysseus-contests.eu\/2016\/sk\/wp-json\/wp\/v2\/media?parent=5527"}],"curies":[{"name":"wp","href":"https:\/\/api.w.org\/{rel}","templated":true}]}}