{"id":5521,"date":"2015-09-15T16:53:48","date_gmt":"2015-09-15T13:53:48","guid":{"rendered":"http:\/\/odysseus-contests.eu\/2016\/?page_id=5521"},"modified":"2015-09-15T16:53:48","modified_gmt":"2015-09-15T13:53:48","slug":"ceny","status":"publish","type":"page","link":"https:\/\/odysseus-contests.eu\/2016\/sk\/rules\/ceny\/","title":{"rendered":"Ceny"},"content":{"rendered":"<ul>\n<li>Ceny s\u00fa\u0165a\u017ee Odysseus pre v\u00ed\u0165azov a finalistov s\u00fa nezamenite\u013en\u00e9 a neprenosn\u00e9. Nem\u00f4\u017eu by\u0165 nahraden\u00e9 pe\u0148a\u017enou kompenz\u00e1ciou.<\/li>\n<li>Organiz\u00e1tori si vyhradzuj\u00fa pr\u00e1vo \u017eiada\u0165 vr\u00e1tenie ceny v nasleduj\u00facom pol roku po ich udelen\u00ed, pokia\u013e bud\u00fa v pr\u00e1ci t\u00edmu alebo jednotlivca z kateg\u00f3rie \u201cExplorers\u201d objaven\u00e9 poru\u0161enia pravidiel, ktor\u00e9 s\u00fa pop\u00edsan\u00e9 v tomto dokumente.<\/li>\n<\/ul>\n","protected":false},"excerpt":{"rendered":"<p>Ceny s\u00fa\u0165a\u017ee Odysseus pre v\u00ed\u0165azov a finalistov s\u00fa nezamenite\u013en\u00e9 a neprenosn\u00e9. Nem\u00f4\u017eu by\u0165 nahraden\u00e9 pe\u0148a\u017enou kompenz\u00e1ciou. Organiz\u00e1tori si vyhradzuj\u00fa pr\u00e1vo \u017eiada\u0165 vr\u00e1tenie ceny v nasleduj\u00facom pol roku po ich udelen\u00ed, pokia\u013e bud\u00fa v pr\u00e1ci t\u00edmu alebo jednotlivca z kateg\u00f3rie \u201cExplorers\u201d objaven\u00e9 poru\u0161enia pravidiel, ktor\u00e9 s\u00fa pop\u00edsan\u00e9 v tomto dokumente.<\/p>\n","protected":false},"author":5,"featured_media":0,"parent":5487,"menu_order":80,"comment_status":"closed","ping_status":"closed","template":"","meta":[],"acf":[],"yoast_head":"<!-- This site is optimized with the Yoast SEO plugin v19.14 - https:\/\/yoast.com\/wordpress\/plugins\/seo\/ -->\n<title>Ceny - ODYSSEUS II<\/title>\n<meta name=\"robots\" content=\"index, follow, max-snippet:-1, max-image-preview:large, max-video-preview:-1\" \/>\n<link rel=\"canonical\" href=\"https:\/\/odysseus-contests.eu\/2016\/sk\/rules\/ceny\/\" \/>\n<meta property=\"og:locale\" content=\"sk_SK\" \/>\n<meta property=\"og:type\" content=\"article\" \/>\n<meta property=\"og:title\" content=\"Ceny - ODYSSEUS II\" \/>\n<meta property=\"og:description\" content=\"Ceny s\u00fa\u0165a\u017ee Odysseus pre v\u00ed\u0165azov a finalistov s\u00fa nezamenite\u013en\u00e9 a neprenosn\u00e9. Nem\u00f4\u017eu by\u0165 nahraden\u00e9 pe\u0148a\u017enou kompenz\u00e1ciou. Organiz\u00e1tori si vyhradzuj\u00fa pr\u00e1vo \u017eiada\u0165 vr\u00e1tenie ceny v nasleduj\u00facom pol roku po ich udelen\u00ed, pokia\u013e bud\u00fa v pr\u00e1ci t\u00edmu alebo jednotlivca z kateg\u00f3rie \u201cExplorers\u201d objaven\u00e9 poru\u0161enia pravidiel, ktor\u00e9 s\u00fa pop\u00edsan\u00e9 v tomto dokumente.\" \/>\n<meta property=\"og:url\" content=\"https:\/\/odysseus-contests.eu\/2016\/sk\/rules\/ceny\/\" \/>\n<meta property=\"og:site_name\" content=\"ODYSSEUS II\" \/>\n<meta name=\"twitter:card\" content=\"summary_large_image\" \/>\n<script type=\"application\/ld+json\" class=\"yoast-schema-graph\">{\"@context\":\"https:\/\/schema.org\",\"@graph\":[{\"@type\":\"WebPage\",\"@id\":\"https:\/\/odysseus-contests.eu\/2016\/sk\/rules\/ceny\/\",\"url\":\"https:\/\/odysseus-contests.eu\/2016\/sk\/rules\/ceny\/\",\"name\":\"Ceny - ODYSSEUS II\",\"isPartOf\":{\"@id\":\"https:\/\/odysseus-contests.eu\/2016\/de\/#website\"},\"datePublished\":\"2015-09-15T13:53:48+00:00\",\"dateModified\":\"2015-09-15T13:53:48+00:00\",\"breadcrumb\":{\"@id\":\"https:\/\/odysseus-contests.eu\/2016\/sk\/rules\/ceny\/#breadcrumb\"},\"inLanguage\":\"sk-SK\",\"potentialAction\":[{\"@type\":\"ReadAction\",\"target\":[\"https:\/\/odysseus-contests.eu\/2016\/sk\/rules\/ceny\/\"]}]},{\"@type\":\"BreadcrumbList\",\"@id\":\"https:\/\/odysseus-contests.eu\/2016\/sk\/rules\/ceny\/#breadcrumb\",\"itemListElement\":[{\"@type\":\"ListItem\",\"position\":1,\"name\":\"Home\",\"item\":\"https:\/\/odysseus-contests.eu\/2016\/sk\/\"},{\"@type\":\"ListItem\",\"position\":2,\"name\":\"Pravidl\u00e1\",\"item\":\"https:\/\/odysseus-contests.eu\/2016\/sk\/rules\/\"},{\"@type\":\"ListItem\",\"position\":3,\"name\":\"Ceny\"}]},{\"@type\":\"WebSite\",\"@id\":\"https:\/\/odysseus-contests.eu\/2016\/de\/#website\",\"url\":\"https:\/\/odysseus-contests.eu\/2016\/de\/\",\"name\":\"ODYSSEUS II\",\"description\":\"European Youth Space Contest \",\"potentialAction\":[{\"@type\":\"SearchAction\",\"target\":{\"@type\":\"EntryPoint\",\"urlTemplate\":\"https:\/\/odysseus-contests.eu\/2016\/de\/?s={search_term_string}\"},\"query-input\":\"required name=search_term_string\"}],\"inLanguage\":\"sk-SK\"}]}<\/script>\n<!-- \/ Yoast SEO plugin. -->","yoast_head_json":{"title":"Ceny - ODYSSEUS II","robots":{"index":"index","follow":"follow","max-snippet":"max-snippet:-1","max-image-preview":"max-image-preview:large","max-video-preview":"max-video-preview:-1"},"canonical":"https:\/\/odysseus-contests.eu\/2016\/sk\/rules\/ceny\/","og_locale":"sk_SK","og_type":"article","og_title":"Ceny - ODYSSEUS II","og_description":"Ceny s\u00fa\u0165a\u017ee Odysseus pre v\u00ed\u0165azov a finalistov s\u00fa nezamenite\u013en\u00e9 a neprenosn\u00e9. Nem\u00f4\u017eu by\u0165 nahraden\u00e9 pe\u0148a\u017enou kompenz\u00e1ciou. Organiz\u00e1tori si vyhradzuj\u00fa pr\u00e1vo \u017eiada\u0165 vr\u00e1tenie ceny v nasleduj\u00facom pol roku po ich udelen\u00ed, pokia\u013e bud\u00fa v pr\u00e1ci t\u00edmu alebo jednotlivca z kateg\u00f3rie \u201cExplorers\u201d objaven\u00e9 poru\u0161enia pravidiel, ktor\u00e9 s\u00fa pop\u00edsan\u00e9 v tomto dokumente.","og_url":"https:\/\/odysseus-contests.eu\/2016\/sk\/rules\/ceny\/","og_site_name":"ODYSSEUS II","twitter_card":"summary_large_image","schema":{"@context":"https:\/\/schema.org","@graph":[{"@type":"WebPage","@id":"https:\/\/odysseus-contests.eu\/2016\/sk\/rules\/ceny\/","url":"https:\/\/odysseus-contests.eu\/2016\/sk\/rules\/ceny\/","name":"Ceny - ODYSSEUS II","isPartOf":{"@id":"https:\/\/odysseus-contests.eu\/2016\/de\/#website"},"datePublished":"2015-09-15T13:53:48+00:00","dateModified":"2015-09-15T13:53:48+00:00","breadcrumb":{"@id":"https:\/\/odysseus-contests.eu\/2016\/sk\/rules\/ceny\/#breadcrumb"},"inLanguage":"sk-SK","potentialAction":[{"@type":"ReadAction","target":["https:\/\/odysseus-contests.eu\/2016\/sk\/rules\/ceny\/"]}]},{"@type":"BreadcrumbList","@id":"https:\/\/odysseus-contests.eu\/2016\/sk\/rules\/ceny\/#breadcrumb","itemListElement":[{"@type":"ListItem","position":1,"name":"Home","item":"https:\/\/odysseus-contests.eu\/2016\/sk\/"},{"@type":"ListItem","position":2,"name":"Pravidl\u00e1","item":"https:\/\/odysseus-contests.eu\/2016\/sk\/rules\/"},{"@type":"ListItem","position":3,"name":"Ceny"}]},{"@type":"WebSite","@id":"https:\/\/odysseus-contests.eu\/2016\/de\/#website","url":"https:\/\/odysseus-contests.eu\/2016\/de\/","name":"ODYSSEUS II","description":"European Youth Space Contest ","potentialAction":[{"@type":"SearchAction","target":{"@type":"EntryPoint","urlTemplate":"https:\/\/odysseus-contests.eu\/2016\/de\/?s={search_term_string}"},"query-input":"required name=search_term_string"}],"inLanguage":"sk-SK"}]}},"_links":{"self":[{"href":"https:\/\/odysseus-contests.eu\/2016\/sk\/wp-json\/wp\/v2\/pages\/5521"}],"collection":[{"href":"https:\/\/odysseus-contests.eu\/2016\/sk\/wp-json\/wp\/v2\/pages"}],"about":[{"href":"https:\/\/odysseus-contests.eu\/2016\/sk\/wp-json\/wp\/v2\/types\/page"}],"author":[{"embeddable":true,"href":"https:\/\/odysseus-contests.eu\/2016\/sk\/wp-json\/wp\/v2\/users\/5"}],"replies":[{"embeddable":true,"href":"https:\/\/odysseus-contests.eu\/2016\/sk\/wp-json\/wp\/v2\/comments?post=5521"}],"version-history":[{"count":0,"href":"https:\/\/odysseus-contests.eu\/2016\/sk\/wp-json\/wp\/v2\/pages\/5521\/revisions"}],"up":[{"embeddable":true,"href":"https:\/\/odysseus-contests.eu\/2016\/sk\/wp-json\/wp\/v2\/pages\/5487"}],"wp:attachment":[{"href":"https:\/\/odysseus-contests.eu\/2016\/sk\/wp-json\/wp\/v2\/media?parent=5521"}],"curies":[{"name":"wp","href":"https:\/\/api.w.org\/{rel}","templated":true}]}}