{"id":5516,"date":"2015-09-15T16:43:31","date_gmt":"2015-09-15T13:43:31","guid":{"rendered":"http:\/\/odysseus-contests.eu\/2016\/?page_id=5516"},"modified":"2015-09-15T16:43:31","modified_gmt":"2015-09-15T13:43:31","slug":"registracia","status":"publish","type":"page","link":"https:\/\/odysseus-contests.eu\/2016\/sk\/rules\/registracia\/","title":{"rendered":"Registr\u00e1cia"},"content":{"rendered":"<ul>\n<li>Registrova\u0165 sa do s\u00fa\u0165a\u017ee Odysseus m\u00f4\u017eete na ofici\u00e1lnych str\u00e1nkach tejto s\u00fa\u0165a\u017ee: <a href=\"http:\/\/www.odysseus-contest.eu\">www.odysseus-contest.eu<\/a>.<\/li>\n<li>Registr\u00e1cia prebieha od 1. septembra 2015 do 15. janu\u00e1ra 2016.<\/li>\n<li>Registr\u00e1ciou k \u00fa\u010dasti na str\u00e1nkach s\u00fa\u0165a\u017ee Odysseus v\u0161etci s\u00fa\u0165a\u017eiaci a ich ved\u00faci s\u00fahlasia s pravidlami s\u00fa\u0165a\u017ee, ktor\u00e9 s\u00fa uveden\u00e9 v tomto dokumente a na str\u00e1nkach s\u00fa\u0165a\u017ee Odysseus.<\/li>\n<li>\u00da\u010dastn\u00edci s\u00fa\u0165a\u017ee Odysseus alebo ich ved\u00faci by mali poskytn\u00fa\u0165 organiz\u00e1torom s\u00fa\u0165a\u017ee z\u00e1kladn\u00e9 registra\u010dn\u00e9 inform\u00e1cie, ako je uveden\u00e9 v on-line registra\u010dnom formul\u00e1ri pri registrovan\u00ed t\u00edmu alebo \u017eiakov k \u00fa\u010dasti v s\u00fa\u0165a\u017ei Odysseus.<\/li>\n<li>Organiz\u00e1tori bud\u00fa schva\u013eova\u0165 t\u00edmy a vytvoria bezpe\u010dn\u00fd \u00fa\u010det pre ka\u017ed\u00e9ho Skywalker s\u00fa\u0165a\u017eiaceho, \u201cPioneer\u201d t\u00edm, Explorer s\u00fa\u0165a\u017eiaceho alebo dvojicu s\u00fa\u0165a\u017eiacich. Potom ka\u017ed\u00fd \u017eiak, \u0161tudent alebo t\u00edm obdr\u017e\u00ed jedine\u010dn\u00e9 prihlasovacie meno a heslo, aby sa mohli prihl\u00e1si\u0165 k svojim \u00fa\u010dtom (tzn. Pre ka\u017ed\u00fd projekt alebo obr\u00e1zok bude jeden \u00fa\u010det).<\/li>\n<li>Ved\u00faci ka\u017ed\u00e9ho \u017eiaka alebo t\u00edmu mus\u00ed potvrdi\u0165 a garantova\u0165 presnos\u0165 v\u0161etk\u00fdch uveden\u00fdch osobn\u00fdch \u00fadajov a s\u00fahlasi\u0165, \u017ee organiz\u00e1tori m\u00f4\u017eu pou\u017e\u00edva\u0165 uveden\u00e9 inform\u00e1cie k overeniu. Rovnak\u00fa zodpovednos\u0165 maj\u00fa vysoko\u0161kolsk\u00ed \u0161tudenti, ktor\u00ed sa registruj\u00fa sami.<\/li>\n<li>Organiz\u00e1tori m\u00f4\u017eu uzatvori\u0165 \u00fa\u010det \u017eiaka, t\u00edmu alebo \u0161tudenta a blokova\u0165 pou\u017e\u00edvanie str\u00e1nky s\u00fa\u0165a\u017ee Odysseus, pokia\u013e nie je registr\u00e1cia kompletn\u00e1; pokia\u013e s\u00fa uveden\u00e9 d\u00e1ta nepravdiv\u00e9 (alebo na to maj\u00fa organiz\u00e1tori podozrenie), nepresn\u00e9 alebo nekompletn\u00e9; alebo organiz\u00e1tori nie s\u00fa schopn\u00ed overi\u0165 ak\u00e9ko\u013evek z registra\u010dn\u00fdch d\u00e1t t\u00edmu.<\/li>\n<li>S\u00fa\u0165a\u017eiaci a ved\u00faci s\u00fa zodpovedn\u00ed za uchovanie ich \u00fa\u010dtu v bezpe\u010d\u00ed a za aktivity uskuto\u010dnen\u00e9 prostredn\u00edctvom ich \u00fa\u010dtu. Ved\u00faci t\u00edmu by mal okam\u017eite upozorni\u0165 organiz\u00e1torov na ak\u00e9ko\u013evek neautorizovan\u00e9 pou\u017eitie \u00fa\u010dtu t\u00edmu, \u017eiakov alebo na podozriv\u00e9 poru\u0161enie bezpe\u010dnosti \u00fa\u010dtu.<\/li>\n<\/ul>\n","protected":false},"excerpt":{"rendered":"<p>Registrova\u0165 sa do s\u00fa\u0165a\u017ee Odysseus m\u00f4\u017eete na ofici\u00e1lnych str\u00e1nkach tejto s\u00fa\u0165a\u017ee: www.odysseus-contest.eu. Registr\u00e1cia prebieha od 1. septembra 2015 do 15. janu\u00e1ra 2016. Registr\u00e1ciou k \u00fa\u010dasti na str\u00e1nkach s\u00fa\u0165a\u017ee Odysseus v\u0161etci s\u00fa\u0165a\u017eiaci a ich ved\u00faci s\u00fahlasia s pravidlami s\u00fa\u0165a\u017ee, ktor\u00e9 s\u00fa uveden\u00e9 v tomto dokumente a na str\u00e1nkach s\u00fa\u0165a\u017ee Odysseus. \u00da\u010dastn\u00edci s\u00fa\u0165a\u017ee Odysseus alebo ich ved\u00faci [&hellip;]<\/p>\n","protected":false},"author":5,"featured_media":0,"parent":5487,"menu_order":40,"comment_status":"closed","ping_status":"closed","template":"","meta":[],"acf":[],"yoast_head":"<!-- This site is optimized with the Yoast SEO plugin v19.14 - https:\/\/yoast.com\/wordpress\/plugins\/seo\/ -->\n<title>Registr\u00e1cia - ODYSSEUS II<\/title>\n<meta name=\"robots\" content=\"index, follow, max-snippet:-1, max-image-preview:large, max-video-preview:-1\" \/>\n<link rel=\"canonical\" href=\"https:\/\/odysseus-contests.eu\/2016\/sk\/rules\/registracia\/\" \/>\n<meta property=\"og:locale\" content=\"sk_SK\" \/>\n<meta property=\"og:type\" content=\"article\" \/>\n<meta property=\"og:title\" content=\"Registr\u00e1cia - ODYSSEUS II\" \/>\n<meta property=\"og:description\" content=\"Registrova\u0165 sa do s\u00fa\u0165a\u017ee Odysseus m\u00f4\u017eete na ofici\u00e1lnych str\u00e1nkach tejto s\u00fa\u0165a\u017ee: www.odysseus-contest.eu. Registr\u00e1cia prebieha od 1. septembra 2015 do 15. janu\u00e1ra 2016. Registr\u00e1ciou k \u00fa\u010dasti na str\u00e1nkach s\u00fa\u0165a\u017ee Odysseus v\u0161etci s\u00fa\u0165a\u017eiaci a ich ved\u00faci s\u00fahlasia s pravidlami s\u00fa\u0165a\u017ee, ktor\u00e9 s\u00fa uveden\u00e9 v tomto dokumente a na str\u00e1nkach s\u00fa\u0165a\u017ee Odysseus. \u00da\u010dastn\u00edci s\u00fa\u0165a\u017ee Odysseus alebo ich ved\u00faci [&hellip;]\" \/>\n<meta property=\"og:url\" content=\"https:\/\/odysseus-contests.eu\/2016\/sk\/rules\/registracia\/\" \/>\n<meta property=\"og:site_name\" content=\"ODYSSEUS II\" \/>\n<meta name=\"twitter:card\" content=\"summary_large_image\" \/>\n<meta name=\"twitter:label1\" content=\"Predpokladan\u00fd \u010das \u010d\u00edtania\" \/>\n\t<meta name=\"twitter:data1\" content=\"2 min\u00faty\" \/>\n<script type=\"application\/ld+json\" class=\"yoast-schema-graph\">{\"@context\":\"https:\/\/schema.org\",\"@graph\":[{\"@type\":\"WebPage\",\"@id\":\"https:\/\/odysseus-contests.eu\/2016\/sk\/rules\/registracia\/\",\"url\":\"https:\/\/odysseus-contests.eu\/2016\/sk\/rules\/registracia\/\",\"name\":\"Registr\u00e1cia - ODYSSEUS II\",\"isPartOf\":{\"@id\":\"https:\/\/odysseus-contests.eu\/2016\/de\/#website\"},\"datePublished\":\"2015-09-15T13:43:31+00:00\",\"dateModified\":\"2015-09-15T13:43:31+00:00\",\"breadcrumb\":{\"@id\":\"https:\/\/odysseus-contests.eu\/2016\/sk\/rules\/registracia\/#breadcrumb\"},\"inLanguage\":\"sk-SK\",\"potentialAction\":[{\"@type\":\"ReadAction\",\"target\":[\"https:\/\/odysseus-contests.eu\/2016\/sk\/rules\/registracia\/\"]}]},{\"@type\":\"BreadcrumbList\",\"@id\":\"https:\/\/odysseus-contests.eu\/2016\/sk\/rules\/registracia\/#breadcrumb\",\"itemListElement\":[{\"@type\":\"ListItem\",\"position\":1,\"name\":\"Home\",\"item\":\"https:\/\/odysseus-contests.eu\/2016\/sk\/\"},{\"@type\":\"ListItem\",\"position\":2,\"name\":\"Pravidl\u00e1\",\"item\":\"https:\/\/odysseus-contests.eu\/2016\/sk\/rules\/\"},{\"@type\":\"ListItem\",\"position\":3,\"name\":\"Registr\u00e1cia\"}]},{\"@type\":\"WebSite\",\"@id\":\"https:\/\/odysseus-contests.eu\/2016\/de\/#website\",\"url\":\"https:\/\/odysseus-contests.eu\/2016\/de\/\",\"name\":\"ODYSSEUS II\",\"description\":\"European Youth Space Contest \",\"potentialAction\":[{\"@type\":\"SearchAction\",\"target\":{\"@type\":\"EntryPoint\",\"urlTemplate\":\"https:\/\/odysseus-contests.eu\/2016\/de\/?s={search_term_string}\"},\"query-input\":\"required name=search_term_string\"}],\"inLanguage\":\"sk-SK\"}]}<\/script>\n<!-- \/ Yoast SEO plugin. -->","yoast_head_json":{"title":"Registr\u00e1cia - ODYSSEUS II","robots":{"index":"index","follow":"follow","max-snippet":"max-snippet:-1","max-image-preview":"max-image-preview:large","max-video-preview":"max-video-preview:-1"},"canonical":"https:\/\/odysseus-contests.eu\/2016\/sk\/rules\/registracia\/","og_locale":"sk_SK","og_type":"article","og_title":"Registr\u00e1cia - ODYSSEUS II","og_description":"Registrova\u0165 sa do s\u00fa\u0165a\u017ee Odysseus m\u00f4\u017eete na ofici\u00e1lnych str\u00e1nkach tejto s\u00fa\u0165a\u017ee: www.odysseus-contest.eu. Registr\u00e1cia prebieha od 1. septembra 2015 do 15. janu\u00e1ra 2016. Registr\u00e1ciou k \u00fa\u010dasti na str\u00e1nkach s\u00fa\u0165a\u017ee Odysseus v\u0161etci s\u00fa\u0165a\u017eiaci a ich ved\u00faci s\u00fahlasia s pravidlami s\u00fa\u0165a\u017ee, ktor\u00e9 s\u00fa uveden\u00e9 v tomto dokumente a na str\u00e1nkach s\u00fa\u0165a\u017ee Odysseus. \u00da\u010dastn\u00edci s\u00fa\u0165a\u017ee Odysseus alebo ich ved\u00faci [&hellip;]","og_url":"https:\/\/odysseus-contests.eu\/2016\/sk\/rules\/registracia\/","og_site_name":"ODYSSEUS II","twitter_card":"summary_large_image","twitter_misc":{"Predpokladan\u00fd \u010das \u010d\u00edtania":"2 min\u00faty"},"schema":{"@context":"https:\/\/schema.org","@graph":[{"@type":"WebPage","@id":"https:\/\/odysseus-contests.eu\/2016\/sk\/rules\/registracia\/","url":"https:\/\/odysseus-contests.eu\/2016\/sk\/rules\/registracia\/","name":"Registr\u00e1cia - ODYSSEUS II","isPartOf":{"@id":"https:\/\/odysseus-contests.eu\/2016\/de\/#website"},"datePublished":"2015-09-15T13:43:31+00:00","dateModified":"2015-09-15T13:43:31+00:00","breadcrumb":{"@id":"https:\/\/odysseus-contests.eu\/2016\/sk\/rules\/registracia\/#breadcrumb"},"inLanguage":"sk-SK","potentialAction":[{"@type":"ReadAction","target":["https:\/\/odysseus-contests.eu\/2016\/sk\/rules\/registracia\/"]}]},{"@type":"BreadcrumbList","@id":"https:\/\/odysseus-contests.eu\/2016\/sk\/rules\/registracia\/#breadcrumb","itemListElement":[{"@type":"ListItem","position":1,"name":"Home","item":"https:\/\/odysseus-contests.eu\/2016\/sk\/"},{"@type":"ListItem","position":2,"name":"Pravidl\u00e1","item":"https:\/\/odysseus-contests.eu\/2016\/sk\/rules\/"},{"@type":"ListItem","position":3,"name":"Registr\u00e1cia"}]},{"@type":"WebSite","@id":"https:\/\/odysseus-contests.eu\/2016\/de\/#website","url":"https:\/\/odysseus-contests.eu\/2016\/de\/","name":"ODYSSEUS II","description":"European Youth Space Contest ","potentialAction":[{"@type":"SearchAction","target":{"@type":"EntryPoint","urlTemplate":"https:\/\/odysseus-contests.eu\/2016\/de\/?s={search_term_string}"},"query-input":"required name=search_term_string"}],"inLanguage":"sk-SK"}]}},"_links":{"self":[{"href":"https:\/\/odysseus-contests.eu\/2016\/sk\/wp-json\/wp\/v2\/pages\/5516"}],"collection":[{"href":"https:\/\/odysseus-contests.eu\/2016\/sk\/wp-json\/wp\/v2\/pages"}],"about":[{"href":"https:\/\/odysseus-contests.eu\/2016\/sk\/wp-json\/wp\/v2\/types\/page"}],"author":[{"embeddable":true,"href":"https:\/\/odysseus-contests.eu\/2016\/sk\/wp-json\/wp\/v2\/users\/5"}],"replies":[{"embeddable":true,"href":"https:\/\/odysseus-contests.eu\/2016\/sk\/wp-json\/wp\/v2\/comments?post=5516"}],"version-history":[{"count":0,"href":"https:\/\/odysseus-contests.eu\/2016\/sk\/wp-json\/wp\/v2\/pages\/5516\/revisions"}],"up":[{"embeddable":true,"href":"https:\/\/odysseus-contests.eu\/2016\/sk\/wp-json\/wp\/v2\/pages\/5487"}],"wp:attachment":[{"href":"https:\/\/odysseus-contests.eu\/2016\/sk\/wp-json\/wp\/v2\/media?parent=5516"}],"curies":[{"name":"wp","href":"https:\/\/api.w.org\/{rel}","templated":true}]}}