{"id":5514,"date":"2015-09-15T16:42:22","date_gmt":"2015-09-15T13:42:22","guid":{"rendered":"http:\/\/odysseus-contests.eu\/2016\/?page_id=5514"},"modified":"2015-09-15T16:42:22","modified_gmt":"2015-09-15T13:42:22","slug":"jazyky-a-regiony","status":"publish","type":"page","link":"https:\/\/odysseus-contests.eu\/2016\/sk\/rules\/jazyky-a-regiony\/","title":{"rendered":"Jazyky a regi\u00f3ny"},"content":{"rendered":"<ul>\n<li>Projekty pre s\u00fa\u0165a\u017e Odysseus pre t\u00edmy a s\u00fa\u0165a\u017eiacich zo \u0161t\u00e1tov Eur\u00f3pskej \u00fanie m\u00f4\u017eu by\u0165 spracovan\u00e9 v ktoromko\u013evek z 24 ofici\u00e1lnych jazykov Eur\u00f3pskej \u00fanie.<\/li>\n<li>V druhom kole s\u00fa\u0165a\u017ee sa \u0161t\u00e1ty Eur\u00f3pskej \u00fanie rozdelia na 10 regi\u00f3nov. Tieto regi\u00f3ny bud\u00fa zah\u0155\u0148a\u0165 aj susedn\u00e9 \u0161t\u00e1ty, ktor\u00e9 nie s\u00fa s\u00fa\u010das\u0165ou E\u00da. Tieto \u0161t\u00e1ty bud\u00fa organiz\u00e1tormi pridelen\u00e9 do jedn\u00e9ho z 10 regi\u00f3nov po odovzdan\u00ed projektov.<\/li>\n<li>Pre prezent\u00e1ciu projektov v region\u00e1lnom semifin\u00e1le bud\u00fa ma\u0165 v\u0161etky t\u00edmy z Eur\u00f3pskej \u00fanie pr\u00edstup k prekladate\u013eom\/tlmo\u010dn\u00edkom, ktor\u00ed bud\u00fa poskytnut\u00ed organiz\u00e1tormi s\u00fa\u0165a\u017ee Odysseus. Odpor\u00fa\u010da sa, aby ka\u017ed\u00fd t\u00edm mal anglicky hovoriaceho ved\u00faceho.<\/li>\n<li>Pokia\u013e sa projekt dostane do celoeur\u00f3pskeho fin\u00e1le s\u00fa\u0165a\u017ee, s\u00fa\u0165a\u017eiaci musia cel\u00fd projekt prelo\u017ei\u0165 do angli\u010dtiny, pokia\u013e u\u017e nebol v angli\u010dtine nap\u00edsan\u00fd.<\/li>\n<li>Pre s\u00fa\u0165a\u017eiace krajiny mimo E\u00da nebude organiz\u00e1tormi poskytnut\u00fd prekladate\u013e. Tieto t\u00edmy musia prezentova\u0165 ich pr\u00e1ce v p\u00edsomnom a hovorenom prejave v angli\u010dtine alebo inom jazyku kraj\u00edn E\u00da, ktor\u00e9 sa \u00fa\u010dastnia region\u00e1lnych semifin\u00e1le.<\/li>\n<\/ul>\n","protected":false},"excerpt":{"rendered":"<p>Projekty pre s\u00fa\u0165a\u017e Odysseus pre t\u00edmy a s\u00fa\u0165a\u017eiacich zo \u0161t\u00e1tov Eur\u00f3pskej \u00fanie m\u00f4\u017eu by\u0165 spracovan\u00e9 v ktoromko\u013evek z 24 ofici\u00e1lnych jazykov Eur\u00f3pskej \u00fanie. V druhom kole s\u00fa\u0165a\u017ee sa \u0161t\u00e1ty Eur\u00f3pskej \u00fanie rozdelia na 10 regi\u00f3nov. Tieto regi\u00f3ny bud\u00fa zah\u0155\u0148a\u0165 aj susedn\u00e9 \u0161t\u00e1ty, ktor\u00e9 nie s\u00fa s\u00fa\u010das\u0165ou E\u00da. Tieto \u0161t\u00e1ty bud\u00fa organiz\u00e1tormi pridelen\u00e9 do jedn\u00e9ho z [&hellip;]<\/p>\n","protected":false},"author":5,"featured_media":0,"parent":5487,"menu_order":20,"comment_status":"closed","ping_status":"closed","template":"","meta":[],"acf":[],"yoast_head":"<!-- This site is optimized with the Yoast SEO plugin v19.14 - https:\/\/yoast.com\/wordpress\/plugins\/seo\/ -->\n<title>Jazyky a regi\u00f3ny - ODYSSEUS II<\/title>\n<meta name=\"robots\" content=\"index, follow, max-snippet:-1, max-image-preview:large, max-video-preview:-1\" \/>\n<link rel=\"canonical\" href=\"https:\/\/odysseus-contests.eu\/2016\/sk\/rules\/jazyky-a-regiony\/\" \/>\n<meta property=\"og:locale\" content=\"sk_SK\" \/>\n<meta property=\"og:type\" content=\"article\" \/>\n<meta property=\"og:title\" content=\"Jazyky a regi\u00f3ny - ODYSSEUS II\" \/>\n<meta property=\"og:description\" content=\"Projekty pre s\u00fa\u0165a\u017e Odysseus pre t\u00edmy a s\u00fa\u0165a\u017eiacich zo \u0161t\u00e1tov Eur\u00f3pskej \u00fanie m\u00f4\u017eu by\u0165 spracovan\u00e9 v ktoromko\u013evek z 24 ofici\u00e1lnych jazykov Eur\u00f3pskej \u00fanie. V druhom kole s\u00fa\u0165a\u017ee sa \u0161t\u00e1ty Eur\u00f3pskej \u00fanie rozdelia na 10 regi\u00f3nov. Tieto regi\u00f3ny bud\u00fa zah\u0155\u0148a\u0165 aj susedn\u00e9 \u0161t\u00e1ty, ktor\u00e9 nie s\u00fa s\u00fa\u010das\u0165ou E\u00da. Tieto \u0161t\u00e1ty bud\u00fa organiz\u00e1tormi pridelen\u00e9 do jedn\u00e9ho z [&hellip;]\" \/>\n<meta property=\"og:url\" content=\"https:\/\/odysseus-contests.eu\/2016\/sk\/rules\/jazyky-a-regiony\/\" \/>\n<meta property=\"og:site_name\" content=\"ODYSSEUS II\" \/>\n<meta name=\"twitter:card\" content=\"summary_large_image\" \/>\n<meta name=\"twitter:label1\" content=\"Predpokladan\u00fd \u010das \u010d\u00edtania\" \/>\n\t<meta name=\"twitter:data1\" content=\"1 min\u00fata\" \/>\n<script type=\"application\/ld+json\" class=\"yoast-schema-graph\">{\"@context\":\"https:\/\/schema.org\",\"@graph\":[{\"@type\":\"WebPage\",\"@id\":\"https:\/\/odysseus-contests.eu\/2016\/sk\/rules\/jazyky-a-regiony\/\",\"url\":\"https:\/\/odysseus-contests.eu\/2016\/sk\/rules\/jazyky-a-regiony\/\",\"name\":\"Jazyky a regi\u00f3ny - ODYSSEUS II\",\"isPartOf\":{\"@id\":\"https:\/\/odysseus-contests.eu\/2016\/de\/#website\"},\"datePublished\":\"2015-09-15T13:42:22+00:00\",\"dateModified\":\"2015-09-15T13:42:22+00:00\",\"breadcrumb\":{\"@id\":\"https:\/\/odysseus-contests.eu\/2016\/sk\/rules\/jazyky-a-regiony\/#breadcrumb\"},\"inLanguage\":\"sk-SK\",\"potentialAction\":[{\"@type\":\"ReadAction\",\"target\":[\"https:\/\/odysseus-contests.eu\/2016\/sk\/rules\/jazyky-a-regiony\/\"]}]},{\"@type\":\"BreadcrumbList\",\"@id\":\"https:\/\/odysseus-contests.eu\/2016\/sk\/rules\/jazyky-a-regiony\/#breadcrumb\",\"itemListElement\":[{\"@type\":\"ListItem\",\"position\":1,\"name\":\"Home\",\"item\":\"https:\/\/odysseus-contests.eu\/2016\/sk\/\"},{\"@type\":\"ListItem\",\"position\":2,\"name\":\"Pravidl\u00e1\",\"item\":\"https:\/\/odysseus-contests.eu\/2016\/sk\/rules\/\"},{\"@type\":\"ListItem\",\"position\":3,\"name\":\"Jazyky a regi\u00f3ny\"}]},{\"@type\":\"WebSite\",\"@id\":\"https:\/\/odysseus-contests.eu\/2016\/de\/#website\",\"url\":\"https:\/\/odysseus-contests.eu\/2016\/de\/\",\"name\":\"ODYSSEUS II\",\"description\":\"European Youth Space Contest \",\"potentialAction\":[{\"@type\":\"SearchAction\",\"target\":{\"@type\":\"EntryPoint\",\"urlTemplate\":\"https:\/\/odysseus-contests.eu\/2016\/de\/?s={search_term_string}\"},\"query-input\":\"required name=search_term_string\"}],\"inLanguage\":\"sk-SK\"}]}<\/script>\n<!-- \/ Yoast SEO plugin. -->","yoast_head_json":{"title":"Jazyky a regi\u00f3ny - ODYSSEUS II","robots":{"index":"index","follow":"follow","max-snippet":"max-snippet:-1","max-image-preview":"max-image-preview:large","max-video-preview":"max-video-preview:-1"},"canonical":"https:\/\/odysseus-contests.eu\/2016\/sk\/rules\/jazyky-a-regiony\/","og_locale":"sk_SK","og_type":"article","og_title":"Jazyky a regi\u00f3ny - ODYSSEUS II","og_description":"Projekty pre s\u00fa\u0165a\u017e Odysseus pre t\u00edmy a s\u00fa\u0165a\u017eiacich zo \u0161t\u00e1tov Eur\u00f3pskej \u00fanie m\u00f4\u017eu by\u0165 spracovan\u00e9 v ktoromko\u013evek z 24 ofici\u00e1lnych jazykov Eur\u00f3pskej \u00fanie. V druhom kole s\u00fa\u0165a\u017ee sa \u0161t\u00e1ty Eur\u00f3pskej \u00fanie rozdelia na 10 regi\u00f3nov. Tieto regi\u00f3ny bud\u00fa zah\u0155\u0148a\u0165 aj susedn\u00e9 \u0161t\u00e1ty, ktor\u00e9 nie s\u00fa s\u00fa\u010das\u0165ou E\u00da. Tieto \u0161t\u00e1ty bud\u00fa organiz\u00e1tormi pridelen\u00e9 do jedn\u00e9ho z [&hellip;]","og_url":"https:\/\/odysseus-contests.eu\/2016\/sk\/rules\/jazyky-a-regiony\/","og_site_name":"ODYSSEUS II","twitter_card":"summary_large_image","twitter_misc":{"Predpokladan\u00fd \u010das \u010d\u00edtania":"1 min\u00fata"},"schema":{"@context":"https:\/\/schema.org","@graph":[{"@type":"WebPage","@id":"https:\/\/odysseus-contests.eu\/2016\/sk\/rules\/jazyky-a-regiony\/","url":"https:\/\/odysseus-contests.eu\/2016\/sk\/rules\/jazyky-a-regiony\/","name":"Jazyky a regi\u00f3ny - ODYSSEUS II","isPartOf":{"@id":"https:\/\/odysseus-contests.eu\/2016\/de\/#website"},"datePublished":"2015-09-15T13:42:22+00:00","dateModified":"2015-09-15T13:42:22+00:00","breadcrumb":{"@id":"https:\/\/odysseus-contests.eu\/2016\/sk\/rules\/jazyky-a-regiony\/#breadcrumb"},"inLanguage":"sk-SK","potentialAction":[{"@type":"ReadAction","target":["https:\/\/odysseus-contests.eu\/2016\/sk\/rules\/jazyky-a-regiony\/"]}]},{"@type":"BreadcrumbList","@id":"https:\/\/odysseus-contests.eu\/2016\/sk\/rules\/jazyky-a-regiony\/#breadcrumb","itemListElement":[{"@type":"ListItem","position":1,"name":"Home","item":"https:\/\/odysseus-contests.eu\/2016\/sk\/"},{"@type":"ListItem","position":2,"name":"Pravidl\u00e1","item":"https:\/\/odysseus-contests.eu\/2016\/sk\/rules\/"},{"@type":"ListItem","position":3,"name":"Jazyky a regi\u00f3ny"}]},{"@type":"WebSite","@id":"https:\/\/odysseus-contests.eu\/2016\/de\/#website","url":"https:\/\/odysseus-contests.eu\/2016\/de\/","name":"ODYSSEUS II","description":"European Youth Space Contest ","potentialAction":[{"@type":"SearchAction","target":{"@type":"EntryPoint","urlTemplate":"https:\/\/odysseus-contests.eu\/2016\/de\/?s={search_term_string}"},"query-input":"required name=search_term_string"}],"inLanguage":"sk-SK"}]}},"_links":{"self":[{"href":"https:\/\/odysseus-contests.eu\/2016\/sk\/wp-json\/wp\/v2\/pages\/5514"}],"collection":[{"href":"https:\/\/odysseus-contests.eu\/2016\/sk\/wp-json\/wp\/v2\/pages"}],"about":[{"href":"https:\/\/odysseus-contests.eu\/2016\/sk\/wp-json\/wp\/v2\/types\/page"}],"author":[{"embeddable":true,"href":"https:\/\/odysseus-contests.eu\/2016\/sk\/wp-json\/wp\/v2\/users\/5"}],"replies":[{"embeddable":true,"href":"https:\/\/odysseus-contests.eu\/2016\/sk\/wp-json\/wp\/v2\/comments?post=5514"}],"version-history":[{"count":0,"href":"https:\/\/odysseus-contests.eu\/2016\/sk\/wp-json\/wp\/v2\/pages\/5514\/revisions"}],"up":[{"embeddable":true,"href":"https:\/\/odysseus-contests.eu\/2016\/sk\/wp-json\/wp\/v2\/pages\/5487"}],"wp:attachment":[{"href":"https:\/\/odysseus-contests.eu\/2016\/sk\/wp-json\/wp\/v2\/media?parent=5514"}],"curies":[{"name":"wp","href":"https:\/\/api.w.org\/{rel}","templated":true}]}}