{"id":5510,"date":"2015-09-15T16:39:56","date_gmt":"2015-09-15T13:39:56","guid":{"rendered":"http:\/\/odysseus-contests.eu\/2016\/?page_id=5510"},"modified":"2015-09-15T16:39:56","modified_gmt":"2015-09-15T13:39:56","slug":"timy","status":"publish","type":"page","link":"https:\/\/odysseus-contests.eu\/2016\/sk\/rules\/timy\/","title":{"rendered":"T\u00edmy"},"content":{"rendered":"<ul>\n<li>Skywalkers nahraj\u00fa obr\u00e1zok, ktor\u00fd vytvorili individu\u00e1lne.<\/li>\n<li>Pioneers pracuj\u00fa v 2 a\u017e 3 \u010dlenn\u00fdch t\u00edmoch, s\u00fa veden\u00ed jedn\u00fdm ved\u00facim (u\u010dite\u013eom). \u017diaci v t\u00edme m\u00f4\u017eu by\u0165 z r\u00f4znych \u0161k\u00f4l v r\u00e1mci jednej krajiny a m\u00f4\u017eu by\u0165 tie\u017e z rozdielnych tried, pokia\u013e s\u00fa st\u00e1le splnen\u00e9 vekov\u00e9 podmienky. Ka\u017ed\u00fd t\u00edm m\u00f4\u017ee ma\u0165 svojho mentora, ktor\u00fd im m\u00f4\u017ee radi\u0165 vo vedeck\u00fdch a technick\u00fdch probl\u00e9moch (vi\u010f Mentori ni\u017e\u0161ie).<\/li>\n<li>Explorers s\u00fa\u0165a\u017eia individu\u00e1lne, alebo v dvoj\u010dlenn\u00fdch t\u00edmoch a nemaj\u00fa ved\u00faceho, av\u0161ak m\u00f4\u017eu si necha\u0165 poradi\u0165 od mentora (vi\u010f Mentori ni\u017e\u0161ie).<\/li>\n<li>Pre viac inform\u00e1ci\u00ed o t\u00edmoch pros\u00edm nav\u0161t\u00edvte <em><a href=\"http:\/\/odysseus-contests.eu\/2016\/sk\/pioneers-7\/pravidla\/\" target=\"_blank\">Pravidl\u00e1 Pioneers<\/a> <\/em>a <em><a href=\"http:\/\/odysseus-contests.eu\/2016\/sk\/explorers-3\/pravidla\/\" target=\"_blank\">Pravidl\u00e1 Explorers <\/a><\/em>.<\/li>\n<\/ul>\n","protected":false},"excerpt":{"rendered":"<p>Skywalkers nahraj\u00fa obr\u00e1zok, ktor\u00fd vytvorili individu\u00e1lne. Pioneers pracuj\u00fa v 2 a\u017e 3 \u010dlenn\u00fdch t\u00edmoch, s\u00fa veden\u00ed jedn\u00fdm ved\u00facim (u\u010dite\u013eom). \u017diaci v t\u00edme m\u00f4\u017eu by\u0165 z r\u00f4znych \u0161k\u00f4l v r\u00e1mci jednej krajiny a m\u00f4\u017eu by\u0165 tie\u017e z rozdielnych tried, pokia\u013e s\u00fa st\u00e1le splnen\u00e9 vekov\u00e9 podmienky. Ka\u017ed\u00fd t\u00edm m\u00f4\u017ee ma\u0165 svojho mentora, ktor\u00fd im m\u00f4\u017ee radi\u0165 vo [&hellip;]<\/p>\n","protected":false},"author":5,"featured_media":0,"parent":5487,"menu_order":0,"comment_status":"closed","ping_status":"closed","template":"","meta":[],"acf":[],"yoast_head":"<!-- This site is optimized with the Yoast SEO plugin v19.14 - https:\/\/yoast.com\/wordpress\/plugins\/seo\/ -->\n<title>T\u00edmy - ODYSSEUS II<\/title>\n<meta name=\"robots\" content=\"index, follow, max-snippet:-1, max-image-preview:large, max-video-preview:-1\" \/>\n<link rel=\"canonical\" href=\"https:\/\/odysseus-contests.eu\/2016\/sk\/rules\/timy\/\" \/>\n<meta property=\"og:locale\" content=\"sk_SK\" \/>\n<meta property=\"og:type\" content=\"article\" \/>\n<meta property=\"og:title\" content=\"T\u00edmy - ODYSSEUS II\" \/>\n<meta property=\"og:description\" content=\"Skywalkers nahraj\u00fa obr\u00e1zok, ktor\u00fd vytvorili individu\u00e1lne. Pioneers pracuj\u00fa v 2 a\u017e 3 \u010dlenn\u00fdch t\u00edmoch, s\u00fa veden\u00ed jedn\u00fdm ved\u00facim (u\u010dite\u013eom). \u017diaci v t\u00edme m\u00f4\u017eu by\u0165 z r\u00f4znych \u0161k\u00f4l v r\u00e1mci jednej krajiny a m\u00f4\u017eu by\u0165 tie\u017e z rozdielnych tried, pokia\u013e s\u00fa st\u00e1le splnen\u00e9 vekov\u00e9 podmienky. Ka\u017ed\u00fd t\u00edm m\u00f4\u017ee ma\u0165 svojho mentora, ktor\u00fd im m\u00f4\u017ee radi\u0165 vo [&hellip;]\" \/>\n<meta property=\"og:url\" content=\"https:\/\/odysseus-contests.eu\/2016\/sk\/rules\/timy\/\" \/>\n<meta property=\"og:site_name\" content=\"ODYSSEUS II\" \/>\n<meta name=\"twitter:card\" content=\"summary_large_image\" \/>\n<meta name=\"twitter:label1\" content=\"Predpokladan\u00fd \u010das \u010d\u00edtania\" \/>\n\t<meta name=\"twitter:data1\" content=\"1 min\u00fata\" \/>\n<script type=\"application\/ld+json\" class=\"yoast-schema-graph\">{\"@context\":\"https:\/\/schema.org\",\"@graph\":[{\"@type\":\"WebPage\",\"@id\":\"https:\/\/odysseus-contests.eu\/2016\/sk\/rules\/timy\/\",\"url\":\"https:\/\/odysseus-contests.eu\/2016\/sk\/rules\/timy\/\",\"name\":\"T\u00edmy - ODYSSEUS II\",\"isPartOf\":{\"@id\":\"https:\/\/odysseus-contests.eu\/2016\/de\/#website\"},\"datePublished\":\"2015-09-15T13:39:56+00:00\",\"dateModified\":\"2015-09-15T13:39:56+00:00\",\"breadcrumb\":{\"@id\":\"https:\/\/odysseus-contests.eu\/2016\/sk\/rules\/timy\/#breadcrumb\"},\"inLanguage\":\"sk-SK\",\"potentialAction\":[{\"@type\":\"ReadAction\",\"target\":[\"https:\/\/odysseus-contests.eu\/2016\/sk\/rules\/timy\/\"]}]},{\"@type\":\"BreadcrumbList\",\"@id\":\"https:\/\/odysseus-contests.eu\/2016\/sk\/rules\/timy\/#breadcrumb\",\"itemListElement\":[{\"@type\":\"ListItem\",\"position\":1,\"name\":\"Home\",\"item\":\"https:\/\/odysseus-contests.eu\/2016\/sk\/\"},{\"@type\":\"ListItem\",\"position\":2,\"name\":\"Pravidl\u00e1\",\"item\":\"https:\/\/odysseus-contests.eu\/2016\/sk\/rules\/\"},{\"@type\":\"ListItem\",\"position\":3,\"name\":\"T\u00edmy\"}]},{\"@type\":\"WebSite\",\"@id\":\"https:\/\/odysseus-contests.eu\/2016\/de\/#website\",\"url\":\"https:\/\/odysseus-contests.eu\/2016\/de\/\",\"name\":\"ODYSSEUS II\",\"description\":\"European Youth Space Contest \",\"potentialAction\":[{\"@type\":\"SearchAction\",\"target\":{\"@type\":\"EntryPoint\",\"urlTemplate\":\"https:\/\/odysseus-contests.eu\/2016\/de\/?s={search_term_string}\"},\"query-input\":\"required name=search_term_string\"}],\"inLanguage\":\"sk-SK\"}]}<\/script>\n<!-- \/ Yoast SEO plugin. -->","yoast_head_json":{"title":"T\u00edmy - ODYSSEUS II","robots":{"index":"index","follow":"follow","max-snippet":"max-snippet:-1","max-image-preview":"max-image-preview:large","max-video-preview":"max-video-preview:-1"},"canonical":"https:\/\/odysseus-contests.eu\/2016\/sk\/rules\/timy\/","og_locale":"sk_SK","og_type":"article","og_title":"T\u00edmy - ODYSSEUS II","og_description":"Skywalkers nahraj\u00fa obr\u00e1zok, ktor\u00fd vytvorili individu\u00e1lne. Pioneers pracuj\u00fa v 2 a\u017e 3 \u010dlenn\u00fdch t\u00edmoch, s\u00fa veden\u00ed jedn\u00fdm ved\u00facim (u\u010dite\u013eom). \u017diaci v t\u00edme m\u00f4\u017eu by\u0165 z r\u00f4znych \u0161k\u00f4l v r\u00e1mci jednej krajiny a m\u00f4\u017eu by\u0165 tie\u017e z rozdielnych tried, pokia\u013e s\u00fa st\u00e1le splnen\u00e9 vekov\u00e9 podmienky. Ka\u017ed\u00fd t\u00edm m\u00f4\u017ee ma\u0165 svojho mentora, ktor\u00fd im m\u00f4\u017ee radi\u0165 vo [&hellip;]","og_url":"https:\/\/odysseus-contests.eu\/2016\/sk\/rules\/timy\/","og_site_name":"ODYSSEUS II","twitter_card":"summary_large_image","twitter_misc":{"Predpokladan\u00fd \u010das \u010d\u00edtania":"1 min\u00fata"},"schema":{"@context":"https:\/\/schema.org","@graph":[{"@type":"WebPage","@id":"https:\/\/odysseus-contests.eu\/2016\/sk\/rules\/timy\/","url":"https:\/\/odysseus-contests.eu\/2016\/sk\/rules\/timy\/","name":"T\u00edmy - ODYSSEUS II","isPartOf":{"@id":"https:\/\/odysseus-contests.eu\/2016\/de\/#website"},"datePublished":"2015-09-15T13:39:56+00:00","dateModified":"2015-09-15T13:39:56+00:00","breadcrumb":{"@id":"https:\/\/odysseus-contests.eu\/2016\/sk\/rules\/timy\/#breadcrumb"},"inLanguage":"sk-SK","potentialAction":[{"@type":"ReadAction","target":["https:\/\/odysseus-contests.eu\/2016\/sk\/rules\/timy\/"]}]},{"@type":"BreadcrumbList","@id":"https:\/\/odysseus-contests.eu\/2016\/sk\/rules\/timy\/#breadcrumb","itemListElement":[{"@type":"ListItem","position":1,"name":"Home","item":"https:\/\/odysseus-contests.eu\/2016\/sk\/"},{"@type":"ListItem","position":2,"name":"Pravidl\u00e1","item":"https:\/\/odysseus-contests.eu\/2016\/sk\/rules\/"},{"@type":"ListItem","position":3,"name":"T\u00edmy"}]},{"@type":"WebSite","@id":"https:\/\/odysseus-contests.eu\/2016\/de\/#website","url":"https:\/\/odysseus-contests.eu\/2016\/de\/","name":"ODYSSEUS II","description":"European Youth Space Contest ","potentialAction":[{"@type":"SearchAction","target":{"@type":"EntryPoint","urlTemplate":"https:\/\/odysseus-contests.eu\/2016\/de\/?s={search_term_string}"},"query-input":"required name=search_term_string"}],"inLanguage":"sk-SK"}]}},"_links":{"self":[{"href":"https:\/\/odysseus-contests.eu\/2016\/sk\/wp-json\/wp\/v2\/pages\/5510"}],"collection":[{"href":"https:\/\/odysseus-contests.eu\/2016\/sk\/wp-json\/wp\/v2\/pages"}],"about":[{"href":"https:\/\/odysseus-contests.eu\/2016\/sk\/wp-json\/wp\/v2\/types\/page"}],"author":[{"embeddable":true,"href":"https:\/\/odysseus-contests.eu\/2016\/sk\/wp-json\/wp\/v2\/users\/5"}],"replies":[{"embeddable":true,"href":"https:\/\/odysseus-contests.eu\/2016\/sk\/wp-json\/wp\/v2\/comments?post=5510"}],"version-history":[{"count":0,"href":"https:\/\/odysseus-contests.eu\/2016\/sk\/wp-json\/wp\/v2\/pages\/5510\/revisions"}],"up":[{"embeddable":true,"href":"https:\/\/odysseus-contests.eu\/2016\/sk\/wp-json\/wp\/v2\/pages\/5487"}],"wp:attachment":[{"href":"https:\/\/odysseus-contests.eu\/2016\/sk\/wp-json\/wp\/v2\/media?parent=5510"}],"curies":[{"name":"wp","href":"https:\/\/api.w.org\/{rel}","templated":true}]}}