{"id":5485,"date":"2015-09-15T16:29:07","date_gmt":"2015-09-15T13:29:07","guid":{"rendered":"http:\/\/odysseus-contests.eu\/2016\/?page_id=5485"},"modified":"2015-09-15T16:29:07","modified_gmt":"2015-09-15T13:29:07","slug":"registracia-hodnotitelov","status":"publish","type":"page","link":"https:\/\/odysseus-contests.eu\/2016\/sk\/resources\/registracia-hodnotitelov\/","title":{"rendered":"Registr\u00e1cia hodnotite\u013eov"},"content":{"rendered":"<p>Pokia\u013e by ste sa radi zaregistrovali ako hodnotite\u013e\/porotca, pros\u00edm kliknite na registra\u010dn\u00fd box a ria\u010fte sa in\u0161trukciami. Sme pote\u0161en\u00ed, \u017ee v\u00e1s m\u00f4\u017eeme priv\u00edta\u0165 v s\u00fa\u0165a\u017ei Odysseus.<\/p>\n","protected":false},"excerpt":{"rendered":"<p>Pokia\u013e by ste sa radi zaregistrovali ako hodnotite\u013e\/porotca, pros\u00edm kliknite na registra\u010dn\u00fd box a ria\u010fte sa in\u0161trukciami. Sme pote\u0161en\u00ed, \u017ee v\u00e1s m\u00f4\u017eeme priv\u00edta\u0165 v s\u00fa\u0165a\u017ei Odysseus.<\/p>\n","protected":false},"author":5,"featured_media":0,"parent":5435,"menu_order":50,"comment_status":"closed","ping_status":"closed","template":"","meta":[],"acf":[],"yoast_head":"<!-- This site is optimized with the Yoast SEO plugin v19.14 - https:\/\/yoast.com\/wordpress\/plugins\/seo\/ -->\n<title>Registr\u00e1cia hodnotite\u013eov - ODYSSEUS II<\/title>\n<meta name=\"robots\" content=\"index, follow, max-snippet:-1, max-image-preview:large, max-video-preview:-1\" \/>\n<link rel=\"canonical\" href=\"https:\/\/odysseus-contests.eu\/2016\/sk\/resources\/registracia-hodnotitelov\/\" \/>\n<meta property=\"og:locale\" content=\"sk_SK\" \/>\n<meta property=\"og:type\" content=\"article\" \/>\n<meta property=\"og:title\" content=\"Registr\u00e1cia hodnotite\u013eov - ODYSSEUS II\" \/>\n<meta property=\"og:description\" content=\"Pokia\u013e by ste sa radi zaregistrovali ako hodnotite\u013e\/porotca, pros\u00edm kliknite na registra\u010dn\u00fd box a ria\u010fte sa in\u0161trukciami. Sme pote\u0161en\u00ed, \u017ee v\u00e1s m\u00f4\u017eeme priv\u00edta\u0165 v s\u00fa\u0165a\u017ei Odysseus.\" \/>\n<meta property=\"og:url\" content=\"https:\/\/odysseus-contests.eu\/2016\/sk\/resources\/registracia-hodnotitelov\/\" \/>\n<meta property=\"og:site_name\" content=\"ODYSSEUS II\" \/>\n<meta name=\"twitter:card\" content=\"summary_large_image\" \/>\n<script type=\"application\/ld+json\" class=\"yoast-schema-graph\">{\"@context\":\"https:\/\/schema.org\",\"@graph\":[{\"@type\":\"WebPage\",\"@id\":\"https:\/\/odysseus-contests.eu\/2016\/sk\/resources\/registracia-hodnotitelov\/\",\"url\":\"https:\/\/odysseus-contests.eu\/2016\/sk\/resources\/registracia-hodnotitelov\/\",\"name\":\"Registr\u00e1cia hodnotite\u013eov - ODYSSEUS II\",\"isPartOf\":{\"@id\":\"https:\/\/odysseus-contests.eu\/2016\/de\/#website\"},\"datePublished\":\"2015-09-15T13:29:07+00:00\",\"dateModified\":\"2015-09-15T13:29:07+00:00\",\"breadcrumb\":{\"@id\":\"https:\/\/odysseus-contests.eu\/2016\/sk\/resources\/registracia-hodnotitelov\/#breadcrumb\"},\"inLanguage\":\"sk-SK\",\"potentialAction\":[{\"@type\":\"ReadAction\",\"target\":[\"https:\/\/odysseus-contests.eu\/2016\/sk\/resources\/registracia-hodnotitelov\/\"]}]},{\"@type\":\"BreadcrumbList\",\"@id\":\"https:\/\/odysseus-contests.eu\/2016\/sk\/resources\/registracia-hodnotitelov\/#breadcrumb\",\"itemListElement\":[{\"@type\":\"ListItem\",\"position\":1,\"name\":\"Home\",\"item\":\"https:\/\/odysseus-contests.eu\/2016\/sk\/\"},{\"@type\":\"ListItem\",\"position\":2,\"name\":\"Zdroje\",\"item\":\"https:\/\/odysseus-contests.eu\/2016\/sk\/resources\/\"},{\"@type\":\"ListItem\",\"position\":3,\"name\":\"Registr\u00e1cia hodnotite\u013eov\"}]},{\"@type\":\"WebSite\",\"@id\":\"https:\/\/odysseus-contests.eu\/2016\/de\/#website\",\"url\":\"https:\/\/odysseus-contests.eu\/2016\/de\/\",\"name\":\"ODYSSEUS II\",\"description\":\"European Youth Space Contest \",\"potentialAction\":[{\"@type\":\"SearchAction\",\"target\":{\"@type\":\"EntryPoint\",\"urlTemplate\":\"https:\/\/odysseus-contests.eu\/2016\/de\/?s={search_term_string}\"},\"query-input\":\"required name=search_term_string\"}],\"inLanguage\":\"sk-SK\"}]}<\/script>\n<!-- \/ Yoast SEO plugin. -->","yoast_head_json":{"title":"Registr\u00e1cia hodnotite\u013eov - ODYSSEUS II","robots":{"index":"index","follow":"follow","max-snippet":"max-snippet:-1","max-image-preview":"max-image-preview:large","max-video-preview":"max-video-preview:-1"},"canonical":"https:\/\/odysseus-contests.eu\/2016\/sk\/resources\/registracia-hodnotitelov\/","og_locale":"sk_SK","og_type":"article","og_title":"Registr\u00e1cia hodnotite\u013eov - ODYSSEUS II","og_description":"Pokia\u013e by ste sa radi zaregistrovali ako hodnotite\u013e\/porotca, pros\u00edm kliknite na registra\u010dn\u00fd box a ria\u010fte sa in\u0161trukciami. Sme pote\u0161en\u00ed, \u017ee v\u00e1s m\u00f4\u017eeme priv\u00edta\u0165 v s\u00fa\u0165a\u017ei Odysseus.","og_url":"https:\/\/odysseus-contests.eu\/2016\/sk\/resources\/registracia-hodnotitelov\/","og_site_name":"ODYSSEUS II","twitter_card":"summary_large_image","schema":{"@context":"https:\/\/schema.org","@graph":[{"@type":"WebPage","@id":"https:\/\/odysseus-contests.eu\/2016\/sk\/resources\/registracia-hodnotitelov\/","url":"https:\/\/odysseus-contests.eu\/2016\/sk\/resources\/registracia-hodnotitelov\/","name":"Registr\u00e1cia hodnotite\u013eov - ODYSSEUS II","isPartOf":{"@id":"https:\/\/odysseus-contests.eu\/2016\/de\/#website"},"datePublished":"2015-09-15T13:29:07+00:00","dateModified":"2015-09-15T13:29:07+00:00","breadcrumb":{"@id":"https:\/\/odysseus-contests.eu\/2016\/sk\/resources\/registracia-hodnotitelov\/#breadcrumb"},"inLanguage":"sk-SK","potentialAction":[{"@type":"ReadAction","target":["https:\/\/odysseus-contests.eu\/2016\/sk\/resources\/registracia-hodnotitelov\/"]}]},{"@type":"BreadcrumbList","@id":"https:\/\/odysseus-contests.eu\/2016\/sk\/resources\/registracia-hodnotitelov\/#breadcrumb","itemListElement":[{"@type":"ListItem","position":1,"name":"Home","item":"https:\/\/odysseus-contests.eu\/2016\/sk\/"},{"@type":"ListItem","position":2,"name":"Zdroje","item":"https:\/\/odysseus-contests.eu\/2016\/sk\/resources\/"},{"@type":"ListItem","position":3,"name":"Registr\u00e1cia hodnotite\u013eov"}]},{"@type":"WebSite","@id":"https:\/\/odysseus-contests.eu\/2016\/de\/#website","url":"https:\/\/odysseus-contests.eu\/2016\/de\/","name":"ODYSSEUS II","description":"European Youth Space Contest ","potentialAction":[{"@type":"SearchAction","target":{"@type":"EntryPoint","urlTemplate":"https:\/\/odysseus-contests.eu\/2016\/de\/?s={search_term_string}"},"query-input":"required name=search_term_string"}],"inLanguage":"sk-SK"}]}},"_links":{"self":[{"href":"https:\/\/odysseus-contests.eu\/2016\/sk\/wp-json\/wp\/v2\/pages\/5485"}],"collection":[{"href":"https:\/\/odysseus-contests.eu\/2016\/sk\/wp-json\/wp\/v2\/pages"}],"about":[{"href":"https:\/\/odysseus-contests.eu\/2016\/sk\/wp-json\/wp\/v2\/types\/page"}],"author":[{"embeddable":true,"href":"https:\/\/odysseus-contests.eu\/2016\/sk\/wp-json\/wp\/v2\/users\/5"}],"replies":[{"embeddable":true,"href":"https:\/\/odysseus-contests.eu\/2016\/sk\/wp-json\/wp\/v2\/comments?post=5485"}],"version-history":[{"count":0,"href":"https:\/\/odysseus-contests.eu\/2016\/sk\/wp-json\/wp\/v2\/pages\/5485\/revisions"}],"up":[{"embeddable":true,"href":"https:\/\/odysseus-contests.eu\/2016\/sk\/wp-json\/wp\/v2\/pages\/5435"}],"wp:attachment":[{"href":"https:\/\/odysseus-contests.eu\/2016\/sk\/wp-json\/wp\/v2\/media?parent=5485"}],"curies":[{"name":"wp","href":"https:\/\/api.w.org\/{rel}","templated":true}]}}