{"id":5481,"date":"2015-09-15T16:26:44","date_gmt":"2015-09-15T13:26:44","guid":{"rendered":"http:\/\/odysseus-contests.eu\/2016\/?page_id=5481"},"modified":"2015-09-15T16:26:44","modified_gmt":"2015-09-15T13:26:44","slug":"hodnotitelia","status":"publish","type":"page","link":"https:\/\/odysseus-contests.eu\/2016\/sk\/resources\/hodnotitelia\/","title":{"rendered":"Hodnotitelia"},"content":{"rendered":"<p>V\u0161etky pr\u00edpsevky bud\u00fa posudzovan\u00e9 n\u00e1rodn\u00fdm panelom porotcov, ktor\u00fd je zlo\u017een\u00fd z ve\u013emi sk\u00fasen\u00fdch hodnotite\u013eov. Ka\u017ed\u00fd n\u00e1rodn\u00fd panel porotcov sa sklad\u00e1 z u\u010dite\u013eov vedy, expertov na v\u00fdskum vesm\u00edru a z profesion\u00e1lnych odbron\u00edkov zo stredn\u00fdch \u0161k\u00f4l, vysok\u00fdch \u0161k\u00f4l a univerz\u00edt alebo z \u010fal\u0161\u00edch vzdel\u00e1vac\u00edch in\u0161tit\u00faci\u00ed a programov so zameran\u00edm na vedu.<\/p>\n<p>Porotci v region\u00e1lnom semifin\u00e1le bud\u00fa taktie\u017e dobrovo\u013en\u00edci so sk\u00fasenos\u0165ami vo v\u00fdskume vesm\u00edru, in\u017einierstve alebo vzdel\u00e1van\u00ed. Ich cestovn\u00e9 n\u00e1klady na \u00fa\u010das\u0165 v region\u00e1lnom semifin\u00e1le a celoeur\u00f3pskom fin\u00e1le bud\u00fa hraden\u00e9 z projektu Odysseus II.<\/p>\n<p>Medzin\u00e1rodn\u00e1 vedeck\u00e1 komisia sa bude sklada\u0165 z expertov na v\u00fdskum vesm\u00edru a z profesion\u00e1lov vo vzdel\u00e1van\u00ed so sk\u00fasenos\u0165ami s vedou. Ved\u00faci t\u00edmov registrovan\u00fdch v s\u00fa\u0165a\u017ei Odysseus nem\u00f4\u017eu by\u0165 s\u00fa\u010dastne porotci.<\/p>\n","protected":false},"excerpt":{"rendered":"<p>V\u0161etky pr\u00edpsevky bud\u00fa posudzovan\u00e9 n\u00e1rodn\u00fdm panelom porotcov, ktor\u00fd je zlo\u017een\u00fd z ve\u013emi sk\u00fasen\u00fdch hodnotite\u013eov. Ka\u017ed\u00fd n\u00e1rodn\u00fd panel porotcov sa sklad\u00e1 z u\u010dite\u013eov vedy, expertov na v\u00fdskum vesm\u00edru a z profesion\u00e1lnych odbron\u00edkov zo stredn\u00fdch \u0161k\u00f4l, vysok\u00fdch \u0161k\u00f4l a univerz\u00edt alebo z \u010fal\u0161\u00edch vzdel\u00e1vac\u00edch in\u0161tit\u00faci\u00ed a programov so zameran\u00edm na vedu. Porotci v region\u00e1lnom semifin\u00e1le bud\u00fa taktie\u017e [&hellip;]<\/p>\n","protected":false},"author":5,"featured_media":0,"parent":5435,"menu_order":0,"comment_status":"closed","ping_status":"closed","template":"template_evaluators.php","meta":[],"acf":[],"yoast_head":"<!-- This site is optimized with the Yoast SEO plugin v19.14 - https:\/\/yoast.com\/wordpress\/plugins\/seo\/ -->\n<title>Hodnotitelia - ODYSSEUS II<\/title>\n<meta name=\"robots\" content=\"index, follow, max-snippet:-1, max-image-preview:large, max-video-preview:-1\" \/>\n<link rel=\"canonical\" href=\"https:\/\/odysseus-contests.eu\/2016\/sk\/resources\/hodnotitelia\/\" \/>\n<meta property=\"og:locale\" content=\"sk_SK\" \/>\n<meta property=\"og:type\" content=\"article\" \/>\n<meta property=\"og:title\" content=\"Hodnotitelia - ODYSSEUS II\" \/>\n<meta property=\"og:description\" content=\"V\u0161etky pr\u00edpsevky bud\u00fa posudzovan\u00e9 n\u00e1rodn\u00fdm panelom porotcov, ktor\u00fd je zlo\u017een\u00fd z ve\u013emi sk\u00fasen\u00fdch hodnotite\u013eov. Ka\u017ed\u00fd n\u00e1rodn\u00fd panel porotcov sa sklad\u00e1 z u\u010dite\u013eov vedy, expertov na v\u00fdskum vesm\u00edru a z profesion\u00e1lnych odbron\u00edkov zo stredn\u00fdch \u0161k\u00f4l, vysok\u00fdch \u0161k\u00f4l a univerz\u00edt alebo z \u010fal\u0161\u00edch vzdel\u00e1vac\u00edch in\u0161tit\u00faci\u00ed a programov so zameran\u00edm na vedu. Porotci v region\u00e1lnom semifin\u00e1le bud\u00fa taktie\u017e [&hellip;]\" \/>\n<meta property=\"og:url\" content=\"https:\/\/odysseus-contests.eu\/2016\/sk\/resources\/hodnotitelia\/\" \/>\n<meta property=\"og:site_name\" content=\"ODYSSEUS II\" \/>\n<meta name=\"twitter:card\" content=\"summary_large_image\" \/>\n<meta name=\"twitter:label1\" content=\"Predpokladan\u00fd \u010das \u010d\u00edtania\" \/>\n\t<meta name=\"twitter:data1\" content=\"1 min\u00fata\" \/>\n<script type=\"application\/ld+json\" class=\"yoast-schema-graph\">{\"@context\":\"https:\/\/schema.org\",\"@graph\":[{\"@type\":\"WebPage\",\"@id\":\"https:\/\/odysseus-contests.eu\/2016\/sk\/resources\/hodnotitelia\/\",\"url\":\"https:\/\/odysseus-contests.eu\/2016\/sk\/resources\/hodnotitelia\/\",\"name\":\"Hodnotitelia - ODYSSEUS II\",\"isPartOf\":{\"@id\":\"https:\/\/odysseus-contests.eu\/2016\/de\/#website\"},\"datePublished\":\"2015-09-15T13:26:44+00:00\",\"dateModified\":\"2015-09-15T13:26:44+00:00\",\"breadcrumb\":{\"@id\":\"https:\/\/odysseus-contests.eu\/2016\/sk\/resources\/hodnotitelia\/#breadcrumb\"},\"inLanguage\":\"sk-SK\",\"potentialAction\":[{\"@type\":\"ReadAction\",\"target\":[\"https:\/\/odysseus-contests.eu\/2016\/sk\/resources\/hodnotitelia\/\"]}]},{\"@type\":\"BreadcrumbList\",\"@id\":\"https:\/\/odysseus-contests.eu\/2016\/sk\/resources\/hodnotitelia\/#breadcrumb\",\"itemListElement\":[{\"@type\":\"ListItem\",\"position\":1,\"name\":\"Home\",\"item\":\"https:\/\/odysseus-contests.eu\/2016\/sk\/\"},{\"@type\":\"ListItem\",\"position\":2,\"name\":\"Zdroje\",\"item\":\"https:\/\/odysseus-contests.eu\/2016\/sk\/resources\/\"},{\"@type\":\"ListItem\",\"position\":3,\"name\":\"Hodnotitelia\"}]},{\"@type\":\"WebSite\",\"@id\":\"https:\/\/odysseus-contests.eu\/2016\/de\/#website\",\"url\":\"https:\/\/odysseus-contests.eu\/2016\/de\/\",\"name\":\"ODYSSEUS II\",\"description\":\"European Youth Space Contest \",\"potentialAction\":[{\"@type\":\"SearchAction\",\"target\":{\"@type\":\"EntryPoint\",\"urlTemplate\":\"https:\/\/odysseus-contests.eu\/2016\/de\/?s={search_term_string}\"},\"query-input\":\"required name=search_term_string\"}],\"inLanguage\":\"sk-SK\"}]}<\/script>\n<!-- \/ Yoast SEO plugin. -->","yoast_head_json":{"title":"Hodnotitelia - ODYSSEUS II","robots":{"index":"index","follow":"follow","max-snippet":"max-snippet:-1","max-image-preview":"max-image-preview:large","max-video-preview":"max-video-preview:-1"},"canonical":"https:\/\/odysseus-contests.eu\/2016\/sk\/resources\/hodnotitelia\/","og_locale":"sk_SK","og_type":"article","og_title":"Hodnotitelia - ODYSSEUS II","og_description":"V\u0161etky pr\u00edpsevky bud\u00fa posudzovan\u00e9 n\u00e1rodn\u00fdm panelom porotcov, ktor\u00fd je zlo\u017een\u00fd z ve\u013emi sk\u00fasen\u00fdch hodnotite\u013eov. Ka\u017ed\u00fd n\u00e1rodn\u00fd panel porotcov sa sklad\u00e1 z u\u010dite\u013eov vedy, expertov na v\u00fdskum vesm\u00edru a z profesion\u00e1lnych odbron\u00edkov zo stredn\u00fdch \u0161k\u00f4l, vysok\u00fdch \u0161k\u00f4l a univerz\u00edt alebo z \u010fal\u0161\u00edch vzdel\u00e1vac\u00edch in\u0161tit\u00faci\u00ed a programov so zameran\u00edm na vedu. Porotci v region\u00e1lnom semifin\u00e1le bud\u00fa taktie\u017e [&hellip;]","og_url":"https:\/\/odysseus-contests.eu\/2016\/sk\/resources\/hodnotitelia\/","og_site_name":"ODYSSEUS II","twitter_card":"summary_large_image","twitter_misc":{"Predpokladan\u00fd \u010das \u010d\u00edtania":"1 min\u00fata"},"schema":{"@context":"https:\/\/schema.org","@graph":[{"@type":"WebPage","@id":"https:\/\/odysseus-contests.eu\/2016\/sk\/resources\/hodnotitelia\/","url":"https:\/\/odysseus-contests.eu\/2016\/sk\/resources\/hodnotitelia\/","name":"Hodnotitelia - ODYSSEUS II","isPartOf":{"@id":"https:\/\/odysseus-contests.eu\/2016\/de\/#website"},"datePublished":"2015-09-15T13:26:44+00:00","dateModified":"2015-09-15T13:26:44+00:00","breadcrumb":{"@id":"https:\/\/odysseus-contests.eu\/2016\/sk\/resources\/hodnotitelia\/#breadcrumb"},"inLanguage":"sk-SK","potentialAction":[{"@type":"ReadAction","target":["https:\/\/odysseus-contests.eu\/2016\/sk\/resources\/hodnotitelia\/"]}]},{"@type":"BreadcrumbList","@id":"https:\/\/odysseus-contests.eu\/2016\/sk\/resources\/hodnotitelia\/#breadcrumb","itemListElement":[{"@type":"ListItem","position":1,"name":"Home","item":"https:\/\/odysseus-contests.eu\/2016\/sk\/"},{"@type":"ListItem","position":2,"name":"Zdroje","item":"https:\/\/odysseus-contests.eu\/2016\/sk\/resources\/"},{"@type":"ListItem","position":3,"name":"Hodnotitelia"}]},{"@type":"WebSite","@id":"https:\/\/odysseus-contests.eu\/2016\/de\/#website","url":"https:\/\/odysseus-contests.eu\/2016\/de\/","name":"ODYSSEUS II","description":"European Youth Space Contest ","potentialAction":[{"@type":"SearchAction","target":{"@type":"EntryPoint","urlTemplate":"https:\/\/odysseus-contests.eu\/2016\/de\/?s={search_term_string}"},"query-input":"required name=search_term_string"}],"inLanguage":"sk-SK"}]}},"_links":{"self":[{"href":"https:\/\/odysseus-contests.eu\/2016\/sk\/wp-json\/wp\/v2\/pages\/5481"}],"collection":[{"href":"https:\/\/odysseus-contests.eu\/2016\/sk\/wp-json\/wp\/v2\/pages"}],"about":[{"href":"https:\/\/odysseus-contests.eu\/2016\/sk\/wp-json\/wp\/v2\/types\/page"}],"author":[{"embeddable":true,"href":"https:\/\/odysseus-contests.eu\/2016\/sk\/wp-json\/wp\/v2\/users\/5"}],"replies":[{"embeddable":true,"href":"https:\/\/odysseus-contests.eu\/2016\/sk\/wp-json\/wp\/v2\/comments?post=5481"}],"version-history":[{"count":0,"href":"https:\/\/odysseus-contests.eu\/2016\/sk\/wp-json\/wp\/v2\/pages\/5481\/revisions"}],"up":[{"embeddable":true,"href":"https:\/\/odysseus-contests.eu\/2016\/sk\/wp-json\/wp\/v2\/pages\/5435"}],"wp:attachment":[{"href":"https:\/\/odysseus-contests.eu\/2016\/sk\/wp-json\/wp\/v2\/media?parent=5481"}],"curies":[{"name":"wp","href":"https:\/\/api.w.org\/{rel}","templated":true}]}}