{"id":5477,"date":"2015-09-15T16:24:39","date_gmt":"2015-09-15T13:24:39","guid":{"rendered":"http:\/\/odysseus-contests.eu\/2016\/?page_id=5477"},"modified":"2015-09-15T16:24:39","modified_gmt":"2015-09-15T13:24:39","slug":"kategoria-skywalkers","status":"publish","type":"page","link":"https:\/\/odysseus-contests.eu\/2016\/sk\/ceny\/kategoria-skywalkers\/","title":{"rendered":"Kateg\u00f3ria Skywalkers"},"content":{"rendered":"<h4>Hlavn\u00e9 ceny:<\/h4>\n<ul>\n<li>iPad Air 2, e-knihy a aplik\u00e1cie s vesm\u00edrnou t\u00e9matikou.<\/li>\n<li>Diplom \u201cEuropean Youth Space Ambassador\u201d<\/li>\n<\/ul>\n<h4>N\u00e1rodn\u00ed v\u00ed\u0165azi:<\/h4>\n<ul>\n<li>Model rakety<\/li>\n<li>Medaila pre v\u00ed\u0165aza<\/li>\n<\/ul>\n<p>V\u0161etci v\u00ed\u0165azi obdr\u017eia certifik\u00e1t o \u00fa\u010dasti v s\u00fa\u0165a\u017ei Odysseus.<\/p>\n","protected":false},"excerpt":{"rendered":"<p>Hlavn\u00e9 ceny: iPad Air 2, e-knihy a aplik\u00e1cie s vesm\u00edrnou t\u00e9matikou. Diplom \u201cEuropean Youth Space Ambassador\u201d N\u00e1rodn\u00ed v\u00ed\u0165azi: Model rakety Medaila pre v\u00ed\u0165aza V\u0161etci v\u00ed\u0165azi obdr\u017eia certifik\u00e1t o \u00fa\u010dasti v s\u00fa\u0165a\u017ei Odysseus.<\/p>\n","protected":false},"author":5,"featured_media":4858,"parent":5457,"menu_order":0,"comment_status":"closed","ping_status":"closed","template":"","meta":[],"acf":[],"yoast_head":"<!-- This site is optimized with the Yoast SEO plugin v19.14 - https:\/\/yoast.com\/wordpress\/plugins\/seo\/ -->\n<title>Kateg\u00f3ria Skywalkers - ODYSSEUS II<\/title>\n<meta name=\"robots\" content=\"index, follow, max-snippet:-1, max-image-preview:large, max-video-preview:-1\" \/>\n<link rel=\"canonical\" href=\"https:\/\/odysseus-contests.eu\/2016\/sk\/ceny\/kategoria-skywalkers\/\" \/>\n<meta property=\"og:locale\" content=\"sk_SK\" \/>\n<meta property=\"og:type\" content=\"article\" \/>\n<meta property=\"og:title\" content=\"Kateg\u00f3ria Skywalkers - ODYSSEUS II\" \/>\n<meta property=\"og:description\" content=\"Hlavn\u00e9 ceny: iPad Air 2, e-knihy a aplik\u00e1cie s vesm\u00edrnou t\u00e9matikou. Diplom \u201cEuropean Youth Space Ambassador\u201d N\u00e1rodn\u00ed v\u00ed\u0165azi: Model rakety Medaila pre v\u00ed\u0165aza V\u0161etci v\u00ed\u0165azi obdr\u017eia certifik\u00e1t o \u00fa\u010dasti v s\u00fa\u0165a\u017ei Odysseus.\" \/>\n<meta property=\"og:url\" content=\"https:\/\/odysseus-contests.eu\/2016\/sk\/ceny\/kategoria-skywalkers\/\" \/>\n<meta property=\"og:site_name\" content=\"ODYSSEUS II\" \/>\n<meta property=\"og:image\" content=\"https:\/\/odysseus-contests.eu\/2016\/wp-content\/uploads\/2015\/05\/about-prizes-skywalkers-main.jpg\" \/>\n\t<meta property=\"og:image:width\" content=\"1920\" \/>\n\t<meta property=\"og:image:height\" content=\"666\" \/>\n\t<meta property=\"og:image:type\" content=\"image\/jpeg\" \/>\n<meta name=\"twitter:card\" content=\"summary_large_image\" \/>\n<script type=\"application\/ld+json\" class=\"yoast-schema-graph\">{\"@context\":\"https:\/\/schema.org\",\"@graph\":[{\"@type\":\"WebPage\",\"@id\":\"https:\/\/odysseus-contests.eu\/2016\/sk\/ceny\/kategoria-skywalkers\/\",\"url\":\"https:\/\/odysseus-contests.eu\/2016\/sk\/ceny\/kategoria-skywalkers\/\",\"name\":\"Kateg\u00f3ria Skywalkers - ODYSSEUS II\",\"isPartOf\":{\"@id\":\"https:\/\/odysseus-contests.eu\/2016\/de\/#website\"},\"datePublished\":\"2015-09-15T13:24:39+00:00\",\"dateModified\":\"2015-09-15T13:24:39+00:00\",\"breadcrumb\":{\"@id\":\"https:\/\/odysseus-contests.eu\/2016\/sk\/ceny\/kategoria-skywalkers\/#breadcrumb\"},\"inLanguage\":\"sk-SK\",\"potentialAction\":[{\"@type\":\"ReadAction\",\"target\":[\"https:\/\/odysseus-contests.eu\/2016\/sk\/ceny\/kategoria-skywalkers\/\"]}]},{\"@type\":\"BreadcrumbList\",\"@id\":\"https:\/\/odysseus-contests.eu\/2016\/sk\/ceny\/kategoria-skywalkers\/#breadcrumb\",\"itemListElement\":[{\"@type\":\"ListItem\",\"position\":1,\"name\":\"Home\",\"item\":\"https:\/\/odysseus-contests.eu\/2016\/sk\/\"},{\"@type\":\"ListItem\",\"position\":2,\"name\":\"Ceny\",\"item\":\"https:\/\/odysseus-contests.eu\/2016\/sk\/ceny\/\"},{\"@type\":\"ListItem\",\"position\":3,\"name\":\"Kateg\u00f3ria Skywalkers\"}]},{\"@type\":\"WebSite\",\"@id\":\"https:\/\/odysseus-contests.eu\/2016\/de\/#website\",\"url\":\"https:\/\/odysseus-contests.eu\/2016\/de\/\",\"name\":\"ODYSSEUS II\",\"description\":\"European Youth Space Contest \",\"potentialAction\":[{\"@type\":\"SearchAction\",\"target\":{\"@type\":\"EntryPoint\",\"urlTemplate\":\"https:\/\/odysseus-contests.eu\/2016\/de\/?s={search_term_string}\"},\"query-input\":\"required name=search_term_string\"}],\"inLanguage\":\"sk-SK\"}]}<\/script>\n<!-- \/ Yoast SEO plugin. -->","yoast_head_json":{"title":"Kateg\u00f3ria Skywalkers - ODYSSEUS II","robots":{"index":"index","follow":"follow","max-snippet":"max-snippet:-1","max-image-preview":"max-image-preview:large","max-video-preview":"max-video-preview:-1"},"canonical":"https:\/\/odysseus-contests.eu\/2016\/sk\/ceny\/kategoria-skywalkers\/","og_locale":"sk_SK","og_type":"article","og_title":"Kateg\u00f3ria Skywalkers - ODYSSEUS II","og_description":"Hlavn\u00e9 ceny: iPad Air 2, e-knihy a aplik\u00e1cie s vesm\u00edrnou t\u00e9matikou. Diplom \u201cEuropean Youth Space Ambassador\u201d N\u00e1rodn\u00ed v\u00ed\u0165azi: Model rakety Medaila pre v\u00ed\u0165aza V\u0161etci v\u00ed\u0165azi obdr\u017eia certifik\u00e1t o \u00fa\u010dasti v s\u00fa\u0165a\u017ei Odysseus.","og_url":"https:\/\/odysseus-contests.eu\/2016\/sk\/ceny\/kategoria-skywalkers\/","og_site_name":"ODYSSEUS II","og_image":[{"width":1920,"height":666,"url":"https:\/\/odysseus-contests.eu\/2016\/wp-content\/uploads\/2015\/05\/about-prizes-skywalkers-main.jpg","type":"image\/jpeg"}],"twitter_card":"summary_large_image","schema":{"@context":"https:\/\/schema.org","@graph":[{"@type":"WebPage","@id":"https:\/\/odysseus-contests.eu\/2016\/sk\/ceny\/kategoria-skywalkers\/","url":"https:\/\/odysseus-contests.eu\/2016\/sk\/ceny\/kategoria-skywalkers\/","name":"Kateg\u00f3ria Skywalkers - ODYSSEUS II","isPartOf":{"@id":"https:\/\/odysseus-contests.eu\/2016\/de\/#website"},"datePublished":"2015-09-15T13:24:39+00:00","dateModified":"2015-09-15T13:24:39+00:00","breadcrumb":{"@id":"https:\/\/odysseus-contests.eu\/2016\/sk\/ceny\/kategoria-skywalkers\/#breadcrumb"},"inLanguage":"sk-SK","potentialAction":[{"@type":"ReadAction","target":["https:\/\/odysseus-contests.eu\/2016\/sk\/ceny\/kategoria-skywalkers\/"]}]},{"@type":"BreadcrumbList","@id":"https:\/\/odysseus-contests.eu\/2016\/sk\/ceny\/kategoria-skywalkers\/#breadcrumb","itemListElement":[{"@type":"ListItem","position":1,"name":"Home","item":"https:\/\/odysseus-contests.eu\/2016\/sk\/"},{"@type":"ListItem","position":2,"name":"Ceny","item":"https:\/\/odysseus-contests.eu\/2016\/sk\/ceny\/"},{"@type":"ListItem","position":3,"name":"Kateg\u00f3ria Skywalkers"}]},{"@type":"WebSite","@id":"https:\/\/odysseus-contests.eu\/2016\/de\/#website","url":"https:\/\/odysseus-contests.eu\/2016\/de\/","name":"ODYSSEUS II","description":"European Youth Space Contest ","potentialAction":[{"@type":"SearchAction","target":{"@type":"EntryPoint","urlTemplate":"https:\/\/odysseus-contests.eu\/2016\/de\/?s={search_term_string}"},"query-input":"required name=search_term_string"}],"inLanguage":"sk-SK"}]}},"_links":{"self":[{"href":"https:\/\/odysseus-contests.eu\/2016\/sk\/wp-json\/wp\/v2\/pages\/5477"}],"collection":[{"href":"https:\/\/odysseus-contests.eu\/2016\/sk\/wp-json\/wp\/v2\/pages"}],"about":[{"href":"https:\/\/odysseus-contests.eu\/2016\/sk\/wp-json\/wp\/v2\/types\/page"}],"author":[{"embeddable":true,"href":"https:\/\/odysseus-contests.eu\/2016\/sk\/wp-json\/wp\/v2\/users\/5"}],"replies":[{"embeddable":true,"href":"https:\/\/odysseus-contests.eu\/2016\/sk\/wp-json\/wp\/v2\/comments?post=5477"}],"version-history":[{"count":0,"href":"https:\/\/odysseus-contests.eu\/2016\/sk\/wp-json\/wp\/v2\/pages\/5477\/revisions"}],"up":[{"embeddable":true,"href":"https:\/\/odysseus-contests.eu\/2016\/sk\/wp-json\/wp\/v2\/pages\/5457"}],"wp:featuredmedia":[{"embeddable":true,"href":"https:\/\/odysseus-contests.eu\/2016\/sk\/wp-json\/wp\/v2\/media\/4858"}],"wp:attachment":[{"href":"https:\/\/odysseus-contests.eu\/2016\/sk\/wp-json\/wp\/v2\/media?parent=5477"}],"curies":[{"name":"wp","href":"https:\/\/api.w.org\/{rel}","templated":true}]}}