{"id":5459,"date":"2015-09-15T16:22:33","date_gmt":"2015-09-15T13:22:33","guid":{"rendered":"http:\/\/odysseus-contests.eu\/2016\/?page_id=5459"},"modified":"2015-09-15T16:22:33","modified_gmt":"2015-09-15T13:22:33","slug":"kategoria-explorers","status":"publish","type":"page","link":"https:\/\/odysseus-contests.eu\/2016\/sk\/ceny\/kategoria-explorers\/","title":{"rendered":"Kateg\u00f3ria Explorers"},"content":{"rendered":"<h4>Hlavn\u00e9 ceny:<\/h4>\n<ul>\n<li>V\u00fdlet do Guyansk\u00e9ho kozmick\u00e9ho centra (letenky, ubytovanie, jedlo, poistenie, \u00fa\u010das\u0165 na aki\u00e1ch, n\u00e1v\u0161tevy a komentovan\u00e9 prehliadky v kozmickom centre a dal\u0161ie atrakcie).<\/li>\n<li>Diplom \u201cEuropean Youth Space Ambassador\u201d<\/li>\n<\/ul>\n<h4>Dal\u0161ie ceny:<\/h4>\n<ul>\n<li>P\u00e4t (5) st\u00e1\u017e\u00ed v ESA alebo v eur\u00f3pskom letecko-kozmickom priemysle. St\u00e1\u017e m\u00f4\u017ee trva\u0165 od troch do \u0161iestich mesiacov a \u0161tudentom bud\u00fa pokryt\u00e9 cestovn\u00e9 n\u00e1klady, zdravotn\u00e9 poistenie a mesa\u010dn\u00e9 n\u00e1klady na \u017eivobytie.<\/li>\n<\/ul>\n<h4>Ceny pre finalistov:<\/h4>\n<ul>\n<li>Vysoko kvalitn\u00fd astronomick\u00fd alekoh\u013ead (Celestron Nextstar alebo podobn\u00fd typ) pre pre desa\u0165 v\u00ed\u0165azov jednotliv\u00fdch region\u00e1lnych semifin\u00e1le.<\/li>\n<li>V\u00fdlet do oblasti, kde sa bude kona\u0165 celoeur\u00f3pske fin\u00e1le (cestovn\u00e9 n\u00e1klady, ubytovanie, jedlo, poistenie a \u00fa\u010das\u0165 na akci\u00e1ch).<\/li>\n<\/ul>\n<h4>N\u00e1rodn\u00ed v\u00ed\u0165azi:<\/h4>\n<ul>\n<li>V\u00fdlet do oblasti, kde sa bude konat region\u00e1lne semifin\u00e1le(cestovn\u00e9 n\u00e1klady, ubytovanie, jedlo, poistenie a \u00fa\u010das\u0165 na akci\u00e1ch).<\/li>\n<li>Propaga\u010dn\u00e9 predmety s\u00fa\u0165a\u017ee Odysseus<\/li>\n<li>Medaily pre v\u00ed\u0165azov<\/li>\n<\/ul>\n<p>V\u0161etci v\u00ed\u0165azi obdr\u017eia certifik\u00e1t o \u00fa\u010dasti v s\u00fa\u0165a\u017ei Odysseus.<\/p>\n<p><a href=\"#_ftnref1\" name=\"_ftn1\"><\/a><\/p>\n<p>&nbsp;<\/p>\n","protected":false},"excerpt":{"rendered":"<p>Hlavn\u00e9 ceny: V\u00fdlet do Guyansk\u00e9ho kozmick\u00e9ho centra (letenky, ubytovanie, jedlo, poistenie, \u00fa\u010das\u0165 na aki\u00e1ch, n\u00e1v\u0161tevy a komentovan\u00e9 prehliadky v kozmickom centre a dal\u0161ie atrakcie). Diplom \u201cEuropean Youth Space Ambassador\u201d Dal\u0161ie ceny: P\u00e4t (5) st\u00e1\u017e\u00ed v ESA alebo v eur\u00f3pskom letecko-kozmickom priemysle. St\u00e1\u017e m\u00f4\u017ee trva\u0165 od troch do \u0161iestich mesiacov a \u0161tudentom bud\u00fa pokryt\u00e9 cestovn\u00e9 n\u00e1klady, [&hellip;]<\/p>\n","protected":false},"author":5,"featured_media":4853,"parent":5457,"menu_order":0,"comment_status":"closed","ping_status":"closed","template":"","meta":[],"acf":[],"yoast_head":"<!-- This site is optimized with the Yoast SEO plugin v19.14 - https:\/\/yoast.com\/wordpress\/plugins\/seo\/ -->\n<title>Kateg\u00f3ria Explorers - ODYSSEUS II<\/title>\n<meta name=\"robots\" content=\"index, follow, max-snippet:-1, max-image-preview:large, max-video-preview:-1\" \/>\n<link rel=\"canonical\" href=\"https:\/\/odysseus-contests.eu\/2016\/sk\/ceny\/kategoria-explorers\/\" \/>\n<meta property=\"og:locale\" content=\"sk_SK\" \/>\n<meta property=\"og:type\" content=\"article\" \/>\n<meta property=\"og:title\" content=\"Kateg\u00f3ria Explorers - ODYSSEUS II\" \/>\n<meta property=\"og:description\" content=\"Hlavn\u00e9 ceny: V\u00fdlet do Guyansk\u00e9ho kozmick\u00e9ho centra (letenky, ubytovanie, jedlo, poistenie, \u00fa\u010das\u0165 na aki\u00e1ch, n\u00e1v\u0161tevy a komentovan\u00e9 prehliadky v kozmickom centre a dal\u0161ie atrakcie). Diplom \u201cEuropean Youth Space Ambassador\u201d Dal\u0161ie ceny: P\u00e4t (5) st\u00e1\u017e\u00ed v ESA alebo v eur\u00f3pskom letecko-kozmickom priemysle. St\u00e1\u017e m\u00f4\u017ee trva\u0165 od troch do \u0161iestich mesiacov a \u0161tudentom bud\u00fa pokryt\u00e9 cestovn\u00e9 n\u00e1klady, [&hellip;]\" \/>\n<meta property=\"og:url\" content=\"https:\/\/odysseus-contests.eu\/2016\/sk\/ceny\/kategoria-explorers\/\" \/>\n<meta property=\"og:site_name\" content=\"ODYSSEUS II\" \/>\n<meta property=\"og:image\" content=\"https:\/\/odysseus-contests.eu\/2016\/wp-content\/uploads\/2015\/05\/about-prizes-pioneers-main.jpg\" \/>\n\t<meta property=\"og:image:width\" content=\"1920\" \/>\n\t<meta property=\"og:image:height\" content=\"666\" \/>\n\t<meta property=\"og:image:type\" content=\"image\/jpeg\" \/>\n<meta name=\"twitter:card\" content=\"summary_large_image\" \/>\n<meta name=\"twitter:label1\" content=\"Predpokladan\u00fd \u010das \u010d\u00edtania\" \/>\n\t<meta name=\"twitter:data1\" content=\"1 min\u00fata\" \/>\n<script type=\"application\/ld+json\" class=\"yoast-schema-graph\">{\"@context\":\"https:\/\/schema.org\",\"@graph\":[{\"@type\":\"WebPage\",\"@id\":\"https:\/\/odysseus-contests.eu\/2016\/sk\/ceny\/kategoria-explorers\/\",\"url\":\"https:\/\/odysseus-contests.eu\/2016\/sk\/ceny\/kategoria-explorers\/\",\"name\":\"Kateg\u00f3ria Explorers - ODYSSEUS II\",\"isPartOf\":{\"@id\":\"https:\/\/odysseus-contests.eu\/2016\/de\/#website\"},\"datePublished\":\"2015-09-15T13:22:33+00:00\",\"dateModified\":\"2015-09-15T13:22:33+00:00\",\"breadcrumb\":{\"@id\":\"https:\/\/odysseus-contests.eu\/2016\/sk\/ceny\/kategoria-explorers\/#breadcrumb\"},\"inLanguage\":\"sk-SK\",\"potentialAction\":[{\"@type\":\"ReadAction\",\"target\":[\"https:\/\/odysseus-contests.eu\/2016\/sk\/ceny\/kategoria-explorers\/\"]}]},{\"@type\":\"BreadcrumbList\",\"@id\":\"https:\/\/odysseus-contests.eu\/2016\/sk\/ceny\/kategoria-explorers\/#breadcrumb\",\"itemListElement\":[{\"@type\":\"ListItem\",\"position\":1,\"name\":\"Home\",\"item\":\"https:\/\/odysseus-contests.eu\/2016\/sk\/\"},{\"@type\":\"ListItem\",\"position\":2,\"name\":\"Ceny\",\"item\":\"https:\/\/odysseus-contests.eu\/2016\/sk\/ceny\/\"},{\"@type\":\"ListItem\",\"position\":3,\"name\":\"Kateg\u00f3ria Explorers\"}]},{\"@type\":\"WebSite\",\"@id\":\"https:\/\/odysseus-contests.eu\/2016\/de\/#website\",\"url\":\"https:\/\/odysseus-contests.eu\/2016\/de\/\",\"name\":\"ODYSSEUS II\",\"description\":\"European Youth Space Contest \",\"potentialAction\":[{\"@type\":\"SearchAction\",\"target\":{\"@type\":\"EntryPoint\",\"urlTemplate\":\"https:\/\/odysseus-contests.eu\/2016\/de\/?s={search_term_string}\"},\"query-input\":\"required name=search_term_string\"}],\"inLanguage\":\"sk-SK\"}]}<\/script>\n<!-- \/ Yoast SEO plugin. -->","yoast_head_json":{"title":"Kateg\u00f3ria Explorers - ODYSSEUS II","robots":{"index":"index","follow":"follow","max-snippet":"max-snippet:-1","max-image-preview":"max-image-preview:large","max-video-preview":"max-video-preview:-1"},"canonical":"https:\/\/odysseus-contests.eu\/2016\/sk\/ceny\/kategoria-explorers\/","og_locale":"sk_SK","og_type":"article","og_title":"Kateg\u00f3ria Explorers - ODYSSEUS II","og_description":"Hlavn\u00e9 ceny: V\u00fdlet do Guyansk\u00e9ho kozmick\u00e9ho centra (letenky, ubytovanie, jedlo, poistenie, \u00fa\u010das\u0165 na aki\u00e1ch, n\u00e1v\u0161tevy a komentovan\u00e9 prehliadky v kozmickom centre a dal\u0161ie atrakcie). Diplom \u201cEuropean Youth Space Ambassador\u201d Dal\u0161ie ceny: P\u00e4t (5) st\u00e1\u017e\u00ed v ESA alebo v eur\u00f3pskom letecko-kozmickom priemysle. St\u00e1\u017e m\u00f4\u017ee trva\u0165 od troch do \u0161iestich mesiacov a \u0161tudentom bud\u00fa pokryt\u00e9 cestovn\u00e9 n\u00e1klady, [&hellip;]","og_url":"https:\/\/odysseus-contests.eu\/2016\/sk\/ceny\/kategoria-explorers\/","og_site_name":"ODYSSEUS II","og_image":[{"width":1920,"height":666,"url":"https:\/\/odysseus-contests.eu\/2016\/wp-content\/uploads\/2015\/05\/about-prizes-pioneers-main.jpg","type":"image\/jpeg"}],"twitter_card":"summary_large_image","twitter_misc":{"Predpokladan\u00fd \u010das \u010d\u00edtania":"1 min\u00fata"},"schema":{"@context":"https:\/\/schema.org","@graph":[{"@type":"WebPage","@id":"https:\/\/odysseus-contests.eu\/2016\/sk\/ceny\/kategoria-explorers\/","url":"https:\/\/odysseus-contests.eu\/2016\/sk\/ceny\/kategoria-explorers\/","name":"Kateg\u00f3ria Explorers - ODYSSEUS II","isPartOf":{"@id":"https:\/\/odysseus-contests.eu\/2016\/de\/#website"},"datePublished":"2015-09-15T13:22:33+00:00","dateModified":"2015-09-15T13:22:33+00:00","breadcrumb":{"@id":"https:\/\/odysseus-contests.eu\/2016\/sk\/ceny\/kategoria-explorers\/#breadcrumb"},"inLanguage":"sk-SK","potentialAction":[{"@type":"ReadAction","target":["https:\/\/odysseus-contests.eu\/2016\/sk\/ceny\/kategoria-explorers\/"]}]},{"@type":"BreadcrumbList","@id":"https:\/\/odysseus-contests.eu\/2016\/sk\/ceny\/kategoria-explorers\/#breadcrumb","itemListElement":[{"@type":"ListItem","position":1,"name":"Home","item":"https:\/\/odysseus-contests.eu\/2016\/sk\/"},{"@type":"ListItem","position":2,"name":"Ceny","item":"https:\/\/odysseus-contests.eu\/2016\/sk\/ceny\/"},{"@type":"ListItem","position":3,"name":"Kateg\u00f3ria Explorers"}]},{"@type":"WebSite","@id":"https:\/\/odysseus-contests.eu\/2016\/de\/#website","url":"https:\/\/odysseus-contests.eu\/2016\/de\/","name":"ODYSSEUS II","description":"European Youth Space Contest ","potentialAction":[{"@type":"SearchAction","target":{"@type":"EntryPoint","urlTemplate":"https:\/\/odysseus-contests.eu\/2016\/de\/?s={search_term_string}"},"query-input":"required name=search_term_string"}],"inLanguage":"sk-SK"}]}},"_links":{"self":[{"href":"https:\/\/odysseus-contests.eu\/2016\/sk\/wp-json\/wp\/v2\/pages\/5459"}],"collection":[{"href":"https:\/\/odysseus-contests.eu\/2016\/sk\/wp-json\/wp\/v2\/pages"}],"about":[{"href":"https:\/\/odysseus-contests.eu\/2016\/sk\/wp-json\/wp\/v2\/types\/page"}],"author":[{"embeddable":true,"href":"https:\/\/odysseus-contests.eu\/2016\/sk\/wp-json\/wp\/v2\/users\/5"}],"replies":[{"embeddable":true,"href":"https:\/\/odysseus-contests.eu\/2016\/sk\/wp-json\/wp\/v2\/comments?post=5459"}],"version-history":[{"count":0,"href":"https:\/\/odysseus-contests.eu\/2016\/sk\/wp-json\/wp\/v2\/pages\/5459\/revisions"}],"up":[{"embeddable":true,"href":"https:\/\/odysseus-contests.eu\/2016\/sk\/wp-json\/wp\/v2\/pages\/5457"}],"wp:featuredmedia":[{"embeddable":true,"href":"https:\/\/odysseus-contests.eu\/2016\/sk\/wp-json\/wp\/v2\/media\/4853"}],"wp:attachment":[{"href":"https:\/\/odysseus-contests.eu\/2016\/sk\/wp-json\/wp\/v2\/media?parent=5459"}],"curies":[{"name":"wp","href":"https:\/\/api.w.org\/{rel}","templated":true}]}}