{"id":5457,"date":"2015-09-15T16:20:35","date_gmt":"2015-09-15T13:20:35","guid":{"rendered":"http:\/\/odysseus-contests.eu\/2016\/?page_id=5457"},"modified":"2015-09-15T16:20:35","modified_gmt":"2015-09-15T13:20:35","slug":"ceny","status":"publish","type":"page","link":"https:\/\/odysseus-contests.eu\/2016\/sk\/ceny\/","title":{"rendered":"Ceny"},"content":{"rendered":"<p>Najlep\u0161ie pr\u00edspevky v ka\u017edej kateg\u00f3rii z\u00edskaj\u00fa mno\u017estvo l\u00e1kav\u00fdch cien! A pokia\u013e nevyhr\u00e1te konkr\u00e9tne ceny, tak sk\u00fasenosti z\u00edskan\u00e9 v projekte bud\u00fa ve\u013emi cenn\u00e9! Taktie\u017e gr\u00edcky hrdina Odysseus ich samotnou plavbou na Ithaku z\u00edskal mnoho.<\/p>\n","protected":false},"excerpt":{"rendered":"<p>Najlep\u0161ie pr\u00edspevky v ka\u017edej kateg\u00f3rii z\u00edskaj\u00fa mno\u017estvo l\u00e1kav\u00fdch cien! A pokia\u013e nevyhr\u00e1te konkr\u00e9tne ceny, tak sk\u00fasenosti z\u00edskan\u00e9 v projekte bud\u00fa ve\u013emi cenn\u00e9! Taktie\u017e gr\u00edcky hrdina Odysseus ich samotnou plavbou na Ithaku z\u00edskal mnoho.<\/p>\n","protected":false},"author":5,"featured_media":0,"parent":0,"menu_order":0,"comment_status":"closed","ping_status":"closed","template":"","meta":[],"acf":[],"yoast_head":"<!-- This site is optimized with the Yoast SEO plugin v19.14 - https:\/\/yoast.com\/wordpress\/plugins\/seo\/ -->\n<title>Ceny - ODYSSEUS II<\/title>\n<meta name=\"robots\" content=\"index, follow, max-snippet:-1, max-image-preview:large, max-video-preview:-1\" \/>\n<link rel=\"canonical\" href=\"https:\/\/odysseus-contests.eu\/2016\/sk\/ceny\/\" \/>\n<meta property=\"og:locale\" content=\"sk_SK\" \/>\n<meta property=\"og:type\" content=\"article\" \/>\n<meta property=\"og:title\" content=\"Ceny - ODYSSEUS II\" \/>\n<meta property=\"og:description\" content=\"Najlep\u0161ie pr\u00edspevky v ka\u017edej kateg\u00f3rii z\u00edskaj\u00fa mno\u017estvo l\u00e1kav\u00fdch cien! A pokia\u013e nevyhr\u00e1te konkr\u00e9tne ceny, tak sk\u00fasenosti z\u00edskan\u00e9 v projekte bud\u00fa ve\u013emi cenn\u00e9! Taktie\u017e gr\u00edcky hrdina Odysseus ich samotnou plavbou na Ithaku z\u00edskal mnoho.\" \/>\n<meta property=\"og:url\" content=\"https:\/\/odysseus-contests.eu\/2016\/sk\/ceny\/\" \/>\n<meta property=\"og:site_name\" content=\"ODYSSEUS II\" \/>\n<meta name=\"twitter:card\" content=\"summary_large_image\" \/>\n<script type=\"application\/ld+json\" class=\"yoast-schema-graph\">{\"@context\":\"https:\/\/schema.org\",\"@graph\":[{\"@type\":\"WebPage\",\"@id\":\"https:\/\/odysseus-contests.eu\/2016\/sk\/ceny\/\",\"url\":\"https:\/\/odysseus-contests.eu\/2016\/sk\/ceny\/\",\"name\":\"Ceny - ODYSSEUS II\",\"isPartOf\":{\"@id\":\"https:\/\/odysseus-contests.eu\/2016\/de\/#website\"},\"datePublished\":\"2015-09-15T13:20:35+00:00\",\"dateModified\":\"2015-09-15T13:20:35+00:00\",\"breadcrumb\":{\"@id\":\"https:\/\/odysseus-contests.eu\/2016\/sk\/ceny\/#breadcrumb\"},\"inLanguage\":\"sk-SK\",\"potentialAction\":[{\"@type\":\"ReadAction\",\"target\":[\"https:\/\/odysseus-contests.eu\/2016\/sk\/ceny\/\"]}]},{\"@type\":\"BreadcrumbList\",\"@id\":\"https:\/\/odysseus-contests.eu\/2016\/sk\/ceny\/#breadcrumb\",\"itemListElement\":[{\"@type\":\"ListItem\",\"position\":1,\"name\":\"Home\",\"item\":\"https:\/\/odysseus-contests.eu\/2016\/sk\/\"},{\"@type\":\"ListItem\",\"position\":2,\"name\":\"Ceny\"}]},{\"@type\":\"WebSite\",\"@id\":\"https:\/\/odysseus-contests.eu\/2016\/de\/#website\",\"url\":\"https:\/\/odysseus-contests.eu\/2016\/de\/\",\"name\":\"ODYSSEUS II\",\"description\":\"European Youth Space Contest \",\"potentialAction\":[{\"@type\":\"SearchAction\",\"target\":{\"@type\":\"EntryPoint\",\"urlTemplate\":\"https:\/\/odysseus-contests.eu\/2016\/de\/?s={search_term_string}\"},\"query-input\":\"required name=search_term_string\"}],\"inLanguage\":\"sk-SK\"}]}<\/script>\n<!-- \/ Yoast SEO plugin. -->","yoast_head_json":{"title":"Ceny - ODYSSEUS II","robots":{"index":"index","follow":"follow","max-snippet":"max-snippet:-1","max-image-preview":"max-image-preview:large","max-video-preview":"max-video-preview:-1"},"canonical":"https:\/\/odysseus-contests.eu\/2016\/sk\/ceny\/","og_locale":"sk_SK","og_type":"article","og_title":"Ceny - ODYSSEUS II","og_description":"Najlep\u0161ie pr\u00edspevky v ka\u017edej kateg\u00f3rii z\u00edskaj\u00fa mno\u017estvo l\u00e1kav\u00fdch cien! A pokia\u013e nevyhr\u00e1te konkr\u00e9tne ceny, tak sk\u00fasenosti z\u00edskan\u00e9 v projekte bud\u00fa ve\u013emi cenn\u00e9! Taktie\u017e gr\u00edcky hrdina Odysseus ich samotnou plavbou na Ithaku z\u00edskal mnoho.","og_url":"https:\/\/odysseus-contests.eu\/2016\/sk\/ceny\/","og_site_name":"ODYSSEUS II","twitter_card":"summary_large_image","schema":{"@context":"https:\/\/schema.org","@graph":[{"@type":"WebPage","@id":"https:\/\/odysseus-contests.eu\/2016\/sk\/ceny\/","url":"https:\/\/odysseus-contests.eu\/2016\/sk\/ceny\/","name":"Ceny - ODYSSEUS II","isPartOf":{"@id":"https:\/\/odysseus-contests.eu\/2016\/de\/#website"},"datePublished":"2015-09-15T13:20:35+00:00","dateModified":"2015-09-15T13:20:35+00:00","breadcrumb":{"@id":"https:\/\/odysseus-contests.eu\/2016\/sk\/ceny\/#breadcrumb"},"inLanguage":"sk-SK","potentialAction":[{"@type":"ReadAction","target":["https:\/\/odysseus-contests.eu\/2016\/sk\/ceny\/"]}]},{"@type":"BreadcrumbList","@id":"https:\/\/odysseus-contests.eu\/2016\/sk\/ceny\/#breadcrumb","itemListElement":[{"@type":"ListItem","position":1,"name":"Home","item":"https:\/\/odysseus-contests.eu\/2016\/sk\/"},{"@type":"ListItem","position":2,"name":"Ceny"}]},{"@type":"WebSite","@id":"https:\/\/odysseus-contests.eu\/2016\/de\/#website","url":"https:\/\/odysseus-contests.eu\/2016\/de\/","name":"ODYSSEUS II","description":"European Youth Space Contest ","potentialAction":[{"@type":"SearchAction","target":{"@type":"EntryPoint","urlTemplate":"https:\/\/odysseus-contests.eu\/2016\/de\/?s={search_term_string}"},"query-input":"required name=search_term_string"}],"inLanguage":"sk-SK"}]}},"_links":{"self":[{"href":"https:\/\/odysseus-contests.eu\/2016\/sk\/wp-json\/wp\/v2\/pages\/5457"}],"collection":[{"href":"https:\/\/odysseus-contests.eu\/2016\/sk\/wp-json\/wp\/v2\/pages"}],"about":[{"href":"https:\/\/odysseus-contests.eu\/2016\/sk\/wp-json\/wp\/v2\/types\/page"}],"author":[{"embeddable":true,"href":"https:\/\/odysseus-contests.eu\/2016\/sk\/wp-json\/wp\/v2\/users\/5"}],"replies":[{"embeddable":true,"href":"https:\/\/odysseus-contests.eu\/2016\/sk\/wp-json\/wp\/v2\/comments?post=5457"}],"version-history":[{"count":0,"href":"https:\/\/odysseus-contests.eu\/2016\/sk\/wp-json\/wp\/v2\/pages\/5457\/revisions"}],"wp:attachment":[{"href":"https:\/\/odysseus-contests.eu\/2016\/sk\/wp-json\/wp\/v2\/media?parent=5457"}],"curies":[{"name":"wp","href":"https:\/\/api.w.org\/{rel}","templated":true}]}}