{"id":5455,"date":"2015-09-15T16:19:23","date_gmt":"2015-09-15T13:19:23","guid":{"rendered":"http:\/\/odysseus-contests.eu\/2016\/?page_id=5455"},"modified":"2015-09-15T16:19:23","modified_gmt":"2015-09-15T13:19:23","slug":"casto-kladene-otazky","status":"publish","type":"page","link":"https:\/\/odysseus-contests.eu\/2016\/sk\/pioneers-7\/casto-kladene-otazky\/","title":{"rendered":"\u010casto kladen\u00e9 ot\u00e1zky"},"content":{"rendered":"<h4>Ot.:\u00a0 \u010co je Odysseus II?<\/h4>\n<p>Odp.: Odysseus II je celoeur\u00f3psky projekt financovan\u00fd Eur\u00f3pskou komisiou. Jeho hlavn\u00fdm cie\u013eom je organiz\u00e1cia celoeur\u00f3pskej s\u00fa\u0165a\u017ee Odysseus pre \u017eiakov a \u0161tudentov vo veku medzi sedem (7) a dvadsa\u0165dva (22) rokov v oblasti v\u00fdskumu vesm\u00edru. S\u00fa\u0165a\u017ee sa m\u00f4\u017eu z\u00fa\u010dastni\u0165 nie len \u017eiaci a \u0161tudenti \u010dlensk\u00fdch kraj\u00edn EU, ale aj kraj\u00edn, ktor\u00e9 \u010dlenmi EU nie s\u00fa.<\/p>\n<h4>Ot.:\u00a0 Chcem zaregistrova\u0165 (t\u00edm) do s\u00fa\u0165a\u017ee Odysseus \u2013 ako to urob\u00edm?<\/h4>\n<p>Odp.:\u00a0 M\u00f4\u017eete sa ZAREGISTROVA\u0164 vyplnen\u00edm svojej e-mailovej adresy a zvolen\u00e9ho hesla v patri\u010dnej sekcii webovej str\u00e1nky s\u00fa\u0165a\u017ee Odysseus. N\u00e1sledne je potrebn\u00e9 zvoli\u0165 si kateg\u00f3riu Pioneers a prija\u0165 pravidl\u00e1 s\u00fa\u0165a\u017ee. Mus\u00edte taktie\u017e overi\u0165 svoj e-mailov\u00fd \u00fa\u010det kliknut\u00edm na odkaz, ktor\u00fd v\u00e1m bude zaslan\u00fd na uveden\u00fa e-mailov\u00fa adresu. N\u00e1sledne sa mus\u00edte PRIHL\u00c1SI\u0164 a vyplni\u0165 inform\u00e1cie o svojom t\u00edme v registra\u010dnom formul\u00e1ri. Ka\u017ed\u00fd t\u00edm m\u00e1 ma\u0165 dvoch (2) a\u017e troch (3) \u010dlenov s jedn\u00fdm u\u010dite\u013eom ako ved\u00facim. Ka\u017ed\u00e9mu t\u00edmu by mal s registr\u00e1ciou pom\u00f4c\u0165 u\u010dite\u013e\/ved\u00faci (vi\u010f. sekcia Pravidl\u00e1)<\/p>\n<h4>Ot.: Ak\u00fd star\u00fd mus\u00edm by\u0165, aby som sa mohol prihl\u00e1si\u0165 do s\u00fa\u0165a\u017ee Odysseus?<\/h4>\n<p>Odp.:\u00a0 \u00da\u010dastn\u00edk mus\u00ed ma\u0165 vek medzi \u0161trn\u00e1s\u0165 (14) a osemn\u00e1s\u0165 (18) rokov (stredo\u0161kol\u00e1ci naroden\u00ed medzi 1 apr\u00edlom 1997 a 31. marcom 2002 (vr\u00e1tane))<\/p>\n<h4>Ot.: Potrebujem sp\u013a\u0148a\u0165 nejak\u00e9 in\u00e9 podmienky, aby som sa mohol zapoji\u0165 do s\u00fa\u0165a\u017ee Odysseus?<\/h4>\n<p>Odp.: \u00c1no, rodi\u010d alebo z\u00e1konn\u00fd z\u00e1stupca mus\u00ed vyplnen\u00edm patri\u010dn\u00e9ho formul\u00e1ru udeli\u0165 s\u00fahlas s \u00fa\u010das\u0165ou \u0161tudenta v s\u00fa\u0165a\u017ei Odysseus a s\u00fahlas s pravidlami s\u00fa\u0165a\u017ee. Formul\u00e1r odovzd\u00e1 t\u00edmov\u00e9mu u\u010dite\u013eovi\/ved\u00facemu. Aby bol t\u00edm opr\u00e1vnen\u00fd z\u00fa\u010dastni\u0165 sa s\u00fa\u0165a\u017ee, mus\u00ed by\u0165 registr\u00e1cia dokon\u010den\u00e1 pred 15. janu\u00e1rom 2016.<\/p>\n<h4>Ot.:\u00a0 M\u00f4\u017eete mi pom\u00f4c\u0165 zostavi\u0165 t\u00edm?<\/h4>\n<p>Odp:\u00a0 Blog na webov\u00fdch str\u00e1nkach s\u00fa\u0165a\u017ee Odysseus sa d\u00e1 pou\u017ei\u0165 pre spojenie sa s ostatn\u00fdmi potenci\u00e1lnymi \u00fa\u010dastn\u00edkmi alebo vyp\u00edsa\u0165 ponuku miest v t\u00edme, napr\u00edklad pre \u00fa\u010dastn\u00edkov s po\u017eadovan\u00fdmi schopnos\u0165ami.<\/p>\n<h4>Ot.:\u00a0\u00a0 M\u00f4\u017eu by\u0165 \u010dlenovia t\u00edmu z r\u00f4znych \u0161k\u00f4l?<\/h4>\n<p>Odp:\u00a0 \u00c1no, \u010dlenovia t\u00edmu m\u00f4\u017eu by\u0165 z rovnakej \u0161koly alebo z r\u00f4znych \u0161k\u00f4l v r\u00e1mci rovnakej krajiny.<\/p>\n<h4>Ot.: M\u00f4\u017eeme prida\u0165 \u010fal\u0161\u00edch \u010dlenov t\u00edmu, ke\u010f sme u\u017e n\u00e1s t\u00edm zaregistrovali?<\/h4>\n<p>Odp.:\u00a0 \u00c1no. U\u010dite\u013e\/ved\u00faci m\u00f4\u017ee prida\u0165 \u00fa\u010dastn\u00edkov a\u017e do 15. janu\u00e1ra 2016, nem\u00f4\u017ee v\u0161ak prekro\u010di\u0165 limit 3 \u010dlenov na jeden t\u00edm.<\/p>\n<h4>Ot.:\u00a0\u00a0 M\u00f4\u017eem by\u0165 vo viac ako jednom t\u00edme?<\/h4>\n<p>Odp.:\u00a0 Nie, ka\u017ed\u00fd \u017eiak m\u00f4\u017ee s\u00fa\u0165a\u017ei\u0165 iba v jednom t\u00edme.<\/p>\n<h4>Ot.:\u00a0\u00a0 V akom jazyku mus\u00edme odovzda\u0165 n\u00e1\u0161 pr\u00edspevok?<\/h4>\n<p>Odp.:\u00a0 Svoj pr\u00edspevok m\u00f4\u017eete odovzda\u0165 v jednom z nasleduj\u00facich jazykov: bulhar\u010dina, \u010de\u0161tina, chorv\u00e1t\u0161tina, d\u00e1n\u010dina, holand\u010dina, angli\u010dtina, est\u00f3n\u010dina, f\u00edn\u010dina, franc\u00faz\u0161tina, nem\u010dina, gr\u00e9\u010dtina, ma\u010far\u010dina, \u00edr\u010dina, talian\u010dina, loty\u0161tina, litov\u010dina, malt\u010dina, po\u013e\u0161tina, portugal\u010dina, rumun\u010dina, sloven\u010dina, slovin\u010dina, \u0161paniel\u010dina a \u0161v\u00e9d\u010dina. T\u00edmy z kraj\u00edn mimo EU musia odovzda\u0165 pr\u00edspevok v jednom z vy\u0161\u0161ie uveden\u00fdch ofici\u00e1lnych jazykov EU. Pokia\u013e sa pr\u00edspevok dostane na celoeur\u00f3pske fin\u00e1le s\u00fa\u0165a\u017ee a pr\u00edspevok bol p\u00f4vodne vypracovan\u00fd v inom jazyku ne\u017e v angli\u010dtine, t\u00edm mus\u00ed poskytn\u00fa\u0165 jeho kompletn\u00fd preklad do angli\u010dtiny.<\/p>\n<h4>Ot.:\u00a0 Budem ma\u0165 nejak\u00e9 inform\u00e1cie, ako vypracova\u0165 s\u00fa\u0165a\u017en\u00fd pr\u00edspevok?<\/h4>\n<p>Odp.:\u00a0 M\u00f4\u017eete si zvoli\u0165 vlastn\u00fa t\u00e9mu s\u00favisiacu s jednou z t\u00e9m s\u00fa\u0165a\u017ee. Je na v\u00e1s, ak\u00fa formu a design pr\u00edspevku si zvol\u00edte (text, PowerPoint prezent\u00e1cia, video, model, multimedi\u00e1lna prezent\u00e1cia, experiment, at\u010f.), ale odpor\u00fa\u010dame prilo\u017ei\u0165 projektov\u00fd list, na ktor\u00fd pou\u017eijete poskytnut\u00fa \u0161abl\u00f3nu a kde pop\u00ed\u0161ete my\u0161lienku svojho projektu. M\u00f4\u017eete prilo\u017ei\u0165 \u013eubovo\u013en\u00e9 mno\u017estvo s\u00faborov, pokia\u013e ich budete pova\u017eova\u0165 za vhodn\u00e9. Pre zobrazenie pr\u00edkladov pr\u00edspevkov a odkazov k relevantn\u00fdm zdrojom o vesm\u00edrnom v\u00fdskume sa pozrite na <a href=\"http:\/\/odysseus-contests.eu\/2016\/sk\/kniznica\/\" target=\"_blank\">kni\u017enicu s\u00fa\u0165a\u017ee Odysseus<\/a>.<\/p>\n<h4>Ot.:\u00a0 Ako po\u0161lem pr\u00edspevok?<\/h4>\n<p>Odp.: Je potrebn\u00e9 nahra\u0165 pr\u00edspevok spolo\u010dne s jeho zhrnut\u00edm (na zadanom formul\u00e1ri) kliknut\u00edm na \u201cOdo\u0161lite v\u00e1\u0161 projekt\u201d a \u010fal\u0161\u00edm postupom pod\u013ea in\u0161trukci\u00ed.<\/p>\n<h4>Ot.:\u00a0 M\u00f4\u017ee m\u00f4j t\u00edm odosla\u0165 viac ako jeden pr\u00edspevok?<\/h4>\n<p>Odp.:\u00a0 Nie, ka\u017ed\u00fd t\u00edm m\u00f4\u017ee odosla\u0165 iba jeden pr\u00edspevok do s\u00fa\u0165a\u017ee Odysseus.<\/p>\n<h4>Ot.:\u00a0 \u010co m\u00e1m urobi\u0165, ke\u010f som zabudol heslo k s\u00fa\u0165a\u017en\u00e9mu port\u00e1lu Odysseus?<\/h4>\n<p>Odp.:\u00a0 na prihlasovacej str\u00e1nke sa nach\u00e1dza odkaz \u201cZabudol som heslo\u201d. Kliknite na neho a nov\u00e9 heslo v\u00e1m bude zaslan\u00e9 na registrovan\u00fa e-mailov\u00fa adresu k va\u0161emu \u00fa\u010dtu s\u00fa\u0165a\u017ee Odysseus.<\/p>\n<h4>Ot.:\u00a0 Kedy m\u00e1me odovzda\u0165 n\u00e1\u0161 pr\u00edspevok?<\/h4>\n<p>Odp.: Pr\u00edspevok mus\u00edte odosla\u0165 v term\u00edne od 1. septembra 2015 do 15 janu\u00e1ra 2016. Organiz\u00e1tori s\u00fa\u0165a\u017ee Odysseus odpor\u00fa\u010daj\u00fa odosla\u0165 pr\u00edspevok ihne\u010f po dokon\u010den\u00ed a ne\u010daka\u0165 na kone\u010dn\u00fd d\u00e1tum pre odoslanie.<\/p>\n<h4>Ot.:\u00a0 M\u00f4\u017eete mi pom\u00f4c\u0165 sa nahran\u00edm s\u00fa\u0165a\u017en\u00e9ho pr\u00edspevku na web Odysseus?<\/h4>\n<p>Odp.:\u00a0 \u00c1no. Postupujte pod\u013ea in\u0161trukci\u00ed uveden\u00fdch v odkaze <strong>Odosla\u0165 pr\u00edspevok. <\/strong>Pokia\u013e m\u00e1te ak\u00e9ko\u013evek ot\u00e1zky alebo potrebujete pom\u00f4c\u0165 s nahran\u00edm pr\u00edspevku, vypl\u0148te a odo\u0161lite pros\u00edm kontaktn\u00fd formul\u00e1r a organiz\u00e1tori v\u00e1m pom\u00f4\u017eu a zaistia, aby bol v\u00e1\u0161 pr\u00edspevok spr\u00e1vne nahrat\u00fd.<\/p>\n<h4>Ot.:\u00a0 Dostaneme zhodnotenie n\u00e1\u0161ho projektu od hodnotite\u013eov?<\/h4>\n<p>Odp.:\u00a0 V\u0161etky t\u00edmy dostan\u00fa zhrnutie hodnotenia svojho projektu od poroty po dokon\u010den\u00ed procesu hodnotenia.<\/p>\n<h4>Ot.:\u00a0 Ak\u00e9 s\u00fa krit\u00e9ri\u00e1 hodnotenia?<\/h4>\n<p>Odp.:\u00a0 Kompletn\u00e9 detaily hodnotenia si pros\u00edm pre\u010d\u00edtajte v sekcii <strong><a href=\"http:\/\/odysseus-contests.eu\/2016\/sk\/pioneers-7\/priebeh-a-kriteria-hodnotenia\/\" target=\"_blank\">Krit\u00e9ri\u00e1 hodnotenia<\/a>\u00a0<\/strong>str\u00e1nky Pioneers.<\/p>\n<h4>Ot.: Ko\u013eko t\u00edmov sa dostane do region\u00e1lneho semifin\u00e1le a celoeur\u00f3pskeho fin\u00e1le?<\/h4>\n<p>Odp.:\u00a0 Po\u010det t\u00edmov postupuj\u00facich do \u010fal\u0161ieho kola hodnotenia bude ur\u010den\u00fd na z\u00e1klade relat\u00edvnej popul\u00e1cie z\u00fa\u010dastnen\u00fdch kraj\u00edn a po\u010dtu odoslan\u00fdch pr\u00edspevkov z ka\u017ed\u00e9ho regi\u00f3nu a ka\u017edej tematickej kateg\u00f3rie. Ka\u017ed\u00e1 krajina EU bude reprezentovan\u00e1 v region\u00e1lnom semifin\u00e1le minim\u00e1lne jedn\u00fdm t\u00edmom. Organiz\u00e1tori s\u00fa\u0165a\u017ee Odysseus vyhl\u00e1sia, ko\u013eko t\u00edmov bude vybran\u00fdch do region\u00e1lneho semifin\u00e1le prostredn\u00edctvom ofici\u00e1lnej webovej str\u00e1nky. Desa\u0165 v\u00ed\u0165azn\u00fdch t\u00edmov z jednotliv\u00fdch region\u00e1lnych semifin\u00e1lov\u00fdch k\u00f4l sa z\u00fa\u010dastn\u00ed celoeur\u00f3pskeho fin\u00e1le.<\/p>\n<h4>Ot.:\u00a0 M\u00f4\u017eem zobrazi\u0165 ostatn\u00e9 pr\u00edspevky odoslan\u00e9 do s\u00fa\u0165a\u017ee Odysseus?<\/h4>\n<p>Odp.:\u00a0 \u00c1no. V\u0161etky pr\u00edspevky m\u00f4\u017eu by\u0165 zobrazen\u00e9 na webovej str\u00e1nke Odysseus, a to v sekcii Gal\u00e9ria, po uz\u00e1vierke odosielania pr\u00edspevkov.<\/p>\n<h4>Ot.:\u00a0\u00a0 Kedy sa dozviem, \u010di bol m\u00f4j t\u00edm vybran\u00e1 do region\u00e1lneho semifin\u00e1le?<\/h4>\n<p>Odp.:\u00a0 N\u00e1rodn\u00ed v\u00ed\u0165azi s\u00fa\u0165a\u017ee bud\u00fa vyhl\u00e1sen\u00ed po 28. febru\u00e1ri 2016.<\/p>\n<h4>Ot.:\u00a0 Ako budeme upozornen\u00ed v pr\u00edpade v\u00fdhry v region\u00e1lnom semifin\u00e1le?<\/h4>\n<p>Odp.:\u00a0 V\u00ed\u0165azn\u00fd t\u00edm v ka\u017edom region\u00e1lnom semifin\u00e1le bude vyhl\u00e1sen\u00fd na jeho konci po dokon\u010den\u00ed konzult\u00e1ci\u00ed poroty. Finalisti bud\u00fa taktie\u017e vyhl\u00e1sen\u00ed na str\u00e1nkach s\u00fa\u0165a\u017ee Odysseus d\u0148a 30. apr\u00edla 2016.<\/p>\n<h4>Ot.:\u00a0 Ak\u00e9 ceny s\u00fa v s\u00fa\u0165a\u017ei?<\/h4>\n<p>Odp.: Pre kompletn\u00e9 detaily o s\u00fa\u0165a\u017en\u00fdch cen\u00e1ch pros\u00edm nav\u0161t\u00edvte sekciu <strong><a href=\"http:\/\/odysseus-contests.eu\/2016\/sk\/pioneers-7\/ceny\/\" target=\"_blank\">S\u00fa\u0165a\u017en\u00e9 ceny<\/a>.<\/strong><\/p>\n","protected":false},"excerpt":{"rendered":"<p>Ot.:\u00a0 \u010co je Odysseus II? Odp.: Odysseus II je celoeur\u00f3psky projekt financovan\u00fd Eur\u00f3pskou komisiou. Jeho hlavn\u00fdm cie\u013eom je organiz\u00e1cia celoeur\u00f3pskej s\u00fa\u0165a\u017ee Odysseus pre \u017eiakov a \u0161tudentov vo veku medzi sedem (7) a dvadsa\u0165dva (22) rokov v oblasti v\u00fdskumu vesm\u00edru. S\u00fa\u0165a\u017ee sa m\u00f4\u017eu z\u00fa\u010dastni\u0165 nie len \u017eiaci a \u0161tudenti \u010dlensk\u00fdch kraj\u00edn EU, ale aj kraj\u00edn, ktor\u00e9 [&hellip;]<\/p>\n","protected":false},"author":5,"featured_media":0,"parent":5421,"menu_order":100,"comment_status":"closed","ping_status":"closed","template":"","meta":[],"acf":[],"yoast_head":"<!-- This site is optimized with the Yoast SEO plugin v19.14 - https:\/\/yoast.com\/wordpress\/plugins\/seo\/ -->\n<title>\u010casto kladen\u00e9 ot\u00e1zky - ODYSSEUS II<\/title>\n<meta name=\"robots\" content=\"index, follow, max-snippet:-1, max-image-preview:large, max-video-preview:-1\" \/>\n<link rel=\"canonical\" href=\"https:\/\/odysseus-contests.eu\/2016\/sk\/pioneers-7\/casto-kladene-otazky\/\" \/>\n<meta property=\"og:locale\" content=\"sk_SK\" \/>\n<meta property=\"og:type\" content=\"article\" \/>\n<meta property=\"og:title\" content=\"\u010casto kladen\u00e9 ot\u00e1zky - ODYSSEUS II\" \/>\n<meta property=\"og:description\" content=\"Ot.:\u00a0 \u010co je Odysseus II? Odp.: Odysseus II je celoeur\u00f3psky projekt financovan\u00fd Eur\u00f3pskou komisiou. Jeho hlavn\u00fdm cie\u013eom je organiz\u00e1cia celoeur\u00f3pskej s\u00fa\u0165a\u017ee Odysseus pre \u017eiakov a \u0161tudentov vo veku medzi sedem (7) a dvadsa\u0165dva (22) rokov v oblasti v\u00fdskumu vesm\u00edru. S\u00fa\u0165a\u017ee sa m\u00f4\u017eu z\u00fa\u010dastni\u0165 nie len \u017eiaci a \u0161tudenti \u010dlensk\u00fdch kraj\u00edn EU, ale aj kraj\u00edn, ktor\u00e9 [&hellip;]\" \/>\n<meta property=\"og:url\" content=\"https:\/\/odysseus-contests.eu\/2016\/sk\/pioneers-7\/casto-kladene-otazky\/\" \/>\n<meta property=\"og:site_name\" content=\"ODYSSEUS II\" \/>\n<meta name=\"twitter:card\" content=\"summary_large_image\" \/>\n<meta name=\"twitter:label1\" content=\"Predpokladan\u00fd \u010das \u010d\u00edtania\" \/>\n\t<meta name=\"twitter:data1\" content=\"7 min\u00fat\" \/>\n<script type=\"application\/ld+json\" class=\"yoast-schema-graph\">{\"@context\":\"https:\/\/schema.org\",\"@graph\":[{\"@type\":\"WebPage\",\"@id\":\"https:\/\/odysseus-contests.eu\/2016\/sk\/pioneers-7\/casto-kladene-otazky\/\",\"url\":\"https:\/\/odysseus-contests.eu\/2016\/sk\/pioneers-7\/casto-kladene-otazky\/\",\"name\":\"\u010casto kladen\u00e9 ot\u00e1zky - ODYSSEUS II\",\"isPartOf\":{\"@id\":\"https:\/\/odysseus-contests.eu\/2016\/de\/#website\"},\"datePublished\":\"2015-09-15T13:19:23+00:00\",\"dateModified\":\"2015-09-15T13:19:23+00:00\",\"breadcrumb\":{\"@id\":\"https:\/\/odysseus-contests.eu\/2016\/sk\/pioneers-7\/casto-kladene-otazky\/#breadcrumb\"},\"inLanguage\":\"sk-SK\",\"potentialAction\":[{\"@type\":\"ReadAction\",\"target\":[\"https:\/\/odysseus-contests.eu\/2016\/sk\/pioneers-7\/casto-kladene-otazky\/\"]}]},{\"@type\":\"BreadcrumbList\",\"@id\":\"https:\/\/odysseus-contests.eu\/2016\/sk\/pioneers-7\/casto-kladene-otazky\/#breadcrumb\",\"itemListElement\":[{\"@type\":\"ListItem\",\"position\":1,\"name\":\"Home\",\"item\":\"https:\/\/odysseus-contests.eu\/2016\/sk\/\"},{\"@type\":\"ListItem\",\"position\":2,\"name\":\"Pioneers\",\"item\":\"https:\/\/odysseus-contests.eu\/2016\/sk\/pioneers-7\/\"},{\"@type\":\"ListItem\",\"position\":3,\"name\":\"\u010casto kladen\u00e9 ot\u00e1zky\"}]},{\"@type\":\"WebSite\",\"@id\":\"https:\/\/odysseus-contests.eu\/2016\/de\/#website\",\"url\":\"https:\/\/odysseus-contests.eu\/2016\/de\/\",\"name\":\"ODYSSEUS II\",\"description\":\"European Youth Space Contest \",\"potentialAction\":[{\"@type\":\"SearchAction\",\"target\":{\"@type\":\"EntryPoint\",\"urlTemplate\":\"https:\/\/odysseus-contests.eu\/2016\/de\/?s={search_term_string}\"},\"query-input\":\"required name=search_term_string\"}],\"inLanguage\":\"sk-SK\"}]}<\/script>\n<!-- \/ Yoast SEO plugin. -->","yoast_head_json":{"title":"\u010casto kladen\u00e9 ot\u00e1zky - ODYSSEUS II","robots":{"index":"index","follow":"follow","max-snippet":"max-snippet:-1","max-image-preview":"max-image-preview:large","max-video-preview":"max-video-preview:-1"},"canonical":"https:\/\/odysseus-contests.eu\/2016\/sk\/pioneers-7\/casto-kladene-otazky\/","og_locale":"sk_SK","og_type":"article","og_title":"\u010casto kladen\u00e9 ot\u00e1zky - ODYSSEUS II","og_description":"Ot.:\u00a0 \u010co je Odysseus II? Odp.: Odysseus II je celoeur\u00f3psky projekt financovan\u00fd Eur\u00f3pskou komisiou. Jeho hlavn\u00fdm cie\u013eom je organiz\u00e1cia celoeur\u00f3pskej s\u00fa\u0165a\u017ee Odysseus pre \u017eiakov a \u0161tudentov vo veku medzi sedem (7) a dvadsa\u0165dva (22) rokov v oblasti v\u00fdskumu vesm\u00edru. S\u00fa\u0165a\u017ee sa m\u00f4\u017eu z\u00fa\u010dastni\u0165 nie len \u017eiaci a \u0161tudenti \u010dlensk\u00fdch kraj\u00edn EU, ale aj kraj\u00edn, ktor\u00e9 [&hellip;]","og_url":"https:\/\/odysseus-contests.eu\/2016\/sk\/pioneers-7\/casto-kladene-otazky\/","og_site_name":"ODYSSEUS II","twitter_card":"summary_large_image","twitter_misc":{"Predpokladan\u00fd \u010das \u010d\u00edtania":"7 min\u00fat"},"schema":{"@context":"https:\/\/schema.org","@graph":[{"@type":"WebPage","@id":"https:\/\/odysseus-contests.eu\/2016\/sk\/pioneers-7\/casto-kladene-otazky\/","url":"https:\/\/odysseus-contests.eu\/2016\/sk\/pioneers-7\/casto-kladene-otazky\/","name":"\u010casto kladen\u00e9 ot\u00e1zky - ODYSSEUS II","isPartOf":{"@id":"https:\/\/odysseus-contests.eu\/2016\/de\/#website"},"datePublished":"2015-09-15T13:19:23+00:00","dateModified":"2015-09-15T13:19:23+00:00","breadcrumb":{"@id":"https:\/\/odysseus-contests.eu\/2016\/sk\/pioneers-7\/casto-kladene-otazky\/#breadcrumb"},"inLanguage":"sk-SK","potentialAction":[{"@type":"ReadAction","target":["https:\/\/odysseus-contests.eu\/2016\/sk\/pioneers-7\/casto-kladene-otazky\/"]}]},{"@type":"BreadcrumbList","@id":"https:\/\/odysseus-contests.eu\/2016\/sk\/pioneers-7\/casto-kladene-otazky\/#breadcrumb","itemListElement":[{"@type":"ListItem","position":1,"name":"Home","item":"https:\/\/odysseus-contests.eu\/2016\/sk\/"},{"@type":"ListItem","position":2,"name":"Pioneers","item":"https:\/\/odysseus-contests.eu\/2016\/sk\/pioneers-7\/"},{"@type":"ListItem","position":3,"name":"\u010casto kladen\u00e9 ot\u00e1zky"}]},{"@type":"WebSite","@id":"https:\/\/odysseus-contests.eu\/2016\/de\/#website","url":"https:\/\/odysseus-contests.eu\/2016\/de\/","name":"ODYSSEUS II","description":"European Youth Space Contest ","potentialAction":[{"@type":"SearchAction","target":{"@type":"EntryPoint","urlTemplate":"https:\/\/odysseus-contests.eu\/2016\/de\/?s={search_term_string}"},"query-input":"required name=search_term_string"}],"inLanguage":"sk-SK"}]}},"_links":{"self":[{"href":"https:\/\/odysseus-contests.eu\/2016\/sk\/wp-json\/wp\/v2\/pages\/5455"}],"collection":[{"href":"https:\/\/odysseus-contests.eu\/2016\/sk\/wp-json\/wp\/v2\/pages"}],"about":[{"href":"https:\/\/odysseus-contests.eu\/2016\/sk\/wp-json\/wp\/v2\/types\/page"}],"author":[{"embeddable":true,"href":"https:\/\/odysseus-contests.eu\/2016\/sk\/wp-json\/wp\/v2\/users\/5"}],"replies":[{"embeddable":true,"href":"https:\/\/odysseus-contests.eu\/2016\/sk\/wp-json\/wp\/v2\/comments?post=5455"}],"version-history":[{"count":0,"href":"https:\/\/odysseus-contests.eu\/2016\/sk\/wp-json\/wp\/v2\/pages\/5455\/revisions"}],"up":[{"embeddable":true,"href":"https:\/\/odysseus-contests.eu\/2016\/sk\/wp-json\/wp\/v2\/pages\/5421"}],"wp:attachment":[{"href":"https:\/\/odysseus-contests.eu\/2016\/sk\/wp-json\/wp\/v2\/media?parent=5455"}],"curies":[{"name":"wp","href":"https:\/\/api.w.org\/{rel}","templated":true}]}}