{"id":5433,"date":"2015-09-15T15:54:59","date_gmt":"2015-09-15T12:54:59","guid":{"rendered":"http:\/\/odysseus-contests.eu\/2016\/?page_id=5433"},"modified":"2015-09-15T15:56:37","modified_gmt":"2015-09-15T12:56:37","slug":"pravidla","status":"publish","type":"page","link":"https:\/\/odysseus-contests.eu\/2016\/sk\/pioneers-7\/pravidla\/","title":{"rendered":"Pravidl\u00e1"},"content":{"rendered":"<ul>\n<li>S\u00fa\u0165a\u017ee sa m\u00f4\u017eu z\u00fa\u010dastni\u0165 \u0161tudenti od 14 do 18 rokov. To zah\u0155\u0148a \u017eiakov naroden\u00fdch medzi 1. apr\u00edlom 1997 a 31. marcom 2002 (vr\u00e1tane).<\/li>\n<li>\u201cPioneers\u201d pracuj\u00fa v t\u00edmoch s dvoma (2) a\u017e troma (3) \u010dlenmi, veden\u00fdch jedn\u00fdm u\u010dite\u013eom\/ved\u00facim. \u017diaci v r\u00e1mci jedn\u00e9ho t\u00edmu m\u00f4\u017eu by\u0165 z r\u00f4znych \u0161k\u00f4l v rovnakej krajine alebo z r\u00f4znych tried\/ro\u010dn\u00edkov z rovnakej \u0161koly. Mus\u00ed v\u0161ak by\u0165 re\u0161pektovan\u00e9 vekov\u00e9 krit\u00e9rium. Ka\u017ed\u00fd t\u00edm m\u00f4\u017ee ma\u0165 tie\u017e <a href=\"http:\/\/odysseus-contests.eu\/2016\/sk\/resources\/siet-menotorov\/\" target=\"_blank\">mentora<\/a>\/poradcu, ktor\u00fd ich bude vies\u0165 technicky alebo vedecky.<\/li>\n<li>Ka\u017ed\u00fd t\u00edm v kateg\u00f3rii \u201ePioneers\u201c mus\u00ed ma\u0165 u\u010dite\u013ea\/ved\u00faceho, ktor\u00fd bude ma\u0165 na starosti registr\u00e1ciu a odovzdanie projektu, povedie t\u00edm po\u010das pr\u00e1ce na projekte a pr\u00edpadne aj po\u010das cesty na region\u00e1lne semifin\u00e1le a celoeur\u00f3pske fin\u00e1le.<\/li>\n<li>Ka\u017ed\u00fd t\u00edm m\u00f4\u017ee odovzda\u0165 iba jeden projekt a ka\u017ed\u00fd s\u00fa\u0165a\u017eiaci m\u00f4\u017ee s\u00fa\u0165a\u017ei\u0165 iba v jednom t\u00edme.<\/li>\n<li>T\u00edmy by si mali zvoli\u0165 unik\u00e1tny, identifikuj\u00faci n\u00e1zov, ktor\u00fd odr\u00e1\u017ea vzdel\u00e1vacie, vedeck\u00e9 alebo spolo\u010densk\u00e9 ciele s\u00fa\u0165a\u017ee.<\/li>\n<li>V\u0161etci s\u00fa\u0165a\u017eiaci alebo t\u00edmy musia odovzda\u0165 origin\u00e1lny projekt t\u00fdkaj\u00faci sa vesm\u00edrneho v\u00fdskumu na jednu z t\u00e9m \u0161pecifikovan\u00fdch pre ich vekov\u00fa kateg\u00f3riu.<\/li>\n<li>S\u00fa\u0165a\u017eiaci v kateg\u00f3rii \u201ePioneers\u201c m\u00f4\u017eu odovzda\u0165 svoj s\u00fa\u0165a\u017en\u00fd pr\u00edspevok elektronicky medzi 1. septembrom 2015 a 15. janu\u00e1rom 2016.<\/li>\n<li>V\u0161etky pr\u00edspevky musia by\u0165 vlastn\u00e9 pr\u00e1ce s\u00fa\u0165a\u017eiacich a musia by\u0165 vytvoren\u00e9 \u0161peci\u00e1lne pre t\u00fato s\u00fa\u0165a\u017e.<\/li>\n<li>Projekty kateg\u00f3rie \u201ePioneers\u201c bud\u00fa hodnoten\u00e9 v troch kol\u00e1ch:\n<ul>\n<li>V n\u00e1rodnom kole porotou z krajiny s\u00fa\u0165a\u017eiacich, ktor\u00e1 bude prebieha\u0165 medzi 16. janu\u00e1rom 2016 a 26 febru\u00e1rom 2016. N\u00e1rodn\u00ed v\u00ed\u0165azi bud\u00fa vyhl\u00e1sen\u00fd 28. febru\u00e1ra 2016. Pr\u00edspevky z kraj\u00edn mimo EU bud\u00fa priraden\u00e9 organiz\u00e1tormi s\u00fa\u0165a\u017ee k jednej z por\u00f4t pod\u013ea zvolen\u00e9ho jazyka s\u00fa\u0165a\u017eiacich.<\/li>\n<li>V region\u00e1lnom semifin\u00e1le nieko\u013ek\u00fdmi vybrat\u00fdmi porotcami z predch\u00e1dzaj\u00faceho kola, ktor\u00ed bud\u00fa vybrat\u00fd z ka\u017edej krajiny dan\u00e9ho regi\u00f3nu. Hodnotenie projektov prebehne na semifin\u00e1le usporiadanom v ka\u017edom regi\u00f3ne. T\u00edmy, ktor\u00e9 post\u00fapia do semifin\u00e1le bud\u00fa prezentova\u0165 svoje projekty na\u017eivo pred porotou. Region\u00e1lne semifin\u00e1le sa bude kona\u0165 medzi 15. marcom a 26. apr\u00edlom 2016. Presn\u00e9 term\u00edny pre konkr\u00e9tny regi\u00f3n bud\u00fa vyhl\u00e1sen\u00e9 na internetovej str\u00e1nke s\u00fa\u0165a\u017ee Odysseus.<\/li>\n<li>V celoeur\u00f3pskom fin\u00e1le porotou zlo\u017eenou z popredn\u00fdch osobnost\u00ed z oblast\u00ed vesm\u00edrneho v\u00fdskumu, vzdelania a vedy. V\u00ed\u0165azi region\u00e1lneho semifin\u00e1le sa stretn\u00fa v Bruseli alebo Toulouse, aby prezentovali svoje projekty porote. Celoeur\u00f3pske fin\u00e1le prebehne 4. a\u017e 7. j\u00fala 2016.<\/li>\n<\/ul>\n<\/li>\n<li>Po\u010det postupuj\u00facich z n\u00e1rodn\u00e9ho kola bude ur\u010den\u00fd na z\u00e1klade relat\u00edvnej popul\u00e1cie s\u00fa\u0165a\u017en\u00fdch \u0161t\u00e1tov a po\u010dtu pr\u00edspevkov v ka\u017edom regi\u00f3ne a tematickej kateg\u00f3rii. Organiz\u00e1tori s\u00fa\u0165a\u017ee Odysseus vyhl\u00e1sia, ko\u013eko v\u00ed\u0165azov post\u00fapi do semifin\u00e1le, prostredn\u00edctvom ofici\u00e1lnej internetovej str\u00e1nky s\u00fa\u0165a\u017ee. Desa\u0165 v\u00ed\u0165azn\u00fdch t\u00edmov z region\u00e1lnych semifin\u00e1lov\u00fdch k\u00f4l post\u00fapia do celoeur\u00f3pskeho fin\u00e1le.<\/li>\n<li>Po\u010das v\u00fdberu najlep\u0161\u00edch projektov na celoeur\u00f3pskej \u00farovni sa neprihliada na ob\u010dianstvo alebo bydlisko finalistov, a teda nie s\u00fa dan\u00e9 \u017eiadne kv\u00f3ty na z\u00e1klade po\u010dtu obyvate\u013eov jednotliv\u00fdch kraj\u00edn alebo pomerov prihl\u00e1sen\u00fdch s\u00fa\u0165a\u017eiacich.<\/li>\n<li>Porotci s\u00fa\u0165a\u017en\u00fdch projektov bud\u00fa ude\u013eova\u0165 body pod\u013ea nasleduj\u00facich krit\u00e9ri\u00ed:\n<ul>\n<li>Akademick\u00e1 dokonalos\u0165 (presnos\u0165, n\u00e1ro\u010dnos\u0165)<\/li>\n<li>Relevancia k danej t\u00e9me<\/li>\n<li>Schopnos\u0165 rie\u0161enia probl\u00e9mov<\/li>\n<li>Originalita<\/li>\n<li>Spolo\u010densk\u00fd pr\u00ednos<\/li>\n<li>Prezent\u00e1cia<\/li>\n<li>Technick\u00e1 hodnota a praktick\u00e9 sk\u00fasenosti<\/li>\n<li>Zoh\u013eadnenie udr\u017eate\u013enosti a ovplyvnenie \u017eivotn\u00e9ho prostredia<\/li>\n<\/ul>\n<\/li>\n<li>Ka\u017ed\u00fd t\u00edm dostane zhrnutie hodnotenia svojho projektu porotou. Neskor\u0161\u00edm \u017eiadostiam o \u010fal\u0161ie hodnotenie nebude vyhoven\u00e9.<\/li>\n<li>Porota taktie\u017e vyhl\u00e1si nieko\u013eko zvl\u00e1\u0161tnych ocenen\u00ed aj pre nepostupuj\u00face t\u00edmy z ka\u017ed\u00e9ho kola, napr.:\n<ul>\n<li>Najlep\u0161ia grafika<\/li>\n<li>Najorigin\u00e1lnej\u0161\u00ed probl\u00e9m<\/li>\n<li>Najprofesion\u00e1lnej\u0161ia prezent\u00e1cia<\/li>\n<li>Najlep\u0161ie umelecky spracovan\u00fd projekt<\/li>\n<li>Najlep\u0161ie vyu\u017eitie hudby vo vedeckom projekte<\/li>\n<li>N pr\u00edstup k t\u00e9me<\/li>\n<li>Najekologickej\u0161\u00ed projekt<\/li>\n<li>Najviac inovat\u00edvne rie\u0161enie probl\u00e9mu<\/li>\n<li>Najlep\u0161ie vyu\u017eitie poznatkov o vesm\u00edre<\/li>\n<\/ul>\n<\/li>\n<li>Ka\u017ed\u00fd t\u00edm kateg\u00f3rie \u201ePioneers\u201c dostane diplom potvrdzuj\u00faci \u00fa\u010das\u0165 v s\u00fa\u0165a\u017ei Odysseus, rovnako ako u\u010dite\u013e\/ved\u00faci ka\u017ed\u00e9ho t\u00edmu.<\/li>\n<li>V\u0161etky v\u00ed\u0165azn\u00e9 projekty bud\u00fa vystaven\u00e9 v Sieni sl\u00e1vy na internetov\u00fdch str\u00e1nkach s\u00fa\u0165a\u017ee Odysseus a \u010dlenom dan\u00fdch t\u00edmov bude udelen\u00e1 medaila.<\/li>\n<li>\u00da\u010das\u0165 v s\u00fa\u0165a\u017ei je zdarma a cestovn\u00e9 n\u00e1klady (cestovn\u00e9 l\u00edstky na vlak \u010di letenky, ubytovanie, strava a poistenie) na \u00fa\u010das\u0165 v region\u00e1lnom semifin\u00e1le a celoeur\u00f3pskom fin\u00e1le bud\u00fa hraden\u00e9 organiz\u00e1tormi s\u00fa\u0165a\u017ee Odysseus do zmysluplnej v\u00fd\u0161ky pre jedn\u00e9ho u\u010dite\u013ea\/ved\u00faceho a maxim\u00e1lne troch s\u00fa\u0165a\u017eiacich.<\/li>\n<li>Ako na region\u00e1lnom semifin\u00e1le, tak aj na celoeur\u00f3pskom fin\u00e1le sa s\u00fa\u0165a\u017eiaci bud\u00fa z\u00fa\u010dast\u0148ova\u0165 radu \u010fal\u0161\u00edch sprievodn\u00fdch aktiv\u00edt spojen\u00fdch s vesm\u00edrom. Tie bud\u00fa organizovan\u00e9 a hraden\u00e9 organiz\u00e1tormi s\u00fa\u0165a\u017ee Odysseus.<\/li>\n<li>Je zodpovednos\u0165ou t\u00edmov\u00e9ho u\u010dite\u013ea\/ved\u00faceho, aby poskytol kompletn\u00e9 spr\u00e1vne inform\u00e1cie o ka\u017edom s\u00fa\u0165a\u017eiacom z dan\u00e9ho t\u00fdmu prostredn\u00edctvom registra\u010dn\u00e9ho formul\u00e1ra na str\u00e1nkach s\u00fa\u0165a\u017ee Odysseus.<\/li>\n<li>Ka\u017ed\u00fd neplnolet\u00fd \u00fa\u010dastn\u00edk (mlad\u0161\u00ed ako 18 rokov) mus\u00ed dolo\u017ei\u0165 s\u00fahlas rodi\u010dov, aby sa mohol s\u00fa\u0165a\u017ee z\u00fa\u010dastni\u0165.<\/li>\n<li>Rodi\u010dovsk\u00fd s\u00fahlas s cestou a \u00fa\u010das\u0165ou na region\u00e1lnom semifin\u00e1le a celoeur\u00f3pskom fin\u00e1le mus\u00ed by\u0165 poskytnut\u00fd ka\u017ed\u00e9mu \u00fa\u010dastn\u00edkovi mlad\u0161iemu ako osemn\u00e1s\u0165 (18) rokov \u00fa\u010dastniacemu sa dan\u00e9ho fin\u00e1le.<\/li>\n<li>Je zodpovednos\u0165ou t\u00edmov\u00e9ho u\u010dite\u013ea\/ved\u00faceho, aby organiz\u00e1torom poskytol podp\u00edsan\u00fd s\u00fahlas rodi\u010dov pre v\u0161etk\u00fdch svojich s\u00fa\u0165a\u017eiacich.<\/li>\n<li>Ka\u017ed\u00fd u\u010dite\u013e\/ved\u00faci m\u00f4\u017ee vie\u0161 najviac 4 t\u00edmy v s\u00fa\u0165a\u017ei.<\/li>\n<\/ul>\n","protected":false},"excerpt":{"rendered":"<p>S\u00fa\u0165a\u017ee sa m\u00f4\u017eu z\u00fa\u010dastni\u0165 \u0161tudenti od 14 do 18 rokov. To zah\u0155\u0148a \u017eiakov naroden\u00fdch medzi 1. apr\u00edlom 1997 a 31. marcom 2002 (vr\u00e1tane). \u201cPioneers\u201d pracuj\u00fa v t\u00edmoch s dvoma (2) a\u017e troma (3) \u010dlenmi, veden\u00fdch jedn\u00fdm u\u010dite\u013eom\/ved\u00facim. \u017diaci v r\u00e1mci jedn\u00e9ho t\u00edmu m\u00f4\u017eu by\u0165 z r\u00f4znych \u0161k\u00f4l v rovnakej krajine alebo z r\u00f4znych tried\/ro\u010dn\u00edkov z [&hellip;]<\/p>\n","protected":false},"author":5,"featured_media":0,"parent":5421,"menu_order":20,"comment_status":"closed","ping_status":"closed","template":"","meta":[],"acf":[],"yoast_head":"<!-- This site is optimized with the Yoast SEO plugin v19.14 - https:\/\/yoast.com\/wordpress\/plugins\/seo\/ -->\n<title>Pravidl\u00e1 - ODYSSEUS II<\/title>\n<meta name=\"robots\" content=\"index, follow, max-snippet:-1, max-image-preview:large, max-video-preview:-1\" \/>\n<link rel=\"canonical\" href=\"https:\/\/odysseus-contests.eu\/2016\/sk\/pioneers-7\/pravidla\/\" \/>\n<meta property=\"og:locale\" content=\"sk_SK\" \/>\n<meta property=\"og:type\" content=\"article\" \/>\n<meta property=\"og:title\" content=\"Pravidl\u00e1 - ODYSSEUS II\" \/>\n<meta property=\"og:description\" content=\"S\u00fa\u0165a\u017ee sa m\u00f4\u017eu z\u00fa\u010dastni\u0165 \u0161tudenti od 14 do 18 rokov. To zah\u0155\u0148a \u017eiakov naroden\u00fdch medzi 1. apr\u00edlom 1997 a 31. marcom 2002 (vr\u00e1tane). \u201cPioneers\u201d pracuj\u00fa v t\u00edmoch s dvoma (2) a\u017e troma (3) \u010dlenmi, veden\u00fdch jedn\u00fdm u\u010dite\u013eom\/ved\u00facim. \u017diaci v r\u00e1mci jedn\u00e9ho t\u00edmu m\u00f4\u017eu by\u0165 z r\u00f4znych \u0161k\u00f4l v rovnakej krajine alebo z r\u00f4znych tried\/ro\u010dn\u00edkov z [&hellip;]\" \/>\n<meta property=\"og:url\" content=\"https:\/\/odysseus-contests.eu\/2016\/sk\/pioneers-7\/pravidla\/\" \/>\n<meta property=\"og:site_name\" content=\"ODYSSEUS II\" \/>\n<meta property=\"article:modified_time\" content=\"2015-09-15T12:56:37+00:00\" \/>\n<meta name=\"twitter:card\" content=\"summary_large_image\" \/>\n<meta name=\"twitter:label1\" content=\"Predpokladan\u00fd \u010das \u010d\u00edtania\" \/>\n\t<meta name=\"twitter:data1\" content=\"5 min\u00fat\" \/>\n<script type=\"application\/ld+json\" class=\"yoast-schema-graph\">{\"@context\":\"https:\/\/schema.org\",\"@graph\":[{\"@type\":\"WebPage\",\"@id\":\"https:\/\/odysseus-contests.eu\/2016\/sk\/pioneers-7\/pravidla\/\",\"url\":\"https:\/\/odysseus-contests.eu\/2016\/sk\/pioneers-7\/pravidla\/\",\"name\":\"Pravidl\u00e1 - ODYSSEUS II\",\"isPartOf\":{\"@id\":\"https:\/\/odysseus-contests.eu\/2016\/de\/#website\"},\"datePublished\":\"2015-09-15T12:54:59+00:00\",\"dateModified\":\"2015-09-15T12:56:37+00:00\",\"breadcrumb\":{\"@id\":\"https:\/\/odysseus-contests.eu\/2016\/sk\/pioneers-7\/pravidla\/#breadcrumb\"},\"inLanguage\":\"sk-SK\",\"potentialAction\":[{\"@type\":\"ReadAction\",\"target\":[\"https:\/\/odysseus-contests.eu\/2016\/sk\/pioneers-7\/pravidla\/\"]}]},{\"@type\":\"BreadcrumbList\",\"@id\":\"https:\/\/odysseus-contests.eu\/2016\/sk\/pioneers-7\/pravidla\/#breadcrumb\",\"itemListElement\":[{\"@type\":\"ListItem\",\"position\":1,\"name\":\"Home\",\"item\":\"https:\/\/odysseus-contests.eu\/2016\/sk\/\"},{\"@type\":\"ListItem\",\"position\":2,\"name\":\"Pioneers\",\"item\":\"https:\/\/odysseus-contests.eu\/2016\/sk\/pioneers-7\/\"},{\"@type\":\"ListItem\",\"position\":3,\"name\":\"Pravidl\u00e1\"}]},{\"@type\":\"WebSite\",\"@id\":\"https:\/\/odysseus-contests.eu\/2016\/de\/#website\",\"url\":\"https:\/\/odysseus-contests.eu\/2016\/de\/\",\"name\":\"ODYSSEUS II\",\"description\":\"European Youth Space Contest \",\"potentialAction\":[{\"@type\":\"SearchAction\",\"target\":{\"@type\":\"EntryPoint\",\"urlTemplate\":\"https:\/\/odysseus-contests.eu\/2016\/de\/?s={search_term_string}\"},\"query-input\":\"required name=search_term_string\"}],\"inLanguage\":\"sk-SK\"}]}<\/script>\n<!-- \/ Yoast SEO plugin. -->","yoast_head_json":{"title":"Pravidl\u00e1 - ODYSSEUS II","robots":{"index":"index","follow":"follow","max-snippet":"max-snippet:-1","max-image-preview":"max-image-preview:large","max-video-preview":"max-video-preview:-1"},"canonical":"https:\/\/odysseus-contests.eu\/2016\/sk\/pioneers-7\/pravidla\/","og_locale":"sk_SK","og_type":"article","og_title":"Pravidl\u00e1 - ODYSSEUS II","og_description":"S\u00fa\u0165a\u017ee sa m\u00f4\u017eu z\u00fa\u010dastni\u0165 \u0161tudenti od 14 do 18 rokov. To zah\u0155\u0148a \u017eiakov naroden\u00fdch medzi 1. apr\u00edlom 1997 a 31. marcom 2002 (vr\u00e1tane). \u201cPioneers\u201d pracuj\u00fa v t\u00edmoch s dvoma (2) a\u017e troma (3) \u010dlenmi, veden\u00fdch jedn\u00fdm u\u010dite\u013eom\/ved\u00facim. \u017diaci v r\u00e1mci jedn\u00e9ho t\u00edmu m\u00f4\u017eu by\u0165 z r\u00f4znych \u0161k\u00f4l v rovnakej krajine alebo z r\u00f4znych tried\/ro\u010dn\u00edkov z [&hellip;]","og_url":"https:\/\/odysseus-contests.eu\/2016\/sk\/pioneers-7\/pravidla\/","og_site_name":"ODYSSEUS II","article_modified_time":"2015-09-15T12:56:37+00:00","twitter_card":"summary_large_image","twitter_misc":{"Predpokladan\u00fd \u010das \u010d\u00edtania":"5 min\u00fat"},"schema":{"@context":"https:\/\/schema.org","@graph":[{"@type":"WebPage","@id":"https:\/\/odysseus-contests.eu\/2016\/sk\/pioneers-7\/pravidla\/","url":"https:\/\/odysseus-contests.eu\/2016\/sk\/pioneers-7\/pravidla\/","name":"Pravidl\u00e1 - ODYSSEUS II","isPartOf":{"@id":"https:\/\/odysseus-contests.eu\/2016\/de\/#website"},"datePublished":"2015-09-15T12:54:59+00:00","dateModified":"2015-09-15T12:56:37+00:00","breadcrumb":{"@id":"https:\/\/odysseus-contests.eu\/2016\/sk\/pioneers-7\/pravidla\/#breadcrumb"},"inLanguage":"sk-SK","potentialAction":[{"@type":"ReadAction","target":["https:\/\/odysseus-contests.eu\/2016\/sk\/pioneers-7\/pravidla\/"]}]},{"@type":"BreadcrumbList","@id":"https:\/\/odysseus-contests.eu\/2016\/sk\/pioneers-7\/pravidla\/#breadcrumb","itemListElement":[{"@type":"ListItem","position":1,"name":"Home","item":"https:\/\/odysseus-contests.eu\/2016\/sk\/"},{"@type":"ListItem","position":2,"name":"Pioneers","item":"https:\/\/odysseus-contests.eu\/2016\/sk\/pioneers-7\/"},{"@type":"ListItem","position":3,"name":"Pravidl\u00e1"}]},{"@type":"WebSite","@id":"https:\/\/odysseus-contests.eu\/2016\/de\/#website","url":"https:\/\/odysseus-contests.eu\/2016\/de\/","name":"ODYSSEUS II","description":"European Youth Space Contest ","potentialAction":[{"@type":"SearchAction","target":{"@type":"EntryPoint","urlTemplate":"https:\/\/odysseus-contests.eu\/2016\/de\/?s={search_term_string}"},"query-input":"required name=search_term_string"}],"inLanguage":"sk-SK"}]}},"_links":{"self":[{"href":"https:\/\/odysseus-contests.eu\/2016\/sk\/wp-json\/wp\/v2\/pages\/5433"}],"collection":[{"href":"https:\/\/odysseus-contests.eu\/2016\/sk\/wp-json\/wp\/v2\/pages"}],"about":[{"href":"https:\/\/odysseus-contests.eu\/2016\/sk\/wp-json\/wp\/v2\/types\/page"}],"author":[{"embeddable":true,"href":"https:\/\/odysseus-contests.eu\/2016\/sk\/wp-json\/wp\/v2\/users\/5"}],"replies":[{"embeddable":true,"href":"https:\/\/odysseus-contests.eu\/2016\/sk\/wp-json\/wp\/v2\/comments?post=5433"}],"version-history":[{"count":0,"href":"https:\/\/odysseus-contests.eu\/2016\/sk\/wp-json\/wp\/v2\/pages\/5433\/revisions"}],"up":[{"embeddable":true,"href":"https:\/\/odysseus-contests.eu\/2016\/sk\/wp-json\/wp\/v2\/pages\/5421"}],"wp:attachment":[{"href":"https:\/\/odysseus-contests.eu\/2016\/sk\/wp-json\/wp\/v2\/media?parent=5433"}],"curies":[{"name":"wp","href":"https:\/\/api.w.org\/{rel}","templated":true}]}}