{"id":5405,"date":"2015-09-15T15:26:39","date_gmt":"2015-09-15T12:26:39","guid":{"rendered":"http:\/\/odysseus-contests.eu\/2016\/?page_id=5405"},"modified":"2016-01-26T18:12:18","modified_gmt":"2016-01-26T15:12:18","slug":"vseobecne","status":"publish","type":"page","link":"https:\/\/odysseus-contests.eu\/2016\/sk\/kniznica\/vseobecne\/","title":{"rendered":"V\u0161eobecn\u00e9"},"content":{"rendered":"<p><img decoding=\"async\" loading=\"lazy\" class=\"img-responsive alignleft wp-image-322 size-full\" src=\"http:\/\/odysseus-contests.eu\/2016\/wp-content\/uploads\/2015\/06\/content-resources-library-general.jpg\" alt=\"content-resources-library-general\" width=\"700\" height=\"400\" srcset=\"https:\/\/odysseus-contests.eu\/2016\/wp-content\/uploads\/2015\/06\/content-resources-library-general.jpg 700w, https:\/\/odysseus-contests.eu\/2016\/wp-content\/uploads\/2015\/06\/content-resources-library-general-300x171.jpg 300w\" sizes=\"(max-width: 700px) 100vw, 700px\" \/><\/p>\n<p>U\u017e \u010doskoro<\/p>\n<p>&nbsp;<\/p>\n<p>Links in other languages<\/p>\n<ul>\n<li><a href=\"http:\/\/odysseus-contests.eu\/2016\/?p=201\" target=\"_blank\">English<\/a><\/li>\n<li><a href=\"http:\/\/odysseus-contests.eu\/2016\/?p=1090\" target=\"_blank\">German<\/a><\/li>\n<li><a href=\"http:\/\/odysseus-contests.eu\/2016\/?p=1368\" target=\"_blank\">French<\/a><\/li>\n<li><a href=\"http:\/\/odysseus-contests.eu\/2016\/?p=3793\" target=\"_blank\">Spanish<\/a><\/li>\n<li><a href=\"http:\/\/odysseus-contests.eu\/2016\/?p=2128\" target=\"_blank\">Italian<\/a><\/li>\n<\/ul>\n<p>&nbsp;<\/p>\n","protected":false},"excerpt":{"rendered":"<p>U\u017e \u010doskoro &nbsp; Links in other languages English German French Spanish Italian &nbsp;<\/p>\n","protected":false},"author":5,"featured_media":0,"parent":5381,"menu_order":1,"comment_status":"closed","ping_status":"closed","template":"","meta":[],"acf":[],"yoast_head":"<!-- This site is optimized with the Yoast SEO plugin v19.14 - https:\/\/yoast.com\/wordpress\/plugins\/seo\/ -->\n<title>V\u0161eobecn\u00e9 - ODYSSEUS II<\/title>\n<meta name=\"robots\" content=\"index, follow, max-snippet:-1, max-image-preview:large, max-video-preview:-1\" \/>\n<link rel=\"canonical\" href=\"https:\/\/odysseus-contests.eu\/2016\/sk\/kniznica\/vseobecne\/\" \/>\n<meta property=\"og:locale\" content=\"sk_SK\" \/>\n<meta property=\"og:type\" content=\"article\" \/>\n<meta property=\"og:title\" content=\"V\u0161eobecn\u00e9 - ODYSSEUS II\" \/>\n<meta property=\"og:description\" content=\"U\u017e \u010doskoro &nbsp; Links in other languages English German French Spanish Italian &nbsp;\" \/>\n<meta property=\"og:url\" content=\"https:\/\/odysseus-contests.eu\/2016\/sk\/kniznica\/vseobecne\/\" \/>\n<meta property=\"og:site_name\" content=\"ODYSSEUS II\" \/>\n<meta property=\"article:modified_time\" content=\"2016-01-26T15:12:18+00:00\" \/>\n<meta property=\"og:image\" content=\"http:\/\/odysseus-contests.eu\/2016\/wp-content\/uploads\/2015\/06\/content-resources-library-general.jpg\" \/>\n<meta name=\"twitter:card\" content=\"summary_large_image\" \/>\n<script type=\"application\/ld+json\" class=\"yoast-schema-graph\">{\"@context\":\"https:\/\/schema.org\",\"@graph\":[{\"@type\":\"WebPage\",\"@id\":\"https:\/\/odysseus-contests.eu\/2016\/sk\/kniznica\/vseobecne\/\",\"url\":\"https:\/\/odysseus-contests.eu\/2016\/sk\/kniznica\/vseobecne\/\",\"name\":\"V\u0161eobecn\u00e9 - ODYSSEUS II\",\"isPartOf\":{\"@id\":\"https:\/\/odysseus-contests.eu\/2016\/de\/#website\"},\"datePublished\":\"2015-09-15T12:26:39+00:00\",\"dateModified\":\"2016-01-26T15:12:18+00:00\",\"breadcrumb\":{\"@id\":\"https:\/\/odysseus-contests.eu\/2016\/sk\/kniznica\/vseobecne\/#breadcrumb\"},\"inLanguage\":\"sk-SK\",\"potentialAction\":[{\"@type\":\"ReadAction\",\"target\":[\"https:\/\/odysseus-contests.eu\/2016\/sk\/kniznica\/vseobecne\/\"]}]},{\"@type\":\"BreadcrumbList\",\"@id\":\"https:\/\/odysseus-contests.eu\/2016\/sk\/kniznica\/vseobecne\/#breadcrumb\",\"itemListElement\":[{\"@type\":\"ListItem\",\"position\":1,\"name\":\"Home\",\"item\":\"https:\/\/odysseus-contests.eu\/2016\/sk\/\"},{\"@type\":\"ListItem\",\"position\":2,\"name\":\"Kni\u017enica\",\"item\":\"https:\/\/odysseus-contests.eu\/2016\/sk\/kniznica\/\"},{\"@type\":\"ListItem\",\"position\":3,\"name\":\"V\u0161eobecn\u00e9\"}]},{\"@type\":\"WebSite\",\"@id\":\"https:\/\/odysseus-contests.eu\/2016\/de\/#website\",\"url\":\"https:\/\/odysseus-contests.eu\/2016\/de\/\",\"name\":\"ODYSSEUS II\",\"description\":\"European Youth Space Contest \",\"potentialAction\":[{\"@type\":\"SearchAction\",\"target\":{\"@type\":\"EntryPoint\",\"urlTemplate\":\"https:\/\/odysseus-contests.eu\/2016\/de\/?s={search_term_string}\"},\"query-input\":\"required name=search_term_string\"}],\"inLanguage\":\"sk-SK\"}]}<\/script>\n<!-- \/ Yoast SEO plugin. -->","yoast_head_json":{"title":"V\u0161eobecn\u00e9 - ODYSSEUS II","robots":{"index":"index","follow":"follow","max-snippet":"max-snippet:-1","max-image-preview":"max-image-preview:large","max-video-preview":"max-video-preview:-1"},"canonical":"https:\/\/odysseus-contests.eu\/2016\/sk\/kniznica\/vseobecne\/","og_locale":"sk_SK","og_type":"article","og_title":"V\u0161eobecn\u00e9 - ODYSSEUS II","og_description":"U\u017e \u010doskoro &nbsp; Links in other languages English German French Spanish Italian &nbsp;","og_url":"https:\/\/odysseus-contests.eu\/2016\/sk\/kniznica\/vseobecne\/","og_site_name":"ODYSSEUS II","article_modified_time":"2016-01-26T15:12:18+00:00","og_image":[{"url":"http:\/\/odysseus-contests.eu\/2016\/wp-content\/uploads\/2015\/06\/content-resources-library-general.jpg"}],"twitter_card":"summary_large_image","schema":{"@context":"https:\/\/schema.org","@graph":[{"@type":"WebPage","@id":"https:\/\/odysseus-contests.eu\/2016\/sk\/kniznica\/vseobecne\/","url":"https:\/\/odysseus-contests.eu\/2016\/sk\/kniznica\/vseobecne\/","name":"V\u0161eobecn\u00e9 - ODYSSEUS II","isPartOf":{"@id":"https:\/\/odysseus-contests.eu\/2016\/de\/#website"},"datePublished":"2015-09-15T12:26:39+00:00","dateModified":"2016-01-26T15:12:18+00:00","breadcrumb":{"@id":"https:\/\/odysseus-contests.eu\/2016\/sk\/kniznica\/vseobecne\/#breadcrumb"},"inLanguage":"sk-SK","potentialAction":[{"@type":"ReadAction","target":["https:\/\/odysseus-contests.eu\/2016\/sk\/kniznica\/vseobecne\/"]}]},{"@type":"BreadcrumbList","@id":"https:\/\/odysseus-contests.eu\/2016\/sk\/kniznica\/vseobecne\/#breadcrumb","itemListElement":[{"@type":"ListItem","position":1,"name":"Home","item":"https:\/\/odysseus-contests.eu\/2016\/sk\/"},{"@type":"ListItem","position":2,"name":"Kni\u017enica","item":"https:\/\/odysseus-contests.eu\/2016\/sk\/kniznica\/"},{"@type":"ListItem","position":3,"name":"V\u0161eobecn\u00e9"}]},{"@type":"WebSite","@id":"https:\/\/odysseus-contests.eu\/2016\/de\/#website","url":"https:\/\/odysseus-contests.eu\/2016\/de\/","name":"ODYSSEUS II","description":"European Youth Space Contest ","potentialAction":[{"@type":"SearchAction","target":{"@type":"EntryPoint","urlTemplate":"https:\/\/odysseus-contests.eu\/2016\/de\/?s={search_term_string}"},"query-input":"required name=search_term_string"}],"inLanguage":"sk-SK"}]}},"_links":{"self":[{"href":"https:\/\/odysseus-contests.eu\/2016\/sk\/wp-json\/wp\/v2\/pages\/5405"}],"collection":[{"href":"https:\/\/odysseus-contests.eu\/2016\/sk\/wp-json\/wp\/v2\/pages"}],"about":[{"href":"https:\/\/odysseus-contests.eu\/2016\/sk\/wp-json\/wp\/v2\/types\/page"}],"author":[{"embeddable":true,"href":"https:\/\/odysseus-contests.eu\/2016\/sk\/wp-json\/wp\/v2\/users\/5"}],"replies":[{"embeddable":true,"href":"https:\/\/odysseus-contests.eu\/2016\/sk\/wp-json\/wp\/v2\/comments?post=5405"}],"version-history":[{"count":2,"href":"https:\/\/odysseus-contests.eu\/2016\/sk\/wp-json\/wp\/v2\/pages\/5405\/revisions"}],"predecessor-version":[{"id":7370,"href":"https:\/\/odysseus-contests.eu\/2016\/sk\/wp-json\/wp\/v2\/pages\/5405\/revisions\/7370"}],"up":[{"embeddable":true,"href":"https:\/\/odysseus-contests.eu\/2016\/sk\/wp-json\/wp\/v2\/pages\/5381"}],"wp:attachment":[{"href":"https:\/\/odysseus-contests.eu\/2016\/sk\/wp-json\/wp\/v2\/media?parent=5405"}],"curies":[{"name":"wp","href":"https:\/\/api.w.org\/{rel}","templated":true}]}}