{"id":5381,"date":"2015-09-15T15:19:13","date_gmt":"2015-09-15T12:19:13","guid":{"rendered":"http:\/\/odysseus-contests.eu\/2016\/?page_id=5381"},"modified":"2015-09-15T15:19:13","modified_gmt":"2015-09-15T12:19:13","slug":"kniznica","status":"publish","type":"page","link":"https:\/\/odysseus-contests.eu\/2016\/sk\/kniznica\/","title":{"rendered":"Kni\u017enica"},"content":{"rendered":"<p>Kni\u017enica s\u00fa\u0165a\u017ee Odysseus pre \u017eiakov a \u0161tudentov vyh\u013ead\u00e1va materi\u00e1ly o vesm\u00edrnych ved\u00e1ch a technike. Z\u00e1merom tejto kni\u017enice je by\u0165 z\u00e1bavnou a z\u00e1rove\u0148 vzdel\u00e1vacou, pon\u00faka\u0165 zauj\u00edmav\u00e9 odkazy na vesm\u00edr a zah\u0155\u0148aj\u00face materi\u00e1ly, ktor\u00e9 by mohly povzbudi\u0165 \u00fa\u010dastn\u00edkov k informovanosti a k vytvoreniu \u00faspe\u0161n\u00e9ho pr\u00edspevku. Povzbudzuje tie\u017e \u00fa\u010dastn\u00edkov s\u00fa\u0165a\u017ee Odysseus k tvorbe ich vlastn\u00e9ho v\u00fdskumu a dokumentov. S\u00fa\u0165a\u017eiaci m\u00f4\u017eu po\u017e\u00edva\u0165 n\u00e1pady, mater\u00e1ly a vedomosti, ktor\u00e9 s\u00fa pr\u00edstupn\u00e9 na internetov\u00fdch str\u00e1nkach a v kni\u017enici, pokia\u013e na ne vytvoria konkr\u00e9tne referencie a nenapodob\u0148uj\u00fa alebo nekop\u00edruj\u00fa pr\u00e1cu in\u00fdch \u013eud\u00ed v projekte, ktor\u00fd potom odovzdaj\u00fa do s\u00fa\u0165a\u017ee.<\/p>\n","protected":false},"excerpt":{"rendered":"<p>Kni\u017enica s\u00fa\u0165a\u017ee Odysseus pre \u017eiakov a \u0161tudentov vyh\u013ead\u00e1va materi\u00e1ly o vesm\u00edrnych ved\u00e1ch a technike. Z\u00e1merom tejto kni\u017enice je by\u0165 z\u00e1bavnou a z\u00e1rove\u0148 vzdel\u00e1vacou, pon\u00faka\u0165 zauj\u00edmav\u00e9 odkazy na vesm\u00edr a zah\u0155\u0148aj\u00face materi\u00e1ly, ktor\u00e9 by mohly povzbudi\u0165 \u00fa\u010dastn\u00edkov k informovanosti a k vytvoreniu \u00faspe\u0161n\u00e9ho pr\u00edspevku. Povzbudzuje tie\u017e \u00fa\u010dastn\u00edkov s\u00fa\u0165a\u017ee Odysseus k tvorbe ich vlastn\u00e9ho v\u00fdskumu a dokumentov. [&hellip;]<\/p>\n","protected":false},"author":5,"featured_media":0,"parent":0,"menu_order":0,"comment_status":"closed","ping_status":"closed","template":"","meta":[],"acf":[],"yoast_head":"<!-- This site is optimized with the Yoast SEO plugin v19.14 - https:\/\/yoast.com\/wordpress\/plugins\/seo\/ -->\n<title>Kni\u017enica - ODYSSEUS II<\/title>\n<meta name=\"robots\" content=\"index, follow, max-snippet:-1, max-image-preview:large, max-video-preview:-1\" \/>\n<link rel=\"canonical\" href=\"https:\/\/odysseus-contests.eu\/2016\/sk\/kniznica\/\" \/>\n<meta property=\"og:locale\" content=\"sk_SK\" \/>\n<meta property=\"og:type\" content=\"article\" \/>\n<meta property=\"og:title\" content=\"Kni\u017enica - ODYSSEUS II\" \/>\n<meta property=\"og:description\" content=\"Kni\u017enica s\u00fa\u0165a\u017ee Odysseus pre \u017eiakov a \u0161tudentov vyh\u013ead\u00e1va materi\u00e1ly o vesm\u00edrnych ved\u00e1ch a technike. Z\u00e1merom tejto kni\u017enice je by\u0165 z\u00e1bavnou a z\u00e1rove\u0148 vzdel\u00e1vacou, pon\u00faka\u0165 zauj\u00edmav\u00e9 odkazy na vesm\u00edr a zah\u0155\u0148aj\u00face materi\u00e1ly, ktor\u00e9 by mohly povzbudi\u0165 \u00fa\u010dastn\u00edkov k informovanosti a k vytvoreniu \u00faspe\u0161n\u00e9ho pr\u00edspevku. Povzbudzuje tie\u017e \u00fa\u010dastn\u00edkov s\u00fa\u0165a\u017ee Odysseus k tvorbe ich vlastn\u00e9ho v\u00fdskumu a dokumentov. [&hellip;]\" \/>\n<meta property=\"og:url\" content=\"https:\/\/odysseus-contests.eu\/2016\/sk\/kniznica\/\" \/>\n<meta property=\"og:site_name\" content=\"ODYSSEUS II\" \/>\n<meta name=\"twitter:card\" content=\"summary_large_image\" \/>\n<meta name=\"twitter:label1\" content=\"Predpokladan\u00fd \u010das \u010d\u00edtania\" \/>\n\t<meta name=\"twitter:data1\" content=\"1 min\u00fata\" \/>\n<script type=\"application\/ld+json\" class=\"yoast-schema-graph\">{\"@context\":\"https:\/\/schema.org\",\"@graph\":[{\"@type\":\"WebPage\",\"@id\":\"https:\/\/odysseus-contests.eu\/2016\/sk\/kniznica\/\",\"url\":\"https:\/\/odysseus-contests.eu\/2016\/sk\/kniznica\/\",\"name\":\"Kni\u017enica - ODYSSEUS II\",\"isPartOf\":{\"@id\":\"https:\/\/odysseus-contests.eu\/2016\/de\/#website\"},\"datePublished\":\"2015-09-15T12:19:13+00:00\",\"dateModified\":\"2015-09-15T12:19:13+00:00\",\"breadcrumb\":{\"@id\":\"https:\/\/odysseus-contests.eu\/2016\/sk\/kniznica\/#breadcrumb\"},\"inLanguage\":\"sk-SK\",\"potentialAction\":[{\"@type\":\"ReadAction\",\"target\":[\"https:\/\/odysseus-contests.eu\/2016\/sk\/kniznica\/\"]}]},{\"@type\":\"BreadcrumbList\",\"@id\":\"https:\/\/odysseus-contests.eu\/2016\/sk\/kniznica\/#breadcrumb\",\"itemListElement\":[{\"@type\":\"ListItem\",\"position\":1,\"name\":\"Home\",\"item\":\"https:\/\/odysseus-contests.eu\/2016\/sk\/\"},{\"@type\":\"ListItem\",\"position\":2,\"name\":\"Kni\u017enica\"}]},{\"@type\":\"WebSite\",\"@id\":\"https:\/\/odysseus-contests.eu\/2016\/de\/#website\",\"url\":\"https:\/\/odysseus-contests.eu\/2016\/de\/\",\"name\":\"ODYSSEUS II\",\"description\":\"European Youth Space Contest \",\"potentialAction\":[{\"@type\":\"SearchAction\",\"target\":{\"@type\":\"EntryPoint\",\"urlTemplate\":\"https:\/\/odysseus-contests.eu\/2016\/de\/?s={search_term_string}\"},\"query-input\":\"required name=search_term_string\"}],\"inLanguage\":\"sk-SK\"}]}<\/script>\n<!-- \/ Yoast SEO plugin. -->","yoast_head_json":{"title":"Kni\u017enica - ODYSSEUS II","robots":{"index":"index","follow":"follow","max-snippet":"max-snippet:-1","max-image-preview":"max-image-preview:large","max-video-preview":"max-video-preview:-1"},"canonical":"https:\/\/odysseus-contests.eu\/2016\/sk\/kniznica\/","og_locale":"sk_SK","og_type":"article","og_title":"Kni\u017enica - ODYSSEUS II","og_description":"Kni\u017enica s\u00fa\u0165a\u017ee Odysseus pre \u017eiakov a \u0161tudentov vyh\u013ead\u00e1va materi\u00e1ly o vesm\u00edrnych ved\u00e1ch a technike. Z\u00e1merom tejto kni\u017enice je by\u0165 z\u00e1bavnou a z\u00e1rove\u0148 vzdel\u00e1vacou, pon\u00faka\u0165 zauj\u00edmav\u00e9 odkazy na vesm\u00edr a zah\u0155\u0148aj\u00face materi\u00e1ly, ktor\u00e9 by mohly povzbudi\u0165 \u00fa\u010dastn\u00edkov k informovanosti a k vytvoreniu \u00faspe\u0161n\u00e9ho pr\u00edspevku. Povzbudzuje tie\u017e \u00fa\u010dastn\u00edkov s\u00fa\u0165a\u017ee Odysseus k tvorbe ich vlastn\u00e9ho v\u00fdskumu a dokumentov. [&hellip;]","og_url":"https:\/\/odysseus-contests.eu\/2016\/sk\/kniznica\/","og_site_name":"ODYSSEUS II","twitter_card":"summary_large_image","twitter_misc":{"Predpokladan\u00fd \u010das \u010d\u00edtania":"1 min\u00fata"},"schema":{"@context":"https:\/\/schema.org","@graph":[{"@type":"WebPage","@id":"https:\/\/odysseus-contests.eu\/2016\/sk\/kniznica\/","url":"https:\/\/odysseus-contests.eu\/2016\/sk\/kniznica\/","name":"Kni\u017enica - ODYSSEUS II","isPartOf":{"@id":"https:\/\/odysseus-contests.eu\/2016\/de\/#website"},"datePublished":"2015-09-15T12:19:13+00:00","dateModified":"2015-09-15T12:19:13+00:00","breadcrumb":{"@id":"https:\/\/odysseus-contests.eu\/2016\/sk\/kniznica\/#breadcrumb"},"inLanguage":"sk-SK","potentialAction":[{"@type":"ReadAction","target":["https:\/\/odysseus-contests.eu\/2016\/sk\/kniznica\/"]}]},{"@type":"BreadcrumbList","@id":"https:\/\/odysseus-contests.eu\/2016\/sk\/kniznica\/#breadcrumb","itemListElement":[{"@type":"ListItem","position":1,"name":"Home","item":"https:\/\/odysseus-contests.eu\/2016\/sk\/"},{"@type":"ListItem","position":2,"name":"Kni\u017enica"}]},{"@type":"WebSite","@id":"https:\/\/odysseus-contests.eu\/2016\/de\/#website","url":"https:\/\/odysseus-contests.eu\/2016\/de\/","name":"ODYSSEUS II","description":"European Youth Space Contest ","potentialAction":[{"@type":"SearchAction","target":{"@type":"EntryPoint","urlTemplate":"https:\/\/odysseus-contests.eu\/2016\/de\/?s={search_term_string}"},"query-input":"required name=search_term_string"}],"inLanguage":"sk-SK"}]}},"_links":{"self":[{"href":"https:\/\/odysseus-contests.eu\/2016\/sk\/wp-json\/wp\/v2\/pages\/5381"}],"collection":[{"href":"https:\/\/odysseus-contests.eu\/2016\/sk\/wp-json\/wp\/v2\/pages"}],"about":[{"href":"https:\/\/odysseus-contests.eu\/2016\/sk\/wp-json\/wp\/v2\/types\/page"}],"author":[{"embeddable":true,"href":"https:\/\/odysseus-contests.eu\/2016\/sk\/wp-json\/wp\/v2\/users\/5"}],"replies":[{"embeddable":true,"href":"https:\/\/odysseus-contests.eu\/2016\/sk\/wp-json\/wp\/v2\/comments?post=5381"}],"version-history":[{"count":0,"href":"https:\/\/odysseus-contests.eu\/2016\/sk\/wp-json\/wp\/v2\/pages\/5381\/revisions"}],"wp:attachment":[{"href":"https:\/\/odysseus-contests.eu\/2016\/sk\/wp-json\/wp\/v2\/media?parent=5381"}],"curies":[{"name":"wp","href":"https:\/\/api.w.org\/{rel}","templated":true}]}}