{"id":5372,"date":"2015-09-15T15:10:31","date_gmt":"2015-09-15T12:10:31","guid":{"rendered":"http:\/\/odysseus-contests.eu\/2016\/?page_id=5372"},"modified":"2015-09-15T15:10:31","modified_gmt":"2015-09-15T12:10:31","slug":"tipy-pre-uspech","status":"publish","type":"page","link":"https:\/\/odysseus-contests.eu\/2016\/sk\/explorers-3\/tipy-pre-uspech\/","title":{"rendered":"Tipy pre \u00faspech"},"content":{"rendered":"<ul>\n<li>Sna\u017e sa dokonale porozumie\u0165 zadaniu s\u00fa\u0165a\u017ee. Pre\u010d\u00edtaj si pozorne preh\u013ead s\u00fa\u0165a\u017ee a v\u0161etky jej s\u00fa\u010dasti.<\/li>\n<li>Zameraj svoju snahu na naplnenie \u0161pecifick\u00fdch hodnotiacich krit\u00e9ri\u00ed. Vedeck\u00fd v\u00fdbor sa sklad\u00e1 z profesion\u00e1lnych vedcov, v\u00fdskumn\u00fdch pracovn\u00edkov a pedag\u00f3gov. T\u00ed hodnotia ka\u017ed\u00fa \u010das\u0165 s\u00fa\u0165a\u017ee. Obsah, vr\u00e1tane vedeckej presnosti, bude ma\u0165 vplyv na ich rozhodovanie.<\/li>\n<li>Bu\u010f presn\u00fd a nep\u00ed\u0161 nie\u010do, \u010do si si pred t\u00fdm neoveril, a hlavne nep\u00ed\u0161 nie\u010do, \u010domu nerozumie\u0161. Pok\u00fas sa udr\u017eiava\u0165 konzistenciu textu a zbyto\u010dne ho nena\u0165ahuj. Konkr\u00e9tne zameran\u00e9 projekty bud\u00fa sk\u00f4r \u00faspe\u0161nej\u0161ie, preto\u017ee s\u00fa d\u00f4kladn\u00e9 a explicitn\u00e9. Pok\u00fas sa projekt nap\u00edsa\u0165 tak, \u017ee bude ma\u0165 logick\u00fa n\u00e1v\u00e4znos\u0165 a \u0161trukt\u00faru. Taktie\u017e sk\u00fas vytvori\u0165 atrakt\u00edvnu \u00fapravu.<\/li>\n<li>Pracuj na z\u00e1kladoch. Vzh\u013ead projektu je v\u017edy ukazovate\u013eom snahy \u0161tudenta. Elegantn\u00fd, dobre upraven\u00fd a \u010ditate\u013en\u00fd projekt bez pravopisn\u00fdch ch\u00fdb vytvor\u00ed v\u017edy lep\u0161\u00ed dojem. Odpor\u00fa\u010da sa, aby z\u00e1vere\u010dn\u00fa korekt\u00faru vykonal niekto, kto na projekte nepracoval.<\/li>\n<li>Vyh\u013eadaj podporu Mentora. Pozri sa na str\u00e1nky s\u00fa\u0165a\u017ee Odysseus (odkaz) a vyber si Mentora z tvojej krajiny.<\/li>\n<li>Pl\u00e1nuj dopredu. Urob si pl\u00e1n projektu, ur\u010di si hlavn\u00fd postup. Rozvrhni si projekt tak, aby si mal v pl\u00e1ne \u010das na skontrolovanie a prech\u00e1dzanie u\u017e hotovej pr\u00e1ce.<\/li>\n<li>Pou\u017ei \u0161abl\u00f3ny poskytnut\u00e9 usporiadate\u013emi s\u00fa\u0165a\u017ee na dokument\u00e1ciu projektu.<\/li>\n<li>Vyber si t\u00e9mu, ktor\u00e1 pre teba nie\u010do znamen\u00e1. U\u013eah\u010d\u00ed ti to s\u00fastredi\u0165 sa na projekt a venova\u0165 mu \u010das.<\/li>\n<li>Rozpracuj v\u00fdskumn\u00e9 ot\u00e1zky projektu, ktor\u00e9 ti pom\u00f4\u017eu definova\u0165, na \u010do tvoj projekt odpovie. Op\u00fdtaj sa s\u00e1m seba na vz\u0165ah medzi zameran\u00edm tvojho projektu a v\u00fdsledkom, ktor\u00fd chce\u0161 dosiahnu\u0165.<\/li>\n<li>Kresli si v\u00fdvojov\u00e9 diagramy k lep\u0161ej organiz\u00e1cii inform\u00e1ci\u00ed, ktor\u00e9 by si nazbieral na vesm\u00edrnu t\u00e9my a obzvl\u00e1\u0161\u0165 na t\u00e9mu tvojho projektu, pom\u00f4\u017eu ti pr\u00eds\u0165 na to, ako pou\u017ei\u0165 tieto inform\u00e1cie na nie\u010do zmyslupln\u00e9 v projekte.<\/li>\n<li>Pre\u010d\u00edtaj si a na\u0161tuduj si demo projekty na str\u00e1nkach Odysseus a Naj\u010dastej\u0161ie ot\u00e1zky.<\/li>\n<li>Op\u00fdtaj sa na ak\u00fako\u013evek dopl\u0148uj\u00facu ot\u00e1zku organiz\u00e1torov vyplnen\u00edm pr\u00edslu\u0161n\u00e9ho kontaktn\u00e9ho formul\u00e1ru.<\/li>\n<li>Zorganizuj si pom\u00f4cky, materi\u00e1ly a z\u00e1soby pre s\u00fa\u0165a\u017e.<\/li>\n<li>N\u00e1jdi si pomocn\u00fa str\u00e1nku o vesm\u00edre a zdroje relevantn\u00fdch materi\u00e1lov pre svoj projekt, ale dr\u017e sa seri\u00f3znych a d\u00f4veryhodn\u00fdch zdrojov (napr. Str\u00e1nky ESA alebo NASA a str\u00e1nky s pr\u00edponou .edu)<\/li>\n<li>Venuj dostatok \u010dasu orient\u00e1cii v podkladov\u00fdch inform\u00e1ci\u00e1ch k tvojej t\u00e9me.<\/li>\n<li>Uisti sa, \u017ee v\u0161etky fakty, ktor\u00e9 pou\u017e\u00edva\u0161 ako argument, s\u00fa preuk\u00e1zate\u013en\u00e9 z d\u00f4veryhodn\u00fdch zdrojov, pred t\u00fdm ne\u017e uv\u00e1\u017ei\u0161, \u017ee s\u00fa platn\u00e9.<\/li>\n<li>So svojim v\u00fdskumom cho\u010f do h\u013abky. Sk\u00fas sa nau\u010di\u0165 vedeck\u00fd koncept a by\u0165 detailn\u00fd tak, ako to len ide.<\/li>\n<li>Nenechaj sa odradi\u0165 pokia\u013e naraz\u00ed\u0161 na nejak\u00e9 probl\u00e9my pri tvoren\u00ed projektu. R\u00edm tie\u017e nebol postaven\u00fd za de\u0148.<\/li>\n<li>Bav sa! U\u017ei si cestu k vesm\u00edrnemu dobrodru\u017estvu!<\/li>\n<\/ul>\n","protected":false},"excerpt":{"rendered":"<p>Sna\u017e sa dokonale porozumie\u0165 zadaniu s\u00fa\u0165a\u017ee. Pre\u010d\u00edtaj si pozorne preh\u013ead s\u00fa\u0165a\u017ee a v\u0161etky jej s\u00fa\u010dasti. Zameraj svoju snahu na naplnenie \u0161pecifick\u00fdch hodnotiacich krit\u00e9ri\u00ed. Vedeck\u00fd v\u00fdbor sa sklad\u00e1 z profesion\u00e1lnych vedcov, v\u00fdskumn\u00fdch pracovn\u00edkov a pedag\u00f3gov. T\u00ed hodnotia ka\u017ed\u00fa \u010das\u0165 s\u00fa\u0165a\u017ee. Obsah, vr\u00e1tane vedeckej presnosti, bude ma\u0165 vplyv na ich rozhodovanie. Bu\u010f presn\u00fd a nep\u00ed\u0161 nie\u010do, \u010do [&hellip;]<\/p>\n","protected":false},"author":5,"featured_media":0,"parent":5356,"menu_order":80,"comment_status":"closed","ping_status":"closed","template":"","meta":[],"acf":[],"yoast_head":"<!-- This site is optimized with the Yoast SEO plugin v19.14 - https:\/\/yoast.com\/wordpress\/plugins\/seo\/ -->\n<title>Tipy pre \u00faspech - ODYSSEUS II<\/title>\n<meta name=\"robots\" content=\"index, follow, max-snippet:-1, max-image-preview:large, max-video-preview:-1\" \/>\n<link rel=\"canonical\" href=\"https:\/\/odysseus-contests.eu\/2016\/sk\/explorers-3\/tipy-pre-uspech\/\" \/>\n<meta property=\"og:locale\" content=\"sk_SK\" \/>\n<meta property=\"og:type\" content=\"article\" \/>\n<meta property=\"og:title\" content=\"Tipy pre \u00faspech - ODYSSEUS II\" \/>\n<meta property=\"og:description\" content=\"Sna\u017e sa dokonale porozumie\u0165 zadaniu s\u00fa\u0165a\u017ee. Pre\u010d\u00edtaj si pozorne preh\u013ead s\u00fa\u0165a\u017ee a v\u0161etky jej s\u00fa\u010dasti. Zameraj svoju snahu na naplnenie \u0161pecifick\u00fdch hodnotiacich krit\u00e9ri\u00ed. Vedeck\u00fd v\u00fdbor sa sklad\u00e1 z profesion\u00e1lnych vedcov, v\u00fdskumn\u00fdch pracovn\u00edkov a pedag\u00f3gov. T\u00ed hodnotia ka\u017ed\u00fa \u010das\u0165 s\u00fa\u0165a\u017ee. Obsah, vr\u00e1tane vedeckej presnosti, bude ma\u0165 vplyv na ich rozhodovanie. Bu\u010f presn\u00fd a nep\u00ed\u0161 nie\u010do, \u010do [&hellip;]\" \/>\n<meta property=\"og:url\" content=\"https:\/\/odysseus-contests.eu\/2016\/sk\/explorers-3\/tipy-pre-uspech\/\" \/>\n<meta property=\"og:site_name\" content=\"ODYSSEUS II\" \/>\n<meta name=\"twitter:card\" content=\"summary_large_image\" \/>\n<meta name=\"twitter:label1\" content=\"Predpokladan\u00fd \u010das \u010d\u00edtania\" \/>\n\t<meta name=\"twitter:data1\" content=\"3 min\u00faty\" \/>\n<script type=\"application\/ld+json\" class=\"yoast-schema-graph\">{\"@context\":\"https:\/\/schema.org\",\"@graph\":[{\"@type\":\"WebPage\",\"@id\":\"https:\/\/odysseus-contests.eu\/2016\/sk\/explorers-3\/tipy-pre-uspech\/\",\"url\":\"https:\/\/odysseus-contests.eu\/2016\/sk\/explorers-3\/tipy-pre-uspech\/\",\"name\":\"Tipy pre \u00faspech - ODYSSEUS II\",\"isPartOf\":{\"@id\":\"https:\/\/odysseus-contests.eu\/2016\/de\/#website\"},\"datePublished\":\"2015-09-15T12:10:31+00:00\",\"dateModified\":\"2015-09-15T12:10:31+00:00\",\"breadcrumb\":{\"@id\":\"https:\/\/odysseus-contests.eu\/2016\/sk\/explorers-3\/tipy-pre-uspech\/#breadcrumb\"},\"inLanguage\":\"sk-SK\",\"potentialAction\":[{\"@type\":\"ReadAction\",\"target\":[\"https:\/\/odysseus-contests.eu\/2016\/sk\/explorers-3\/tipy-pre-uspech\/\"]}]},{\"@type\":\"BreadcrumbList\",\"@id\":\"https:\/\/odysseus-contests.eu\/2016\/sk\/explorers-3\/tipy-pre-uspech\/#breadcrumb\",\"itemListElement\":[{\"@type\":\"ListItem\",\"position\":1,\"name\":\"Home\",\"item\":\"https:\/\/odysseus-contests.eu\/2016\/sk\/\"},{\"@type\":\"ListItem\",\"position\":2,\"name\":\"Explorers\",\"item\":\"https:\/\/odysseus-contests.eu\/2016\/sk\/explorers-3\/\"},{\"@type\":\"ListItem\",\"position\":3,\"name\":\"Tipy pre \u00faspech\"}]},{\"@type\":\"WebSite\",\"@id\":\"https:\/\/odysseus-contests.eu\/2016\/de\/#website\",\"url\":\"https:\/\/odysseus-contests.eu\/2016\/de\/\",\"name\":\"ODYSSEUS II\",\"description\":\"European Youth Space Contest \",\"potentialAction\":[{\"@type\":\"SearchAction\",\"target\":{\"@type\":\"EntryPoint\",\"urlTemplate\":\"https:\/\/odysseus-contests.eu\/2016\/de\/?s={search_term_string}\"},\"query-input\":\"required name=search_term_string\"}],\"inLanguage\":\"sk-SK\"}]}<\/script>\n<!-- \/ Yoast SEO plugin. -->","yoast_head_json":{"title":"Tipy pre \u00faspech - ODYSSEUS II","robots":{"index":"index","follow":"follow","max-snippet":"max-snippet:-1","max-image-preview":"max-image-preview:large","max-video-preview":"max-video-preview:-1"},"canonical":"https:\/\/odysseus-contests.eu\/2016\/sk\/explorers-3\/tipy-pre-uspech\/","og_locale":"sk_SK","og_type":"article","og_title":"Tipy pre \u00faspech - ODYSSEUS II","og_description":"Sna\u017e sa dokonale porozumie\u0165 zadaniu s\u00fa\u0165a\u017ee. Pre\u010d\u00edtaj si pozorne preh\u013ead s\u00fa\u0165a\u017ee a v\u0161etky jej s\u00fa\u010dasti. Zameraj svoju snahu na naplnenie \u0161pecifick\u00fdch hodnotiacich krit\u00e9ri\u00ed. Vedeck\u00fd v\u00fdbor sa sklad\u00e1 z profesion\u00e1lnych vedcov, v\u00fdskumn\u00fdch pracovn\u00edkov a pedag\u00f3gov. T\u00ed hodnotia ka\u017ed\u00fa \u010das\u0165 s\u00fa\u0165a\u017ee. Obsah, vr\u00e1tane vedeckej presnosti, bude ma\u0165 vplyv na ich rozhodovanie. Bu\u010f presn\u00fd a nep\u00ed\u0161 nie\u010do, \u010do [&hellip;]","og_url":"https:\/\/odysseus-contests.eu\/2016\/sk\/explorers-3\/tipy-pre-uspech\/","og_site_name":"ODYSSEUS II","twitter_card":"summary_large_image","twitter_misc":{"Predpokladan\u00fd \u010das \u010d\u00edtania":"3 min\u00faty"},"schema":{"@context":"https:\/\/schema.org","@graph":[{"@type":"WebPage","@id":"https:\/\/odysseus-contests.eu\/2016\/sk\/explorers-3\/tipy-pre-uspech\/","url":"https:\/\/odysseus-contests.eu\/2016\/sk\/explorers-3\/tipy-pre-uspech\/","name":"Tipy pre \u00faspech - ODYSSEUS II","isPartOf":{"@id":"https:\/\/odysseus-contests.eu\/2016\/de\/#website"},"datePublished":"2015-09-15T12:10:31+00:00","dateModified":"2015-09-15T12:10:31+00:00","breadcrumb":{"@id":"https:\/\/odysseus-contests.eu\/2016\/sk\/explorers-3\/tipy-pre-uspech\/#breadcrumb"},"inLanguage":"sk-SK","potentialAction":[{"@type":"ReadAction","target":["https:\/\/odysseus-contests.eu\/2016\/sk\/explorers-3\/tipy-pre-uspech\/"]}]},{"@type":"BreadcrumbList","@id":"https:\/\/odysseus-contests.eu\/2016\/sk\/explorers-3\/tipy-pre-uspech\/#breadcrumb","itemListElement":[{"@type":"ListItem","position":1,"name":"Home","item":"https:\/\/odysseus-contests.eu\/2016\/sk\/"},{"@type":"ListItem","position":2,"name":"Explorers","item":"https:\/\/odysseus-contests.eu\/2016\/sk\/explorers-3\/"},{"@type":"ListItem","position":3,"name":"Tipy pre \u00faspech"}]},{"@type":"WebSite","@id":"https:\/\/odysseus-contests.eu\/2016\/de\/#website","url":"https:\/\/odysseus-contests.eu\/2016\/de\/","name":"ODYSSEUS II","description":"European Youth Space Contest ","potentialAction":[{"@type":"SearchAction","target":{"@type":"EntryPoint","urlTemplate":"https:\/\/odysseus-contests.eu\/2016\/de\/?s={search_term_string}"},"query-input":"required name=search_term_string"}],"inLanguage":"sk-SK"}]}},"_links":{"self":[{"href":"https:\/\/odysseus-contests.eu\/2016\/sk\/wp-json\/wp\/v2\/pages\/5372"}],"collection":[{"href":"https:\/\/odysseus-contests.eu\/2016\/sk\/wp-json\/wp\/v2\/pages"}],"about":[{"href":"https:\/\/odysseus-contests.eu\/2016\/sk\/wp-json\/wp\/v2\/types\/page"}],"author":[{"embeddable":true,"href":"https:\/\/odysseus-contests.eu\/2016\/sk\/wp-json\/wp\/v2\/users\/5"}],"replies":[{"embeddable":true,"href":"https:\/\/odysseus-contests.eu\/2016\/sk\/wp-json\/wp\/v2\/comments?post=5372"}],"version-history":[{"count":0,"href":"https:\/\/odysseus-contests.eu\/2016\/sk\/wp-json\/wp\/v2\/pages\/5372\/revisions"}],"up":[{"embeddable":true,"href":"https:\/\/odysseus-contests.eu\/2016\/sk\/wp-json\/wp\/v2\/pages\/5356"}],"wp:attachment":[{"href":"https:\/\/odysseus-contests.eu\/2016\/sk\/wp-json\/wp\/v2\/media?parent=5372"}],"curies":[{"name":"wp","href":"https:\/\/api.w.org\/{rel}","templated":true}]}}