{"id":5358,"date":"2015-09-15T15:55:05","date_gmt":"2015-09-15T12:55:05","guid":{"rendered":"http:\/\/odysseus-contests.eu\/2016\/?page_id=5358"},"modified":"2015-09-15T16:00:03","modified_gmt":"2015-09-15T13:00:03","slug":"pravidla","status":"publish","type":"page","link":"https:\/\/odysseus-contests.eu\/2016\/sk\/explorers-3\/pravidla\/","title":{"rendered":"Pravidl\u00e1"},"content":{"rendered":"<ul>\n<li>S\u00fa\u0165a\u017e je otvoren\u00e1 vysoko\u0161kolsk\u00fdm \u0161tudentom od sedemn\u00e1s\u0165 (17) do dvadsa\u0165dva (22) rokov. To zah\u0155\u0148a \u0161tudentov naroden\u00fdch medzi 1. apr\u00edlom 1993 a 31. marcom 1999 (vr\u00e1tane).<\/li>\n<li>Explorers musia \u0161tudova\u0165 na univerzite v akademickom roku 2015\/2016<\/li>\n<li>Explorers s\u00fa\u0165a\u017eia ako jednotlivci alebo v dvojiciach a m\u00f4\u017eu si vybra\u0165 <strong><a href=\"http:\/\/odysseus-contests.eu\/2016\/sk\/resources\/siet-menotorov\/\" target=\"_blank\">mentora<\/a><\/strong>\u00a0pre vedeck\u00e9 a technick\u00e9 ot\u00e1zky svojho projektu.<\/li>\n<li>V\u0161etci s\u00fa\u0165a\u017eiaci musia odovzda\u0165 origin\u00e1lny projekt t\u00fdkaj\u00faci sa vesm\u00edru na jednu z t\u00e9m \u0161pecifikovan\u00fa pre kateg\u00f3riu Explorers.<\/li>\n<li>S\u00fa\u0165a\u017eiaci v kateg\u00f3rii Explorers m\u00f4\u017eu elektronicky odovzda\u0165 svoj pr\u00edspevok medzi 1. septembrom 2015 a 15. janu\u00e1rom 2016.<\/li>\n<li>V\u0161etky pr\u00edspevky musia by\u0165 vlastn\u00e9 pr\u00e1ce s\u00fa\u0165a\u017eiacich a musia by\u0165 vytvoren\u00e9 \u0161peci\u00e1lne pre t\u00fato s\u00fa\u0165a\u017e.<\/li>\n<li>\u2018Explorer\u2019 projekty bud\u00fa hodnoten\u00e9 v troch stup\u0148och:\n<ul>\n<li>V n\u00e1rodnom kole porotou z krajiny s\u00fa\u0165a\u017eiacich, ktor\u00e1 bude hodnoti\u0165 s\u00fa\u0165a\u017en\u00e9 pr\u00edspevky odoslan\u00e9 cez internet. To bude prebieha\u0165 medzi 16. janu\u00e1rom 2016 a 26. febru\u00e1rom 2016. N\u00e1rodn\u00ed v\u00ed\u0165azi bud\u00fa vyhl\u00e1sen\u00ed 28. febru\u00e1ra 2016. Pr\u00edspevky z kraj\u00edn mimo EU bud\u00fa priraden\u00e9 organiz\u00e1tormi s\u00fa\u0165a\u017ee k jednej z por\u00f4t pod\u013ea zvolen\u00e9ho jazyka s\u00fa\u0165a\u017eiacich.<\/li>\n<li>V region\u00e1lnom semifin\u00e1le nieko\u013ek\u00fdmi vybran\u00fdmi porotcami z predch\u00e1dzaj\u00faceho kola, ktor\u00ed bud\u00fa vybrat\u00ed z ka\u017edej krajiny dan\u00e9ho regi\u00f3nu. Hodnotenie projektov prebehne na semifin\u00e1le usporiadanom v ka\u017edom regi\u00f3ne. Semifin\u00e1le sa bud\u00fa z\u00fa\u010dast\u0148ova\u0165 n\u00e1rodn\u00ed v\u00ed\u0165azi z dan\u00e9ho regi\u00f3nu. T\u00edmy, ktor\u00e9 post\u00fapia do semifin\u00e1le, bud\u00fa prezentova\u0165 svoje projekty na\u017eivo pred porotou. Region\u00e1lne semifin\u00e1lov\u00e9 kol\u00e1 sa bud\u00fa kona\u0165 medi 15. marcom a 26. apr\u00edlom 2016. Presn\u00e9 d\u00e1tumy pre konkr\u00e9tne regi\u00f3ny bud\u00fa vyhl\u00e1sen\u00e9 na internetovej str\u00e1nke s\u00fa\u0165a\u017ee Odysseus.<\/li>\n<li>V medzin\u00e1rodnom kole porotou zlo\u017eenou z popredn\u00fdch osobnost\u00ed z oblast\u00ed vesm\u00edrneho v\u00fdskumu, vzdel\u00e1vania a vedy, V\u00ed\u0165azi region\u00e1lnych semifin\u00e1lov\u00fdch k\u00f4l postupuj\u00fa do celoeur\u00f3pskeho fin\u00e1le v Bruseli alebo Toulouse, kde bud\u00fa prezentova\u0165 svoje projekty porote. Celoeur\u00f3pske fin\u00e1le prebehne 4. a\u017e 7. j\u00fala 2016.<\/li>\n<\/ul>\n<\/li>\n<li>Po\u010det postupuj\u00facich z n\u00e1rodn\u00e9ho kola bude ur\u010den\u00fd na z\u00e1klade relat\u00edvneho po\u010dtu obyvate\u013eov s\u00fa\u0165a\u017eiacich \u0161t\u00e1tov a po\u010dtu pr\u00edspevkov v ka\u017edej tematickej kateg\u00f3rii. Organiz\u00e1tori s\u00fa\u0165a\u017ee Odysseus vyhl\u00e1sia v\u0161etk\u00fdch v\u00ed\u0165azov na n\u00e1rodnej a region\u00e1lnej \u00farovni prostredn\u00edctvom internetov\u00fdch str\u00e1nok s\u00fa\u0165a\u017ee.<\/li>\n<li>Po\u010das v\u00fdberu najlep\u0161\u00edch projektov na eur\u00f3pskej \u00farovni sa neprihliada na ob\u010dianstvo alebo bydlisko finalistov. To znamen\u00e1, \u017ee nie s\u00fa dan\u00e9 \u017eiadne kv\u00f3ty na z\u00e1klade po\u010dtu obyvate\u013eov a \u0161t\u00e1tov alebo pomerov prihl\u00e1sen\u00fdch s\u00fa\u0165a\u017eiacich.<\/li>\n<li>Porotci s\u00fa\u0165a\u017en\u00fdch projektov bud\u00fa ude\u013eova\u0165 body pod\u013ea nasleduj\u00facich krit\u00e9ri\u00ed (<em>presn\u00e9 percent\u00e1 priraden\u00e9 ku ka\u017ed\u00e9mu krit\u00e9riu bud\u00fa vyhl\u00e1sen\u00e9 na webov\u00fdch str\u00e1nkach pred zah\u00e1jen\u00edm registr\u00e1ci\u00ed<\/em>):\n<ul>\n<li>Akademick\u00e1 dokonalos\u0165 (presnos\u0165, n\u00e1ro\u010dnos\u0165)<\/li>\n<li>\u00a0 Relevancia k danej t\u00e9me<\/li>\n<li>\u00a0Schopnos\u0165 rie\u0161enia probl\u00e9mov<\/li>\n<li>\u00a0Originalita<\/li>\n<li>\u00a0Spolo\u010densk\u00fd pr\u00ednos<\/li>\n<li>Prezent\u00e1cia<\/li>\n<li>Technick\u00e1 hodnota a praktick\u00e9 vedomosti<\/li>\n<li>Zoh\u013eadnenie udr\u017eate\u013enosti a ovplyvnenia \u017eivotn\u00e9ho prostredia<\/li>\n<\/ul>\n<\/li>\n<li>Ka\u017ed\u00fd t\u00edm dostane zhrnutie hodnotenia poroty svojho projektu v dobe hodnotenia. Neskor\u0161\u00edm \u017eiadostiam o \u010fal\u0161ie hodnotenie nebude vyhoven\u00e9.<\/li>\n<li>Porota taktie\u017e vyhl\u00e1si nieko\u013eko zvl\u00e1\u0161tnych ocenen\u00ed aj pre nepostupuj\u00face t\u00edmy z ka\u017ed\u00e9ho kola, napr.:\n<ul>\n<li>Najlep\u0161ia grafika<\/li>\n<li>Najorigin\u00e1lnej\u0161\u00ed probl\u00e9m<\/li>\n<li>Najprofesion\u00e1lnej\u0161ia prezent\u00e1cia<\/li>\n<li>Umelecky najlep\u0161ie spracovan\u00fd pr\u00edspevok<\/li>\n<li>Najlep\u0161ie vyu\u017eitie hudby vo vedeckom projekte<\/li>\n<li>Najviac inovat\u00edvny pr\u00edstup k t\u00e9me<\/li>\n<li>Najviac ekologicky relevantn\u00fd projekt<\/li>\n<li>Najviac inovat\u00edvne rie\u0161enie probl\u00e9mu<\/li>\n<li>Najlep\u0161ie vyu\u017eitie poznatkov o vesm\u00edre<\/li>\n<\/ul>\n<\/li>\n<li>Ka\u017ed\u00fd t\u00fdm alebo jednotlivec kateg\u00f3rie \u201eExplorers\u201c dostane diplom potvrdzuj\u00faci \u00fa\u010das\u0165 v s\u00fa\u0165a\u017ei Odysseus.<\/li>\n<li>V\u0161etky v\u00ed\u0165azn\u00e9 projekty bud\u00fa vystaven\u00e9 v Sieni sl\u00e1vy na internetov\u00fdch str\u00e1nkach s\u00fa\u0165a\u017ee Odysseus a v\u0161etci \u00fa\u010dastn\u00edci, ktor\u00ed post\u00fapia do semifin\u00e1le, dostan\u00fa medaile v\u00ed\u0165azov a dar\u010dekov\u00e9 predmety s\u00fa\u0165a\u017ee Odysseus.<\/li>\n<li>\u00da\u010das\u0165 v s\u00fa\u0165a\u017ei je zdarma a cestovn\u00e9 n\u00e1klady (l\u00edstky na vlak \u010di letenky, ubytovanie, strava a poistenie) na \u00fa\u010das\u0165 v region\u00e1lnom semifin\u00e1le a celoeur\u00f3pskom fin\u00e1le bud\u00fa hraden\u00e9 organiz\u00e1tormi s\u00fa\u0165a\u017ee Odysseus do zmysluplnej v\u00fd\u0161ky.<\/li>\n<li>Ako na region\u00e1lnom semifin\u00e1le, tak na celoeur\u00f3pskom fin\u00e1le sa s\u00fa\u0165a\u017eiaci bud\u00fa \u00fa\u010dastni\u0165 \u010fal\u0161\u00edch aktiv\u00edt spojen\u00fdch s vesm\u00edrom. Tie bud\u00fa organizovan\u00e9 a hraden\u00e9 organiz\u00e1tormi s\u00fa\u0165a\u017ee Odysseus.<\/li>\n<\/ul>\n<p>S\u00fa\u0165a\u017eiaci v kateg\u00f3rii \u201cExplorers\u201d m\u00f4\u017eu\u00a0 po\u017eiada\u0165 o pomoc od <strong><a href=\"http:\/\/odysseus-contests.eu\/2016\/sk\/resources\/siet-menotorov\/\" target=\"_blank\">Mentora<\/a>\u00a0<\/strong>v technick\u00fdch \u010di vedeck\u00fdch z\u00e1le\u017eitostiach.<\/p>\n","protected":false},"excerpt":{"rendered":"<p>S\u00fa\u0165a\u017e je otvoren\u00e1 vysoko\u0161kolsk\u00fdm \u0161tudentom od sedemn\u00e1s\u0165 (17) do dvadsa\u0165dva (22) rokov. To zah\u0155\u0148a \u0161tudentov naroden\u00fdch medzi 1. apr\u00edlom 1993 a 31. marcom 1999 (vr\u00e1tane). Explorers musia \u0161tudova\u0165 na univerzite v akademickom roku 2015\/2016 Explorers s\u00fa\u0165a\u017eia ako jednotlivci alebo v dvojiciach a m\u00f4\u017eu si vybra\u0165 mentora\u00a0pre vedeck\u00e9 a technick\u00e9 ot\u00e1zky svojho projektu. V\u0161etci s\u00fa\u0165a\u017eiaci musia [&hellip;]<\/p>\n","protected":false},"author":5,"featured_media":0,"parent":5356,"menu_order":0,"comment_status":"closed","ping_status":"closed","template":"","meta":[],"acf":[],"yoast_head":"<!-- This site is optimized with the Yoast SEO plugin v19.14 - https:\/\/yoast.com\/wordpress\/plugins\/seo\/ -->\n<title>Pravidl\u00e1 - ODYSSEUS II<\/title>\n<meta name=\"robots\" content=\"index, follow, max-snippet:-1, max-image-preview:large, max-video-preview:-1\" \/>\n<link rel=\"canonical\" href=\"https:\/\/odysseus-contests.eu\/2016\/sk\/explorers-3\/pravidla\/\" \/>\n<meta property=\"og:locale\" content=\"sk_SK\" \/>\n<meta property=\"og:type\" content=\"article\" \/>\n<meta property=\"og:title\" content=\"Pravidl\u00e1 - ODYSSEUS II\" \/>\n<meta property=\"og:description\" content=\"S\u00fa\u0165a\u017e je otvoren\u00e1 vysoko\u0161kolsk\u00fdm \u0161tudentom od sedemn\u00e1s\u0165 (17) do dvadsa\u0165dva (22) rokov. To zah\u0155\u0148a \u0161tudentov naroden\u00fdch medzi 1. apr\u00edlom 1993 a 31. marcom 1999 (vr\u00e1tane). Explorers musia \u0161tudova\u0165 na univerzite v akademickom roku 2015\/2016 Explorers s\u00fa\u0165a\u017eia ako jednotlivci alebo v dvojiciach a m\u00f4\u017eu si vybra\u0165 mentora\u00a0pre vedeck\u00e9 a technick\u00e9 ot\u00e1zky svojho projektu. V\u0161etci s\u00fa\u0165a\u017eiaci musia [&hellip;]\" \/>\n<meta property=\"og:url\" content=\"https:\/\/odysseus-contests.eu\/2016\/sk\/explorers-3\/pravidla\/\" \/>\n<meta property=\"og:site_name\" content=\"ODYSSEUS II\" \/>\n<meta property=\"article:modified_time\" content=\"2015-09-15T13:00:03+00:00\" \/>\n<meta name=\"twitter:card\" content=\"summary_large_image\" \/>\n<meta name=\"twitter:label1\" content=\"Predpokladan\u00fd \u010das \u010d\u00edtania\" \/>\n\t<meta name=\"twitter:data1\" content=\"4 min\u00faty\" \/>\n<script type=\"application\/ld+json\" class=\"yoast-schema-graph\">{\"@context\":\"https:\/\/schema.org\",\"@graph\":[{\"@type\":\"WebPage\",\"@id\":\"https:\/\/odysseus-contests.eu\/2016\/sk\/explorers-3\/pravidla\/\",\"url\":\"https:\/\/odysseus-contests.eu\/2016\/sk\/explorers-3\/pravidla\/\",\"name\":\"Pravidl\u00e1 - ODYSSEUS II\",\"isPartOf\":{\"@id\":\"https:\/\/odysseus-contests.eu\/2016\/de\/#website\"},\"datePublished\":\"2015-09-15T12:55:05+00:00\",\"dateModified\":\"2015-09-15T13:00:03+00:00\",\"breadcrumb\":{\"@id\":\"https:\/\/odysseus-contests.eu\/2016\/sk\/explorers-3\/pravidla\/#breadcrumb\"},\"inLanguage\":\"sk-SK\",\"potentialAction\":[{\"@type\":\"ReadAction\",\"target\":[\"https:\/\/odysseus-contests.eu\/2016\/sk\/explorers-3\/pravidla\/\"]}]},{\"@type\":\"BreadcrumbList\",\"@id\":\"https:\/\/odysseus-contests.eu\/2016\/sk\/explorers-3\/pravidla\/#breadcrumb\",\"itemListElement\":[{\"@type\":\"ListItem\",\"position\":1,\"name\":\"Home\",\"item\":\"https:\/\/odysseus-contests.eu\/2016\/sk\/\"},{\"@type\":\"ListItem\",\"position\":2,\"name\":\"Explorers\",\"item\":\"https:\/\/odysseus-contests.eu\/2016\/sk\/explorers-3\/\"},{\"@type\":\"ListItem\",\"position\":3,\"name\":\"Pravidl\u00e1\"}]},{\"@type\":\"WebSite\",\"@id\":\"https:\/\/odysseus-contests.eu\/2016\/de\/#website\",\"url\":\"https:\/\/odysseus-contests.eu\/2016\/de\/\",\"name\":\"ODYSSEUS II\",\"description\":\"European Youth Space Contest \",\"potentialAction\":[{\"@type\":\"SearchAction\",\"target\":{\"@type\":\"EntryPoint\",\"urlTemplate\":\"https:\/\/odysseus-contests.eu\/2016\/de\/?s={search_term_string}\"},\"query-input\":\"required name=search_term_string\"}],\"inLanguage\":\"sk-SK\"}]}<\/script>\n<!-- \/ Yoast SEO plugin. -->","yoast_head_json":{"title":"Pravidl\u00e1 - ODYSSEUS II","robots":{"index":"index","follow":"follow","max-snippet":"max-snippet:-1","max-image-preview":"max-image-preview:large","max-video-preview":"max-video-preview:-1"},"canonical":"https:\/\/odysseus-contests.eu\/2016\/sk\/explorers-3\/pravidla\/","og_locale":"sk_SK","og_type":"article","og_title":"Pravidl\u00e1 - ODYSSEUS II","og_description":"S\u00fa\u0165a\u017e je otvoren\u00e1 vysoko\u0161kolsk\u00fdm \u0161tudentom od sedemn\u00e1s\u0165 (17) do dvadsa\u0165dva (22) rokov. To zah\u0155\u0148a \u0161tudentov naroden\u00fdch medzi 1. apr\u00edlom 1993 a 31. marcom 1999 (vr\u00e1tane). Explorers musia \u0161tudova\u0165 na univerzite v akademickom roku 2015\/2016 Explorers s\u00fa\u0165a\u017eia ako jednotlivci alebo v dvojiciach a m\u00f4\u017eu si vybra\u0165 mentora\u00a0pre vedeck\u00e9 a technick\u00e9 ot\u00e1zky svojho projektu. V\u0161etci s\u00fa\u0165a\u017eiaci musia [&hellip;]","og_url":"https:\/\/odysseus-contests.eu\/2016\/sk\/explorers-3\/pravidla\/","og_site_name":"ODYSSEUS II","article_modified_time":"2015-09-15T13:00:03+00:00","twitter_card":"summary_large_image","twitter_misc":{"Predpokladan\u00fd \u010das \u010d\u00edtania":"4 min\u00faty"},"schema":{"@context":"https:\/\/schema.org","@graph":[{"@type":"WebPage","@id":"https:\/\/odysseus-contests.eu\/2016\/sk\/explorers-3\/pravidla\/","url":"https:\/\/odysseus-contests.eu\/2016\/sk\/explorers-3\/pravidla\/","name":"Pravidl\u00e1 - ODYSSEUS II","isPartOf":{"@id":"https:\/\/odysseus-contests.eu\/2016\/de\/#website"},"datePublished":"2015-09-15T12:55:05+00:00","dateModified":"2015-09-15T13:00:03+00:00","breadcrumb":{"@id":"https:\/\/odysseus-contests.eu\/2016\/sk\/explorers-3\/pravidla\/#breadcrumb"},"inLanguage":"sk-SK","potentialAction":[{"@type":"ReadAction","target":["https:\/\/odysseus-contests.eu\/2016\/sk\/explorers-3\/pravidla\/"]}]},{"@type":"BreadcrumbList","@id":"https:\/\/odysseus-contests.eu\/2016\/sk\/explorers-3\/pravidla\/#breadcrumb","itemListElement":[{"@type":"ListItem","position":1,"name":"Home","item":"https:\/\/odysseus-contests.eu\/2016\/sk\/"},{"@type":"ListItem","position":2,"name":"Explorers","item":"https:\/\/odysseus-contests.eu\/2016\/sk\/explorers-3\/"},{"@type":"ListItem","position":3,"name":"Pravidl\u00e1"}]},{"@type":"WebSite","@id":"https:\/\/odysseus-contests.eu\/2016\/de\/#website","url":"https:\/\/odysseus-contests.eu\/2016\/de\/","name":"ODYSSEUS II","description":"European Youth Space Contest ","potentialAction":[{"@type":"SearchAction","target":{"@type":"EntryPoint","urlTemplate":"https:\/\/odysseus-contests.eu\/2016\/de\/?s={search_term_string}"},"query-input":"required name=search_term_string"}],"inLanguage":"sk-SK"}]}},"_links":{"self":[{"href":"https:\/\/odysseus-contests.eu\/2016\/sk\/wp-json\/wp\/v2\/pages\/5358"}],"collection":[{"href":"https:\/\/odysseus-contests.eu\/2016\/sk\/wp-json\/wp\/v2\/pages"}],"about":[{"href":"https:\/\/odysseus-contests.eu\/2016\/sk\/wp-json\/wp\/v2\/types\/page"}],"author":[{"embeddable":true,"href":"https:\/\/odysseus-contests.eu\/2016\/sk\/wp-json\/wp\/v2\/users\/5"}],"replies":[{"embeddable":true,"href":"https:\/\/odysseus-contests.eu\/2016\/sk\/wp-json\/wp\/v2\/comments?post=5358"}],"version-history":[{"count":0,"href":"https:\/\/odysseus-contests.eu\/2016\/sk\/wp-json\/wp\/v2\/pages\/5358\/revisions"}],"up":[{"embeddable":true,"href":"https:\/\/odysseus-contests.eu\/2016\/sk\/wp-json\/wp\/v2\/pages\/5356"}],"wp:attachment":[{"href":"https:\/\/odysseus-contests.eu\/2016\/sk\/wp-json\/wp\/v2\/media?parent=5358"}],"curies":[{"name":"wp","href":"https:\/\/api.w.org\/{rel}","templated":true}]}}