{"id":5351,"date":"2015-09-15T14:40:49","date_gmt":"2015-09-15T11:40:49","guid":{"rendered":"http:\/\/odysseus-contests.eu\/2016\/?page_id=5351"},"modified":"2015-09-15T22:30:38","modified_gmt":"2015-09-15T19:30:38","slug":"vseobecne-informacie","status":"publish","type":"page","link":"https:\/\/odysseus-contests.eu\/2016\/sk\/o-sutazi-odysseus\/vseobecne-informacie\/","title":{"rendered":"V\u0161eobecn\u00e9 inform\u00e1cie"},"content":{"rendered":"<p>V\u00fdzva ml\u00e1de\u017e pre vesm\u00edr \u2013 projekt ODYSSEUS II si kladie za cie\u013e in\u0161pirova\u0165 mlad\u00fdch \u013eud\u00ed z celej Eur\u00f3py a zapoji\u0165 ich do objavovania vesm\u00edru cez s\u00e9riu vzdel\u00e1vac\u00edch aktiv\u00edt, ktor\u00e9 bud\u00fa kombin\u00e1ciou u\u010denia, vedy a z\u00e1\u017eitkov. Prostredn\u00edctvom z\u00e1bavnej a z\u00e1rove\u0148 vzdel\u00e1vacej s\u00fa\u0165a\u017ee, ktor\u00e1 bude organizovan\u00e1 v nieko\u013ek\u00fdch kol\u00e1ch a je zameran\u00e1 na \u017eiakov a \u0161tudentov v Eur\u00f3pe, \u010di u\u017e b\u00fdvaj\u00fa kdeko\u013evek, bez oh\u013eadu na ich kult\u00farne z\u00e1zemie a jazyk, ktor\u00fdm hovoria, projekt chce podporova\u0165 zrod nov\u00fdch mlad\u00fdch kvalitn\u00fdch vedcov, in\u017einierov a technikov v oblastiach relevantn\u00fdch pre vesm\u00edrnu politiku EU.<\/p>\n<p><img decoding=\"async\" loading=\"lazy\" class=\"img-responsive alignleft wp-image-5674 size-full\" src=\"http:\/\/odysseus-contests.eu\/2016\/wp-content\/uploads\/2015\/09\/Stages_SLOVAK-2.jpeg\" alt=\"Stages\" width=\"700\" height=\"440\" srcset=\"https:\/\/odysseus-contests.eu\/2016\/wp-content\/uploads\/2015\/09\/Stages_SLOVAK-2.jpeg 700w, https:\/\/odysseus-contests.eu\/2016\/wp-content\/uploads\/2015\/09\/Stages_SLOVAK-2-300x189.jpeg 300w\" sizes=\"(max-width: 700px) 100vw, 700px\" \/><\/p>\n<p>&nbsp;<\/p>\n<p>&nbsp;<\/p>\n<p>&nbsp;<\/p>\n<p>&nbsp;<\/p>\n<p>&nbsp;<\/p>\n<p>&nbsp;<\/p>\n<p><img decoding=\"async\" loading=\"lazy\" class=\"img-responsive alignleft wp-image-5659 size-full\" src=\"http:\/\/odysseus-contests.eu\/2016\/wp-content\/uploads\/2015\/09\/Stages_SLOVAK-1.jpeg\" alt=\"Stages\" width=\"700\" height=\"440\" srcset=\"https:\/\/odysseus-contests.eu\/2016\/wp-content\/uploads\/2015\/09\/Stages_SLOVAK-1.jpeg 700w, https:\/\/odysseus-contests.eu\/2016\/wp-content\/uploads\/2015\/09\/Stages_SLOVAK-1-300x189.jpeg 300w\" sizes=\"(max-width: 700px) 100vw, 700px\" \/><\/p>\n","protected":false},"excerpt":{"rendered":"<p>V\u00fdzva ml\u00e1de\u017e pre vesm\u00edr \u2013 projekt ODYSSEUS II si kladie za cie\u013e in\u0161pirova\u0165 mlad\u00fdch \u013eud\u00ed z celej Eur\u00f3py a zapoji\u0165 ich do objavovania vesm\u00edru cez s\u00e9riu vzdel\u00e1vac\u00edch aktiv\u00edt, ktor\u00e9 bud\u00fa kombin\u00e1ciou u\u010denia, vedy a z\u00e1\u017eitkov. Prostredn\u00edctvom z\u00e1bavnej a z\u00e1rove\u0148 vzdel\u00e1vacej s\u00fa\u0165a\u017ee, ktor\u00e1 bude organizovan\u00e1 v nieko\u013ek\u00fdch kol\u00e1ch a je zameran\u00e1 na \u017eiakov a \u0161tudentov v [&hellip;]<\/p>\n","protected":false},"author":5,"featured_media":0,"parent":5345,"menu_order":0,"comment_status":"closed","ping_status":"closed","template":"","meta":[],"acf":[],"yoast_head":"<!-- This site is optimized with the Yoast SEO plugin v19.14 - https:\/\/yoast.com\/wordpress\/plugins\/seo\/ -->\n<title>V\u0161eobecn\u00e9 inform\u00e1cie - ODYSSEUS II<\/title>\n<meta name=\"robots\" content=\"index, follow, max-snippet:-1, max-image-preview:large, max-video-preview:-1\" \/>\n<link rel=\"canonical\" href=\"https:\/\/odysseus-contests.eu\/2016\/sk\/o-sutazi-odysseus\/vseobecne-informacie\/\" \/>\n<meta property=\"og:locale\" content=\"sk_SK\" \/>\n<meta property=\"og:type\" content=\"article\" \/>\n<meta property=\"og:title\" content=\"V\u0161eobecn\u00e9 inform\u00e1cie - ODYSSEUS II\" \/>\n<meta property=\"og:description\" content=\"V\u00fdzva ml\u00e1de\u017e pre vesm\u00edr \u2013 projekt ODYSSEUS II si kladie za cie\u013e in\u0161pirova\u0165 mlad\u00fdch \u013eud\u00ed z celej Eur\u00f3py a zapoji\u0165 ich do objavovania vesm\u00edru cez s\u00e9riu vzdel\u00e1vac\u00edch aktiv\u00edt, ktor\u00e9 bud\u00fa kombin\u00e1ciou u\u010denia, vedy a z\u00e1\u017eitkov. Prostredn\u00edctvom z\u00e1bavnej a z\u00e1rove\u0148 vzdel\u00e1vacej s\u00fa\u0165a\u017ee, ktor\u00e1 bude organizovan\u00e1 v nieko\u013ek\u00fdch kol\u00e1ch a je zameran\u00e1 na \u017eiakov a \u0161tudentov v [&hellip;]\" \/>\n<meta property=\"og:url\" content=\"https:\/\/odysseus-contests.eu\/2016\/sk\/o-sutazi-odysseus\/vseobecne-informacie\/\" \/>\n<meta property=\"og:site_name\" content=\"ODYSSEUS II\" \/>\n<meta property=\"article:modified_time\" content=\"2015-09-15T19:30:38+00:00\" \/>\n<meta property=\"og:image\" content=\"http:\/\/odysseus-contests.eu\/2016\/wp-content\/uploads\/2015\/09\/Stages_SLOVAK-2.jpeg\" \/>\n<meta name=\"twitter:card\" content=\"summary_large_image\" \/>\n<meta name=\"twitter:label1\" content=\"Predpokladan\u00fd \u010das \u010d\u00edtania\" \/>\n\t<meta name=\"twitter:data1\" content=\"1 min\u00fata\" \/>\n<script type=\"application\/ld+json\" class=\"yoast-schema-graph\">{\"@context\":\"https:\/\/schema.org\",\"@graph\":[{\"@type\":\"WebPage\",\"@id\":\"https:\/\/odysseus-contests.eu\/2016\/sk\/o-sutazi-odysseus\/vseobecne-informacie\/\",\"url\":\"https:\/\/odysseus-contests.eu\/2016\/sk\/o-sutazi-odysseus\/vseobecne-informacie\/\",\"name\":\"V\u0161eobecn\u00e9 inform\u00e1cie - ODYSSEUS II\",\"isPartOf\":{\"@id\":\"https:\/\/odysseus-contests.eu\/2016\/de\/#website\"},\"datePublished\":\"2015-09-15T11:40:49+00:00\",\"dateModified\":\"2015-09-15T19:30:38+00:00\",\"breadcrumb\":{\"@id\":\"https:\/\/odysseus-contests.eu\/2016\/sk\/o-sutazi-odysseus\/vseobecne-informacie\/#breadcrumb\"},\"inLanguage\":\"sk-SK\",\"potentialAction\":[{\"@type\":\"ReadAction\",\"target\":[\"https:\/\/odysseus-contests.eu\/2016\/sk\/o-sutazi-odysseus\/vseobecne-informacie\/\"]}]},{\"@type\":\"BreadcrumbList\",\"@id\":\"https:\/\/odysseus-contests.eu\/2016\/sk\/o-sutazi-odysseus\/vseobecne-informacie\/#breadcrumb\",\"itemListElement\":[{\"@type\":\"ListItem\",\"position\":1,\"name\":\"Home\",\"item\":\"https:\/\/odysseus-contests.eu\/2016\/sk\/\"},{\"@type\":\"ListItem\",\"position\":2,\"name\":\"O s\u00fa\u0165a\u017ei Odysseus\",\"item\":\"https:\/\/odysseus-contests.eu\/2016\/sk\/o-sutazi-odysseus\/\"},{\"@type\":\"ListItem\",\"position\":3,\"name\":\"V\u0161eobecn\u00e9 inform\u00e1cie\"}]},{\"@type\":\"WebSite\",\"@id\":\"https:\/\/odysseus-contests.eu\/2016\/de\/#website\",\"url\":\"https:\/\/odysseus-contests.eu\/2016\/de\/\",\"name\":\"ODYSSEUS II\",\"description\":\"European Youth Space Contest \",\"potentialAction\":[{\"@type\":\"SearchAction\",\"target\":{\"@type\":\"EntryPoint\",\"urlTemplate\":\"https:\/\/odysseus-contests.eu\/2016\/de\/?s={search_term_string}\"},\"query-input\":\"required name=search_term_string\"}],\"inLanguage\":\"sk-SK\"}]}<\/script>\n<!-- \/ Yoast SEO plugin. -->","yoast_head_json":{"title":"V\u0161eobecn\u00e9 inform\u00e1cie - ODYSSEUS II","robots":{"index":"index","follow":"follow","max-snippet":"max-snippet:-1","max-image-preview":"max-image-preview:large","max-video-preview":"max-video-preview:-1"},"canonical":"https:\/\/odysseus-contests.eu\/2016\/sk\/o-sutazi-odysseus\/vseobecne-informacie\/","og_locale":"sk_SK","og_type":"article","og_title":"V\u0161eobecn\u00e9 inform\u00e1cie - ODYSSEUS II","og_description":"V\u00fdzva ml\u00e1de\u017e pre vesm\u00edr \u2013 projekt ODYSSEUS II si kladie za cie\u013e in\u0161pirova\u0165 mlad\u00fdch \u013eud\u00ed z celej Eur\u00f3py a zapoji\u0165 ich do objavovania vesm\u00edru cez s\u00e9riu vzdel\u00e1vac\u00edch aktiv\u00edt, ktor\u00e9 bud\u00fa kombin\u00e1ciou u\u010denia, vedy a z\u00e1\u017eitkov. Prostredn\u00edctvom z\u00e1bavnej a z\u00e1rove\u0148 vzdel\u00e1vacej s\u00fa\u0165a\u017ee, ktor\u00e1 bude organizovan\u00e1 v nieko\u013ek\u00fdch kol\u00e1ch a je zameran\u00e1 na \u017eiakov a \u0161tudentov v [&hellip;]","og_url":"https:\/\/odysseus-contests.eu\/2016\/sk\/o-sutazi-odysseus\/vseobecne-informacie\/","og_site_name":"ODYSSEUS II","article_modified_time":"2015-09-15T19:30:38+00:00","og_image":[{"url":"http:\/\/odysseus-contests.eu\/2016\/wp-content\/uploads\/2015\/09\/Stages_SLOVAK-2.jpeg"}],"twitter_card":"summary_large_image","twitter_misc":{"Predpokladan\u00fd \u010das \u010d\u00edtania":"1 min\u00fata"},"schema":{"@context":"https:\/\/schema.org","@graph":[{"@type":"WebPage","@id":"https:\/\/odysseus-contests.eu\/2016\/sk\/o-sutazi-odysseus\/vseobecne-informacie\/","url":"https:\/\/odysseus-contests.eu\/2016\/sk\/o-sutazi-odysseus\/vseobecne-informacie\/","name":"V\u0161eobecn\u00e9 inform\u00e1cie - ODYSSEUS II","isPartOf":{"@id":"https:\/\/odysseus-contests.eu\/2016\/de\/#website"},"datePublished":"2015-09-15T11:40:49+00:00","dateModified":"2015-09-15T19:30:38+00:00","breadcrumb":{"@id":"https:\/\/odysseus-contests.eu\/2016\/sk\/o-sutazi-odysseus\/vseobecne-informacie\/#breadcrumb"},"inLanguage":"sk-SK","potentialAction":[{"@type":"ReadAction","target":["https:\/\/odysseus-contests.eu\/2016\/sk\/o-sutazi-odysseus\/vseobecne-informacie\/"]}]},{"@type":"BreadcrumbList","@id":"https:\/\/odysseus-contests.eu\/2016\/sk\/o-sutazi-odysseus\/vseobecne-informacie\/#breadcrumb","itemListElement":[{"@type":"ListItem","position":1,"name":"Home","item":"https:\/\/odysseus-contests.eu\/2016\/sk\/"},{"@type":"ListItem","position":2,"name":"O s\u00fa\u0165a\u017ei Odysseus","item":"https:\/\/odysseus-contests.eu\/2016\/sk\/o-sutazi-odysseus\/"},{"@type":"ListItem","position":3,"name":"V\u0161eobecn\u00e9 inform\u00e1cie"}]},{"@type":"WebSite","@id":"https:\/\/odysseus-contests.eu\/2016\/de\/#website","url":"https:\/\/odysseus-contests.eu\/2016\/de\/","name":"ODYSSEUS II","description":"European Youth Space Contest ","potentialAction":[{"@type":"SearchAction","target":{"@type":"EntryPoint","urlTemplate":"https:\/\/odysseus-contests.eu\/2016\/de\/?s={search_term_string}"},"query-input":"required name=search_term_string"}],"inLanguage":"sk-SK"}]}},"_links":{"self":[{"href":"https:\/\/odysseus-contests.eu\/2016\/sk\/wp-json\/wp\/v2\/pages\/5351"}],"collection":[{"href":"https:\/\/odysseus-contests.eu\/2016\/sk\/wp-json\/wp\/v2\/pages"}],"about":[{"href":"https:\/\/odysseus-contests.eu\/2016\/sk\/wp-json\/wp\/v2\/types\/page"}],"author":[{"embeddable":true,"href":"https:\/\/odysseus-contests.eu\/2016\/sk\/wp-json\/wp\/v2\/users\/5"}],"replies":[{"embeddable":true,"href":"https:\/\/odysseus-contests.eu\/2016\/sk\/wp-json\/wp\/v2\/comments?post=5351"}],"version-history":[{"count":0,"href":"https:\/\/odysseus-contests.eu\/2016\/sk\/wp-json\/wp\/v2\/pages\/5351\/revisions"}],"up":[{"embeddable":true,"href":"https:\/\/odysseus-contests.eu\/2016\/sk\/wp-json\/wp\/v2\/pages\/5345"}],"wp:attachment":[{"href":"https:\/\/odysseus-contests.eu\/2016\/sk\/wp-json\/wp\/v2\/media?parent=5351"}],"curies":[{"name":"wp","href":"https:\/\/api.w.org\/{rel}","templated":true}]}}