{"id":1851,"date":"2015-07-04T17:24:54","date_gmt":"2015-07-04T14:24:54","guid":{"rendered":"http:\/\/odysseus-contests.eu\/2016\/?page_id=1851"},"modified":"2015-07-08T22:06:20","modified_gmt":"2015-07-08T19:06:20","slug":"organizadores","status":"publish","type":"page","link":"https:\/\/odysseus-contests.eu\/2016\/pt-pt\/regulamentos\/organizadores\/","title":{"rendered":"Organizadores"},"content":{"rendered":"<ul>\n<li>O concurso Odysseus II \u00e9 organizado por um cons\u00f3rcio internacional de institui\u00e7\u00f5es de 10 pa\u00edses da UE, financiado pela Comiss\u00e3o Europeia e gerido pela empresa de consultoria Signosis, Bruxelas. Uma lista completa dos membros do cons\u00f3rcio est\u00e1 publicada no <em>site<\/em> do Concurso Odysseus II e noutros canais de comunica\u00e7\u00e3o e meios de comunica\u00e7\u00e3o social selecionados pelos organizadores.<\/li>\n<li>Os organizadores fornecem a infraestrutura web com a qual os concorrentes registram a sua participa\u00e7\u00e3o e submetem os seus projetos para avalia\u00e7\u00e3o. A vota\u00e7\u00e3o para os melhores imagens Skywalker de cada pa\u00eds tamb\u00e9m ser\u00e1 feito atrav\u00e9s do site do Concurso Odysseus II.<\/li>\n<li>Os organizadores locais em cada pa\u00eds da UE ir\u00e3o organizar uma rede de mentores como um recurso para os concorrentes nas categorias &#8216;Pioneer&#8217; e &#8216;Explorer&#8217;.<\/li>\n<li>Os organizadores ir\u00e3o solicitar informa\u00e7\u00f5es sobre sexo e nacionalidade dos participantes, mas esta informa\u00e7\u00e3o ser\u00e1 utilizada apenas para fins estat\u00edsticos, e n\u00e3o como forma de participa\u00e7\u00e3o ou crit\u00e9rio de avalia\u00e7\u00e3o.<\/li>\n<li>Os organizadores tamb\u00e9m ir\u00e3o publicar no site informa\u00e7\u00f5es sobre o grau de participa\u00e7\u00e3o no concurso por pa\u00eds, idade e sexo.<\/li>\n<li>Os organizadores reservam o direito de modificar ou alterar os pr\u00e9mios, regras, termos e condi\u00e7\u00f5es do concurso a qualquer momento, em casos em que se possa demonstrar justa causa.<\/li>\n<\/ul>\n","protected":false},"excerpt":{"rendered":"<p>O concurso Odysseus II \u00e9 organizado por um cons\u00f3rcio internacional de institui\u00e7\u00f5es de 10 pa\u00edses da UE, financiado pela Comiss\u00e3o Europeia e gerido pela empresa de consultoria Signosis, Bruxelas. Uma lista completa dos membros do cons\u00f3rcio est\u00e1 publicada no site do Concurso Odysseus II e noutros canais de comunica\u00e7\u00e3o e meios de comunica\u00e7\u00e3o social selecionados [&hellip;]<\/p>\n","protected":false},"author":1,"featured_media":0,"parent":1825,"menu_order":140,"comment_status":"closed","ping_status":"closed","template":"","meta":[],"acf":[],"yoast_head":"<!-- This site is optimized with the Yoast SEO plugin v19.14 - https:\/\/yoast.com\/wordpress\/plugins\/seo\/ -->\n<title>Organizadores - ODYSSEUS II<\/title>\n<meta name=\"robots\" content=\"index, follow, max-snippet:-1, max-image-preview:large, max-video-preview:-1\" \/>\n<link rel=\"canonical\" href=\"https:\/\/odysseus-contests.eu\/2016\/pt-pt\/regulamentos\/organizadores\/\" \/>\n<meta property=\"og:locale\" content=\"pt_PT\" \/>\n<meta property=\"og:type\" content=\"article\" \/>\n<meta property=\"og:title\" content=\"Organizadores - ODYSSEUS II\" \/>\n<meta property=\"og:description\" content=\"O concurso Odysseus II \u00e9 organizado por um cons\u00f3rcio internacional de institui\u00e7\u00f5es de 10 pa\u00edses da UE, financiado pela Comiss\u00e3o Europeia e gerido pela empresa de consultoria Signosis, Bruxelas. Uma lista completa dos membros do cons\u00f3rcio est\u00e1 publicada no site do Concurso Odysseus II e noutros canais de comunica\u00e7\u00e3o e meios de comunica\u00e7\u00e3o social selecionados [&hellip;]\" \/>\n<meta property=\"og:url\" content=\"https:\/\/odysseus-contests.eu\/2016\/pt-pt\/regulamentos\/organizadores\/\" \/>\n<meta property=\"og:site_name\" content=\"ODYSSEUS II\" \/>\n<meta property=\"article:modified_time\" content=\"2015-07-08T19:06:20+00:00\" \/>\n<meta name=\"twitter:card\" content=\"summary_large_image\" \/>\n<meta name=\"twitter:label1\" content=\"Tempo estimado de leitura\" \/>\n\t<meta name=\"twitter:data1\" content=\"1 minuto\" \/>\n<script type=\"application\/ld+json\" class=\"yoast-schema-graph\">{\"@context\":\"https:\/\/schema.org\",\"@graph\":[{\"@type\":\"WebPage\",\"@id\":\"https:\/\/odysseus-contests.eu\/2016\/pt-pt\/regulamentos\/organizadores\/\",\"url\":\"https:\/\/odysseus-contests.eu\/2016\/pt-pt\/regulamentos\/organizadores\/\",\"name\":\"Organizadores - ODYSSEUS II\",\"isPartOf\":{\"@id\":\"https:\/\/odysseus-contests.eu\/2016\/de\/#website\"},\"datePublished\":\"2015-07-04T14:24:54+00:00\",\"dateModified\":\"2015-07-08T19:06:20+00:00\",\"breadcrumb\":{\"@id\":\"https:\/\/odysseus-contests.eu\/2016\/pt-pt\/regulamentos\/organizadores\/#breadcrumb\"},\"inLanguage\":\"pt-PT\",\"potentialAction\":[{\"@type\":\"ReadAction\",\"target\":[\"https:\/\/odysseus-contests.eu\/2016\/pt-pt\/regulamentos\/organizadores\/\"]}]},{\"@type\":\"BreadcrumbList\",\"@id\":\"https:\/\/odysseus-contests.eu\/2016\/pt-pt\/regulamentos\/organizadores\/#breadcrumb\",\"itemListElement\":[{\"@type\":\"ListItem\",\"position\":1,\"name\":\"Home\",\"item\":\"https:\/\/odysseus-contests.eu\/2016\/pt-pt\/\"},{\"@type\":\"ListItem\",\"position\":2,\"name\":\"Regulamentos\",\"item\":\"https:\/\/odysseus-contests.eu\/2016\/pt-pt\/regulamentos\/\"},{\"@type\":\"ListItem\",\"position\":3,\"name\":\"Organizadores\"}]},{\"@type\":\"WebSite\",\"@id\":\"https:\/\/odysseus-contests.eu\/2016\/de\/#website\",\"url\":\"https:\/\/odysseus-contests.eu\/2016\/de\/\",\"name\":\"ODYSSEUS II\",\"description\":\"European Youth Space Contest\",\"potentialAction\":[{\"@type\":\"SearchAction\",\"target\":{\"@type\":\"EntryPoint\",\"urlTemplate\":\"https:\/\/odysseus-contests.eu\/2016\/de\/?s={search_term_string}\"},\"query-input\":\"required name=search_term_string\"}],\"inLanguage\":\"pt-PT\"}]}<\/script>\n<!-- \/ Yoast SEO plugin. -->","yoast_head_json":{"title":"Organizadores - ODYSSEUS II","robots":{"index":"index","follow":"follow","max-snippet":"max-snippet:-1","max-image-preview":"max-image-preview:large","max-video-preview":"max-video-preview:-1"},"canonical":"https:\/\/odysseus-contests.eu\/2016\/pt-pt\/regulamentos\/organizadores\/","og_locale":"pt_PT","og_type":"article","og_title":"Organizadores - ODYSSEUS II","og_description":"O concurso Odysseus II \u00e9 organizado por um cons\u00f3rcio internacional de institui\u00e7\u00f5es de 10 pa\u00edses da UE, financiado pela Comiss\u00e3o Europeia e gerido pela empresa de consultoria Signosis, Bruxelas. Uma lista completa dos membros do cons\u00f3rcio est\u00e1 publicada no site do Concurso Odysseus II e noutros canais de comunica\u00e7\u00e3o e meios de comunica\u00e7\u00e3o social selecionados [&hellip;]","og_url":"https:\/\/odysseus-contests.eu\/2016\/pt-pt\/regulamentos\/organizadores\/","og_site_name":"ODYSSEUS II","article_modified_time":"2015-07-08T19:06:20+00:00","twitter_card":"summary_large_image","twitter_misc":{"Tempo estimado de leitura":"1 minuto"},"schema":{"@context":"https:\/\/schema.org","@graph":[{"@type":"WebPage","@id":"https:\/\/odysseus-contests.eu\/2016\/pt-pt\/regulamentos\/organizadores\/","url":"https:\/\/odysseus-contests.eu\/2016\/pt-pt\/regulamentos\/organizadores\/","name":"Organizadores - ODYSSEUS II","isPartOf":{"@id":"https:\/\/odysseus-contests.eu\/2016\/de\/#website"},"datePublished":"2015-07-04T14:24:54+00:00","dateModified":"2015-07-08T19:06:20+00:00","breadcrumb":{"@id":"https:\/\/odysseus-contests.eu\/2016\/pt-pt\/regulamentos\/organizadores\/#breadcrumb"},"inLanguage":"pt-PT","potentialAction":[{"@type":"ReadAction","target":["https:\/\/odysseus-contests.eu\/2016\/pt-pt\/regulamentos\/organizadores\/"]}]},{"@type":"BreadcrumbList","@id":"https:\/\/odysseus-contests.eu\/2016\/pt-pt\/regulamentos\/organizadores\/#breadcrumb","itemListElement":[{"@type":"ListItem","position":1,"name":"Home","item":"https:\/\/odysseus-contests.eu\/2016\/pt-pt\/"},{"@type":"ListItem","position":2,"name":"Regulamentos","item":"https:\/\/odysseus-contests.eu\/2016\/pt-pt\/regulamentos\/"},{"@type":"ListItem","position":3,"name":"Organizadores"}]},{"@type":"WebSite","@id":"https:\/\/odysseus-contests.eu\/2016\/de\/#website","url":"https:\/\/odysseus-contests.eu\/2016\/de\/","name":"ODYSSEUS II","description":"European Youth Space Contest","potentialAction":[{"@type":"SearchAction","target":{"@type":"EntryPoint","urlTemplate":"https:\/\/odysseus-contests.eu\/2016\/de\/?s={search_term_string}"},"query-input":"required name=search_term_string"}],"inLanguage":"pt-PT"}]}},"_links":{"self":[{"href":"https:\/\/odysseus-contests.eu\/2016\/pt-pt\/wp-json\/wp\/v2\/pages\/1851"}],"collection":[{"href":"https:\/\/odysseus-contests.eu\/2016\/pt-pt\/wp-json\/wp\/v2\/pages"}],"about":[{"href":"https:\/\/odysseus-contests.eu\/2016\/pt-pt\/wp-json\/wp\/v2\/types\/page"}],"author":[{"embeddable":true,"href":"https:\/\/odysseus-contests.eu\/2016\/pt-pt\/wp-json\/wp\/v2\/users\/1"}],"replies":[{"embeddable":true,"href":"https:\/\/odysseus-contests.eu\/2016\/pt-pt\/wp-json\/wp\/v2\/comments?post=1851"}],"version-history":[{"count":0,"href":"https:\/\/odysseus-contests.eu\/2016\/pt-pt\/wp-json\/wp\/v2\/pages\/1851\/revisions"}],"up":[{"embeddable":true,"href":"https:\/\/odysseus-contests.eu\/2016\/pt-pt\/wp-json\/wp\/v2\/pages\/1825"}],"wp:attachment":[{"href":"https:\/\/odysseus-contests.eu\/2016\/pt-pt\/wp-json\/wp\/v2\/media?parent=1851"}],"curies":[{"name":"wp","href":"https:\/\/api.w.org\/{rel}","templated":true}]}}