{"id":1850,"date":"2015-07-04T17:24:31","date_gmt":"2015-07-04T14:24:31","guid":{"rendered":"http:\/\/odysseus-contests.eu\/2016\/?page_id=1850"},"modified":"2015-07-08T22:04:13","modified_gmt":"2015-07-08T19:04:13","slug":"professores-orientadores-e-mentores","status":"publish","type":"page","link":"https:\/\/odysseus-contests.eu\/2016\/pt-pt\/regulamentos\/professores-orientadores-e-mentores\/","title":{"rendered":"Professores orientadores e mentores"},"content":{"rendered":"<ul>\n<li>\u00c9 esperado que os professores orientadores das equipas e os estudantes participantes estejam familiarizados com as regras do concurso, incluindo as letras min\u00fasculas.<\/li>\n<li>Cada equipa &#8216;Pioneer&#8217; deve ter um professor orientador e cada concorrente Skywalker deve ter um professor orientador, um membro da fam\u00edlia ou um tutor para ajud\u00e1-lo.<\/li>\n<li>Os mentores fornecem\u00a0conselhos puramente cient\u00edficos e t\u00e9cnicos \u00e0s equipas &#8216;Pioneer&#8217; ou concorrentes &#8216;Explorer&#8217;, e n\u00e3o h\u00e1 limite no n\u00famero de quest\u00f5es submetidas em que eles atuam como conselheiros.<\/li>\n<li>Para mais informa\u00e7\u00f5es consulte tamb\u00e9m a p\u00e1gina <a href=\"http:\/\/odysseus-contests.eu\/2016\/pt-pt\/pioneers\/\" target=\"_blank\">Pioneers<\/a> (por professores orientadores) e as sec\u00e7\u00f5es de <a href=\"http:\/\/odysseus-contests.eu\/2016\/pt-pt\/rede-de-mentores\/\" target=\"_blank\">Mentores<\/a> e de <a href=\"http:\/\/odysseus-contests.eu\/2016\/pt-pt\/recursos\/avaliadores\/\" target=\"_blank\">Avaliadores<\/a>.<\/li>\n<\/ul>\n","protected":false},"excerpt":{"rendered":"<p>\u00c9 esperado que os professores orientadores das equipas e os estudantes participantes estejam familiarizados com as regras do concurso, incluindo as letras min\u00fasculas. Cada equipa &#8216;Pioneer&#8217; deve ter um professor orientador e cada concorrente Skywalker deve ter um professor orientador, um membro da fam\u00edlia ou um tutor para ajud\u00e1-lo. Os mentores fornecem\u00a0conselhos puramente cient\u00edficos e [&hellip;]<\/p>\n","protected":false},"author":1,"featured_media":0,"parent":1825,"menu_order":130,"comment_status":"closed","ping_status":"closed","template":"","meta":[],"acf":[],"yoast_head":"<!-- This site is optimized with the Yoast SEO plugin v19.14 - https:\/\/yoast.com\/wordpress\/plugins\/seo\/ -->\n<title>Professores orientadores e mentores - ODYSSEUS II<\/title>\n<meta name=\"robots\" content=\"index, follow, max-snippet:-1, max-image-preview:large, max-video-preview:-1\" \/>\n<link rel=\"canonical\" href=\"https:\/\/odysseus-contests.eu\/2016\/pt-pt\/regulamentos\/professores-orientadores-e-mentores\/\" \/>\n<meta property=\"og:locale\" content=\"pt_PT\" \/>\n<meta property=\"og:type\" content=\"article\" \/>\n<meta property=\"og:title\" content=\"Professores orientadores e mentores - ODYSSEUS II\" \/>\n<meta property=\"og:description\" content=\"\u00c9 esperado que os professores orientadores das equipas e os estudantes participantes estejam familiarizados com as regras do concurso, incluindo as letras min\u00fasculas. Cada equipa &#8216;Pioneer&#8217; deve ter um professor orientador e cada concorrente Skywalker deve ter um professor orientador, um membro da fam\u00edlia ou um tutor para ajud\u00e1-lo. Os mentores fornecem\u00a0conselhos puramente cient\u00edficos e [&hellip;]\" \/>\n<meta property=\"og:url\" content=\"https:\/\/odysseus-contests.eu\/2016\/pt-pt\/regulamentos\/professores-orientadores-e-mentores\/\" \/>\n<meta property=\"og:site_name\" content=\"ODYSSEUS II\" \/>\n<meta property=\"article:modified_time\" content=\"2015-07-08T19:04:13+00:00\" \/>\n<meta name=\"twitter:card\" content=\"summary_large_image\" \/>\n<meta name=\"twitter:label1\" content=\"Tempo estimado de leitura\" \/>\n\t<meta name=\"twitter:data1\" content=\"1 minuto\" \/>\n<script type=\"application\/ld+json\" class=\"yoast-schema-graph\">{\"@context\":\"https:\/\/schema.org\",\"@graph\":[{\"@type\":\"WebPage\",\"@id\":\"https:\/\/odysseus-contests.eu\/2016\/pt-pt\/regulamentos\/professores-orientadores-e-mentores\/\",\"url\":\"https:\/\/odysseus-contests.eu\/2016\/pt-pt\/regulamentos\/professores-orientadores-e-mentores\/\",\"name\":\"Professores orientadores e mentores - ODYSSEUS II\",\"isPartOf\":{\"@id\":\"https:\/\/odysseus-contests.eu\/2016\/de\/#website\"},\"datePublished\":\"2015-07-04T14:24:31+00:00\",\"dateModified\":\"2015-07-08T19:04:13+00:00\",\"breadcrumb\":{\"@id\":\"https:\/\/odysseus-contests.eu\/2016\/pt-pt\/regulamentos\/professores-orientadores-e-mentores\/#breadcrumb\"},\"inLanguage\":\"pt-PT\",\"potentialAction\":[{\"@type\":\"ReadAction\",\"target\":[\"https:\/\/odysseus-contests.eu\/2016\/pt-pt\/regulamentos\/professores-orientadores-e-mentores\/\"]}]},{\"@type\":\"BreadcrumbList\",\"@id\":\"https:\/\/odysseus-contests.eu\/2016\/pt-pt\/regulamentos\/professores-orientadores-e-mentores\/#breadcrumb\",\"itemListElement\":[{\"@type\":\"ListItem\",\"position\":1,\"name\":\"Home\",\"item\":\"https:\/\/odysseus-contests.eu\/2016\/pt-pt\/\"},{\"@type\":\"ListItem\",\"position\":2,\"name\":\"Regulamentos\",\"item\":\"https:\/\/odysseus-contests.eu\/2016\/pt-pt\/regulamentos\/\"},{\"@type\":\"ListItem\",\"position\":3,\"name\":\"Professores orientadores e mentores\"}]},{\"@type\":\"WebSite\",\"@id\":\"https:\/\/odysseus-contests.eu\/2016\/de\/#website\",\"url\":\"https:\/\/odysseus-contests.eu\/2016\/de\/\",\"name\":\"ODYSSEUS II\",\"description\":\"European Youth Space Contest\",\"potentialAction\":[{\"@type\":\"SearchAction\",\"target\":{\"@type\":\"EntryPoint\",\"urlTemplate\":\"https:\/\/odysseus-contests.eu\/2016\/de\/?s={search_term_string}\"},\"query-input\":\"required name=search_term_string\"}],\"inLanguage\":\"pt-PT\"}]}<\/script>\n<!-- \/ Yoast SEO plugin. -->","yoast_head_json":{"title":"Professores orientadores e mentores - ODYSSEUS II","robots":{"index":"index","follow":"follow","max-snippet":"max-snippet:-1","max-image-preview":"max-image-preview:large","max-video-preview":"max-video-preview:-1"},"canonical":"https:\/\/odysseus-contests.eu\/2016\/pt-pt\/regulamentos\/professores-orientadores-e-mentores\/","og_locale":"pt_PT","og_type":"article","og_title":"Professores orientadores e mentores - ODYSSEUS II","og_description":"\u00c9 esperado que os professores orientadores das equipas e os estudantes participantes estejam familiarizados com as regras do concurso, incluindo as letras min\u00fasculas. Cada equipa &#8216;Pioneer&#8217; deve ter um professor orientador e cada concorrente Skywalker deve ter um professor orientador, um membro da fam\u00edlia ou um tutor para ajud\u00e1-lo. Os mentores fornecem\u00a0conselhos puramente cient\u00edficos e [&hellip;]","og_url":"https:\/\/odysseus-contests.eu\/2016\/pt-pt\/regulamentos\/professores-orientadores-e-mentores\/","og_site_name":"ODYSSEUS II","article_modified_time":"2015-07-08T19:04:13+00:00","twitter_card":"summary_large_image","twitter_misc":{"Tempo estimado de leitura":"1 minuto"},"schema":{"@context":"https:\/\/schema.org","@graph":[{"@type":"WebPage","@id":"https:\/\/odysseus-contests.eu\/2016\/pt-pt\/regulamentos\/professores-orientadores-e-mentores\/","url":"https:\/\/odysseus-contests.eu\/2016\/pt-pt\/regulamentos\/professores-orientadores-e-mentores\/","name":"Professores orientadores e mentores - ODYSSEUS II","isPartOf":{"@id":"https:\/\/odysseus-contests.eu\/2016\/de\/#website"},"datePublished":"2015-07-04T14:24:31+00:00","dateModified":"2015-07-08T19:04:13+00:00","breadcrumb":{"@id":"https:\/\/odysseus-contests.eu\/2016\/pt-pt\/regulamentos\/professores-orientadores-e-mentores\/#breadcrumb"},"inLanguage":"pt-PT","potentialAction":[{"@type":"ReadAction","target":["https:\/\/odysseus-contests.eu\/2016\/pt-pt\/regulamentos\/professores-orientadores-e-mentores\/"]}]},{"@type":"BreadcrumbList","@id":"https:\/\/odysseus-contests.eu\/2016\/pt-pt\/regulamentos\/professores-orientadores-e-mentores\/#breadcrumb","itemListElement":[{"@type":"ListItem","position":1,"name":"Home","item":"https:\/\/odysseus-contests.eu\/2016\/pt-pt\/"},{"@type":"ListItem","position":2,"name":"Regulamentos","item":"https:\/\/odysseus-contests.eu\/2016\/pt-pt\/regulamentos\/"},{"@type":"ListItem","position":3,"name":"Professores orientadores e mentores"}]},{"@type":"WebSite","@id":"https:\/\/odysseus-contests.eu\/2016\/de\/#website","url":"https:\/\/odysseus-contests.eu\/2016\/de\/","name":"ODYSSEUS II","description":"European Youth Space Contest","potentialAction":[{"@type":"SearchAction","target":{"@type":"EntryPoint","urlTemplate":"https:\/\/odysseus-contests.eu\/2016\/de\/?s={search_term_string}"},"query-input":"required name=search_term_string"}],"inLanguage":"pt-PT"}]}},"_links":{"self":[{"href":"https:\/\/odysseus-contests.eu\/2016\/pt-pt\/wp-json\/wp\/v2\/pages\/1850"}],"collection":[{"href":"https:\/\/odysseus-contests.eu\/2016\/pt-pt\/wp-json\/wp\/v2\/pages"}],"about":[{"href":"https:\/\/odysseus-contests.eu\/2016\/pt-pt\/wp-json\/wp\/v2\/types\/page"}],"author":[{"embeddable":true,"href":"https:\/\/odysseus-contests.eu\/2016\/pt-pt\/wp-json\/wp\/v2\/users\/1"}],"replies":[{"embeddable":true,"href":"https:\/\/odysseus-contests.eu\/2016\/pt-pt\/wp-json\/wp\/v2\/comments?post=1850"}],"version-history":[{"count":0,"href":"https:\/\/odysseus-contests.eu\/2016\/pt-pt\/wp-json\/wp\/v2\/pages\/1850\/revisions"}],"up":[{"embeddable":true,"href":"https:\/\/odysseus-contests.eu\/2016\/pt-pt\/wp-json\/wp\/v2\/pages\/1825"}],"wp:attachment":[{"href":"https:\/\/odysseus-contests.eu\/2016\/pt-pt\/wp-json\/wp\/v2\/media?parent=1850"}],"curies":[{"name":"wp","href":"https:\/\/api.w.org\/{rel}","templated":true}]}}