{"id":1840,"date":"2015-07-04T17:21:55","date_gmt":"2015-07-04T14:21:55","guid":{"rendered":"http:\/\/odysseus-contests.eu\/2016\/?page_id=1840"},"modified":"2015-07-04T17:21:55","modified_gmt":"2015-07-04T14:21:55","slug":"rights-and-protection-of-minors","status":"publish","type":"page","link":"https:\/\/odysseus-contests.eu\/2016\/pt-pt\/regulamentos\/rights-and-protection-of-minors\/","title":{"rendered":"Direitos e prote\u00e7\u00e3o de menores"},"content":{"rendered":"<ul>\n<li>\u00c9 da responsabilidade do professor orientador da equipa fornecer informa\u00e7\u00f5es completas e corretas sobre cada participante da equipe atrav\u00e9s do formul\u00e1rio de inscri\u00e7\u00e3o do website Odysseus II.<\/li>\n<li>Cada participante com idade inferior a 18 anos deve apresentar um formul\u00e1rio de consentimento parental assinado para participar no concurso. Dever\u00e1 ainda ser apresentado um formul\u00e1rio de consentimento parental para a viagem e participa\u00e7\u00e3o nas finais Regionais e Europeia para cada participante com idade inferior a 18 participantes nessa final.<\/li>\n<li>\u00c9 da responsabilidade dos professores orientadores das equipas fornecer aos organizadores o termo de consentimento parental assinado para todos os seus concorrentes.<\/li>\n<li>Ser\u00e3o publicadas fotografias de grupo de todos os vencedores do concurso em cada n\u00edvel de sele\u00e7\u00e3o, pelo que os concorrentes devem consentir ter as fotos dos seus rostos publicadas no site do Concurso Odysseus II e noutros sites de divulga\u00e7\u00e3o, bem como em materiais impressos de divulga\u00e7\u00e3o do concurso.<\/li>\n<\/ul>\n","protected":false},"excerpt":{"rendered":"<p>\u00c9 da responsabilidade do professor orientador da equipa fornecer informa\u00e7\u00f5es completas e corretas sobre cada participante da equipe atrav\u00e9s do formul\u00e1rio de inscri\u00e7\u00e3o do website Odysseus II. Cada participante com idade inferior a 18 anos deve apresentar um formul\u00e1rio de consentimento parental assinado para participar no concurso. Dever\u00e1 ainda ser apresentado um formul\u00e1rio de consentimento [&hellip;]<\/p>\n","protected":false},"author":1,"featured_media":0,"parent":1825,"menu_order":0,"comment_status":"closed","ping_status":"closed","template":"","meta":[],"acf":[],"yoast_head":"<!-- This site is optimized with the Yoast SEO plugin v19.14 - https:\/\/yoast.com\/wordpress\/plugins\/seo\/ -->\n<title>Direitos e prote\u00e7\u00e3o de menores - ODYSSEUS II<\/title>\n<meta name=\"robots\" content=\"index, follow, max-snippet:-1, max-image-preview:large, max-video-preview:-1\" \/>\n<link rel=\"canonical\" href=\"https:\/\/odysseus-contests.eu\/2016\/pt-pt\/regulamentos\/rights-and-protection-of-minors\/\" \/>\n<meta property=\"og:locale\" content=\"pt_PT\" \/>\n<meta property=\"og:type\" content=\"article\" \/>\n<meta property=\"og:title\" content=\"Direitos e prote\u00e7\u00e3o de menores - ODYSSEUS II\" \/>\n<meta property=\"og:description\" content=\"\u00c9 da responsabilidade do professor orientador da equipa fornecer informa\u00e7\u00f5es completas e corretas sobre cada participante da equipe atrav\u00e9s do formul\u00e1rio de inscri\u00e7\u00e3o do website Odysseus II. Cada participante com idade inferior a 18 anos deve apresentar um formul\u00e1rio de consentimento parental assinado para participar no concurso. Dever\u00e1 ainda ser apresentado um formul\u00e1rio de consentimento [&hellip;]\" \/>\n<meta property=\"og:url\" content=\"https:\/\/odysseus-contests.eu\/2016\/pt-pt\/regulamentos\/rights-and-protection-of-minors\/\" \/>\n<meta property=\"og:site_name\" content=\"ODYSSEUS II\" \/>\n<meta name=\"twitter:card\" content=\"summary_large_image\" \/>\n<meta name=\"twitter:label1\" content=\"Tempo estimado de leitura\" \/>\n\t<meta name=\"twitter:data1\" content=\"1 minuto\" \/>\n<script type=\"application\/ld+json\" class=\"yoast-schema-graph\">{\"@context\":\"https:\/\/schema.org\",\"@graph\":[{\"@type\":\"WebPage\",\"@id\":\"https:\/\/odysseus-contests.eu\/2016\/pt-pt\/regulamentos\/rights-and-protection-of-minors\/\",\"url\":\"https:\/\/odysseus-contests.eu\/2016\/pt-pt\/regulamentos\/rights-and-protection-of-minors\/\",\"name\":\"Direitos e prote\u00e7\u00e3o de menores - ODYSSEUS II\",\"isPartOf\":{\"@id\":\"https:\/\/odysseus-contests.eu\/2016\/de\/#website\"},\"datePublished\":\"2015-07-04T14:21:55+00:00\",\"dateModified\":\"2015-07-04T14:21:55+00:00\",\"breadcrumb\":{\"@id\":\"https:\/\/odysseus-contests.eu\/2016\/pt-pt\/regulamentos\/rights-and-protection-of-minors\/#breadcrumb\"},\"inLanguage\":\"pt-PT\",\"potentialAction\":[{\"@type\":\"ReadAction\",\"target\":[\"https:\/\/odysseus-contests.eu\/2016\/pt-pt\/regulamentos\/rights-and-protection-of-minors\/\"]}]},{\"@type\":\"BreadcrumbList\",\"@id\":\"https:\/\/odysseus-contests.eu\/2016\/pt-pt\/regulamentos\/rights-and-protection-of-minors\/#breadcrumb\",\"itemListElement\":[{\"@type\":\"ListItem\",\"position\":1,\"name\":\"Home\",\"item\":\"https:\/\/odysseus-contests.eu\/2016\/pt-pt\/\"},{\"@type\":\"ListItem\",\"position\":2,\"name\":\"Regulamentos\",\"item\":\"https:\/\/odysseus-contests.eu\/2016\/pt-pt\/regulamentos\/\"},{\"@type\":\"ListItem\",\"position\":3,\"name\":\"Direitos e prote\u00e7\u00e3o de menores\"}]},{\"@type\":\"WebSite\",\"@id\":\"https:\/\/odysseus-contests.eu\/2016\/de\/#website\",\"url\":\"https:\/\/odysseus-contests.eu\/2016\/de\/\",\"name\":\"ODYSSEUS II\",\"description\":\"European Youth Space Contest\",\"potentialAction\":[{\"@type\":\"SearchAction\",\"target\":{\"@type\":\"EntryPoint\",\"urlTemplate\":\"https:\/\/odysseus-contests.eu\/2016\/de\/?s={search_term_string}\"},\"query-input\":\"required name=search_term_string\"}],\"inLanguage\":\"pt-PT\"}]}<\/script>\n<!-- \/ Yoast SEO plugin. -->","yoast_head_json":{"title":"Direitos e prote\u00e7\u00e3o de menores - ODYSSEUS II","robots":{"index":"index","follow":"follow","max-snippet":"max-snippet:-1","max-image-preview":"max-image-preview:large","max-video-preview":"max-video-preview:-1"},"canonical":"https:\/\/odysseus-contests.eu\/2016\/pt-pt\/regulamentos\/rights-and-protection-of-minors\/","og_locale":"pt_PT","og_type":"article","og_title":"Direitos e prote\u00e7\u00e3o de menores - ODYSSEUS II","og_description":"\u00c9 da responsabilidade do professor orientador da equipa fornecer informa\u00e7\u00f5es completas e corretas sobre cada participante da equipe atrav\u00e9s do formul\u00e1rio de inscri\u00e7\u00e3o do website Odysseus II. Cada participante com idade inferior a 18 anos deve apresentar um formul\u00e1rio de consentimento parental assinado para participar no concurso. Dever\u00e1 ainda ser apresentado um formul\u00e1rio de consentimento [&hellip;]","og_url":"https:\/\/odysseus-contests.eu\/2016\/pt-pt\/regulamentos\/rights-and-protection-of-minors\/","og_site_name":"ODYSSEUS II","twitter_card":"summary_large_image","twitter_misc":{"Tempo estimado de leitura":"1 minuto"},"schema":{"@context":"https:\/\/schema.org","@graph":[{"@type":"WebPage","@id":"https:\/\/odysseus-contests.eu\/2016\/pt-pt\/regulamentos\/rights-and-protection-of-minors\/","url":"https:\/\/odysseus-contests.eu\/2016\/pt-pt\/regulamentos\/rights-and-protection-of-minors\/","name":"Direitos e prote\u00e7\u00e3o de menores - ODYSSEUS II","isPartOf":{"@id":"https:\/\/odysseus-contests.eu\/2016\/de\/#website"},"datePublished":"2015-07-04T14:21:55+00:00","dateModified":"2015-07-04T14:21:55+00:00","breadcrumb":{"@id":"https:\/\/odysseus-contests.eu\/2016\/pt-pt\/regulamentos\/rights-and-protection-of-minors\/#breadcrumb"},"inLanguage":"pt-PT","potentialAction":[{"@type":"ReadAction","target":["https:\/\/odysseus-contests.eu\/2016\/pt-pt\/regulamentos\/rights-and-protection-of-minors\/"]}]},{"@type":"BreadcrumbList","@id":"https:\/\/odysseus-contests.eu\/2016\/pt-pt\/regulamentos\/rights-and-protection-of-minors\/#breadcrumb","itemListElement":[{"@type":"ListItem","position":1,"name":"Home","item":"https:\/\/odysseus-contests.eu\/2016\/pt-pt\/"},{"@type":"ListItem","position":2,"name":"Regulamentos","item":"https:\/\/odysseus-contests.eu\/2016\/pt-pt\/regulamentos\/"},{"@type":"ListItem","position":3,"name":"Direitos e prote\u00e7\u00e3o de menores"}]},{"@type":"WebSite","@id":"https:\/\/odysseus-contests.eu\/2016\/de\/#website","url":"https:\/\/odysseus-contests.eu\/2016\/de\/","name":"ODYSSEUS II","description":"European Youth Space Contest","potentialAction":[{"@type":"SearchAction","target":{"@type":"EntryPoint","urlTemplate":"https:\/\/odysseus-contests.eu\/2016\/de\/?s={search_term_string}"},"query-input":"required name=search_term_string"}],"inLanguage":"pt-PT"}]}},"_links":{"self":[{"href":"https:\/\/odysseus-contests.eu\/2016\/pt-pt\/wp-json\/wp\/v2\/pages\/1840"}],"collection":[{"href":"https:\/\/odysseus-contests.eu\/2016\/pt-pt\/wp-json\/wp\/v2\/pages"}],"about":[{"href":"https:\/\/odysseus-contests.eu\/2016\/pt-pt\/wp-json\/wp\/v2\/types\/page"}],"author":[{"embeddable":true,"href":"https:\/\/odysseus-contests.eu\/2016\/pt-pt\/wp-json\/wp\/v2\/users\/1"}],"replies":[{"embeddable":true,"href":"https:\/\/odysseus-contests.eu\/2016\/pt-pt\/wp-json\/wp\/v2\/comments?post=1840"}],"version-history":[{"count":0,"href":"https:\/\/odysseus-contests.eu\/2016\/pt-pt\/wp-json\/wp\/v2\/pages\/1840\/revisions"}],"up":[{"embeddable":true,"href":"https:\/\/odysseus-contests.eu\/2016\/pt-pt\/wp-json\/wp\/v2\/pages\/1825"}],"wp:attachment":[{"href":"https:\/\/odysseus-contests.eu\/2016\/pt-pt\/wp-json\/wp\/v2\/media?parent=1840"}],"curies":[{"name":"wp","href":"https:\/\/api.w.org\/{rel}","templated":true}]}}