{"id":1839,"date":"2015-07-04T17:21:27","date_gmt":"2015-07-04T14:21:27","guid":{"rendered":"http:\/\/odysseus-contests.eu\/2016\/?page_id=1839"},"modified":"2015-07-08T22:03:26","modified_gmt":"2015-07-08T19:03:26","slug":"disqualification-and-disputes","status":"publish","type":"page","link":"https:\/\/odysseus-contests.eu\/2016\/pt-pt\/regulamentos\/disqualification-and-disputes\/","title":{"rendered":"Desqualifica\u00e7\u00e3o e Disputas"},"content":{"rendered":"<ul>\n<li>As inscri\u00e7\u00f5es tardias, submetidas ap\u00f3s a meia-noite (CET) da \u00faltima data prevista para a apresenta\u00e7\u00e3o ao Concurso Odysseus II e as entradas que n\u00e3o forem conformes com as regras do concurso, com os termos legais e as orienta\u00e7\u00f5es fornecidas no site do concurso, ser\u00e3o desclassificadas, sendo essa decis\u00e3o do crit\u00e9rio exclusivo dos organizadores do concurso.<\/li>\n<li>As decis\u00f5es dos pain\u00e9is de avalia\u00e7\u00e3o e os ju\u00edzes s\u00e3o finais e n\u00e3o haver\u00e1 lugar a nenhuns recursos ou negocia\u00e7\u00f5es com as equipas participantes, professores orientadores ou mentores.<\/li>\n<li>Equipas encontradas em viola\u00e7\u00e3o das regras aqui estabelecidas ser\u00e3o liminarmente desclassificadas do Concurso Odysseus II.<\/li>\n<li>O comportamento impr\u00f3prio durante viagens das meias-finais regionais ou final europeia pode levar \u00e0 desqualifica\u00e7\u00e3o e serem enviados para casa mais cedo segundo o crit\u00e9rio dos organizadores da final em quest\u00e3o.<\/li>\n<\/ul>\n","protected":false},"excerpt":{"rendered":"<p>As inscri\u00e7\u00f5es tardias, submetidas ap\u00f3s a meia-noite (CET) da \u00faltima data prevista para a apresenta\u00e7\u00e3o ao Concurso Odysseus II e as entradas que n\u00e3o forem conformes com as regras do concurso, com os termos legais e as orienta\u00e7\u00f5es fornecidas no site do concurso, ser\u00e3o desclassificadas, sendo essa decis\u00e3o do crit\u00e9rio exclusivo dos organizadores do concurso. [&hellip;]<\/p>\n","protected":false},"author":1,"featured_media":0,"parent":1825,"menu_order":100,"comment_status":"closed","ping_status":"closed","template":"","meta":[],"acf":[],"yoast_head":"<!-- This site is optimized with the Yoast SEO plugin v19.14 - https:\/\/yoast.com\/wordpress\/plugins\/seo\/ -->\n<title>Desqualifica\u00e7\u00e3o e Disputas - ODYSSEUS II<\/title>\n<meta name=\"robots\" content=\"index, follow, max-snippet:-1, max-image-preview:large, max-video-preview:-1\" \/>\n<link rel=\"canonical\" href=\"https:\/\/odysseus-contests.eu\/2016\/pt-pt\/regulamentos\/disqualification-and-disputes\/\" \/>\n<meta property=\"og:locale\" content=\"pt_PT\" \/>\n<meta property=\"og:type\" content=\"article\" \/>\n<meta property=\"og:title\" content=\"Desqualifica\u00e7\u00e3o e Disputas - ODYSSEUS II\" \/>\n<meta property=\"og:description\" content=\"As inscri\u00e7\u00f5es tardias, submetidas ap\u00f3s a meia-noite (CET) da \u00faltima data prevista para a apresenta\u00e7\u00e3o ao Concurso Odysseus II e as entradas que n\u00e3o forem conformes com as regras do concurso, com os termos legais e as orienta\u00e7\u00f5es fornecidas no site do concurso, ser\u00e3o desclassificadas, sendo essa decis\u00e3o do crit\u00e9rio exclusivo dos organizadores do concurso. [&hellip;]\" \/>\n<meta property=\"og:url\" content=\"https:\/\/odysseus-contests.eu\/2016\/pt-pt\/regulamentos\/disqualification-and-disputes\/\" \/>\n<meta property=\"og:site_name\" content=\"ODYSSEUS II\" \/>\n<meta property=\"article:modified_time\" content=\"2015-07-08T19:03:26+00:00\" \/>\n<meta name=\"twitter:card\" content=\"summary_large_image\" \/>\n<meta name=\"twitter:label1\" content=\"Tempo estimado de leitura\" \/>\n\t<meta name=\"twitter:data1\" content=\"1 minuto\" \/>\n<script type=\"application\/ld+json\" class=\"yoast-schema-graph\">{\"@context\":\"https:\/\/schema.org\",\"@graph\":[{\"@type\":\"WebPage\",\"@id\":\"https:\/\/odysseus-contests.eu\/2016\/pt-pt\/regulamentos\/disqualification-and-disputes\/\",\"url\":\"https:\/\/odysseus-contests.eu\/2016\/pt-pt\/regulamentos\/disqualification-and-disputes\/\",\"name\":\"Desqualifica\u00e7\u00e3o e Disputas - ODYSSEUS II\",\"isPartOf\":{\"@id\":\"https:\/\/odysseus-contests.eu\/2016\/de\/#website\"},\"datePublished\":\"2015-07-04T14:21:27+00:00\",\"dateModified\":\"2015-07-08T19:03:26+00:00\",\"breadcrumb\":{\"@id\":\"https:\/\/odysseus-contests.eu\/2016\/pt-pt\/regulamentos\/disqualification-and-disputes\/#breadcrumb\"},\"inLanguage\":\"pt-PT\",\"potentialAction\":[{\"@type\":\"ReadAction\",\"target\":[\"https:\/\/odysseus-contests.eu\/2016\/pt-pt\/regulamentos\/disqualification-and-disputes\/\"]}]},{\"@type\":\"BreadcrumbList\",\"@id\":\"https:\/\/odysseus-contests.eu\/2016\/pt-pt\/regulamentos\/disqualification-and-disputes\/#breadcrumb\",\"itemListElement\":[{\"@type\":\"ListItem\",\"position\":1,\"name\":\"Home\",\"item\":\"https:\/\/odysseus-contests.eu\/2016\/pt-pt\/\"},{\"@type\":\"ListItem\",\"position\":2,\"name\":\"Regulamentos\",\"item\":\"https:\/\/odysseus-contests.eu\/2016\/pt-pt\/regulamentos\/\"},{\"@type\":\"ListItem\",\"position\":3,\"name\":\"Desqualifica\u00e7\u00e3o e Disputas\"}]},{\"@type\":\"WebSite\",\"@id\":\"https:\/\/odysseus-contests.eu\/2016\/de\/#website\",\"url\":\"https:\/\/odysseus-contests.eu\/2016\/de\/\",\"name\":\"ODYSSEUS II\",\"description\":\"European Youth Space Contest\",\"potentialAction\":[{\"@type\":\"SearchAction\",\"target\":{\"@type\":\"EntryPoint\",\"urlTemplate\":\"https:\/\/odysseus-contests.eu\/2016\/de\/?s={search_term_string}\"},\"query-input\":\"required name=search_term_string\"}],\"inLanguage\":\"pt-PT\"}]}<\/script>\n<!-- \/ Yoast SEO plugin. -->","yoast_head_json":{"title":"Desqualifica\u00e7\u00e3o e Disputas - ODYSSEUS II","robots":{"index":"index","follow":"follow","max-snippet":"max-snippet:-1","max-image-preview":"max-image-preview:large","max-video-preview":"max-video-preview:-1"},"canonical":"https:\/\/odysseus-contests.eu\/2016\/pt-pt\/regulamentos\/disqualification-and-disputes\/","og_locale":"pt_PT","og_type":"article","og_title":"Desqualifica\u00e7\u00e3o e Disputas - ODYSSEUS II","og_description":"As inscri\u00e7\u00f5es tardias, submetidas ap\u00f3s a meia-noite (CET) da \u00faltima data prevista para a apresenta\u00e7\u00e3o ao Concurso Odysseus II e as entradas que n\u00e3o forem conformes com as regras do concurso, com os termos legais e as orienta\u00e7\u00f5es fornecidas no site do concurso, ser\u00e3o desclassificadas, sendo essa decis\u00e3o do crit\u00e9rio exclusivo dos organizadores do concurso. [&hellip;]","og_url":"https:\/\/odysseus-contests.eu\/2016\/pt-pt\/regulamentos\/disqualification-and-disputes\/","og_site_name":"ODYSSEUS II","article_modified_time":"2015-07-08T19:03:26+00:00","twitter_card":"summary_large_image","twitter_misc":{"Tempo estimado de leitura":"1 minuto"},"schema":{"@context":"https:\/\/schema.org","@graph":[{"@type":"WebPage","@id":"https:\/\/odysseus-contests.eu\/2016\/pt-pt\/regulamentos\/disqualification-and-disputes\/","url":"https:\/\/odysseus-contests.eu\/2016\/pt-pt\/regulamentos\/disqualification-and-disputes\/","name":"Desqualifica\u00e7\u00e3o e Disputas - ODYSSEUS II","isPartOf":{"@id":"https:\/\/odysseus-contests.eu\/2016\/de\/#website"},"datePublished":"2015-07-04T14:21:27+00:00","dateModified":"2015-07-08T19:03:26+00:00","breadcrumb":{"@id":"https:\/\/odysseus-contests.eu\/2016\/pt-pt\/regulamentos\/disqualification-and-disputes\/#breadcrumb"},"inLanguage":"pt-PT","potentialAction":[{"@type":"ReadAction","target":["https:\/\/odysseus-contests.eu\/2016\/pt-pt\/regulamentos\/disqualification-and-disputes\/"]}]},{"@type":"BreadcrumbList","@id":"https:\/\/odysseus-contests.eu\/2016\/pt-pt\/regulamentos\/disqualification-and-disputes\/#breadcrumb","itemListElement":[{"@type":"ListItem","position":1,"name":"Home","item":"https:\/\/odysseus-contests.eu\/2016\/pt-pt\/"},{"@type":"ListItem","position":2,"name":"Regulamentos","item":"https:\/\/odysseus-contests.eu\/2016\/pt-pt\/regulamentos\/"},{"@type":"ListItem","position":3,"name":"Desqualifica\u00e7\u00e3o e Disputas"}]},{"@type":"WebSite","@id":"https:\/\/odysseus-contests.eu\/2016\/de\/#website","url":"https:\/\/odysseus-contests.eu\/2016\/de\/","name":"ODYSSEUS II","description":"European Youth Space Contest","potentialAction":[{"@type":"SearchAction","target":{"@type":"EntryPoint","urlTemplate":"https:\/\/odysseus-contests.eu\/2016\/de\/?s={search_term_string}"},"query-input":"required name=search_term_string"}],"inLanguage":"pt-PT"}]}},"_links":{"self":[{"href":"https:\/\/odysseus-contests.eu\/2016\/pt-pt\/wp-json\/wp\/v2\/pages\/1839"}],"collection":[{"href":"https:\/\/odysseus-contests.eu\/2016\/pt-pt\/wp-json\/wp\/v2\/pages"}],"about":[{"href":"https:\/\/odysseus-contests.eu\/2016\/pt-pt\/wp-json\/wp\/v2\/types\/page"}],"author":[{"embeddable":true,"href":"https:\/\/odysseus-contests.eu\/2016\/pt-pt\/wp-json\/wp\/v2\/users\/1"}],"replies":[{"embeddable":true,"href":"https:\/\/odysseus-contests.eu\/2016\/pt-pt\/wp-json\/wp\/v2\/comments?post=1839"}],"version-history":[{"count":0,"href":"https:\/\/odysseus-contests.eu\/2016\/pt-pt\/wp-json\/wp\/v2\/pages\/1839\/revisions"}],"up":[{"embeddable":true,"href":"https:\/\/odysseus-contests.eu\/2016\/pt-pt\/wp-json\/wp\/v2\/pages\/1825"}],"wp:attachment":[{"href":"https:\/\/odysseus-contests.eu\/2016\/pt-pt\/wp-json\/wp\/v2\/media?parent=1839"}],"curies":[{"name":"wp","href":"https:\/\/api.w.org\/{rel}","templated":true}]}}