{"id":1838,"date":"2015-07-04T17:20:36","date_gmt":"2015-07-04T14:20:36","guid":{"rendered":"http:\/\/odysseus-contests.eu\/2016\/?page_id=1838"},"modified":"2015-07-04T17:20:36","modified_gmt":"2015-07-04T14:20:36","slug":"prizes","status":"publish","type":"page","link":"https:\/\/odysseus-contests.eu\/2016\/pt-pt\/regulamentos\/prizes\/","title":{"rendered":"Pr\u00e9mios"},"content":{"rendered":"<ul>\n<li>Os pr\u00e9mios dos vencedores do Concurso Odysseus II e vice-campe\u00f5es s\u00e3o negoci\u00e1veis e n\u00e3o-transfer\u00edveis. Os pr\u00e9mios n\u00e3o podem ser substitu\u00eddos por um equivalente financeiro.<\/li>\n<li>A Organiza\u00e7\u00e3o reserva-se o direito de solicitar a devolu\u00e7\u00e3o de um pr\u00e9mio, no prazo de meio ano ap\u00f3s ser concedido, se for descoberto que uma equipa ou um participante individual &#8216;Explorer&#8217; violou as regras estabelecidas no presente documento.<\/li>\n<\/ul>\n","protected":false},"excerpt":{"rendered":"<p>Os pr\u00e9mios dos vencedores do Concurso Odysseus II e vice-campe\u00f5es s\u00e3o negoci\u00e1veis e n\u00e3o-transfer\u00edveis. Os pr\u00e9mios n\u00e3o podem ser substitu\u00eddos por um equivalente financeiro. A Organiza\u00e7\u00e3o reserva-se o direito de solicitar a devolu\u00e7\u00e3o de um pr\u00e9mio, no prazo de meio ano ap\u00f3s ser concedido, se for descoberto que uma equipa ou um participante individual &#8216;Explorer&#8217; [&hellip;]<\/p>\n","protected":false},"author":1,"featured_media":0,"parent":1825,"menu_order":80,"comment_status":"closed","ping_status":"closed","template":"","meta":[],"acf":[],"yoast_head":"<!-- This site is optimized with the Yoast SEO plugin v19.14 - https:\/\/yoast.com\/wordpress\/plugins\/seo\/ -->\n<title>Pr\u00e9mios - ODYSSEUS II<\/title>\n<meta name=\"robots\" content=\"index, follow, max-snippet:-1, max-image-preview:large, max-video-preview:-1\" \/>\n<link rel=\"canonical\" href=\"https:\/\/odysseus-contests.eu\/2016\/pt-pt\/regulamentos\/prizes\/\" \/>\n<meta property=\"og:locale\" content=\"pt_PT\" \/>\n<meta property=\"og:type\" content=\"article\" \/>\n<meta property=\"og:title\" content=\"Pr\u00e9mios - ODYSSEUS II\" \/>\n<meta property=\"og:description\" content=\"Os pr\u00e9mios dos vencedores do Concurso Odysseus II e vice-campe\u00f5es s\u00e3o negoci\u00e1veis e n\u00e3o-transfer\u00edveis. Os pr\u00e9mios n\u00e3o podem ser substitu\u00eddos por um equivalente financeiro. A Organiza\u00e7\u00e3o reserva-se o direito de solicitar a devolu\u00e7\u00e3o de um pr\u00e9mio, no prazo de meio ano ap\u00f3s ser concedido, se for descoberto que uma equipa ou um participante individual &#8216;Explorer&#8217; [&hellip;]\" \/>\n<meta property=\"og:url\" content=\"https:\/\/odysseus-contests.eu\/2016\/pt-pt\/regulamentos\/prizes\/\" \/>\n<meta property=\"og:site_name\" content=\"ODYSSEUS II\" \/>\n<meta name=\"twitter:card\" content=\"summary_large_image\" \/>\n<script type=\"application\/ld+json\" class=\"yoast-schema-graph\">{\"@context\":\"https:\/\/schema.org\",\"@graph\":[{\"@type\":\"WebPage\",\"@id\":\"https:\/\/odysseus-contests.eu\/2016\/pt-pt\/regulamentos\/prizes\/\",\"url\":\"https:\/\/odysseus-contests.eu\/2016\/pt-pt\/regulamentos\/prizes\/\",\"name\":\"Pr\u00e9mios - ODYSSEUS II\",\"isPartOf\":{\"@id\":\"https:\/\/odysseus-contests.eu\/2016\/de\/#website\"},\"datePublished\":\"2015-07-04T14:20:36+00:00\",\"dateModified\":\"2015-07-04T14:20:36+00:00\",\"breadcrumb\":{\"@id\":\"https:\/\/odysseus-contests.eu\/2016\/pt-pt\/regulamentos\/prizes\/#breadcrumb\"},\"inLanguage\":\"pt-PT\",\"potentialAction\":[{\"@type\":\"ReadAction\",\"target\":[\"https:\/\/odysseus-contests.eu\/2016\/pt-pt\/regulamentos\/prizes\/\"]}]},{\"@type\":\"BreadcrumbList\",\"@id\":\"https:\/\/odysseus-contests.eu\/2016\/pt-pt\/regulamentos\/prizes\/#breadcrumb\",\"itemListElement\":[{\"@type\":\"ListItem\",\"position\":1,\"name\":\"Home\",\"item\":\"https:\/\/odysseus-contests.eu\/2016\/pt-pt\/\"},{\"@type\":\"ListItem\",\"position\":2,\"name\":\"Regulamentos\",\"item\":\"https:\/\/odysseus-contests.eu\/2016\/pt-pt\/regulamentos\/\"},{\"@type\":\"ListItem\",\"position\":3,\"name\":\"Pr\u00e9mios\"}]},{\"@type\":\"WebSite\",\"@id\":\"https:\/\/odysseus-contests.eu\/2016\/de\/#website\",\"url\":\"https:\/\/odysseus-contests.eu\/2016\/de\/\",\"name\":\"ODYSSEUS II\",\"description\":\"European Youth Space Contest\",\"potentialAction\":[{\"@type\":\"SearchAction\",\"target\":{\"@type\":\"EntryPoint\",\"urlTemplate\":\"https:\/\/odysseus-contests.eu\/2016\/de\/?s={search_term_string}\"},\"query-input\":\"required name=search_term_string\"}],\"inLanguage\":\"pt-PT\"}]}<\/script>\n<!-- \/ Yoast SEO plugin. -->","yoast_head_json":{"title":"Pr\u00e9mios - ODYSSEUS II","robots":{"index":"index","follow":"follow","max-snippet":"max-snippet:-1","max-image-preview":"max-image-preview:large","max-video-preview":"max-video-preview:-1"},"canonical":"https:\/\/odysseus-contests.eu\/2016\/pt-pt\/regulamentos\/prizes\/","og_locale":"pt_PT","og_type":"article","og_title":"Pr\u00e9mios - ODYSSEUS II","og_description":"Os pr\u00e9mios dos vencedores do Concurso Odysseus II e vice-campe\u00f5es s\u00e3o negoci\u00e1veis e n\u00e3o-transfer\u00edveis. Os pr\u00e9mios n\u00e3o podem ser substitu\u00eddos por um equivalente financeiro. A Organiza\u00e7\u00e3o reserva-se o direito de solicitar a devolu\u00e7\u00e3o de um pr\u00e9mio, no prazo de meio ano ap\u00f3s ser concedido, se for descoberto que uma equipa ou um participante individual &#8216;Explorer&#8217; [&hellip;]","og_url":"https:\/\/odysseus-contests.eu\/2016\/pt-pt\/regulamentos\/prizes\/","og_site_name":"ODYSSEUS II","twitter_card":"summary_large_image","schema":{"@context":"https:\/\/schema.org","@graph":[{"@type":"WebPage","@id":"https:\/\/odysseus-contests.eu\/2016\/pt-pt\/regulamentos\/prizes\/","url":"https:\/\/odysseus-contests.eu\/2016\/pt-pt\/regulamentos\/prizes\/","name":"Pr\u00e9mios - ODYSSEUS II","isPartOf":{"@id":"https:\/\/odysseus-contests.eu\/2016\/de\/#website"},"datePublished":"2015-07-04T14:20:36+00:00","dateModified":"2015-07-04T14:20:36+00:00","breadcrumb":{"@id":"https:\/\/odysseus-contests.eu\/2016\/pt-pt\/regulamentos\/prizes\/#breadcrumb"},"inLanguage":"pt-PT","potentialAction":[{"@type":"ReadAction","target":["https:\/\/odysseus-contests.eu\/2016\/pt-pt\/regulamentos\/prizes\/"]}]},{"@type":"BreadcrumbList","@id":"https:\/\/odysseus-contests.eu\/2016\/pt-pt\/regulamentos\/prizes\/#breadcrumb","itemListElement":[{"@type":"ListItem","position":1,"name":"Home","item":"https:\/\/odysseus-contests.eu\/2016\/pt-pt\/"},{"@type":"ListItem","position":2,"name":"Regulamentos","item":"https:\/\/odysseus-contests.eu\/2016\/pt-pt\/regulamentos\/"},{"@type":"ListItem","position":3,"name":"Pr\u00e9mios"}]},{"@type":"WebSite","@id":"https:\/\/odysseus-contests.eu\/2016\/de\/#website","url":"https:\/\/odysseus-contests.eu\/2016\/de\/","name":"ODYSSEUS II","description":"European Youth Space Contest","potentialAction":[{"@type":"SearchAction","target":{"@type":"EntryPoint","urlTemplate":"https:\/\/odysseus-contests.eu\/2016\/de\/?s={search_term_string}"},"query-input":"required name=search_term_string"}],"inLanguage":"pt-PT"}]}},"_links":{"self":[{"href":"https:\/\/odysseus-contests.eu\/2016\/pt-pt\/wp-json\/wp\/v2\/pages\/1838"}],"collection":[{"href":"https:\/\/odysseus-contests.eu\/2016\/pt-pt\/wp-json\/wp\/v2\/pages"}],"about":[{"href":"https:\/\/odysseus-contests.eu\/2016\/pt-pt\/wp-json\/wp\/v2\/types\/page"}],"author":[{"embeddable":true,"href":"https:\/\/odysseus-contests.eu\/2016\/pt-pt\/wp-json\/wp\/v2\/users\/1"}],"replies":[{"embeddable":true,"href":"https:\/\/odysseus-contests.eu\/2016\/pt-pt\/wp-json\/wp\/v2\/comments?post=1838"}],"version-history":[{"count":0,"href":"https:\/\/odysseus-contests.eu\/2016\/pt-pt\/wp-json\/wp\/v2\/pages\/1838\/revisions"}],"up":[{"embeddable":true,"href":"https:\/\/odysseus-contests.eu\/2016\/pt-pt\/wp-json\/wp\/v2\/pages\/1825"}],"wp:attachment":[{"href":"https:\/\/odysseus-contests.eu\/2016\/pt-pt\/wp-json\/wp\/v2\/media?parent=1838"}],"curies":[{"name":"wp","href":"https:\/\/api.w.org\/{rel}","templated":true}]}}