{"id":1837,"date":"2015-07-04T17:20:57","date_gmt":"2015-07-04T14:20:57","guid":{"rendered":"http:\/\/odysseus-contests.eu\/2016\/?page_id=1837"},"modified":"2015-07-08T22:02:13","modified_gmt":"2015-07-08T19:02:13","slug":"publication-and-publicity","status":"publish","type":"page","link":"https:\/\/odysseus-contests.eu\/2016\/pt-pt\/regulamentos\/publication-and-publicity\/","title":{"rendered":"Publica\u00e7\u00e3o e publicidade"},"content":{"rendered":"<ul>\n<li>Os materiais submetidos a concurso n\u00e3o ser\u00e3o devolvidos, e como propriedade do &#8220;Projeto Odysseus II&#8221;, podem ser utilizados para publicidade, exibi\u00e7\u00e3o p\u00fablica, divulga\u00e7\u00e3o e outros fins n\u00e3o lucrativos.<\/li>\n<li>Ap\u00f3s o encerramento das submiss\u00f5es, todas as entradas ser\u00e3o tornadas p\u00fablicas atrav\u00e9s do portal web Concurso Odysseus II.<\/li>\n<li>O registo por uma equipe d\u00e1 ao Concurso Odysseus II o direito de publicar o nome, a idade e a nacionalidade dos membros da equipe vencedora no site do Odysseus II.<\/li>\n<li>Os organizadores do concurso podem pedir a uma equipa para enviar os objetos f\u00edsicos associados \u00e0 sua entrada para Bruxelas para uma exposi\u00e7\u00e3o. O custo do envio dos objetos ser\u00e1 pago pelos organizadores.<\/li>\n<li>Os membros das equipas vencedoras das finais europeias atuar\u00e3o como Embaixador Espacial da Juventude Europeia (\u2018European Youth Space Ambassador\u2019) e ir\u00e3o participar em atividades de sensibiliza\u00e7\u00e3o imediatamente ap\u00f3s a final. Isso ir\u00e1 incluir entrevistas e hist\u00f3rias para o site do Concurso Odysseus II e outras iniciativas de divulga\u00e7\u00e3o da UE.<\/li>\n<\/ul>\n","protected":false},"excerpt":{"rendered":"<p>Os materiais submetidos a concurso n\u00e3o ser\u00e3o devolvidos, e como propriedade do &#8220;Projeto Odysseus II&#8221;, podem ser utilizados para publicidade, exibi\u00e7\u00e3o p\u00fablica, divulga\u00e7\u00e3o e outros fins n\u00e3o lucrativos. Ap\u00f3s o encerramento das submiss\u00f5es, todas as entradas ser\u00e3o tornadas p\u00fablicas atrav\u00e9s do portal web Concurso Odysseus II. O registo por uma equipe d\u00e1 ao Concurso Odysseus [&hellip;]<\/p>\n","protected":false},"author":1,"featured_media":0,"parent":1825,"menu_order":90,"comment_status":"closed","ping_status":"closed","template":"","meta":[],"acf":[],"yoast_head":"<!-- This site is optimized with the Yoast SEO plugin v19.14 - https:\/\/yoast.com\/wordpress\/plugins\/seo\/ -->\n<title>Publica\u00e7\u00e3o e publicidade - ODYSSEUS II<\/title>\n<meta name=\"robots\" content=\"index, follow, max-snippet:-1, max-image-preview:large, max-video-preview:-1\" \/>\n<link rel=\"canonical\" href=\"https:\/\/odysseus-contests.eu\/2016\/pt-pt\/regulamentos\/publication-and-publicity\/\" \/>\n<meta property=\"og:locale\" content=\"pt_PT\" \/>\n<meta property=\"og:type\" content=\"article\" \/>\n<meta property=\"og:title\" content=\"Publica\u00e7\u00e3o e publicidade - ODYSSEUS II\" \/>\n<meta property=\"og:description\" content=\"Os materiais submetidos a concurso n\u00e3o ser\u00e3o devolvidos, e como propriedade do &#8220;Projeto Odysseus II&#8221;, podem ser utilizados para publicidade, exibi\u00e7\u00e3o p\u00fablica, divulga\u00e7\u00e3o e outros fins n\u00e3o lucrativos. Ap\u00f3s o encerramento das submiss\u00f5es, todas as entradas ser\u00e3o tornadas p\u00fablicas atrav\u00e9s do portal web Concurso Odysseus II. O registo por uma equipe d\u00e1 ao Concurso Odysseus [&hellip;]\" \/>\n<meta property=\"og:url\" content=\"https:\/\/odysseus-contests.eu\/2016\/pt-pt\/regulamentos\/publication-and-publicity\/\" \/>\n<meta property=\"og:site_name\" content=\"ODYSSEUS II\" \/>\n<meta property=\"article:modified_time\" content=\"2015-07-08T19:02:13+00:00\" \/>\n<meta name=\"twitter:card\" content=\"summary_large_image\" \/>\n<meta name=\"twitter:label1\" content=\"Tempo estimado de leitura\" \/>\n\t<meta name=\"twitter:data1\" content=\"1 minuto\" \/>\n<script type=\"application\/ld+json\" class=\"yoast-schema-graph\">{\"@context\":\"https:\/\/schema.org\",\"@graph\":[{\"@type\":\"WebPage\",\"@id\":\"https:\/\/odysseus-contests.eu\/2016\/pt-pt\/regulamentos\/publication-and-publicity\/\",\"url\":\"https:\/\/odysseus-contests.eu\/2016\/pt-pt\/regulamentos\/publication-and-publicity\/\",\"name\":\"Publica\u00e7\u00e3o e publicidade - ODYSSEUS II\",\"isPartOf\":{\"@id\":\"https:\/\/odysseus-contests.eu\/2016\/de\/#website\"},\"datePublished\":\"2015-07-04T14:20:57+00:00\",\"dateModified\":\"2015-07-08T19:02:13+00:00\",\"breadcrumb\":{\"@id\":\"https:\/\/odysseus-contests.eu\/2016\/pt-pt\/regulamentos\/publication-and-publicity\/#breadcrumb\"},\"inLanguage\":\"pt-PT\",\"potentialAction\":[{\"@type\":\"ReadAction\",\"target\":[\"https:\/\/odysseus-contests.eu\/2016\/pt-pt\/regulamentos\/publication-and-publicity\/\"]}]},{\"@type\":\"BreadcrumbList\",\"@id\":\"https:\/\/odysseus-contests.eu\/2016\/pt-pt\/regulamentos\/publication-and-publicity\/#breadcrumb\",\"itemListElement\":[{\"@type\":\"ListItem\",\"position\":1,\"name\":\"Home\",\"item\":\"https:\/\/odysseus-contests.eu\/2016\/pt-pt\/\"},{\"@type\":\"ListItem\",\"position\":2,\"name\":\"Regulamentos\",\"item\":\"https:\/\/odysseus-contests.eu\/2016\/pt-pt\/regulamentos\/\"},{\"@type\":\"ListItem\",\"position\":3,\"name\":\"Publica\u00e7\u00e3o e publicidade\"}]},{\"@type\":\"WebSite\",\"@id\":\"https:\/\/odysseus-contests.eu\/2016\/de\/#website\",\"url\":\"https:\/\/odysseus-contests.eu\/2016\/de\/\",\"name\":\"ODYSSEUS II\",\"description\":\"European Youth Space Contest\",\"potentialAction\":[{\"@type\":\"SearchAction\",\"target\":{\"@type\":\"EntryPoint\",\"urlTemplate\":\"https:\/\/odysseus-contests.eu\/2016\/de\/?s={search_term_string}\"},\"query-input\":\"required name=search_term_string\"}],\"inLanguage\":\"pt-PT\"}]}<\/script>\n<!-- \/ Yoast SEO plugin. -->","yoast_head_json":{"title":"Publica\u00e7\u00e3o e publicidade - ODYSSEUS II","robots":{"index":"index","follow":"follow","max-snippet":"max-snippet:-1","max-image-preview":"max-image-preview:large","max-video-preview":"max-video-preview:-1"},"canonical":"https:\/\/odysseus-contests.eu\/2016\/pt-pt\/regulamentos\/publication-and-publicity\/","og_locale":"pt_PT","og_type":"article","og_title":"Publica\u00e7\u00e3o e publicidade - ODYSSEUS II","og_description":"Os materiais submetidos a concurso n\u00e3o ser\u00e3o devolvidos, e como propriedade do &#8220;Projeto Odysseus II&#8221;, podem ser utilizados para publicidade, exibi\u00e7\u00e3o p\u00fablica, divulga\u00e7\u00e3o e outros fins n\u00e3o lucrativos. Ap\u00f3s o encerramento das submiss\u00f5es, todas as entradas ser\u00e3o tornadas p\u00fablicas atrav\u00e9s do portal web Concurso Odysseus II. O registo por uma equipe d\u00e1 ao Concurso Odysseus [&hellip;]","og_url":"https:\/\/odysseus-contests.eu\/2016\/pt-pt\/regulamentos\/publication-and-publicity\/","og_site_name":"ODYSSEUS II","article_modified_time":"2015-07-08T19:02:13+00:00","twitter_card":"summary_large_image","twitter_misc":{"Tempo estimado de leitura":"1 minuto"},"schema":{"@context":"https:\/\/schema.org","@graph":[{"@type":"WebPage","@id":"https:\/\/odysseus-contests.eu\/2016\/pt-pt\/regulamentos\/publication-and-publicity\/","url":"https:\/\/odysseus-contests.eu\/2016\/pt-pt\/regulamentos\/publication-and-publicity\/","name":"Publica\u00e7\u00e3o e publicidade - ODYSSEUS II","isPartOf":{"@id":"https:\/\/odysseus-contests.eu\/2016\/de\/#website"},"datePublished":"2015-07-04T14:20:57+00:00","dateModified":"2015-07-08T19:02:13+00:00","breadcrumb":{"@id":"https:\/\/odysseus-contests.eu\/2016\/pt-pt\/regulamentos\/publication-and-publicity\/#breadcrumb"},"inLanguage":"pt-PT","potentialAction":[{"@type":"ReadAction","target":["https:\/\/odysseus-contests.eu\/2016\/pt-pt\/regulamentos\/publication-and-publicity\/"]}]},{"@type":"BreadcrumbList","@id":"https:\/\/odysseus-contests.eu\/2016\/pt-pt\/regulamentos\/publication-and-publicity\/#breadcrumb","itemListElement":[{"@type":"ListItem","position":1,"name":"Home","item":"https:\/\/odysseus-contests.eu\/2016\/pt-pt\/"},{"@type":"ListItem","position":2,"name":"Regulamentos","item":"https:\/\/odysseus-contests.eu\/2016\/pt-pt\/regulamentos\/"},{"@type":"ListItem","position":3,"name":"Publica\u00e7\u00e3o e publicidade"}]},{"@type":"WebSite","@id":"https:\/\/odysseus-contests.eu\/2016\/de\/#website","url":"https:\/\/odysseus-contests.eu\/2016\/de\/","name":"ODYSSEUS II","description":"European Youth Space Contest","potentialAction":[{"@type":"SearchAction","target":{"@type":"EntryPoint","urlTemplate":"https:\/\/odysseus-contests.eu\/2016\/de\/?s={search_term_string}"},"query-input":"required name=search_term_string"}],"inLanguage":"pt-PT"}]}},"_links":{"self":[{"href":"https:\/\/odysseus-contests.eu\/2016\/pt-pt\/wp-json\/wp\/v2\/pages\/1837"}],"collection":[{"href":"https:\/\/odysseus-contests.eu\/2016\/pt-pt\/wp-json\/wp\/v2\/pages"}],"about":[{"href":"https:\/\/odysseus-contests.eu\/2016\/pt-pt\/wp-json\/wp\/v2\/types\/page"}],"author":[{"embeddable":true,"href":"https:\/\/odysseus-contests.eu\/2016\/pt-pt\/wp-json\/wp\/v2\/users\/1"}],"replies":[{"embeddable":true,"href":"https:\/\/odysseus-contests.eu\/2016\/pt-pt\/wp-json\/wp\/v2\/comments?post=1837"}],"version-history":[{"count":0,"href":"https:\/\/odysseus-contests.eu\/2016\/pt-pt\/wp-json\/wp\/v2\/pages\/1837\/revisions"}],"up":[{"embeddable":true,"href":"https:\/\/odysseus-contests.eu\/2016\/pt-pt\/wp-json\/wp\/v2\/pages\/1825"}],"wp:attachment":[{"href":"https:\/\/odysseus-contests.eu\/2016\/pt-pt\/wp-json\/wp\/v2\/media?parent=1837"}],"curies":[{"name":"wp","href":"https:\/\/api.w.org\/{rel}","templated":true}]}}