{"id":1836,"date":"2015-07-04T17:20:15","date_gmt":"2015-07-04T14:20:15","guid":{"rendered":"http:\/\/odysseus-contests.eu\/2016\/?page_id=1836"},"modified":"2015-07-04T17:20:15","modified_gmt":"2015-07-04T14:20:15","slug":"avaliacao","status":"publish","type":"page","link":"https:\/\/odysseus-contests.eu\/2016\/pt-pt\/regulamentos\/avaliacao\/","title":{"rendered":"Avalia\u00e7\u00e3o"},"content":{"rendered":"<p>Na categoria de \u201cretrato\u201d (imagem) dos Skywalker todas as submiss\u00f5es ser\u00e3o julgadas por vota\u00e7\u00e3o on-line pelos pr\u00f3prios competidores. Os projetos das categorias Pioneer e Explorer ser\u00e3o avaliados em tr\u00eas Fases: a n\u00edvel nacional, regional e internacional. Para obter mais informa\u00e7\u00f5es sobre o processo de avalia\u00e7\u00e3o, ver as regras sobre as categorias nas p\u00e1ginas dos <a href=\"http:\/\/odysseus-contests.eu\/2016\/pt-pt\/skywalkers\/rules\/\">Skywalkers<\/a>, <a href=\"http:\/\/odysseus-contests.eu\/2016\/pt-pt\/pioneers\/regulamento\/\" target=\"_blank\">Pioneer<\/a> e <a href=\"http:\/\/odysseus-contests.eu\/2016\/pt-pt\/explorers\/regulamento\/\" target=\"_blank\">Explorer<\/a>.<\/p>\n","protected":false},"excerpt":{"rendered":"<p>Na categoria de \u201cretrato\u201d (imagem) dos Skywalker todas as submiss\u00f5es ser\u00e3o julgadas por vota\u00e7\u00e3o on-line pelos pr\u00f3prios competidores. Os projetos das categorias Pioneer e Explorer ser\u00e3o avaliados em tr\u00eas Fases: a n\u00edvel nacional, regional e internacional. Para obter mais informa\u00e7\u00f5es sobre o processo de avalia\u00e7\u00e3o, ver as regras sobre as categorias nas p\u00e1ginas dos Skywalkers, [&hellip;]<\/p>\n","protected":false},"author":1,"featured_media":0,"parent":1825,"menu_order":70,"comment_status":"closed","ping_status":"closed","template":"","meta":[],"acf":[],"yoast_head":"<!-- This site is optimized with the Yoast SEO plugin v19.14 - https:\/\/yoast.com\/wordpress\/plugins\/seo\/ -->\n<title>Avalia\u00e7\u00e3o - ODYSSEUS II<\/title>\n<meta name=\"robots\" content=\"index, follow, max-snippet:-1, max-image-preview:large, max-video-preview:-1\" \/>\n<link rel=\"canonical\" href=\"https:\/\/odysseus-contests.eu\/2016\/pt-pt\/regulamentos\/avaliacao\/\" \/>\n<meta property=\"og:locale\" content=\"pt_PT\" \/>\n<meta property=\"og:type\" content=\"article\" \/>\n<meta property=\"og:title\" content=\"Avalia\u00e7\u00e3o - ODYSSEUS II\" \/>\n<meta property=\"og:description\" content=\"Na categoria de \u201cretrato\u201d (imagem) dos Skywalker todas as submiss\u00f5es ser\u00e3o julgadas por vota\u00e7\u00e3o on-line pelos pr\u00f3prios competidores. Os projetos das categorias Pioneer e Explorer ser\u00e3o avaliados em tr\u00eas Fases: a n\u00edvel nacional, regional e internacional. Para obter mais informa\u00e7\u00f5es sobre o processo de avalia\u00e7\u00e3o, ver as regras sobre as categorias nas p\u00e1ginas dos Skywalkers, [&hellip;]\" \/>\n<meta property=\"og:url\" content=\"https:\/\/odysseus-contests.eu\/2016\/pt-pt\/regulamentos\/avaliacao\/\" \/>\n<meta property=\"og:site_name\" content=\"ODYSSEUS II\" \/>\n<meta name=\"twitter:card\" content=\"summary_large_image\" \/>\n<script type=\"application\/ld+json\" class=\"yoast-schema-graph\">{\"@context\":\"https:\/\/schema.org\",\"@graph\":[{\"@type\":\"WebPage\",\"@id\":\"https:\/\/odysseus-contests.eu\/2016\/pt-pt\/regulamentos\/avaliacao\/\",\"url\":\"https:\/\/odysseus-contests.eu\/2016\/pt-pt\/regulamentos\/avaliacao\/\",\"name\":\"Avalia\u00e7\u00e3o - ODYSSEUS II\",\"isPartOf\":{\"@id\":\"https:\/\/odysseus-contests.eu\/2016\/de\/#website\"},\"datePublished\":\"2015-07-04T14:20:15+00:00\",\"dateModified\":\"2015-07-04T14:20:15+00:00\",\"breadcrumb\":{\"@id\":\"https:\/\/odysseus-contests.eu\/2016\/pt-pt\/regulamentos\/avaliacao\/#breadcrumb\"},\"inLanguage\":\"pt-PT\",\"potentialAction\":[{\"@type\":\"ReadAction\",\"target\":[\"https:\/\/odysseus-contests.eu\/2016\/pt-pt\/regulamentos\/avaliacao\/\"]}]},{\"@type\":\"BreadcrumbList\",\"@id\":\"https:\/\/odysseus-contests.eu\/2016\/pt-pt\/regulamentos\/avaliacao\/#breadcrumb\",\"itemListElement\":[{\"@type\":\"ListItem\",\"position\":1,\"name\":\"Home\",\"item\":\"https:\/\/odysseus-contests.eu\/2016\/pt-pt\/\"},{\"@type\":\"ListItem\",\"position\":2,\"name\":\"Regulamentos\",\"item\":\"https:\/\/odysseus-contests.eu\/2016\/pt-pt\/regulamentos\/\"},{\"@type\":\"ListItem\",\"position\":3,\"name\":\"Avalia\u00e7\u00e3o\"}]},{\"@type\":\"WebSite\",\"@id\":\"https:\/\/odysseus-contests.eu\/2016\/de\/#website\",\"url\":\"https:\/\/odysseus-contests.eu\/2016\/de\/\",\"name\":\"ODYSSEUS II\",\"description\":\"European Youth Space Contest\",\"potentialAction\":[{\"@type\":\"SearchAction\",\"target\":{\"@type\":\"EntryPoint\",\"urlTemplate\":\"https:\/\/odysseus-contests.eu\/2016\/de\/?s={search_term_string}\"},\"query-input\":\"required name=search_term_string\"}],\"inLanguage\":\"pt-PT\"}]}<\/script>\n<!-- \/ Yoast SEO plugin. -->","yoast_head_json":{"title":"Avalia\u00e7\u00e3o - ODYSSEUS II","robots":{"index":"index","follow":"follow","max-snippet":"max-snippet:-1","max-image-preview":"max-image-preview:large","max-video-preview":"max-video-preview:-1"},"canonical":"https:\/\/odysseus-contests.eu\/2016\/pt-pt\/regulamentos\/avaliacao\/","og_locale":"pt_PT","og_type":"article","og_title":"Avalia\u00e7\u00e3o - ODYSSEUS II","og_description":"Na categoria de \u201cretrato\u201d (imagem) dos Skywalker todas as submiss\u00f5es ser\u00e3o julgadas por vota\u00e7\u00e3o on-line pelos pr\u00f3prios competidores. Os projetos das categorias Pioneer e Explorer ser\u00e3o avaliados em tr\u00eas Fases: a n\u00edvel nacional, regional e internacional. Para obter mais informa\u00e7\u00f5es sobre o processo de avalia\u00e7\u00e3o, ver as regras sobre as categorias nas p\u00e1ginas dos Skywalkers, [&hellip;]","og_url":"https:\/\/odysseus-contests.eu\/2016\/pt-pt\/regulamentos\/avaliacao\/","og_site_name":"ODYSSEUS II","twitter_card":"summary_large_image","schema":{"@context":"https:\/\/schema.org","@graph":[{"@type":"WebPage","@id":"https:\/\/odysseus-contests.eu\/2016\/pt-pt\/regulamentos\/avaliacao\/","url":"https:\/\/odysseus-contests.eu\/2016\/pt-pt\/regulamentos\/avaliacao\/","name":"Avalia\u00e7\u00e3o - ODYSSEUS II","isPartOf":{"@id":"https:\/\/odysseus-contests.eu\/2016\/de\/#website"},"datePublished":"2015-07-04T14:20:15+00:00","dateModified":"2015-07-04T14:20:15+00:00","breadcrumb":{"@id":"https:\/\/odysseus-contests.eu\/2016\/pt-pt\/regulamentos\/avaliacao\/#breadcrumb"},"inLanguage":"pt-PT","potentialAction":[{"@type":"ReadAction","target":["https:\/\/odysseus-contests.eu\/2016\/pt-pt\/regulamentos\/avaliacao\/"]}]},{"@type":"BreadcrumbList","@id":"https:\/\/odysseus-contests.eu\/2016\/pt-pt\/regulamentos\/avaliacao\/#breadcrumb","itemListElement":[{"@type":"ListItem","position":1,"name":"Home","item":"https:\/\/odysseus-contests.eu\/2016\/pt-pt\/"},{"@type":"ListItem","position":2,"name":"Regulamentos","item":"https:\/\/odysseus-contests.eu\/2016\/pt-pt\/regulamentos\/"},{"@type":"ListItem","position":3,"name":"Avalia\u00e7\u00e3o"}]},{"@type":"WebSite","@id":"https:\/\/odysseus-contests.eu\/2016\/de\/#website","url":"https:\/\/odysseus-contests.eu\/2016\/de\/","name":"ODYSSEUS II","description":"European Youth Space Contest","potentialAction":[{"@type":"SearchAction","target":{"@type":"EntryPoint","urlTemplate":"https:\/\/odysseus-contests.eu\/2016\/de\/?s={search_term_string}"},"query-input":"required name=search_term_string"}],"inLanguage":"pt-PT"}]}},"_links":{"self":[{"href":"https:\/\/odysseus-contests.eu\/2016\/pt-pt\/wp-json\/wp\/v2\/pages\/1836"}],"collection":[{"href":"https:\/\/odysseus-contests.eu\/2016\/pt-pt\/wp-json\/wp\/v2\/pages"}],"about":[{"href":"https:\/\/odysseus-contests.eu\/2016\/pt-pt\/wp-json\/wp\/v2\/types\/page"}],"author":[{"embeddable":true,"href":"https:\/\/odysseus-contests.eu\/2016\/pt-pt\/wp-json\/wp\/v2\/users\/1"}],"replies":[{"embeddable":true,"href":"https:\/\/odysseus-contests.eu\/2016\/pt-pt\/wp-json\/wp\/v2\/comments?post=1836"}],"version-history":[{"count":0,"href":"https:\/\/odysseus-contests.eu\/2016\/pt-pt\/wp-json\/wp\/v2\/pages\/1836\/revisions"}],"up":[{"embeddable":true,"href":"https:\/\/odysseus-contests.eu\/2016\/pt-pt\/wp-json\/wp\/v2\/pages\/1825"}],"wp:attachment":[{"href":"https:\/\/odysseus-contests.eu\/2016\/pt-pt\/wp-json\/wp\/v2\/media?parent=1836"}],"curies":[{"name":"wp","href":"https:\/\/api.w.org\/{rel}","templated":true}]}}