{"id":1834,"date":"2015-07-04T17:17:57","date_gmt":"2015-07-04T14:17:57","guid":{"rendered":"http:\/\/odysseus-contests.eu\/2016\/?page_id=1834"},"modified":"2015-07-08T21:56:06","modified_gmt":"2015-07-08T18:56:06","slug":"registo","status":"publish","type":"page","link":"https:\/\/odysseus-contests.eu\/2016\/pt-pt\/regulamentos\/registo\/","title":{"rendered":"Registo"},"content":{"rendered":"<ul>\n<li>A inscri\u00e7\u00e3o no concurso Odysseus II s\u00f3 pode ser feita atrav\u00e9s do <em>website<\/em> oficial do concurso Odysseus II: <a href=\"http:\/\/www.odysseus-contest.eu\">odysseus-contest.eu<\/a><\/li>\n<li>O per\u00edodo de inscri\u00e7\u00e3o \u00e9: 1 de setembro de 2015 a 15 de janeiro de 2016<\/li>\n<li>Ao registar-se para participar na p\u00e1gina web do Concurso Odysseus II, todos os participantes e seus professores-l\u00edderes concordam com as regras do concurso, conforme definido neste documento e no site do Concurso Odysseus II.<\/li>\n<li>Os participantes do concurso Odysseus II, ou os professores orientadores ao registrar uma equipe ou aluno a participar no Concurso Odysseus II devem fornecer aos organizadores do concurso algumas informa\u00e7\u00f5es de registo, conforme requerido no formul\u00e1rio de inscri\u00e7\u00e3o online.<\/li>\n<li>Os organizadores v\u00e3o aprovar as equipes e configurar uma conta segura para cada concorrente Skywalker, equipe &#8216;Pioneer&#8217;, concorrente ou par de concorrentes Explorer. Depois disso, cada aluno, aluno ou equipa receber\u00e1 um nome de usu\u00e1rio e senha exclusivos, para aceder \u00e0 sua conta (ou seja, n\u00e3o haver\u00e1 uma \u00fanica conta para cada imagem ou projeto apresentado).<\/li>\n<li>O professor orientador de cada aluno ou equipa deve ter autoriza\u00e7\u00e3o para confirmar e garantir a precis\u00e3o de todas as informa\u00e7\u00f5es pessoais fornecidas, e concordar que os organizadores podem usar a informa\u00e7\u00e3o que submeter para verificar essa autoridade. A mesma responsabilidade recai sobre alunos de gradua\u00e7\u00e3o que se registem como concorrentes.<\/li>\n<li>Os organizadores podem encerrar a conta de um aluno, de uma equipe ou dos seus alunos e bloquear o uso do <em>website<\/em> da Odysseus II se a sua inscri\u00e7\u00e3o estiver incompleta, se a informa\u00e7\u00e3o que foi fornecida for (ou se os organizadores acreditarem que \u00e9) falsa, incorreta, desatualizada, incompleta ou que os organizadores n\u00e3o consigam verificar.<\/li>\n<li>Os concorrentes e professores orientadores s\u00e3o respons\u00e1veis \u200b\u200bpor manter a sua conta segura e pronta para todas as atividades a ser realizadas atrav\u00e9s da mesma. O professor orientador da equipa deve notificar imediatamente os organizadores de qualquer uso n\u00e3o autorizado da uma conta do seu aluno ou da equipa ou de qualquer suspeita de viola\u00e7\u00e3o da seguran\u00e7a da conta.<\/li>\n<\/ul>\n","protected":false},"excerpt":{"rendered":"<p>A inscri\u00e7\u00e3o no concurso Odysseus II s\u00f3 pode ser feita atrav\u00e9s do website oficial do concurso Odysseus II: odysseus-contest.eu O per\u00edodo de inscri\u00e7\u00e3o \u00e9: 1 de setembro de 2015 a 15 de janeiro de 2016 Ao registar-se para participar na p\u00e1gina web do Concurso Odysseus II, todos os participantes e seus professores-l\u00edderes concordam com as [&hellip;]<\/p>\n","protected":false},"author":1,"featured_media":0,"parent":1825,"menu_order":40,"comment_status":"closed","ping_status":"closed","template":"","meta":[],"acf":[],"yoast_head":"<!-- This site is optimized with the Yoast SEO plugin v19.14 - https:\/\/yoast.com\/wordpress\/plugins\/seo\/ -->\n<title>Registo - ODYSSEUS II<\/title>\n<meta name=\"robots\" content=\"index, follow, max-snippet:-1, max-image-preview:large, max-video-preview:-1\" \/>\n<link rel=\"canonical\" href=\"https:\/\/odysseus-contests.eu\/2016\/pt-pt\/regulamentos\/registo\/\" \/>\n<meta property=\"og:locale\" content=\"pt_PT\" \/>\n<meta property=\"og:type\" content=\"article\" \/>\n<meta property=\"og:title\" content=\"Registo - ODYSSEUS II\" \/>\n<meta property=\"og:description\" content=\"A inscri\u00e7\u00e3o no concurso Odysseus II s\u00f3 pode ser feita atrav\u00e9s do website oficial do concurso Odysseus II: odysseus-contest.eu O per\u00edodo de inscri\u00e7\u00e3o \u00e9: 1 de setembro de 2015 a 15 de janeiro de 2016 Ao registar-se para participar na p\u00e1gina web do Concurso Odysseus II, todos os participantes e seus professores-l\u00edderes concordam com as [&hellip;]\" \/>\n<meta property=\"og:url\" content=\"https:\/\/odysseus-contests.eu\/2016\/pt-pt\/regulamentos\/registo\/\" \/>\n<meta property=\"og:site_name\" content=\"ODYSSEUS II\" \/>\n<meta property=\"article:modified_time\" content=\"2015-07-08T18:56:06+00:00\" \/>\n<meta name=\"twitter:card\" content=\"summary_large_image\" \/>\n<meta name=\"twitter:label1\" content=\"Tempo estimado de leitura\" \/>\n\t<meta name=\"twitter:data1\" content=\"2 minutos\" \/>\n<script type=\"application\/ld+json\" class=\"yoast-schema-graph\">{\"@context\":\"https:\/\/schema.org\",\"@graph\":[{\"@type\":\"WebPage\",\"@id\":\"https:\/\/odysseus-contests.eu\/2016\/pt-pt\/regulamentos\/registo\/\",\"url\":\"https:\/\/odysseus-contests.eu\/2016\/pt-pt\/regulamentos\/registo\/\",\"name\":\"Registo - ODYSSEUS II\",\"isPartOf\":{\"@id\":\"https:\/\/odysseus-contests.eu\/2016\/de\/#website\"},\"datePublished\":\"2015-07-04T14:17:57+00:00\",\"dateModified\":\"2015-07-08T18:56:06+00:00\",\"breadcrumb\":{\"@id\":\"https:\/\/odysseus-contests.eu\/2016\/pt-pt\/regulamentos\/registo\/#breadcrumb\"},\"inLanguage\":\"pt-PT\",\"potentialAction\":[{\"@type\":\"ReadAction\",\"target\":[\"https:\/\/odysseus-contests.eu\/2016\/pt-pt\/regulamentos\/registo\/\"]}]},{\"@type\":\"BreadcrumbList\",\"@id\":\"https:\/\/odysseus-contests.eu\/2016\/pt-pt\/regulamentos\/registo\/#breadcrumb\",\"itemListElement\":[{\"@type\":\"ListItem\",\"position\":1,\"name\":\"Home\",\"item\":\"https:\/\/odysseus-contests.eu\/2016\/pt-pt\/\"},{\"@type\":\"ListItem\",\"position\":2,\"name\":\"Regulamentos\",\"item\":\"https:\/\/odysseus-contests.eu\/2016\/pt-pt\/regulamentos\/\"},{\"@type\":\"ListItem\",\"position\":3,\"name\":\"Registo\"}]},{\"@type\":\"WebSite\",\"@id\":\"https:\/\/odysseus-contests.eu\/2016\/de\/#website\",\"url\":\"https:\/\/odysseus-contests.eu\/2016\/de\/\",\"name\":\"ODYSSEUS II\",\"description\":\"European Youth Space Contest\",\"potentialAction\":[{\"@type\":\"SearchAction\",\"target\":{\"@type\":\"EntryPoint\",\"urlTemplate\":\"https:\/\/odysseus-contests.eu\/2016\/de\/?s={search_term_string}\"},\"query-input\":\"required name=search_term_string\"}],\"inLanguage\":\"pt-PT\"}]}<\/script>\n<!-- \/ Yoast SEO plugin. -->","yoast_head_json":{"title":"Registo - ODYSSEUS II","robots":{"index":"index","follow":"follow","max-snippet":"max-snippet:-1","max-image-preview":"max-image-preview:large","max-video-preview":"max-video-preview:-1"},"canonical":"https:\/\/odysseus-contests.eu\/2016\/pt-pt\/regulamentos\/registo\/","og_locale":"pt_PT","og_type":"article","og_title":"Registo - ODYSSEUS II","og_description":"A inscri\u00e7\u00e3o no concurso Odysseus II s\u00f3 pode ser feita atrav\u00e9s do website oficial do concurso Odysseus II: odysseus-contest.eu O per\u00edodo de inscri\u00e7\u00e3o \u00e9: 1 de setembro de 2015 a 15 de janeiro de 2016 Ao registar-se para participar na p\u00e1gina web do Concurso Odysseus II, todos os participantes e seus professores-l\u00edderes concordam com as [&hellip;]","og_url":"https:\/\/odysseus-contests.eu\/2016\/pt-pt\/regulamentos\/registo\/","og_site_name":"ODYSSEUS II","article_modified_time":"2015-07-08T18:56:06+00:00","twitter_card":"summary_large_image","twitter_misc":{"Tempo estimado de leitura":"2 minutos"},"schema":{"@context":"https:\/\/schema.org","@graph":[{"@type":"WebPage","@id":"https:\/\/odysseus-contests.eu\/2016\/pt-pt\/regulamentos\/registo\/","url":"https:\/\/odysseus-contests.eu\/2016\/pt-pt\/regulamentos\/registo\/","name":"Registo - ODYSSEUS II","isPartOf":{"@id":"https:\/\/odysseus-contests.eu\/2016\/de\/#website"},"datePublished":"2015-07-04T14:17:57+00:00","dateModified":"2015-07-08T18:56:06+00:00","breadcrumb":{"@id":"https:\/\/odysseus-contests.eu\/2016\/pt-pt\/regulamentos\/registo\/#breadcrumb"},"inLanguage":"pt-PT","potentialAction":[{"@type":"ReadAction","target":["https:\/\/odysseus-contests.eu\/2016\/pt-pt\/regulamentos\/registo\/"]}]},{"@type":"BreadcrumbList","@id":"https:\/\/odysseus-contests.eu\/2016\/pt-pt\/regulamentos\/registo\/#breadcrumb","itemListElement":[{"@type":"ListItem","position":1,"name":"Home","item":"https:\/\/odysseus-contests.eu\/2016\/pt-pt\/"},{"@type":"ListItem","position":2,"name":"Regulamentos","item":"https:\/\/odysseus-contests.eu\/2016\/pt-pt\/regulamentos\/"},{"@type":"ListItem","position":3,"name":"Registo"}]},{"@type":"WebSite","@id":"https:\/\/odysseus-contests.eu\/2016\/de\/#website","url":"https:\/\/odysseus-contests.eu\/2016\/de\/","name":"ODYSSEUS II","description":"European Youth Space Contest","potentialAction":[{"@type":"SearchAction","target":{"@type":"EntryPoint","urlTemplate":"https:\/\/odysseus-contests.eu\/2016\/de\/?s={search_term_string}"},"query-input":"required name=search_term_string"}],"inLanguage":"pt-PT"}]}},"_links":{"self":[{"href":"https:\/\/odysseus-contests.eu\/2016\/pt-pt\/wp-json\/wp\/v2\/pages\/1834"}],"collection":[{"href":"https:\/\/odysseus-contests.eu\/2016\/pt-pt\/wp-json\/wp\/v2\/pages"}],"about":[{"href":"https:\/\/odysseus-contests.eu\/2016\/pt-pt\/wp-json\/wp\/v2\/types\/page"}],"author":[{"embeddable":true,"href":"https:\/\/odysseus-contests.eu\/2016\/pt-pt\/wp-json\/wp\/v2\/users\/1"}],"replies":[{"embeddable":true,"href":"https:\/\/odysseus-contests.eu\/2016\/pt-pt\/wp-json\/wp\/v2\/comments?post=1834"}],"version-history":[{"count":0,"href":"https:\/\/odysseus-contests.eu\/2016\/pt-pt\/wp-json\/wp\/v2\/pages\/1834\/revisions"}],"up":[{"embeddable":true,"href":"https:\/\/odysseus-contests.eu\/2016\/pt-pt\/wp-json\/wp\/v2\/pages\/1825"}],"wp:attachment":[{"href":"https:\/\/odysseus-contests.eu\/2016\/pt-pt\/wp-json\/wp\/v2\/media?parent=1834"}],"curies":[{"name":"wp","href":"https:\/\/api.w.org\/{rel}","templated":true}]}}