{"id":1832,"date":"2015-07-04T17:15:34","date_gmt":"2015-07-04T14:15:34","guid":{"rendered":"http:\/\/odysseus-contests.eu\/2016\/?page_id=1832"},"modified":"2015-07-08T21:50:33","modified_gmt":"2015-07-08T18:50:33","slug":"languages-and-regions","status":"publish","type":"page","link":"https:\/\/odysseus-contests.eu\/2016\/pt-pt\/regulamentos\/languages-and-regions\/","title":{"rendered":"L\u00ednguas e Regi\u00f5es"},"content":{"rendered":"<ul>\n<li>As entradas para o concurso Odysseus II podem ser em qualquer das 24 l\u00ednguas oficiais da UE, para equipes e concorrentes de pa\u00edses membros da UE.<\/li>\n<li>Os pa\u00edses membros da UE ser\u00e3o divididos em 10 regi\u00f5es para a segunda ronda de avalia\u00e7\u00e3o. Essas regi\u00f5es incluem alguns vizinhos n\u00e3o pertencentes \u00e0 UE. Aos pa\u00edses que n\u00e3o s\u00e3o membros da UE ser\u00e3o distribu\u00eddos pelos organizadores pelas\u00a0 10 regi\u00f5es quando as entradas foram apresentadas.<\/li>\n<li>Para a apresenta\u00e7\u00e3o de suas entradas nas meias-finais regionais todas as equipas provenientes da Uni\u00e3o Europeia ter\u00e3o acesso a tradutores \/ int\u00e9rpretes, que ser\u00e3o assegurados pelos organizadores locais do concurso Odysseus II. Ser\u00e1 \u00fatil que a equipa tenha um professor orientador que fale Ingl\u00eas, mas tal n\u00e3o \u00e9 obrigat\u00f3rio.<\/li>\n<li>N\u00e3o existir\u00e3o tradutores ou int\u00e9rpretes assegurados pelo concurso Odysseus II para as equipas de fora da Uni\u00e3o Europeia. Estas equipas devem apresentar o seu trabalho, escrito e oral, em Ingl\u00eas ou numa das l\u00ednguas dos pa\u00edses da UE que participam na meia-final regional.<\/li>\n<\/ul>\n","protected":false},"excerpt":{"rendered":"<p>As entradas para o concurso Odysseus II podem ser em qualquer das 24 l\u00ednguas oficiais da UE, para equipes e concorrentes de pa\u00edses membros da UE. Os pa\u00edses membros da UE ser\u00e3o divididos em 10 regi\u00f5es para a segunda ronda de avalia\u00e7\u00e3o. Essas regi\u00f5es incluem alguns vizinhos n\u00e3o pertencentes \u00e0 UE. Aos pa\u00edses que n\u00e3o [&hellip;]<\/p>\n","protected":false},"author":1,"featured_media":0,"parent":1825,"menu_order":20,"comment_status":"closed","ping_status":"closed","template":"","meta":[],"acf":[],"yoast_head":"<!-- This site is optimized with the Yoast SEO plugin v19.14 - https:\/\/yoast.com\/wordpress\/plugins\/seo\/ -->\n<title>L\u00ednguas e Regi\u00f5es - ODYSSEUS II<\/title>\n<meta name=\"robots\" content=\"index, follow, max-snippet:-1, max-image-preview:large, max-video-preview:-1\" \/>\n<link rel=\"canonical\" href=\"https:\/\/odysseus-contests.eu\/2016\/pt-pt\/regulamentos\/languages-and-regions\/\" \/>\n<meta property=\"og:locale\" content=\"pt_PT\" \/>\n<meta property=\"og:type\" content=\"article\" \/>\n<meta property=\"og:title\" content=\"L\u00ednguas e Regi\u00f5es - ODYSSEUS II\" \/>\n<meta property=\"og:description\" content=\"As entradas para o concurso Odysseus II podem ser em qualquer das 24 l\u00ednguas oficiais da UE, para equipes e concorrentes de pa\u00edses membros da UE. Os pa\u00edses membros da UE ser\u00e3o divididos em 10 regi\u00f5es para a segunda ronda de avalia\u00e7\u00e3o. Essas regi\u00f5es incluem alguns vizinhos n\u00e3o pertencentes \u00e0 UE. Aos pa\u00edses que n\u00e3o [&hellip;]\" \/>\n<meta property=\"og:url\" content=\"https:\/\/odysseus-contests.eu\/2016\/pt-pt\/regulamentos\/languages-and-regions\/\" \/>\n<meta property=\"og:site_name\" content=\"ODYSSEUS II\" \/>\n<meta property=\"article:modified_time\" content=\"2015-07-08T18:50:33+00:00\" \/>\n<meta name=\"twitter:card\" content=\"summary_large_image\" \/>\n<meta name=\"twitter:label1\" content=\"Tempo estimado de leitura\" \/>\n\t<meta name=\"twitter:data1\" content=\"1 minuto\" \/>\n<script type=\"application\/ld+json\" class=\"yoast-schema-graph\">{\"@context\":\"https:\/\/schema.org\",\"@graph\":[{\"@type\":\"WebPage\",\"@id\":\"https:\/\/odysseus-contests.eu\/2016\/pt-pt\/regulamentos\/languages-and-regions\/\",\"url\":\"https:\/\/odysseus-contests.eu\/2016\/pt-pt\/regulamentos\/languages-and-regions\/\",\"name\":\"L\u00ednguas e Regi\u00f5es - ODYSSEUS II\",\"isPartOf\":{\"@id\":\"https:\/\/odysseus-contests.eu\/2016\/de\/#website\"},\"datePublished\":\"2015-07-04T14:15:34+00:00\",\"dateModified\":\"2015-07-08T18:50:33+00:00\",\"breadcrumb\":{\"@id\":\"https:\/\/odysseus-contests.eu\/2016\/pt-pt\/regulamentos\/languages-and-regions\/#breadcrumb\"},\"inLanguage\":\"pt-PT\",\"potentialAction\":[{\"@type\":\"ReadAction\",\"target\":[\"https:\/\/odysseus-contests.eu\/2016\/pt-pt\/regulamentos\/languages-and-regions\/\"]}]},{\"@type\":\"BreadcrumbList\",\"@id\":\"https:\/\/odysseus-contests.eu\/2016\/pt-pt\/regulamentos\/languages-and-regions\/#breadcrumb\",\"itemListElement\":[{\"@type\":\"ListItem\",\"position\":1,\"name\":\"Home\",\"item\":\"https:\/\/odysseus-contests.eu\/2016\/pt-pt\/\"},{\"@type\":\"ListItem\",\"position\":2,\"name\":\"Regulamentos\",\"item\":\"https:\/\/odysseus-contests.eu\/2016\/pt-pt\/regulamentos\/\"},{\"@type\":\"ListItem\",\"position\":3,\"name\":\"L\u00ednguas e Regi\u00f5es\"}]},{\"@type\":\"WebSite\",\"@id\":\"https:\/\/odysseus-contests.eu\/2016\/de\/#website\",\"url\":\"https:\/\/odysseus-contests.eu\/2016\/de\/\",\"name\":\"ODYSSEUS II\",\"description\":\"European Youth Space Contest\",\"potentialAction\":[{\"@type\":\"SearchAction\",\"target\":{\"@type\":\"EntryPoint\",\"urlTemplate\":\"https:\/\/odysseus-contests.eu\/2016\/de\/?s={search_term_string}\"},\"query-input\":\"required name=search_term_string\"}],\"inLanguage\":\"pt-PT\"}]}<\/script>\n<!-- \/ Yoast SEO plugin. -->","yoast_head_json":{"title":"L\u00ednguas e Regi\u00f5es - ODYSSEUS II","robots":{"index":"index","follow":"follow","max-snippet":"max-snippet:-1","max-image-preview":"max-image-preview:large","max-video-preview":"max-video-preview:-1"},"canonical":"https:\/\/odysseus-contests.eu\/2016\/pt-pt\/regulamentos\/languages-and-regions\/","og_locale":"pt_PT","og_type":"article","og_title":"L\u00ednguas e Regi\u00f5es - ODYSSEUS II","og_description":"As entradas para o concurso Odysseus II podem ser em qualquer das 24 l\u00ednguas oficiais da UE, para equipes e concorrentes de pa\u00edses membros da UE. Os pa\u00edses membros da UE ser\u00e3o divididos em 10 regi\u00f5es para a segunda ronda de avalia\u00e7\u00e3o. Essas regi\u00f5es incluem alguns vizinhos n\u00e3o pertencentes \u00e0 UE. Aos pa\u00edses que n\u00e3o [&hellip;]","og_url":"https:\/\/odysseus-contests.eu\/2016\/pt-pt\/regulamentos\/languages-and-regions\/","og_site_name":"ODYSSEUS II","article_modified_time":"2015-07-08T18:50:33+00:00","twitter_card":"summary_large_image","twitter_misc":{"Tempo estimado de leitura":"1 minuto"},"schema":{"@context":"https:\/\/schema.org","@graph":[{"@type":"WebPage","@id":"https:\/\/odysseus-contests.eu\/2016\/pt-pt\/regulamentos\/languages-and-regions\/","url":"https:\/\/odysseus-contests.eu\/2016\/pt-pt\/regulamentos\/languages-and-regions\/","name":"L\u00ednguas e Regi\u00f5es - ODYSSEUS II","isPartOf":{"@id":"https:\/\/odysseus-contests.eu\/2016\/de\/#website"},"datePublished":"2015-07-04T14:15:34+00:00","dateModified":"2015-07-08T18:50:33+00:00","breadcrumb":{"@id":"https:\/\/odysseus-contests.eu\/2016\/pt-pt\/regulamentos\/languages-and-regions\/#breadcrumb"},"inLanguage":"pt-PT","potentialAction":[{"@type":"ReadAction","target":["https:\/\/odysseus-contests.eu\/2016\/pt-pt\/regulamentos\/languages-and-regions\/"]}]},{"@type":"BreadcrumbList","@id":"https:\/\/odysseus-contests.eu\/2016\/pt-pt\/regulamentos\/languages-and-regions\/#breadcrumb","itemListElement":[{"@type":"ListItem","position":1,"name":"Home","item":"https:\/\/odysseus-contests.eu\/2016\/pt-pt\/"},{"@type":"ListItem","position":2,"name":"Regulamentos","item":"https:\/\/odysseus-contests.eu\/2016\/pt-pt\/regulamentos\/"},{"@type":"ListItem","position":3,"name":"L\u00ednguas e Regi\u00f5es"}]},{"@type":"WebSite","@id":"https:\/\/odysseus-contests.eu\/2016\/de\/#website","url":"https:\/\/odysseus-contests.eu\/2016\/de\/","name":"ODYSSEUS II","description":"European Youth Space Contest","potentialAction":[{"@type":"SearchAction","target":{"@type":"EntryPoint","urlTemplate":"https:\/\/odysseus-contests.eu\/2016\/de\/?s={search_term_string}"},"query-input":"required name=search_term_string"}],"inLanguage":"pt-PT"}]}},"_links":{"self":[{"href":"https:\/\/odysseus-contests.eu\/2016\/pt-pt\/wp-json\/wp\/v2\/pages\/1832"}],"collection":[{"href":"https:\/\/odysseus-contests.eu\/2016\/pt-pt\/wp-json\/wp\/v2\/pages"}],"about":[{"href":"https:\/\/odysseus-contests.eu\/2016\/pt-pt\/wp-json\/wp\/v2\/types\/page"}],"author":[{"embeddable":true,"href":"https:\/\/odysseus-contests.eu\/2016\/pt-pt\/wp-json\/wp\/v2\/users\/1"}],"replies":[{"embeddable":true,"href":"https:\/\/odysseus-contests.eu\/2016\/pt-pt\/wp-json\/wp\/v2\/comments?post=1832"}],"version-history":[{"count":0,"href":"https:\/\/odysseus-contests.eu\/2016\/pt-pt\/wp-json\/wp\/v2\/pages\/1832\/revisions"}],"up":[{"embeddable":true,"href":"https:\/\/odysseus-contests.eu\/2016\/pt-pt\/wp-json\/wp\/v2\/pages\/1825"}],"wp:attachment":[{"href":"https:\/\/odysseus-contests.eu\/2016\/pt-pt\/wp-json\/wp\/v2\/media?parent=1832"}],"curies":[{"name":"wp","href":"https:\/\/api.w.org\/{rel}","templated":true}]}}