{"id":1828,"date":"2015-07-04T17:13:22","date_gmt":"2015-07-04T14:13:22","guid":{"rendered":"http:\/\/odysseus-contests.eu\/2016\/?page_id=1828"},"modified":"2015-07-04T17:13:22","modified_gmt":"2015-07-04T14:13:22","slug":"elegibilidade","status":"publish","type":"page","link":"https:\/\/odysseus-contests.eu\/2016\/pt-pt\/regulamentos\/elegibilidade\/","title":{"rendered":"Elegibilidade"},"content":{"rendered":"<ul>\n<li>O concurso \u00e9 aberto a alunos e estudantes n\u00e3o graduados com idade entre 7 e 22 anos. Para serem eleg\u00edveis para competir, os concorrentes devem cair dentro da faixa et\u00e1ria especificada no \u00faltimo dia de inscri\u00e7\u00f5es para a categoria (a 31 de mar\u00e7o de 2016) &#8221; Skywalkers\u201d:\n<ul>\n<li>Skywalkers: 7 a 13 anos de idade (alunos do ensino nascidos em ou entre 1 de Abril de 2002 e 31 de mar\u00e7o de 2009)<\/li>\n<li>Pioneers: 14 a 18 anos (alunos do ensino secund\u00e1rio, nascidos em ou entre 1 de Abril de 1997 e 31 de mar\u00e7o de 2002)<\/li>\n<li>Explorers: 17 a 22 anos (alunos de gradua\u00e7\u00e3o da universidade, nascidos em ou entre 1 de Abril de 1993 e 31 de mar\u00e7o de 1999)<\/li>\n<\/ul>\n<\/li>\n<li>A participa\u00e7\u00e3o no concurso \u00e9 gratuita e as despesas de viagem (bilhetes de avi\u00e3o e comboio, habita\u00e7\u00e3o, refei\u00e7\u00f5es e seguros) para a participa\u00e7\u00e3o nas finais regionais e Europeia ser\u00e3o cobertas pelos organizadores do Concurso Odysseus \u0399\u0399, dentro dos limites do razo\u00e1vel. Os gastos incorridos com companheiros de viagem adicionais, gastos de dinheiro etc., devem ser assegurados pelos concorrentes ou pelos seus patrocinadores. Participantes dos pa\u00edses n\u00e3o pertencentes \u00e0 UE nas meias-finais regionais t\u00eam de pagar as suas pr\u00f3prias despesas de viagem para e do local da meia-final.<\/li>\n<li>Os alunos e estudantes s\u00e3o eleg\u00edveis para participar no concurso se residirem num pa\u00eds membro da UE durante o ano acad\u00e9mico do concurso, a saber: \u00c1ustria, B\u00e9lgica, Bulg\u00e1ria, Cro\u00e1cia, Chipre, Rep\u00fablica Checa, Dinamarca, Est\u00f3nia, Finl\u00e2ndia, Fran\u00e7a, Alemanha, Gr\u00e9cia, Hungria, Irlanda, It\u00e1lia, Let\u00f3nia, Litu\u00e2nia, Luxemburgo, Malta, os Pa\u00edses Baixos, Pol\u00f3nia, Portugal, Rom\u00e9nia, Eslov\u00e1quia, Eslov\u00e9nia, Espanha, Su\u00e9cia e Reino Unido.<\/li>\n<li>Os alunos e estudantes de pa\u00edses n\u00e3o pertencentes \u00e0 Uni\u00e3o Europeia tamb\u00e9m s\u00e3o eleg\u00edveis para participar (por exemplo, Alb\u00e2nia, Arm\u00e9nia, Bielorr\u00fassia, Ge\u00f3rgia, Isl\u00e2ndia, Israel, Liechtenstein, Mold\u00e1via, Montenegro, Noruega, Antiga Rep\u00fablica Jugoslava da Maced\u00f3nia, R\u00fassia, S\u00e9rvia, Su\u00ed\u00e7a, M\u00f4naco , San Marino, Turquia e Ucr\u00e2nia), mas devem apresentar todo o seu projeto numa das 24 l\u00ednguas oficiais da UE.<\/li>\n<li>N.B. A lista dada aqui n\u00e3o \u00e9 exaustiva e operadores de outros pa\u00edses s\u00e3o bem-vindos a participar, desde que cumpram os outros requisitos de elegibilidade. Os membros das fam\u00edlias dos organizadores n\u00e3o s\u00e3o eleg\u00edveis para participar no concurso Odysseus II.<\/li>\n<\/ul>\n","protected":false},"excerpt":{"rendered":"<p>O concurso \u00e9 aberto a alunos e estudantes n\u00e3o graduados com idade entre 7 e 22 anos. Para serem eleg\u00edveis para competir, os concorrentes devem cair dentro da faixa et\u00e1ria especificada no \u00faltimo dia de inscri\u00e7\u00f5es para a categoria (a 31 de mar\u00e7o de 2016) &#8221; Skywalkers\u201d: Skywalkers: 7 a 13 anos de idade (alunos [&hellip;]<\/p>\n","protected":false},"author":1,"featured_media":0,"parent":1825,"menu_order":10,"comment_status":"closed","ping_status":"closed","template":"","meta":[],"acf":[],"yoast_head":"<!-- This site is optimized with the Yoast SEO plugin v19.14 - https:\/\/yoast.com\/wordpress\/plugins\/seo\/ -->\n<title>Elegibilidade - ODYSSEUS II<\/title>\n<meta name=\"robots\" content=\"index, follow, max-snippet:-1, max-image-preview:large, max-video-preview:-1\" \/>\n<link rel=\"canonical\" href=\"https:\/\/odysseus-contests.eu\/2016\/pt-pt\/regulamentos\/elegibilidade\/\" \/>\n<meta property=\"og:locale\" content=\"pt_PT\" \/>\n<meta property=\"og:type\" content=\"article\" \/>\n<meta property=\"og:title\" content=\"Elegibilidade - ODYSSEUS II\" \/>\n<meta property=\"og:description\" content=\"O concurso \u00e9 aberto a alunos e estudantes n\u00e3o graduados com idade entre 7 e 22 anos. Para serem eleg\u00edveis para competir, os concorrentes devem cair dentro da faixa et\u00e1ria especificada no \u00faltimo dia de inscri\u00e7\u00f5es para a categoria (a 31 de mar\u00e7o de 2016) &#8221; Skywalkers\u201d: Skywalkers: 7 a 13 anos de idade (alunos [&hellip;]\" \/>\n<meta property=\"og:url\" content=\"https:\/\/odysseus-contests.eu\/2016\/pt-pt\/regulamentos\/elegibilidade\/\" \/>\n<meta property=\"og:site_name\" content=\"ODYSSEUS II\" \/>\n<meta name=\"twitter:card\" content=\"summary_large_image\" \/>\n<meta name=\"twitter:label1\" content=\"Tempo estimado de leitura\" \/>\n\t<meta name=\"twitter:data1\" content=\"2 minutos\" \/>\n<script type=\"application\/ld+json\" class=\"yoast-schema-graph\">{\"@context\":\"https:\/\/schema.org\",\"@graph\":[{\"@type\":\"WebPage\",\"@id\":\"https:\/\/odysseus-contests.eu\/2016\/pt-pt\/regulamentos\/elegibilidade\/\",\"url\":\"https:\/\/odysseus-contests.eu\/2016\/pt-pt\/regulamentos\/elegibilidade\/\",\"name\":\"Elegibilidade - ODYSSEUS II\",\"isPartOf\":{\"@id\":\"https:\/\/odysseus-contests.eu\/2016\/de\/#website\"},\"datePublished\":\"2015-07-04T14:13:22+00:00\",\"dateModified\":\"2015-07-04T14:13:22+00:00\",\"breadcrumb\":{\"@id\":\"https:\/\/odysseus-contests.eu\/2016\/pt-pt\/regulamentos\/elegibilidade\/#breadcrumb\"},\"inLanguage\":\"pt-PT\",\"potentialAction\":[{\"@type\":\"ReadAction\",\"target\":[\"https:\/\/odysseus-contests.eu\/2016\/pt-pt\/regulamentos\/elegibilidade\/\"]}]},{\"@type\":\"BreadcrumbList\",\"@id\":\"https:\/\/odysseus-contests.eu\/2016\/pt-pt\/regulamentos\/elegibilidade\/#breadcrumb\",\"itemListElement\":[{\"@type\":\"ListItem\",\"position\":1,\"name\":\"Home\",\"item\":\"https:\/\/odysseus-contests.eu\/2016\/pt-pt\/\"},{\"@type\":\"ListItem\",\"position\":2,\"name\":\"Regulamentos\",\"item\":\"https:\/\/odysseus-contests.eu\/2016\/pt-pt\/regulamentos\/\"},{\"@type\":\"ListItem\",\"position\":3,\"name\":\"Elegibilidade\"}]},{\"@type\":\"WebSite\",\"@id\":\"https:\/\/odysseus-contests.eu\/2016\/de\/#website\",\"url\":\"https:\/\/odysseus-contests.eu\/2016\/de\/\",\"name\":\"ODYSSEUS II\",\"description\":\"European Youth Space Contest\",\"potentialAction\":[{\"@type\":\"SearchAction\",\"target\":{\"@type\":\"EntryPoint\",\"urlTemplate\":\"https:\/\/odysseus-contests.eu\/2016\/de\/?s={search_term_string}\"},\"query-input\":\"required name=search_term_string\"}],\"inLanguage\":\"pt-PT\"}]}<\/script>\n<!-- \/ Yoast SEO plugin. -->","yoast_head_json":{"title":"Elegibilidade - ODYSSEUS II","robots":{"index":"index","follow":"follow","max-snippet":"max-snippet:-1","max-image-preview":"max-image-preview:large","max-video-preview":"max-video-preview:-1"},"canonical":"https:\/\/odysseus-contests.eu\/2016\/pt-pt\/regulamentos\/elegibilidade\/","og_locale":"pt_PT","og_type":"article","og_title":"Elegibilidade - ODYSSEUS II","og_description":"O concurso \u00e9 aberto a alunos e estudantes n\u00e3o graduados com idade entre 7 e 22 anos. Para serem eleg\u00edveis para competir, os concorrentes devem cair dentro da faixa et\u00e1ria especificada no \u00faltimo dia de inscri\u00e7\u00f5es para a categoria (a 31 de mar\u00e7o de 2016) &#8221; Skywalkers\u201d: Skywalkers: 7 a 13 anos de idade (alunos [&hellip;]","og_url":"https:\/\/odysseus-contests.eu\/2016\/pt-pt\/regulamentos\/elegibilidade\/","og_site_name":"ODYSSEUS II","twitter_card":"summary_large_image","twitter_misc":{"Tempo estimado de leitura":"2 minutos"},"schema":{"@context":"https:\/\/schema.org","@graph":[{"@type":"WebPage","@id":"https:\/\/odysseus-contests.eu\/2016\/pt-pt\/regulamentos\/elegibilidade\/","url":"https:\/\/odysseus-contests.eu\/2016\/pt-pt\/regulamentos\/elegibilidade\/","name":"Elegibilidade - ODYSSEUS II","isPartOf":{"@id":"https:\/\/odysseus-contests.eu\/2016\/de\/#website"},"datePublished":"2015-07-04T14:13:22+00:00","dateModified":"2015-07-04T14:13:22+00:00","breadcrumb":{"@id":"https:\/\/odysseus-contests.eu\/2016\/pt-pt\/regulamentos\/elegibilidade\/#breadcrumb"},"inLanguage":"pt-PT","potentialAction":[{"@type":"ReadAction","target":["https:\/\/odysseus-contests.eu\/2016\/pt-pt\/regulamentos\/elegibilidade\/"]}]},{"@type":"BreadcrumbList","@id":"https:\/\/odysseus-contests.eu\/2016\/pt-pt\/regulamentos\/elegibilidade\/#breadcrumb","itemListElement":[{"@type":"ListItem","position":1,"name":"Home","item":"https:\/\/odysseus-contests.eu\/2016\/pt-pt\/"},{"@type":"ListItem","position":2,"name":"Regulamentos","item":"https:\/\/odysseus-contests.eu\/2016\/pt-pt\/regulamentos\/"},{"@type":"ListItem","position":3,"name":"Elegibilidade"}]},{"@type":"WebSite","@id":"https:\/\/odysseus-contests.eu\/2016\/de\/#website","url":"https:\/\/odysseus-contests.eu\/2016\/de\/","name":"ODYSSEUS II","description":"European Youth Space Contest","potentialAction":[{"@type":"SearchAction","target":{"@type":"EntryPoint","urlTemplate":"https:\/\/odysseus-contests.eu\/2016\/de\/?s={search_term_string}"},"query-input":"required name=search_term_string"}],"inLanguage":"pt-PT"}]}},"_links":{"self":[{"href":"https:\/\/odysseus-contests.eu\/2016\/pt-pt\/wp-json\/wp\/v2\/pages\/1828"}],"collection":[{"href":"https:\/\/odysseus-contests.eu\/2016\/pt-pt\/wp-json\/wp\/v2\/pages"}],"about":[{"href":"https:\/\/odysseus-contests.eu\/2016\/pt-pt\/wp-json\/wp\/v2\/types\/page"}],"author":[{"embeddable":true,"href":"https:\/\/odysseus-contests.eu\/2016\/pt-pt\/wp-json\/wp\/v2\/users\/1"}],"replies":[{"embeddable":true,"href":"https:\/\/odysseus-contests.eu\/2016\/pt-pt\/wp-json\/wp\/v2\/comments?post=1828"}],"version-history":[{"count":0,"href":"https:\/\/odysseus-contests.eu\/2016\/pt-pt\/wp-json\/wp\/v2\/pages\/1828\/revisions"}],"up":[{"embeddable":true,"href":"https:\/\/odysseus-contests.eu\/2016\/pt-pt\/wp-json\/wp\/v2\/pages\/1825"}],"wp:attachment":[{"href":"https:\/\/odysseus-contests.eu\/2016\/pt-pt\/wp-json\/wp\/v2\/media?parent=1828"}],"curies":[{"name":"wp","href":"https:\/\/api.w.org\/{rel}","templated":true}]}}