{"id":1827,"date":"2015-07-04T17:08:11","date_gmt":"2015-07-04T14:08:11","guid":{"rendered":"http:\/\/odysseus-contests.eu\/2016\/?page_id=1827"},"modified":"2015-07-08T21:57:13","modified_gmt":"2015-07-08T18:57:13","slug":"submissao-online","status":"publish","type":"page","link":"https:\/\/odysseus-contests.eu\/2016\/pt-pt\/regulamentos\/submissao-online\/","title":{"rendered":"Submiss\u00e3o Online"},"content":{"rendered":"<ul>\n<li>Todos os concorrentes ou equipas devem apresentar uma imagem da ci\u00eancia espacial original ou projeto com base nos temas e desafios especificadas para a sua categoria de idade.<\/li>\n<li>As equipas e concorrentes individuais podem apresentar uma entrada digital no per\u00edodo entre as datas fixadas pela sua categoria de idade:\n<ul>\n<li>Skywalkers: 01 de setembro de 2015 a 31 de mar\u00e7o de 2016<\/li>\n<li>Pioneers e Explorers: 01 de setembro de 2015 a 15 de janeiro de 2016<\/li>\n<\/ul>\n<\/li>\n<li>n\u00e3o ser\u00e3o aceites submiss\u00f5es depois da meia-noite (23:59:59 CET) da data de encerramento, a menos que tenha havido um problema t\u00e9cnico grave com a plataforma de submiss\u00e3o online. Se a ferramenta de submiss\u00e3o <em>online<\/em> for abaixo por mais de duas horas no \u00faltimo dia de apresenta\u00e7\u00e3o (15 de janeiro de 2016 ou 31 de mar\u00e7o de 2016), os organizadores disponibilizar\u00e3o a plataforma para submiss\u00f5es entre as 8.00h e as 18.00h (CET) do dia seguinte \u00e0 data final dia de apresenta\u00e7\u00e3o (ou seja, no dia 16 de janeiro de 2016 ou no dia 01 de abril de 2016).<\/li>\n<li>Se os arquivos submetidos forem perdidas ou apagados, devido a um bug no sistema online do Concurso Odysseus II, ser\u00e1 permitido \u00e0 equipa em causa voltar a apresentar a sua entrada, se necess\u00e1rio ap\u00f3s terminado o prazo de apresenta\u00e7\u00e3o. No entanto, n\u00e3o ser\u00e1 este o caso se os forem os pr\u00f3prios concorrentes os respons\u00e1veis por os ficheiros terem sido apagados ou estarem corrompidos.<\/li>\n<li>As inscri\u00e7\u00f5es para o concurso Odysseus II devem ser submetidas apenas atrav\u00e9s do site do Concurso Odysseus II. Antes de uma equipa \/ um concorrente submeter uma entrada, deve estar registado(a) e o seu registo deve ser aprovado pelos organizadores (ver tamb\u00e9m o Registo).<\/li>\n<li>Cada entrada deve abordar um \u00fanico tema dos que s\u00e3o oferecidos pelos organizadores. No entanto, os participantes podem escolher a \u00e1rea profissional com a qual o tema ir\u00e1 ser abordado: eletr\u00f3nica, f\u00edsica, qu\u00edmica, arte, <em>design<\/em>, arquitetura, psicologia etc.; tudo pode ser usado para aclarar um aspeto do tema escolhido.<\/li>\n<li>Os ficheiros eletr\u00f3nicos submetidos para documentar cada projeto podem incluir: ensaios ilustrados, apresenta\u00e7\u00f5es de PowerPoint, <em>posters<\/em>, <em>links<\/em> para v\u00eddeos, <em>links<\/em> para <em>websites<\/em> dedicados ao projeto e ficheiros \u00e1udio. Os formatos de ficheiro permitidos s\u00e3o:\n<ul>\n<li><em>Documentos; .doc .docx, .pdf, .txt \u00a0.ps \u00a0.ppt, .pptx, .pps, \u00a0.ppsx <\/em><\/li>\n<li><em>Imagens: *.png, *.jpg *.bmp, *.gif <\/em><\/li>\n<li><em>V\u00eddeos: \u00a0Todos os v\u00eddeos dever\u00e3o estar alojados no YouTube ou Vimeo sendo apenas apresentados os links. <\/em><\/li>\n<li><em>Formatos \u00c1udio: *.mp3\u00a0 <\/em><\/li>\n<li><em>Formatos de compress\u00e3o: .tar .gz .zip .7z\u00a0<\/em><\/li>\n<\/ul>\n<\/li>\n<li>O termo &#8220;retrato&#8221; pode aplicar-se a imagens criadas por qualquer meio, ou manualmente (desenho, pintura, mosaicos, etc.) ou por via eletr\u00f3nica (fotografias, desenhos feitos com programas de design de computador, etc.). As imagens n\u00e3o criadas por via eletr\u00f3nica devem ser digitalizadas e enviadas num dos formatos de aprovados.<\/li>\n<li>Durante o processo de submiss\u00e3o, estar\u00e1 dispon\u00edvel, atrav\u00e9s do <em>website<\/em> oficial, um template para apresenta\u00e7\u00e3o dos projetos que permitir\u00e1 aos concorrentes compilar as suas propostas. A utiliza\u00e7\u00e3o deste modelo \u00e9 opcional.<\/li>\n<li>O limite m\u00e1ximo de dimens\u00e3o dos ficheiros n\u00e3o comprimidos de cada entrada \u00e9 20 MB. Os participantes podem agrupar v\u00e1rios ficheiros num pacote para a apresenta\u00e7\u00e3o. Tamb\u00e9m podem comprimir os arquivos em formato *.gz \u00a0ou *.zip, desde que os arquivos depois de descomprimidos n\u00e3o ultrapassem o limite de<\/li>\n<li>Cada projeto n\u00e3o pode custar mais do que 150 \u20ac em materiais para a sua produ\u00e7\u00e3o<\/li>\n<li>As inscri\u00e7\u00f5es devem conter uma p\u00e1gina de agradecimentos elencando todas as pessoas que contribu\u00edram de alguma forma para o projeto, incluindo quaisquer entidades que tenham dado apoio financeiro para o projeto. O logotipo do patrocinador pode aparecer nesta p\u00e1gina de agradecimento. N\u00e3o \u00e9 permitida nenhuma outra forma de publicidade ao patrocinador ou produto nos materiais submetidos.<\/li>\n<li>\u00c9 da responsabilidade dos participantes a convers\u00e3o de outros formatos de ficheiro em formatos de ficheiro adequados para a submiss\u00e3o.<\/li>\n<li>Os participantes s\u00e3o respons\u00e1veis \u200b\u200bpelo conte\u00fado da entrada que submetem para concurso. Se divulgarem informa\u00e7\u00f5es pessoais na entrada apresentada, fazem essa exposi\u00e7\u00e3o pessoal por sua conta e risco.<\/li>\n<li>Os organizadores n\u00e3o s\u00e3o respons\u00e1veis \u200b\u200bpelo conte\u00fado que \u00e9 submetido pelos participantes.<\/li>\n<li>Os participantes concordam em n\u00e3o submeter material que seja: difamat\u00f3rio, abusivo, ofensivo, insultuoso ou amea\u00e7ador para qualquer outra pessoa; intolerante, de \u00f3dio ou racialmente ofensivo; vulgar, obsceno ou sexualmente expl\u00edcito; ilegal (ou que promova atividades ilegais).<\/li>\n<\/ul>\n","protected":false},"excerpt":{"rendered":"<p>Todos os concorrentes ou equipas devem apresentar uma imagem da ci\u00eancia espacial original ou projeto com base nos temas e desafios especificadas para a sua categoria de idade. As equipas e concorrentes individuais podem apresentar uma entrada digital no per\u00edodo entre as datas fixadas pela sua categoria de idade: Skywalkers: 01 de setembro de 2015 [&hellip;]<\/p>\n","protected":false},"author":1,"featured_media":0,"parent":1825,"menu_order":0,"comment_status":"closed","ping_status":"closed","template":"","meta":[],"acf":[],"yoast_head":"<!-- This site is optimized with the Yoast SEO plugin v19.14 - https:\/\/yoast.com\/wordpress\/plugins\/seo\/ -->\n<title>Submiss\u00e3o Online - ODYSSEUS II<\/title>\n<meta name=\"robots\" content=\"index, follow, max-snippet:-1, max-image-preview:large, max-video-preview:-1\" \/>\n<link rel=\"canonical\" href=\"https:\/\/odysseus-contests.eu\/2016\/pt-pt\/regulamentos\/submissao-online\/\" \/>\n<meta property=\"og:locale\" content=\"pt_PT\" \/>\n<meta property=\"og:type\" content=\"article\" \/>\n<meta property=\"og:title\" content=\"Submiss\u00e3o Online - ODYSSEUS II\" \/>\n<meta property=\"og:description\" content=\"Todos os concorrentes ou equipas devem apresentar uma imagem da ci\u00eancia espacial original ou projeto com base nos temas e desafios especificadas para a sua categoria de idade. As equipas e concorrentes individuais podem apresentar uma entrada digital no per\u00edodo entre as datas fixadas pela sua categoria de idade: Skywalkers: 01 de setembro de 2015 [&hellip;]\" \/>\n<meta property=\"og:url\" content=\"https:\/\/odysseus-contests.eu\/2016\/pt-pt\/regulamentos\/submissao-online\/\" \/>\n<meta property=\"og:site_name\" content=\"ODYSSEUS II\" \/>\n<meta property=\"article:modified_time\" content=\"2015-07-08T18:57:13+00:00\" \/>\n<meta name=\"twitter:card\" content=\"summary_large_image\" \/>\n<meta name=\"twitter:label1\" content=\"Tempo estimado de leitura\" \/>\n\t<meta name=\"twitter:data1\" content=\"4 minutos\" \/>\n<script type=\"application\/ld+json\" class=\"yoast-schema-graph\">{\"@context\":\"https:\/\/schema.org\",\"@graph\":[{\"@type\":\"WebPage\",\"@id\":\"https:\/\/odysseus-contests.eu\/2016\/pt-pt\/regulamentos\/submissao-online\/\",\"url\":\"https:\/\/odysseus-contests.eu\/2016\/pt-pt\/regulamentos\/submissao-online\/\",\"name\":\"Submiss\u00e3o Online - ODYSSEUS II\",\"isPartOf\":{\"@id\":\"https:\/\/odysseus-contests.eu\/2016\/de\/#website\"},\"datePublished\":\"2015-07-04T14:08:11+00:00\",\"dateModified\":\"2015-07-08T18:57:13+00:00\",\"breadcrumb\":{\"@id\":\"https:\/\/odysseus-contests.eu\/2016\/pt-pt\/regulamentos\/submissao-online\/#breadcrumb\"},\"inLanguage\":\"pt-PT\",\"potentialAction\":[{\"@type\":\"ReadAction\",\"target\":[\"https:\/\/odysseus-contests.eu\/2016\/pt-pt\/regulamentos\/submissao-online\/\"]}]},{\"@type\":\"BreadcrumbList\",\"@id\":\"https:\/\/odysseus-contests.eu\/2016\/pt-pt\/regulamentos\/submissao-online\/#breadcrumb\",\"itemListElement\":[{\"@type\":\"ListItem\",\"position\":1,\"name\":\"Home\",\"item\":\"https:\/\/odysseus-contests.eu\/2016\/pt-pt\/\"},{\"@type\":\"ListItem\",\"position\":2,\"name\":\"Regulamentos\",\"item\":\"https:\/\/odysseus-contests.eu\/2016\/pt-pt\/regulamentos\/\"},{\"@type\":\"ListItem\",\"position\":3,\"name\":\"Submiss\u00e3o Online\"}]},{\"@type\":\"WebSite\",\"@id\":\"https:\/\/odysseus-contests.eu\/2016\/de\/#website\",\"url\":\"https:\/\/odysseus-contests.eu\/2016\/de\/\",\"name\":\"ODYSSEUS II\",\"description\":\"European Youth Space Contest\",\"potentialAction\":[{\"@type\":\"SearchAction\",\"target\":{\"@type\":\"EntryPoint\",\"urlTemplate\":\"https:\/\/odysseus-contests.eu\/2016\/de\/?s={search_term_string}\"},\"query-input\":\"required name=search_term_string\"}],\"inLanguage\":\"pt-PT\"}]}<\/script>\n<!-- \/ Yoast SEO plugin. -->","yoast_head_json":{"title":"Submiss\u00e3o Online - ODYSSEUS II","robots":{"index":"index","follow":"follow","max-snippet":"max-snippet:-1","max-image-preview":"max-image-preview:large","max-video-preview":"max-video-preview:-1"},"canonical":"https:\/\/odysseus-contests.eu\/2016\/pt-pt\/regulamentos\/submissao-online\/","og_locale":"pt_PT","og_type":"article","og_title":"Submiss\u00e3o Online - ODYSSEUS II","og_description":"Todos os concorrentes ou equipas devem apresentar uma imagem da ci\u00eancia espacial original ou projeto com base nos temas e desafios especificadas para a sua categoria de idade. As equipas e concorrentes individuais podem apresentar uma entrada digital no per\u00edodo entre as datas fixadas pela sua categoria de idade: Skywalkers: 01 de setembro de 2015 [&hellip;]","og_url":"https:\/\/odysseus-contests.eu\/2016\/pt-pt\/regulamentos\/submissao-online\/","og_site_name":"ODYSSEUS II","article_modified_time":"2015-07-08T18:57:13+00:00","twitter_card":"summary_large_image","twitter_misc":{"Tempo estimado de leitura":"4 minutos"},"schema":{"@context":"https:\/\/schema.org","@graph":[{"@type":"WebPage","@id":"https:\/\/odysseus-contests.eu\/2016\/pt-pt\/regulamentos\/submissao-online\/","url":"https:\/\/odysseus-contests.eu\/2016\/pt-pt\/regulamentos\/submissao-online\/","name":"Submiss\u00e3o Online - ODYSSEUS II","isPartOf":{"@id":"https:\/\/odysseus-contests.eu\/2016\/de\/#website"},"datePublished":"2015-07-04T14:08:11+00:00","dateModified":"2015-07-08T18:57:13+00:00","breadcrumb":{"@id":"https:\/\/odysseus-contests.eu\/2016\/pt-pt\/regulamentos\/submissao-online\/#breadcrumb"},"inLanguage":"pt-PT","potentialAction":[{"@type":"ReadAction","target":["https:\/\/odysseus-contests.eu\/2016\/pt-pt\/regulamentos\/submissao-online\/"]}]},{"@type":"BreadcrumbList","@id":"https:\/\/odysseus-contests.eu\/2016\/pt-pt\/regulamentos\/submissao-online\/#breadcrumb","itemListElement":[{"@type":"ListItem","position":1,"name":"Home","item":"https:\/\/odysseus-contests.eu\/2016\/pt-pt\/"},{"@type":"ListItem","position":2,"name":"Regulamentos","item":"https:\/\/odysseus-contests.eu\/2016\/pt-pt\/regulamentos\/"},{"@type":"ListItem","position":3,"name":"Submiss\u00e3o Online"}]},{"@type":"WebSite","@id":"https:\/\/odysseus-contests.eu\/2016\/de\/#website","url":"https:\/\/odysseus-contests.eu\/2016\/de\/","name":"ODYSSEUS II","description":"European Youth Space Contest","potentialAction":[{"@type":"SearchAction","target":{"@type":"EntryPoint","urlTemplate":"https:\/\/odysseus-contests.eu\/2016\/de\/?s={search_term_string}"},"query-input":"required name=search_term_string"}],"inLanguage":"pt-PT"}]}},"_links":{"self":[{"href":"https:\/\/odysseus-contests.eu\/2016\/pt-pt\/wp-json\/wp\/v2\/pages\/1827"}],"collection":[{"href":"https:\/\/odysseus-contests.eu\/2016\/pt-pt\/wp-json\/wp\/v2\/pages"}],"about":[{"href":"https:\/\/odysseus-contests.eu\/2016\/pt-pt\/wp-json\/wp\/v2\/types\/page"}],"author":[{"embeddable":true,"href":"https:\/\/odysseus-contests.eu\/2016\/pt-pt\/wp-json\/wp\/v2\/users\/1"}],"replies":[{"embeddable":true,"href":"https:\/\/odysseus-contests.eu\/2016\/pt-pt\/wp-json\/wp\/v2\/comments?post=1827"}],"version-history":[{"count":0,"href":"https:\/\/odysseus-contests.eu\/2016\/pt-pt\/wp-json\/wp\/v2\/pages\/1827\/revisions"}],"up":[{"embeddable":true,"href":"https:\/\/odysseus-contests.eu\/2016\/pt-pt\/wp-json\/wp\/v2\/pages\/1825"}],"wp:attachment":[{"href":"https:\/\/odysseus-contests.eu\/2016\/pt-pt\/wp-json\/wp\/v2\/media?parent=1827"}],"curies":[{"name":"wp","href":"https:\/\/api.w.org\/{rel}","templated":true}]}}