{"id":1804,"date":"2015-07-04T16:47:57","date_gmt":"2015-07-04T13:47:57","guid":{"rendered":"http:\/\/odysseus-contests.eu\/2016\/?page_id=1804"},"modified":"2016-06-05T11:06:49","modified_gmt":"2016-06-05T08:06:49","slug":"assessment-and-selection","status":"publish","type":"page","link":"https:\/\/odysseus-contests.eu\/2016\/pt-pt\/skywalkers\/assessment-and-selection\/","title":{"rendered":"Avalia\u00e7\u00e3o e Sele\u00e7\u00e3o"},"content":{"rendered":"<p>Na categoria Skywalker todas as submiss\u00f5es ser\u00e3o avaliadas por vota\u00e7\u00e3o online entre os pr\u00f3prios concorrentes. Todos os participantes poder\u00e3o votar no seu retrato favorito, mas n\u00e3o podem votar na sua pr\u00f3pria imagem. Ser\u00e3o selecionados, em cada pa\u00eds, um vencedor e dois vice-campe\u00f5es para cada um dos dois grupos et\u00e1rios: 7-10 anos (<strong>J\u00fanior Skywalkers<\/strong>) e 11 a 13 anos (<strong>S\u00e9nior Skywalkers<\/strong>). Na ronda final os retratos dos vencedores e vice-campe\u00f5es nacionais ser\u00e3o novamente avaliados atrav\u00e9s de uma vota\u00e7\u00e3o online entre os concorrentes. As imagens mais populares de cada grupo et\u00e1rio v\u00e3o ganhar os grandes pr\u00e9mios da categoria de Skywalkers.<\/p>\n","protected":false},"excerpt":{"rendered":"<p>Na categoria Skywalker todas as submiss\u00f5es ser\u00e3o avaliadas por vota\u00e7\u00e3o online entre os pr\u00f3prios concorrentes. Todos os participantes poder\u00e3o votar no seu retrato favorito, mas n\u00e3o podem votar na sua pr\u00f3pria imagem. Ser\u00e3o selecionados, em cada pa\u00eds, um vencedor e dois vice-campe\u00f5es para cada um dos dois grupos et\u00e1rios: 7-10 anos (J\u00fanior Skywalkers) e 11 [&hellip;]<\/p>\n","protected":false},"author":1,"featured_media":0,"parent":1796,"menu_order":50,"comment_status":"closed","ping_status":"closed","template":"","meta":[],"acf":[],"yoast_head":"<!-- This site is optimized with the Yoast SEO plugin v19.14 - https:\/\/yoast.com\/wordpress\/plugins\/seo\/ -->\n<title>Avalia\u00e7\u00e3o e Sele\u00e7\u00e3o - ODYSSEUS II<\/title>\n<meta name=\"robots\" content=\"index, follow, max-snippet:-1, max-image-preview:large, max-video-preview:-1\" \/>\n<link rel=\"canonical\" href=\"https:\/\/odysseus-contests.eu\/2016\/pt-pt\/skywalkers\/assessment-and-selection\/\" \/>\n<meta property=\"og:locale\" content=\"pt_PT\" \/>\n<meta property=\"og:type\" content=\"article\" \/>\n<meta property=\"og:title\" content=\"Avalia\u00e7\u00e3o e Sele\u00e7\u00e3o - ODYSSEUS II\" \/>\n<meta property=\"og:description\" content=\"Na categoria Skywalker todas as submiss\u00f5es ser\u00e3o avaliadas por vota\u00e7\u00e3o online entre os pr\u00f3prios concorrentes. Todos os participantes poder\u00e3o votar no seu retrato favorito, mas n\u00e3o podem votar na sua pr\u00f3pria imagem. Ser\u00e3o selecionados, em cada pa\u00eds, um vencedor e dois vice-campe\u00f5es para cada um dos dois grupos et\u00e1rios: 7-10 anos (J\u00fanior Skywalkers) e 11 [&hellip;]\" \/>\n<meta property=\"og:url\" content=\"https:\/\/odysseus-contests.eu\/2016\/pt-pt\/skywalkers\/assessment-and-selection\/\" \/>\n<meta property=\"og:site_name\" content=\"ODYSSEUS II\" \/>\n<meta property=\"article:modified_time\" content=\"2016-06-05T08:06:49+00:00\" \/>\n<meta name=\"twitter:card\" content=\"summary_large_image\" \/>\n<meta name=\"twitter:label1\" content=\"Tempo estimado de leitura\" \/>\n\t<meta name=\"twitter:data1\" content=\"1 minuto\" \/>\n<script type=\"application\/ld+json\" class=\"yoast-schema-graph\">{\"@context\":\"https:\/\/schema.org\",\"@graph\":[{\"@type\":\"WebPage\",\"@id\":\"https:\/\/odysseus-contests.eu\/2016\/pt-pt\/skywalkers\/assessment-and-selection\/\",\"url\":\"https:\/\/odysseus-contests.eu\/2016\/pt-pt\/skywalkers\/assessment-and-selection\/\",\"name\":\"Avalia\u00e7\u00e3o e Sele\u00e7\u00e3o - ODYSSEUS II\",\"isPartOf\":{\"@id\":\"https:\/\/odysseus-contests.eu\/2016\/de\/#website\"},\"datePublished\":\"2015-07-04T13:47:57+00:00\",\"dateModified\":\"2016-06-05T08:06:49+00:00\",\"breadcrumb\":{\"@id\":\"https:\/\/odysseus-contests.eu\/2016\/pt-pt\/skywalkers\/assessment-and-selection\/#breadcrumb\"},\"inLanguage\":\"pt-PT\",\"potentialAction\":[{\"@type\":\"ReadAction\",\"target\":[\"https:\/\/odysseus-contests.eu\/2016\/pt-pt\/skywalkers\/assessment-and-selection\/\"]}]},{\"@type\":\"BreadcrumbList\",\"@id\":\"https:\/\/odysseus-contests.eu\/2016\/pt-pt\/skywalkers\/assessment-and-selection\/#breadcrumb\",\"itemListElement\":[{\"@type\":\"ListItem\",\"position\":1,\"name\":\"Home\",\"item\":\"https:\/\/odysseus-contests.eu\/2016\/pt-pt\/\"},{\"@type\":\"ListItem\",\"position\":2,\"name\":\"Skywalkers\",\"item\":\"https:\/\/odysseus-contests.eu\/2016\/pt-pt\/skywalkers\/\"},{\"@type\":\"ListItem\",\"position\":3,\"name\":\"Avalia\u00e7\u00e3o e Sele\u00e7\u00e3o\"}]},{\"@type\":\"WebSite\",\"@id\":\"https:\/\/odysseus-contests.eu\/2016\/de\/#website\",\"url\":\"https:\/\/odysseus-contests.eu\/2016\/de\/\",\"name\":\"ODYSSEUS II\",\"description\":\"European Youth Space Contest\",\"potentialAction\":[{\"@type\":\"SearchAction\",\"target\":{\"@type\":\"EntryPoint\",\"urlTemplate\":\"https:\/\/odysseus-contests.eu\/2016\/de\/?s={search_term_string}\"},\"query-input\":\"required name=search_term_string\"}],\"inLanguage\":\"pt-PT\"}]}<\/script>\n<!-- \/ Yoast SEO plugin. -->","yoast_head_json":{"title":"Avalia\u00e7\u00e3o e Sele\u00e7\u00e3o - ODYSSEUS II","robots":{"index":"index","follow":"follow","max-snippet":"max-snippet:-1","max-image-preview":"max-image-preview:large","max-video-preview":"max-video-preview:-1"},"canonical":"https:\/\/odysseus-contests.eu\/2016\/pt-pt\/skywalkers\/assessment-and-selection\/","og_locale":"pt_PT","og_type":"article","og_title":"Avalia\u00e7\u00e3o e Sele\u00e7\u00e3o - ODYSSEUS II","og_description":"Na categoria Skywalker todas as submiss\u00f5es ser\u00e3o avaliadas por vota\u00e7\u00e3o online entre os pr\u00f3prios concorrentes. Todos os participantes poder\u00e3o votar no seu retrato favorito, mas n\u00e3o podem votar na sua pr\u00f3pria imagem. Ser\u00e3o selecionados, em cada pa\u00eds, um vencedor e dois vice-campe\u00f5es para cada um dos dois grupos et\u00e1rios: 7-10 anos (J\u00fanior Skywalkers) e 11 [&hellip;]","og_url":"https:\/\/odysseus-contests.eu\/2016\/pt-pt\/skywalkers\/assessment-and-selection\/","og_site_name":"ODYSSEUS II","article_modified_time":"2016-06-05T08:06:49+00:00","twitter_card":"summary_large_image","twitter_misc":{"Tempo estimado de leitura":"1 minuto"},"schema":{"@context":"https:\/\/schema.org","@graph":[{"@type":"WebPage","@id":"https:\/\/odysseus-contests.eu\/2016\/pt-pt\/skywalkers\/assessment-and-selection\/","url":"https:\/\/odysseus-contests.eu\/2016\/pt-pt\/skywalkers\/assessment-and-selection\/","name":"Avalia\u00e7\u00e3o e Sele\u00e7\u00e3o - ODYSSEUS II","isPartOf":{"@id":"https:\/\/odysseus-contests.eu\/2016\/de\/#website"},"datePublished":"2015-07-04T13:47:57+00:00","dateModified":"2016-06-05T08:06:49+00:00","breadcrumb":{"@id":"https:\/\/odysseus-contests.eu\/2016\/pt-pt\/skywalkers\/assessment-and-selection\/#breadcrumb"},"inLanguage":"pt-PT","potentialAction":[{"@type":"ReadAction","target":["https:\/\/odysseus-contests.eu\/2016\/pt-pt\/skywalkers\/assessment-and-selection\/"]}]},{"@type":"BreadcrumbList","@id":"https:\/\/odysseus-contests.eu\/2016\/pt-pt\/skywalkers\/assessment-and-selection\/#breadcrumb","itemListElement":[{"@type":"ListItem","position":1,"name":"Home","item":"https:\/\/odysseus-contests.eu\/2016\/pt-pt\/"},{"@type":"ListItem","position":2,"name":"Skywalkers","item":"https:\/\/odysseus-contests.eu\/2016\/pt-pt\/skywalkers\/"},{"@type":"ListItem","position":3,"name":"Avalia\u00e7\u00e3o e Sele\u00e7\u00e3o"}]},{"@type":"WebSite","@id":"https:\/\/odysseus-contests.eu\/2016\/de\/#website","url":"https:\/\/odysseus-contests.eu\/2016\/de\/","name":"ODYSSEUS II","description":"European Youth Space Contest","potentialAction":[{"@type":"SearchAction","target":{"@type":"EntryPoint","urlTemplate":"https:\/\/odysseus-contests.eu\/2016\/de\/?s={search_term_string}"},"query-input":"required name=search_term_string"}],"inLanguage":"pt-PT"}]}},"_links":{"self":[{"href":"https:\/\/odysseus-contests.eu\/2016\/pt-pt\/wp-json\/wp\/v2\/pages\/1804"}],"collection":[{"href":"https:\/\/odysseus-contests.eu\/2016\/pt-pt\/wp-json\/wp\/v2\/pages"}],"about":[{"href":"https:\/\/odysseus-contests.eu\/2016\/pt-pt\/wp-json\/wp\/v2\/types\/page"}],"author":[{"embeddable":true,"href":"https:\/\/odysseus-contests.eu\/2016\/pt-pt\/wp-json\/wp\/v2\/users\/1"}],"replies":[{"embeddable":true,"href":"https:\/\/odysseus-contests.eu\/2016\/pt-pt\/wp-json\/wp\/v2\/comments?post=1804"}],"version-history":[{"count":1,"href":"https:\/\/odysseus-contests.eu\/2016\/pt-pt\/wp-json\/wp\/v2\/pages\/1804\/revisions"}],"predecessor-version":[{"id":11778,"href":"https:\/\/odysseus-contests.eu\/2016\/pt-pt\/wp-json\/wp\/v2\/pages\/1804\/revisions\/11778"}],"up":[{"embeddable":true,"href":"https:\/\/odysseus-contests.eu\/2016\/pt-pt\/wp-json\/wp\/v2\/pages\/1796"}],"wp:attachment":[{"href":"https:\/\/odysseus-contests.eu\/2016\/pt-pt\/wp-json\/wp\/v2\/media?parent=1804"}],"curies":[{"name":"wp","href":"https:\/\/api.w.org\/{rel}","templated":true}]}}