{"id":1784,"date":"2015-07-04T16:34:59","date_gmt":"2015-07-04T13:34:59","guid":{"rendered":"http:\/\/odysseus-contests.eu\/2016\/?page_id=1784"},"modified":"2015-07-08T22:17:47","modified_gmt":"2015-07-08T19:17:47","slug":"categoria-explorers","status":"publish","type":"page","link":"https:\/\/odysseus-contests.eu\/2016\/pt-pt\/premios\/categoria-explorers\/","title":{"rendered":"Categoria Explorers"},"content":{"rendered":"<h4>Grande Pr\u00e9mio:<\/h4>\n<ul>\n<li>Viagem ao Centro Espacial da Guiana (bilhetes de avi\u00e3o, alojamento em hotel, refei\u00e7\u00f5es, seguro, participa\u00e7\u00e3o em eventos, visitas guiadas ao Centro Espacial e outras atra\u00e7\u00f5es para todos os membros da equipa e para o professor orientador).<\/li>\n<li>Diploma de Embaixador Espacial da Juventude Europeia (\u2018European Youth Space Ambassador\u2019).<\/li>\n<\/ul>\n<h4>Pr\u00e9mio Adicional:<\/h4>\n<ul>\n<li>Os cinco melhores projetos (top 5) ser\u00e3o premiados com est\u00e1gios na ESA ou a uma ind\u00fastria aeroespacial europeia. Os est\u00e1gios ter\u00e3o a dura\u00e7\u00e3o de tr\u00eas a seis meses e os alunos ter\u00e3o cobertas as suas despesas de viagem, um seguro de sa\u00fade e um subs\u00eddio mensal que para cobrir as suas despesas de subsist\u00eancia.<\/li>\n<\/ul>\n<h4>Pr\u00e9mio dos Finalistas:<\/h4>\n<ul>\n<li>Um telesc\u00f3pio computorizado de alta qualidade (Celestron Nexstar ou um tipo similar) para cada um dos 10 &#8211; vencedores das meias-finais regionais.<\/li>\n<li>Uma viagem para o local da final internacional (despesas de viagem, alojamento em hotel, refei\u00e7\u00f5es, seguro, visitas e participa\u00e7\u00e3o em eventos).<\/li>\n<\/ul>\n<h4>Vencedores nacionais:<\/h4>\n<ul>\n<li>Viagem para a localiza\u00e7\u00e3o das meias-finais regionais\u00a0(despesas de viagem, alojamento em hotel, refei\u00e7\u00f5es, seguro, visitas e participa\u00e7\u00e3o em eventos).<\/li>\n<li>Conjunto memorabilia do concurso Odysseus II<\/li>\n<li>Medalh\u00e3o dos Vencedores<\/li>\n<\/ul>\n<p>&nbsp;<\/p>\n<p>Todos os participantes receber\u00e3o um certificado de participa\u00e7\u00e3o no Concurso Odysseus II.<\/p>\n","protected":false},"excerpt":{"rendered":"<p>Grande Pr\u00e9mio: Viagem ao Centro Espacial da Guiana (bilhetes de avi\u00e3o, alojamento em hotel, refei\u00e7\u00f5es, seguro, participa\u00e7\u00e3o em eventos, visitas guiadas ao Centro Espacial e outras atra\u00e7\u00f5es para todos os membros da equipa e para o professor orientador). Diploma de Embaixador Espacial da Juventude Europeia (\u2018European Youth Space Ambassador\u2019). Pr\u00e9mio Adicional: Os cinco melhores projetos [&hellip;]<\/p>\n","protected":false},"author":1,"featured_media":1143,"parent":1782,"menu_order":0,"comment_status":"closed","ping_status":"closed","template":"","meta":[],"acf":[],"yoast_head":"<!-- This site is optimized with the Yoast SEO plugin v19.14 - https:\/\/yoast.com\/wordpress\/plugins\/seo\/ -->\n<title>Categoria Explorers - ODYSSEUS II<\/title>\n<meta name=\"robots\" content=\"index, follow, max-snippet:-1, max-image-preview:large, max-video-preview:-1\" \/>\n<link rel=\"canonical\" href=\"https:\/\/odysseus-contests.eu\/2016\/pt-pt\/premios\/categoria-explorers\/\" \/>\n<meta property=\"og:locale\" content=\"pt_PT\" \/>\n<meta property=\"og:type\" content=\"article\" \/>\n<meta property=\"og:title\" content=\"Categoria Explorers - ODYSSEUS II\" \/>\n<meta property=\"og:description\" content=\"Grande Pr\u00e9mio: Viagem ao Centro Espacial da Guiana (bilhetes de avi\u00e3o, alojamento em hotel, refei\u00e7\u00f5es, seguro, participa\u00e7\u00e3o em eventos, visitas guiadas ao Centro Espacial e outras atra\u00e7\u00f5es para todos os membros da equipa e para o professor orientador). Diploma de Embaixador Espacial da Juventude Europeia (\u2018European Youth Space Ambassador\u2019). Pr\u00e9mio Adicional: Os cinco melhores projetos [&hellip;]\" \/>\n<meta property=\"og:url\" content=\"https:\/\/odysseus-contests.eu\/2016\/pt-pt\/premios\/categoria-explorers\/\" \/>\n<meta property=\"og:site_name\" content=\"ODYSSEUS II\" \/>\n<meta property=\"article:modified_time\" content=\"2015-07-08T19:17:47+00:00\" \/>\n<meta property=\"og:image\" content=\"https:\/\/odysseus-contests.eu\/2016\/wp-content\/uploads\/2015\/05\/about-prizes-pioneers-main.jpg\" \/>\n\t<meta property=\"og:image:width\" content=\"1920\" \/>\n\t<meta property=\"og:image:height\" content=\"666\" \/>\n\t<meta property=\"og:image:type\" content=\"image\/jpeg\" \/>\n<meta name=\"twitter:card\" content=\"summary_large_image\" \/>\n<meta name=\"twitter:label1\" content=\"Tempo estimado de leitura\" \/>\n\t<meta name=\"twitter:data1\" content=\"1 minuto\" \/>\n<script type=\"application\/ld+json\" class=\"yoast-schema-graph\">{\"@context\":\"https:\/\/schema.org\",\"@graph\":[{\"@type\":\"WebPage\",\"@id\":\"https:\/\/odysseus-contests.eu\/2016\/pt-pt\/premios\/categoria-explorers\/\",\"url\":\"https:\/\/odysseus-contests.eu\/2016\/pt-pt\/premios\/categoria-explorers\/\",\"name\":\"Categoria Explorers - ODYSSEUS II\",\"isPartOf\":{\"@id\":\"https:\/\/odysseus-contests.eu\/2016\/de\/#website\"},\"datePublished\":\"2015-07-04T13:34:59+00:00\",\"dateModified\":\"2015-07-08T19:17:47+00:00\",\"breadcrumb\":{\"@id\":\"https:\/\/odysseus-contests.eu\/2016\/pt-pt\/premios\/categoria-explorers\/#breadcrumb\"},\"inLanguage\":\"pt-PT\",\"potentialAction\":[{\"@type\":\"ReadAction\",\"target\":[\"https:\/\/odysseus-contests.eu\/2016\/pt-pt\/premios\/categoria-explorers\/\"]}]},{\"@type\":\"BreadcrumbList\",\"@id\":\"https:\/\/odysseus-contests.eu\/2016\/pt-pt\/premios\/categoria-explorers\/#breadcrumb\",\"itemListElement\":[{\"@type\":\"ListItem\",\"position\":1,\"name\":\"Home\",\"item\":\"https:\/\/odysseus-contests.eu\/2016\/pt-pt\/\"},{\"@type\":\"ListItem\",\"position\":2,\"name\":\"Pr\u00e9mios\",\"item\":\"https:\/\/odysseus-contests.eu\/2016\/pt-pt\/premios\/\"},{\"@type\":\"ListItem\",\"position\":3,\"name\":\"Categoria Explorers\"}]},{\"@type\":\"WebSite\",\"@id\":\"https:\/\/odysseus-contests.eu\/2016\/de\/#website\",\"url\":\"https:\/\/odysseus-contests.eu\/2016\/de\/\",\"name\":\"ODYSSEUS II\",\"description\":\"European Youth Space Contest\",\"potentialAction\":[{\"@type\":\"SearchAction\",\"target\":{\"@type\":\"EntryPoint\",\"urlTemplate\":\"https:\/\/odysseus-contests.eu\/2016\/de\/?s={search_term_string}\"},\"query-input\":\"required name=search_term_string\"}],\"inLanguage\":\"pt-PT\"}]}<\/script>\n<!-- \/ Yoast SEO plugin. -->","yoast_head_json":{"title":"Categoria Explorers - ODYSSEUS II","robots":{"index":"index","follow":"follow","max-snippet":"max-snippet:-1","max-image-preview":"max-image-preview:large","max-video-preview":"max-video-preview:-1"},"canonical":"https:\/\/odysseus-contests.eu\/2016\/pt-pt\/premios\/categoria-explorers\/","og_locale":"pt_PT","og_type":"article","og_title":"Categoria Explorers - ODYSSEUS II","og_description":"Grande Pr\u00e9mio: Viagem ao Centro Espacial da Guiana (bilhetes de avi\u00e3o, alojamento em hotel, refei\u00e7\u00f5es, seguro, participa\u00e7\u00e3o em eventos, visitas guiadas ao Centro Espacial e outras atra\u00e7\u00f5es para todos os membros da equipa e para o professor orientador). Diploma de Embaixador Espacial da Juventude Europeia (\u2018European Youth Space Ambassador\u2019). Pr\u00e9mio Adicional: Os cinco melhores projetos [&hellip;]","og_url":"https:\/\/odysseus-contests.eu\/2016\/pt-pt\/premios\/categoria-explorers\/","og_site_name":"ODYSSEUS II","article_modified_time":"2015-07-08T19:17:47+00:00","og_image":[{"width":1920,"height":666,"url":"https:\/\/odysseus-contests.eu\/2016\/wp-content\/uploads\/2015\/05\/about-prizes-pioneers-main.jpg","type":"image\/jpeg"}],"twitter_card":"summary_large_image","twitter_misc":{"Tempo estimado de leitura":"1 minuto"},"schema":{"@context":"https:\/\/schema.org","@graph":[{"@type":"WebPage","@id":"https:\/\/odysseus-contests.eu\/2016\/pt-pt\/premios\/categoria-explorers\/","url":"https:\/\/odysseus-contests.eu\/2016\/pt-pt\/premios\/categoria-explorers\/","name":"Categoria Explorers - ODYSSEUS II","isPartOf":{"@id":"https:\/\/odysseus-contests.eu\/2016\/de\/#website"},"datePublished":"2015-07-04T13:34:59+00:00","dateModified":"2015-07-08T19:17:47+00:00","breadcrumb":{"@id":"https:\/\/odysseus-contests.eu\/2016\/pt-pt\/premios\/categoria-explorers\/#breadcrumb"},"inLanguage":"pt-PT","potentialAction":[{"@type":"ReadAction","target":["https:\/\/odysseus-contests.eu\/2016\/pt-pt\/premios\/categoria-explorers\/"]}]},{"@type":"BreadcrumbList","@id":"https:\/\/odysseus-contests.eu\/2016\/pt-pt\/premios\/categoria-explorers\/#breadcrumb","itemListElement":[{"@type":"ListItem","position":1,"name":"Home","item":"https:\/\/odysseus-contests.eu\/2016\/pt-pt\/"},{"@type":"ListItem","position":2,"name":"Pr\u00e9mios","item":"https:\/\/odysseus-contests.eu\/2016\/pt-pt\/premios\/"},{"@type":"ListItem","position":3,"name":"Categoria Explorers"}]},{"@type":"WebSite","@id":"https:\/\/odysseus-contests.eu\/2016\/de\/#website","url":"https:\/\/odysseus-contests.eu\/2016\/de\/","name":"ODYSSEUS II","description":"European Youth Space Contest","potentialAction":[{"@type":"SearchAction","target":{"@type":"EntryPoint","urlTemplate":"https:\/\/odysseus-contests.eu\/2016\/de\/?s={search_term_string}"},"query-input":"required name=search_term_string"}],"inLanguage":"pt-PT"}]}},"_links":{"self":[{"href":"https:\/\/odysseus-contests.eu\/2016\/pt-pt\/wp-json\/wp\/v2\/pages\/1784"}],"collection":[{"href":"https:\/\/odysseus-contests.eu\/2016\/pt-pt\/wp-json\/wp\/v2\/pages"}],"about":[{"href":"https:\/\/odysseus-contests.eu\/2016\/pt-pt\/wp-json\/wp\/v2\/types\/page"}],"author":[{"embeddable":true,"href":"https:\/\/odysseus-contests.eu\/2016\/pt-pt\/wp-json\/wp\/v2\/users\/1"}],"replies":[{"embeddable":true,"href":"https:\/\/odysseus-contests.eu\/2016\/pt-pt\/wp-json\/wp\/v2\/comments?post=1784"}],"version-history":[{"count":0,"href":"https:\/\/odysseus-contests.eu\/2016\/pt-pt\/wp-json\/wp\/v2\/pages\/1784\/revisions"}],"up":[{"embeddable":true,"href":"https:\/\/odysseus-contests.eu\/2016\/pt-pt\/wp-json\/wp\/v2\/pages\/1782"}],"wp:featuredmedia":[{"embeddable":true,"href":"https:\/\/odysseus-contests.eu\/2016\/pt-pt\/wp-json\/wp\/v2\/media\/1143"}],"wp:attachment":[{"href":"https:\/\/odysseus-contests.eu\/2016\/pt-pt\/wp-json\/wp\/v2\/media?parent=1784"}],"curies":[{"name":"wp","href":"https:\/\/api.w.org\/{rel}","templated":true}]}}