{"id":1766,"date":"2015-07-04T16:23:12","date_gmt":"2015-07-04T13:23:12","guid":{"rendered":"http:\/\/odysseus-contests.eu\/2016\/?page_id=1766"},"modified":"2016-06-16T16:05:57","modified_gmt":"2016-06-16T13:05:57","slug":"astrobiologia-a-busca-da-vida-no-universo","status":"publish","type":"page","link":"https:\/\/odysseus-contests.eu\/2016\/pt-pt\/biblioteca\/astrobiologia-a-busca-da-vida-no-universo\/","title":{"rendered":"Astrobiologia \u2013 A busca da vida no Universo"},"content":{"rendered":"<p><em><img decoding=\"async\" loading=\"lazy\" class=\"img-responsive alignleft wp-image-281 size-full\" src=\"http:\/\/odysseus-contests.eu\/2016\/wp-content\/uploads\/2015\/06\/content-resources-library-astrobiology.jpg\" alt=\"content-resources-library-astrobiology\" width=\"700\" height=\"400\" srcset=\"https:\/\/odysseus-contests.eu\/2016\/wp-content\/uploads\/2015\/06\/content-resources-library-astrobiology.jpg 700w, https:\/\/odysseus-contests.eu\/2016\/wp-content\/uploads\/2015\/06\/content-resources-library-astrobiology-300x171.jpg 300w\" sizes=\"(max-width: 700px) 100vw, 700px\" \/><br \/>\n<\/em><\/p>\n<p>&nbsp;<\/p>\n<p>&nbsp;<\/p>\n<p>&nbsp;<\/p>\n<p>&nbsp;<\/p>\n<p>&nbsp;<\/p>\n<p>&nbsp;<\/p>\n<p>&nbsp;<\/p>\n<p>&nbsp;<\/p>\n<p>&nbsp;<\/p>\n<ul>\n<li><strong>O que \u00e9 a vida? O que torna um planeta habit\u00e1vel.<\/strong>\n<ul>\n<li>Zona habit\u00e1vel (Wikipedia): <a href=\"https:\/\/pt.wikipedia.org\/wiki\/Zona_habit%C3%A1vel\">https:\/\/pt.wikipedia.org\/wiki\/Zona_habit%C3%A1vel<\/a><\/li>\n<li>Exobiologia (Franc\u00eas):<a href=\"https:\/\/cadmos.cnes.fr\/fr\/web\/CNES-fr\/10104-exobiologie.php\"> https:\/\/cadmos.cnes.fr\/fr\/web\/CNES-fr\/10104-exobiologie.php<\/a><\/li>\n<li>Uma vida Extraterrestre (Franc\u00eas):<a href=\"https:\/\/jeunes.cnes.fr\/fr\/web\/CNES-Jeunes-fr\/11275-une-vie-extraterrestre-.php\"> https:\/\/jeunes.cnes.fr\/fr\/web\/CNES-Jeunes-fr\/11275-une-vie-extraterrestre-.php<\/a><\/li>\n<\/ul>\n<\/li>\n<\/ul>\n<ul>\n<li><strong>Escrever um conto de fic\u00e7\u00e3o cient\u00edfica (SciFi) sobre uma viagem a um exoplaneta numa nave viajando a cerca de 90% da velocidade da luz.<\/strong>\n<ul>\n<li>Viagem Interestelar (Wikipedia): <a href=\"https:\/\/pt.wikipedia.org\/wiki\/Viagem_interestelar\">https:\/\/pt.wikipedia.org\/wiki\/Viagem_interestelar<\/a><\/li>\n<li>Cavalgando um fot\u00e3o 45 minutos desde o Sol: <a href=\"https:\/\/www.youtube.com\/watch?v=Bfy74OXRcMk\">https:\/\/www.youtube.com\/watch?v=Bfy74OXRcMk<\/a><\/li>\n<li>Viagem pelo Universo (AMNH): <a href=\"https:\/\/www.youtube.com\/watch?v=Lu6vbNkuARQ\">https:\/\/www.youtube.com\/watch?v=Lu6vbNkuARQ<\/a><\/li>\n<\/ul>\n<\/li>\n<\/ul>\n<ul>\n<li><strong>Detet\u00e1mos aliens \u2013 como poderemos falar com eles e em que linguagem?<\/strong>\n<ul>\n<li>SETI (Wikipedia): <a href=\"https:\/\/pt.wikipedia.org\/wiki\/SETI_ativo\">https:\/\/pt.wikipedia.org\/wiki\/SETI_ativo<\/a><\/li>\n<li>Placa Pioneer (Wikipedia): <a href=\"https:\/\/pt.wikipedia.org\/wiki\/Placa_Pioneer\">https:\/\/pt.wikipedia.org\/wiki\/Placa_Pioneer<\/a><\/li>\n<li>Voyager Golden Record (Wikipedia): <a href=\"https:\/\/pt.wikipedia.org\/wiki\/Voyager_Golden_Record\">https:\/\/pt.wikipedia.org\/wiki\/Voyager_Golden_Record<\/a><\/li>\n<li>Mensagem de Arecibo (Wikipedia): <a href=\"https:\/\/pt.wikipedia.org\/wiki\/Mensagem_de_Arecibo\">https:\/\/pt.wikipedia.org\/wiki\/Mensagem_de_Arecibo<\/a><\/li>\n<\/ul>\n<\/li>\n<\/ul>\n<ul>\n<li><strong>Faz um desenho de uma civiliza\u00e7\u00e3o que atingiu padr\u00f5es tecnol\u00f3gicos muito elevados<\/strong>\n<ul>\n<li>Criaturas Extraterrestres (Franc\u00eas): <a href=\"http:\/\/www.cnes-jeunes.fr\/web\/CNES-Jeunes-fr\/8330-creatures-extraterrestres.php\">http:\/\/www.cnes-jeunes.fr\/web\/CNES-Jeunes-fr\/8330-creatures-extraterrestres.php<\/a><\/li>\n<\/ul>\n<\/li>\n<li><strong>Um ano num cometa \u2013 com base nas descobertas da Rosetta , descreve a vida de uma pessoa que ali vivesse (sob a forma de um conto de fic\u00e7\u00e3o cient\u00edfica);<\/strong>\n<ul>\n<li>Miss\u00e3o Roseta (Franc\u00eas): <a href=\"http:\/\/www.rosetta-cnes.fr\/rosetta\/\">http:\/\/www.rosetta-cnes.fr\/rosetta\/<\/a><\/li>\n<\/ul>\n<\/li>\n<\/ul>\n<p>&nbsp;<\/p>\n<p>Links noutras l\u00ednguas<\/p>\n<ul>\n<li><a href=\"http:\/\/odysseus-contests.eu\/2016\/?p=190\" target=\"_blank\">Ingl\u00eas<\/a><\/li>\n<li><a href=\"http:\/\/odysseus-contests.eu\/2016\/?p=1064\" target=\"_blank\">Alem\u00e3o<\/a><\/li>\n<li><a href=\"http:\/\/odysseus-contests.eu\/2016\/?p=1363\" target=\"_blank\">Franc\u00eas<\/a><\/li>\n<li><a href=\"http:\/\/odysseus-contests.eu\/2016\/?p=3775\" target=\"_blank\">Espanhol<\/a><\/li>\n<li><a href=\"http:\/\/odysseus-contests.eu\/2016\/?p=2130\" target=\"_blank\">Italiano<\/a><\/li>\n<\/ul>\n","protected":false},"excerpt":{"rendered":"<p>&nbsp; &nbsp; &nbsp; &nbsp; &nbsp; &nbsp; &nbsp; &nbsp; &nbsp; O que \u00e9 a vida? O que torna um planeta habit\u00e1vel. Zona habit\u00e1vel (Wikipedia): https:\/\/pt.wikipedia.org\/wiki\/Zona_habit%C3%A1vel Exobiologia (Franc\u00eas): https:\/\/cadmos.cnes.fr\/fr\/web\/CNES-fr\/10104-exobiologie.php Uma vida Extraterrestre (Franc\u00eas): https:\/\/jeunes.cnes.fr\/fr\/web\/CNES-Jeunes-fr\/11275-une-vie-extraterrestre-.php Escrever um conto de fic\u00e7\u00e3o cient\u00edfica (SciFi) sobre uma viagem a um exoplaneta numa nave viajando a cerca de 90% da velocidade da [&hellip;]<\/p>\n","protected":false},"author":1,"featured_media":0,"parent":1752,"menu_order":40,"comment_status":"closed","ping_status":"closed","template":"","meta":[],"acf":[],"yoast_head":"<!-- This site is optimized with the Yoast SEO plugin v19.14 - https:\/\/yoast.com\/wordpress\/plugins\/seo\/ -->\n<title>Astrobiologia \u2013 A busca da vida no Universo - ODYSSEUS II<\/title>\n<meta name=\"robots\" content=\"index, follow, max-snippet:-1, max-image-preview:large, max-video-preview:-1\" \/>\n<link rel=\"canonical\" href=\"https:\/\/odysseus-contests.eu\/2016\/pt-pt\/biblioteca\/astrobiologia-a-busca-da-vida-no-universo\/\" \/>\n<meta property=\"og:locale\" content=\"pt_PT\" \/>\n<meta property=\"og:type\" content=\"article\" \/>\n<meta property=\"og:title\" content=\"Astrobiologia \u2013 A busca da vida no Universo - ODYSSEUS II\" \/>\n<meta property=\"og:description\" content=\"&nbsp; &nbsp; &nbsp; &nbsp; &nbsp; &nbsp; &nbsp; &nbsp; &nbsp; O que \u00e9 a vida? O que torna um planeta habit\u00e1vel. Zona habit\u00e1vel (Wikipedia): https:\/\/pt.wikipedia.org\/wiki\/Zona_habit%C3%A1vel Exobiologia (Franc\u00eas): https:\/\/cadmos.cnes.fr\/fr\/web\/CNES-fr\/10104-exobiologie.php Uma vida Extraterrestre (Franc\u00eas): https:\/\/jeunes.cnes.fr\/fr\/web\/CNES-Jeunes-fr\/11275-une-vie-extraterrestre-.php Escrever um conto de fic\u00e7\u00e3o cient\u00edfica (SciFi) sobre uma viagem a um exoplaneta numa nave viajando a cerca de 90% da velocidade da [&hellip;]\" \/>\n<meta property=\"og:url\" content=\"https:\/\/odysseus-contests.eu\/2016\/pt-pt\/biblioteca\/astrobiologia-a-busca-da-vida-no-universo\/\" \/>\n<meta property=\"og:site_name\" content=\"ODYSSEUS II\" \/>\n<meta property=\"article:modified_time\" content=\"2016-06-16T13:05:57+00:00\" \/>\n<meta property=\"og:image\" content=\"http:\/\/odysseus-contests.eu\/2016\/wp-content\/uploads\/2015\/06\/content-resources-library-astrobiology.jpg\" \/>\n<meta name=\"twitter:card\" content=\"summary_large_image\" \/>\n<meta name=\"twitter:label1\" content=\"Tempo estimado de leitura\" \/>\n\t<meta name=\"twitter:data1\" content=\"1 minuto\" \/>\n<script type=\"application\/ld+json\" class=\"yoast-schema-graph\">{\"@context\":\"https:\/\/schema.org\",\"@graph\":[{\"@type\":\"WebPage\",\"@id\":\"https:\/\/odysseus-contests.eu\/2016\/pt-pt\/biblioteca\/astrobiologia-a-busca-da-vida-no-universo\/\",\"url\":\"https:\/\/odysseus-contests.eu\/2016\/pt-pt\/biblioteca\/astrobiologia-a-busca-da-vida-no-universo\/\",\"name\":\"Astrobiologia \u2013 A busca da vida no Universo - ODYSSEUS II\",\"isPartOf\":{\"@id\":\"https:\/\/odysseus-contests.eu\/2016\/de\/#website\"},\"datePublished\":\"2015-07-04T13:23:12+00:00\",\"dateModified\":\"2016-06-16T13:05:57+00:00\",\"breadcrumb\":{\"@id\":\"https:\/\/odysseus-contests.eu\/2016\/pt-pt\/biblioteca\/astrobiologia-a-busca-da-vida-no-universo\/#breadcrumb\"},\"inLanguage\":\"pt-PT\",\"potentialAction\":[{\"@type\":\"ReadAction\",\"target\":[\"https:\/\/odysseus-contests.eu\/2016\/pt-pt\/biblioteca\/astrobiologia-a-busca-da-vida-no-universo\/\"]}]},{\"@type\":\"BreadcrumbList\",\"@id\":\"https:\/\/odysseus-contests.eu\/2016\/pt-pt\/biblioteca\/astrobiologia-a-busca-da-vida-no-universo\/#breadcrumb\",\"itemListElement\":[{\"@type\":\"ListItem\",\"position\":1,\"name\":\"Home\",\"item\":\"https:\/\/odysseus-contests.eu\/2016\/pt-pt\/\"},{\"@type\":\"ListItem\",\"position\":2,\"name\":\"Biblioteca\",\"item\":\"https:\/\/odysseus-contests.eu\/2016\/pt-pt\/biblioteca\/\"},{\"@type\":\"ListItem\",\"position\":3,\"name\":\"Astrobiologia \u2013 A busca da vida no Universo\"}]},{\"@type\":\"WebSite\",\"@id\":\"https:\/\/odysseus-contests.eu\/2016\/de\/#website\",\"url\":\"https:\/\/odysseus-contests.eu\/2016\/de\/\",\"name\":\"ODYSSEUS II\",\"description\":\"European Youth Space Contest\",\"potentialAction\":[{\"@type\":\"SearchAction\",\"target\":{\"@type\":\"EntryPoint\",\"urlTemplate\":\"https:\/\/odysseus-contests.eu\/2016\/de\/?s={search_term_string}\"},\"query-input\":\"required name=search_term_string\"}],\"inLanguage\":\"pt-PT\"}]}<\/script>\n<!-- \/ Yoast SEO plugin. -->","yoast_head_json":{"title":"Astrobiologia \u2013 A busca da vida no Universo - ODYSSEUS II","robots":{"index":"index","follow":"follow","max-snippet":"max-snippet:-1","max-image-preview":"max-image-preview:large","max-video-preview":"max-video-preview:-1"},"canonical":"https:\/\/odysseus-contests.eu\/2016\/pt-pt\/biblioteca\/astrobiologia-a-busca-da-vida-no-universo\/","og_locale":"pt_PT","og_type":"article","og_title":"Astrobiologia \u2013 A busca da vida no Universo - ODYSSEUS II","og_description":"&nbsp; &nbsp; &nbsp; &nbsp; &nbsp; &nbsp; &nbsp; &nbsp; &nbsp; O que \u00e9 a vida? O que torna um planeta habit\u00e1vel. Zona habit\u00e1vel (Wikipedia): https:\/\/pt.wikipedia.org\/wiki\/Zona_habit%C3%A1vel Exobiologia (Franc\u00eas): https:\/\/cadmos.cnes.fr\/fr\/web\/CNES-fr\/10104-exobiologie.php Uma vida Extraterrestre (Franc\u00eas): https:\/\/jeunes.cnes.fr\/fr\/web\/CNES-Jeunes-fr\/11275-une-vie-extraterrestre-.php Escrever um conto de fic\u00e7\u00e3o cient\u00edfica (SciFi) sobre uma viagem a um exoplaneta numa nave viajando a cerca de 90% da velocidade da [&hellip;]","og_url":"https:\/\/odysseus-contests.eu\/2016\/pt-pt\/biblioteca\/astrobiologia-a-busca-da-vida-no-universo\/","og_site_name":"ODYSSEUS II","article_modified_time":"2016-06-16T13:05:57+00:00","og_image":[{"url":"http:\/\/odysseus-contests.eu\/2016\/wp-content\/uploads\/2015\/06\/content-resources-library-astrobiology.jpg"}],"twitter_card":"summary_large_image","twitter_misc":{"Tempo estimado de leitura":"1 minuto"},"schema":{"@context":"https:\/\/schema.org","@graph":[{"@type":"WebPage","@id":"https:\/\/odysseus-contests.eu\/2016\/pt-pt\/biblioteca\/astrobiologia-a-busca-da-vida-no-universo\/","url":"https:\/\/odysseus-contests.eu\/2016\/pt-pt\/biblioteca\/astrobiologia-a-busca-da-vida-no-universo\/","name":"Astrobiologia \u2013 A busca da vida no Universo - ODYSSEUS II","isPartOf":{"@id":"https:\/\/odysseus-contests.eu\/2016\/de\/#website"},"datePublished":"2015-07-04T13:23:12+00:00","dateModified":"2016-06-16T13:05:57+00:00","breadcrumb":{"@id":"https:\/\/odysseus-contests.eu\/2016\/pt-pt\/biblioteca\/astrobiologia-a-busca-da-vida-no-universo\/#breadcrumb"},"inLanguage":"pt-PT","potentialAction":[{"@type":"ReadAction","target":["https:\/\/odysseus-contests.eu\/2016\/pt-pt\/biblioteca\/astrobiologia-a-busca-da-vida-no-universo\/"]}]},{"@type":"BreadcrumbList","@id":"https:\/\/odysseus-contests.eu\/2016\/pt-pt\/biblioteca\/astrobiologia-a-busca-da-vida-no-universo\/#breadcrumb","itemListElement":[{"@type":"ListItem","position":1,"name":"Home","item":"https:\/\/odysseus-contests.eu\/2016\/pt-pt\/"},{"@type":"ListItem","position":2,"name":"Biblioteca","item":"https:\/\/odysseus-contests.eu\/2016\/pt-pt\/biblioteca\/"},{"@type":"ListItem","position":3,"name":"Astrobiologia \u2013 A busca da vida no Universo"}]},{"@type":"WebSite","@id":"https:\/\/odysseus-contests.eu\/2016\/de\/#website","url":"https:\/\/odysseus-contests.eu\/2016\/de\/","name":"ODYSSEUS II","description":"European Youth Space Contest","potentialAction":[{"@type":"SearchAction","target":{"@type":"EntryPoint","urlTemplate":"https:\/\/odysseus-contests.eu\/2016\/de\/?s={search_term_string}"},"query-input":"required name=search_term_string"}],"inLanguage":"pt-PT"}]}},"_links":{"self":[{"href":"https:\/\/odysseus-contests.eu\/2016\/pt-pt\/wp-json\/wp\/v2\/pages\/1766"}],"collection":[{"href":"https:\/\/odysseus-contests.eu\/2016\/pt-pt\/wp-json\/wp\/v2\/pages"}],"about":[{"href":"https:\/\/odysseus-contests.eu\/2016\/pt-pt\/wp-json\/wp\/v2\/types\/page"}],"author":[{"embeddable":true,"href":"https:\/\/odysseus-contests.eu\/2016\/pt-pt\/wp-json\/wp\/v2\/users\/1"}],"replies":[{"embeddable":true,"href":"https:\/\/odysseus-contests.eu\/2016\/pt-pt\/wp-json\/wp\/v2\/comments?post=1766"}],"version-history":[{"count":4,"href":"https:\/\/odysseus-contests.eu\/2016\/pt-pt\/wp-json\/wp\/v2\/pages\/1766\/revisions"}],"predecessor-version":[{"id":11988,"href":"https:\/\/odysseus-contests.eu\/2016\/pt-pt\/wp-json\/wp\/v2\/pages\/1766\/revisions\/11988"}],"up":[{"embeddable":true,"href":"https:\/\/odysseus-contests.eu\/2016\/pt-pt\/wp-json\/wp\/v2\/pages\/1752"}],"wp:attachment":[{"href":"https:\/\/odysseus-contests.eu\/2016\/pt-pt\/wp-json\/wp\/v2\/media?parent=1766"}],"curies":[{"name":"wp","href":"https:\/\/api.w.org\/{rel}","templated":true}]}}