{"id":1755,"date":"2015-07-04T16:22:08","date_gmt":"2015-07-04T13:22:08","guid":{"rendered":"http:\/\/odysseus-contests.eu\/2016\/?page_id=1755"},"modified":"2016-06-16T15:49:12","modified_gmt":"2016-06-16T12:49:12","slug":"sistema-solar-e-ciencia-espacial","status":"publish","type":"page","link":"https:\/\/odysseus-contests.eu\/2016\/pt-pt\/biblioteca\/sistema-solar-e-ciencia-espacial\/","title":{"rendered":"Sistema Solar e Ci\u00eancia Espacial"},"content":{"rendered":"<p><img decoding=\"async\" loading=\"lazy\" class=\"img-responsive alignleft wp-image-274 size-full\" src=\"http:\/\/odysseus-contests.eu\/2016\/wp-content\/uploads\/2015\/06\/content-resources-library-solar.jpg\" alt=\"content-resources-library-solar\" width=\"700\" height=\"400\" srcset=\"https:\/\/odysseus-contests.eu\/2016\/wp-content\/uploads\/2015\/06\/content-resources-library-solar.jpg 700w, https:\/\/odysseus-contests.eu\/2016\/wp-content\/uploads\/2015\/06\/content-resources-library-solar-300x171.jpg 300w\" sizes=\"(max-width: 700px) 100vw, 700px\" \/><\/p>\n<p>&nbsp;<\/p>\n<p>&nbsp;<\/p>\n<p>&nbsp;<\/p>\n<p>&nbsp;<\/p>\n<p>&nbsp;<\/p>\n<p>&nbsp;<\/p>\n<p>&nbsp;<\/p>\n<p>&nbsp;<\/p>\n<p>&nbsp;<\/p>\n<p>&nbsp;<\/p>\n<ul>\n<li><strong>Explora\u00e7\u00e3o<\/strong><strong> dos planetas rochosos &#8211; o que podemos aprender para a Terra<\/strong><\/li>\n<li>Explora\u00e7\u00e3o de Marte:\n<ul>\n<li>Terraforma\u00e7\u00e3o de Marte (Wikipedia): <a href=\"https:\/\/pt.wikipedia.org\/wiki\/Terraforma%C3%A7%C3%A3o_de_Marte\" target=\"_blank\">https:\/\/pt.wikipedia.org\/wiki\/Terraforma%C3%A7%C3%A3o_de_Marte<\/a><\/li>\n<li>Marte (CCVAlg): <a href=\"http:\/\/www.ccvalg.pt\/astronomia\/sistema_solar\/marte.htm\" target=\"_blank\">http:\/\/www.ccvalg.pt\/astronomia\/sistema_solar\/marte.htm<\/a><\/li>\n<li>Wikipedia-Marte (Wikipedia): <a href=\"https:\/\/pt.wikipedia.org\/wiki\/Marte_%28planeta%29\">https:\/\/pt.wikipedia.org\/wiki\/Marte_%28planeta%29<\/a><\/li>\n<li>Explora\u00e7\u00e3o de Marte (PUCRS): <a href=\"https:\/\/www.youtube.com\/watch?v=w5AXZ98LWJI\">https:\/\/www.youtube.com\/watch?v=w5AXZ98LWJI<\/a><\/li>\n<li>Curiosity &#8211; A procura de vida em Marte (NASA): <a href=\"https:\/\/www.youtube.com\/watch?v=7J3Q1iiitkA\">https:\/\/www.youtube.com\/watch?v=7J3Q1iiitkA<\/a><\/li>\n<li>Funda\u00e7\u00e3o financia miss\u00e3o tripulada a Marte (Euronews): <a href=\"https:\/\/www.youtube.com\/watch?v=-cwk8dDJZZM\">https:\/\/www.youtube.com\/watch?v=-cwk8dDJZZM<\/a><\/li>\n<\/ul>\n<\/li>\n<\/ul>\n<ul>\n<li>Explora\u00e7\u00e3o de Merc\u00fario:\n<ul>\n<li>Mercurio (Euronews): <a href=\"https:\/\/www.youtube.com\/watch?v=c4uNcP1Enw0\" target=\"_blank\">https:\/\/www.youtube.com\/watch?v=c4uNcP1Enw0<\/a><\/li>\n<li>Merc\u00fario (CCVAlg): <a href=\"http:\/\/www.ccvalg.pt\/astronomia\/sistema_solar\/mercurio.htm\" target=\"_blank\">http:\/\/www.ccvalg.pt\/astronomia\/sistema_solar\/mercurio.htm<\/a><\/li>\n<\/ul>\n<\/li>\n<\/ul>\n<ul>\n<li>\u00a0Explora\u00e7\u00e3o de V\u00e9nus:\n<ul>\n<li>Explora\u00e7\u00e3o de V\u00e9nus (Wikipedia): <a href=\"https:\/\/pt.wikipedia.org\/wiki\/Explora%C3%A7%C3%A3o_de_V%C3%AAnus\">https:\/\/pt.wikipedia.org\/wiki\/Explora%C3%A7%C3%A3o_de_V%C3%AAnus<\/a><\/li>\n<li>V\u00e9nus (CCVAlg): <a href=\"http:\/\/www.ccvalg.pt\/astronomia\/sistema_solar\/venus.htm\">http:\/\/www.ccvalg.pt\/astronomia\/sistema_solar\/venus.htm<\/a><\/li>\n<li>V\u00e9nus (Ci\u00eancia 2.0): <a href=\"https:\/\/www.youtube.com\/watch?v=IsickLVk3oM\">https:\/\/www.youtube.com\/watch?v=IsickLVk3oM<\/a><\/li>\n<li>A explora\u00e7\u00e3o de V\u00e9nus (outra procura)<a href=\"https:\/\/www.youtube.com\/watch?v=fVkffLcloks\">https:\/\/www.youtube.com\/watch?v=fVkffLcloks<\/a><\/li>\n<li>Os mist\u00e9rios de V\u00e9nus (Euronews): <a href=\"https:\/\/www.youtube.com\/watch?v=2zWj6CxQ6l0\">https:\/\/www.youtube.com\/watch?v=2zWj6CxQ6l0<\/a><\/li>\n<\/ul>\n<\/li>\n<\/ul>\n<ul>\n<li><strong>Grandes<\/strong><strong> telesc\u00f3pios no espa\u00e7o &#8211; por que \u00e9 que o espa\u00e7o \u00e9 um bom lugar para observar o c\u00e9u?<\/strong>\n<ul>\n<li>TE Hubble (Wikipedia): <a href=\"https:\/\/pt.wikipedia.org\/wiki\/Telesc%C3%B3pio_espacial_Hubble\">https:\/\/pt.wikipedia.org\/wiki\/Telesc%C3%B3pio_espacial_Hubble<\/a><\/li>\n<li>TE James Webb (Wikipedia): <a href=\"https:\/\/pt.wikipedia.org\/wiki\/Telesc%C3%B3pio_Espacial_James_Webb\">https:\/\/pt.wikipedia.org\/wiki\/Telesc%C3%B3pio_Espacial_James_Webb<\/a><\/li>\n<li>TE Spitzer (Wikipedia): <a href=\"https:\/\/pt.wikipedia.org\/wiki\/Telesc%C3%B3pio_espacial_Spitzer\">https:\/\/pt.wikipedia.org\/wiki\/Telesc%C3%B3pio_espacial_Spitzer<\/a><\/li>\n<li>TE Kepler (Wikipedia): <a href=\"https:\/\/pt.wikipedia.org\/wiki\/Kepler_%28sonda_espacial%29\">https:\/\/pt.wikipedia.org\/wiki\/Kepler_%28sonda_espacial%29<\/a><\/li>\n<li>TE Hersche l(Wikipedia): <a href=\"https:\/\/pt.wikipedia.org\/wiki\/Observat%C3%B3rio_Espacial_Herschel\">https:\/\/pt.wikipedia.org\/wiki\/Observat%C3%B3rio_Espacial_Herschel<\/a><\/li>\n<li>TE Hubble (Nat. Geographic): <a href=\"https:\/\/www.youtube.com\/watch?v=NTiAGaRPxlo\">https:\/\/www.youtube.com\/watch?v=NTiAGaRPxlo<\/a><\/li>\n<li>TE James Webb (NASA) : <a href=\"https:\/\/www.youtube.com\/watch?v=HErJKzZfYgo\">https:\/\/www.youtube.com\/watch?v=HErJKzZfYgo<\/a><\/li>\n<li>TE Kepler (Euronews): <a href=\"https:\/\/www.youtube.com\/watch?v=sy4r9LxYpxA\">https:\/\/www.youtube.com\/watch?v=sy4r9LxYpxA<\/a><\/li>\n<li>TE Kepler descobre planetas iguais \u00e0 Terra (Euronews): <a href=\"https:\/\/www.youtube.com\/watch?v=BX9hXI_ArUs\">https:\/\/www.youtube.com\/watch?v=BX9hXI_ArUs<\/a><\/li>\n<\/ul>\n<\/li>\n<\/ul>\n<ul>\n<li><strong>Sistemas de foguet\u00f5es &#8211;<\/strong><strong> por que voam os foguet\u00f5es e como<\/strong>\n<ul>\n<li>Foguet\u00f5es (Wikipedia): <a href=\"https:\/\/pt.wikipedia.org\/wiki\/Foguete_espacial\">https:\/\/pt.wikipedia.org\/wiki\/Foguete_espacial<\/a><\/li>\n<li>Como funciona o motor dos foguet\u00f5es: <a href=\"https:\/\/www.youtube.com\/watch?v=LOkcDPaeQKo\">https:\/\/www.youtube.com\/watch?v=LOkcDPaeQKo<\/a><\/li>\n<\/ul>\n<\/li>\n<li><strong>Voos tripulados &#8211;<\/strong><strong> como \u00e9 que uma pessoa se sente a v\u00e1rias vezes 1000 km da Terra?<\/strong>\n<ul>\n<li>S\u00edndrome de Adapta\u00e7\u00e3o Espacial (Wikipedia): <a href=\"https:\/\/pt.wikipedia.org\/wiki\/S%C3%ADndrome_de_adapta%C3%A7%C3%A3o_ao_espa%C3%A7o\">https:\/\/pt.wikipedia.org\/wiki\/S%C3%ADndrome_de_adapta%C3%A7%C3%A3o_ao_espa%C3%A7o<\/a><\/li>\n<li>Imponderabilidade (Wikipedia): <a href=\"https:\/\/pt.wikipedia.org\/wiki\/Imponderabilidade\">https:\/\/pt.wikipedia.org\/wiki\/Imponderabilidade<\/a><\/li>\n<li>Viver no Espa\u00e7o (Euronews): <a href=\"https:\/\/www.youtube.com\/watch?v=hkRehGztFuY\">https:\/\/www.youtube.com\/watch?v=hkRehGztFuY<\/a><\/li>\n<li>Viver no Espa\u00e7o: <a href=\"https:\/\/www.youtube.com\/watch?v=XOBRgdgRpeI\">https:\/\/www.youtube.com\/watch?v=XOBRgdgRpeI<\/a><\/li>\n<\/ul>\n<\/li>\n<\/ul>\n<ul>\n<li><strong>Conce\u00e7\u00e3o<\/strong><strong> de uma cidade lunar permanente &#8211; como sobreviver na Lua?<\/strong>\n<ul>\n<li>Constru\u00e7\u00e3o de base lunar: <a href=\"http:\/\/querosaber.sapo.pt\/espaco\/video-como-pode-ser-construida-uma-futura-base-lunar\">http:\/\/querosaber.sapo.pt\/espaco\/video-como-pode-ser-construida-uma-futura-base-lunar<\/a><\/li>\n<\/ul>\n<\/li>\n<\/ul>\n<p>&nbsp;<\/p>\n<p>&nbsp;<\/p>\n<p>Links noutras l\u00ednguas:<\/p>\n<ul>\n<li><a href=\"http:\/\/odysseus-contests.eu\/2016\/?p=185\" target=\"_blank\">Ingl\u00eas<\/a><\/li>\n<li><a href=\"http:\/\/odysseus-contests.eu\/2016\/de\/bibliothek\/sonnensystem-und-weltraum\/\" target=\"_blank\">Alem\u00e3o<\/a><\/li>\n<li><a href=\"http:\/\/odysseus-contests.eu\/2016\/fr\/bibliotheque\/le-systeme-solaire-et-la-spatiologie\/\" target=\"_blank\">Franc\u00eas<\/a><\/li>\n<li><a href=\"http:\/\/odysseus-contests.eu\/2016\/es\/library\/sistema-solar-y-ciencia-espacial\/\" target=\"_blank\">Espanhol<\/a><\/li>\n<\/ul>\n","protected":false},"excerpt":{"rendered":"<p>&nbsp; &nbsp; &nbsp; &nbsp; &nbsp; &nbsp; &nbsp; &nbsp; &nbsp; &nbsp; Explora\u00e7\u00e3o dos planetas rochosos &#8211; o que podemos aprender para a Terra Explora\u00e7\u00e3o de Marte: Terraforma\u00e7\u00e3o de Marte (Wikipedia): https:\/\/pt.wikipedia.org\/wiki\/Terraforma%C3%A7%C3%A3o_de_Marte Marte (CCVAlg): http:\/\/www.ccvalg.pt\/astronomia\/sistema_solar\/marte.htm Wikipedia-Marte (Wikipedia): https:\/\/pt.wikipedia.org\/wiki\/Marte_%28planeta%29 Explora\u00e7\u00e3o de Marte (PUCRS): https:\/\/www.youtube.com\/watch?v=w5AXZ98LWJI Curiosity &#8211; A procura de vida em Marte (NASA): https:\/\/www.youtube.com\/watch?v=7J3Q1iiitkA Funda\u00e7\u00e3o financia miss\u00e3o tripulada [&hellip;]<\/p>\n","protected":false},"author":1,"featured_media":0,"parent":1752,"menu_order":10,"comment_status":"closed","ping_status":"closed","template":"","meta":[],"acf":[],"yoast_head":"<!-- This site is optimized with the Yoast SEO plugin v19.14 - https:\/\/yoast.com\/wordpress\/plugins\/seo\/ -->\n<title>Sistema Solar e Ci\u00eancia Espacial - ODYSSEUS II<\/title>\n<meta name=\"robots\" content=\"index, follow, max-snippet:-1, max-image-preview:large, max-video-preview:-1\" \/>\n<link rel=\"canonical\" href=\"https:\/\/odysseus-contests.eu\/2016\/pt-pt\/biblioteca\/sistema-solar-e-ciencia-espacial\/\" \/>\n<meta property=\"og:locale\" content=\"pt_PT\" \/>\n<meta property=\"og:type\" content=\"article\" \/>\n<meta property=\"og:title\" content=\"Sistema Solar e Ci\u00eancia Espacial - ODYSSEUS II\" \/>\n<meta property=\"og:description\" content=\"&nbsp; &nbsp; &nbsp; &nbsp; &nbsp; &nbsp; &nbsp; &nbsp; &nbsp; &nbsp; Explora\u00e7\u00e3o dos planetas rochosos &#8211; o que podemos aprender para a Terra Explora\u00e7\u00e3o de Marte: Terraforma\u00e7\u00e3o de Marte (Wikipedia): https:\/\/pt.wikipedia.org\/wiki\/Terraforma%C3%A7%C3%A3o_de_Marte Marte (CCVAlg): http:\/\/www.ccvalg.pt\/astronomia\/sistema_solar\/marte.htm Wikipedia-Marte (Wikipedia): https:\/\/pt.wikipedia.org\/wiki\/Marte_%28planeta%29 Explora\u00e7\u00e3o de Marte (PUCRS): https:\/\/www.youtube.com\/watch?v=w5AXZ98LWJI Curiosity &#8211; A procura de vida em Marte (NASA): https:\/\/www.youtube.com\/watch?v=7J3Q1iiitkA Funda\u00e7\u00e3o financia miss\u00e3o tripulada [&hellip;]\" \/>\n<meta property=\"og:url\" content=\"https:\/\/odysseus-contests.eu\/2016\/pt-pt\/biblioteca\/sistema-solar-e-ciencia-espacial\/\" \/>\n<meta property=\"og:site_name\" content=\"ODYSSEUS II\" \/>\n<meta property=\"article:modified_time\" content=\"2016-06-16T12:49:12+00:00\" \/>\n<meta property=\"og:image\" content=\"http:\/\/odysseus-contests.eu\/2016\/wp-content\/uploads\/2015\/06\/content-resources-library-solar.jpg\" \/>\n<meta name=\"twitter:card\" content=\"summary_large_image\" \/>\n<meta name=\"twitter:label1\" content=\"Tempo estimado de leitura\" \/>\n\t<meta name=\"twitter:data1\" content=\"3 minutos\" \/>\n<script type=\"application\/ld+json\" class=\"yoast-schema-graph\">{\"@context\":\"https:\/\/schema.org\",\"@graph\":[{\"@type\":\"WebPage\",\"@id\":\"https:\/\/odysseus-contests.eu\/2016\/pt-pt\/biblioteca\/sistema-solar-e-ciencia-espacial\/\",\"url\":\"https:\/\/odysseus-contests.eu\/2016\/pt-pt\/biblioteca\/sistema-solar-e-ciencia-espacial\/\",\"name\":\"Sistema Solar e Ci\u00eancia Espacial - ODYSSEUS II\",\"isPartOf\":{\"@id\":\"https:\/\/odysseus-contests.eu\/2016\/de\/#website\"},\"datePublished\":\"2015-07-04T13:22:08+00:00\",\"dateModified\":\"2016-06-16T12:49:12+00:00\",\"breadcrumb\":{\"@id\":\"https:\/\/odysseus-contests.eu\/2016\/pt-pt\/biblioteca\/sistema-solar-e-ciencia-espacial\/#breadcrumb\"},\"inLanguage\":\"pt-PT\",\"potentialAction\":[{\"@type\":\"ReadAction\",\"target\":[\"https:\/\/odysseus-contests.eu\/2016\/pt-pt\/biblioteca\/sistema-solar-e-ciencia-espacial\/\"]}]},{\"@type\":\"BreadcrumbList\",\"@id\":\"https:\/\/odysseus-contests.eu\/2016\/pt-pt\/biblioteca\/sistema-solar-e-ciencia-espacial\/#breadcrumb\",\"itemListElement\":[{\"@type\":\"ListItem\",\"position\":1,\"name\":\"Home\",\"item\":\"https:\/\/odysseus-contests.eu\/2016\/pt-pt\/\"},{\"@type\":\"ListItem\",\"position\":2,\"name\":\"Biblioteca\",\"item\":\"https:\/\/odysseus-contests.eu\/2016\/pt-pt\/biblioteca\/\"},{\"@type\":\"ListItem\",\"position\":3,\"name\":\"Sistema Solar e Ci\u00eancia Espacial\"}]},{\"@type\":\"WebSite\",\"@id\":\"https:\/\/odysseus-contests.eu\/2016\/de\/#website\",\"url\":\"https:\/\/odysseus-contests.eu\/2016\/de\/\",\"name\":\"ODYSSEUS II\",\"description\":\"European Youth Space Contest\",\"potentialAction\":[{\"@type\":\"SearchAction\",\"target\":{\"@type\":\"EntryPoint\",\"urlTemplate\":\"https:\/\/odysseus-contests.eu\/2016\/de\/?s={search_term_string}\"},\"query-input\":\"required name=search_term_string\"}],\"inLanguage\":\"pt-PT\"}]}<\/script>\n<!-- \/ Yoast SEO plugin. -->","yoast_head_json":{"title":"Sistema Solar e Ci\u00eancia Espacial - ODYSSEUS II","robots":{"index":"index","follow":"follow","max-snippet":"max-snippet:-1","max-image-preview":"max-image-preview:large","max-video-preview":"max-video-preview:-1"},"canonical":"https:\/\/odysseus-contests.eu\/2016\/pt-pt\/biblioteca\/sistema-solar-e-ciencia-espacial\/","og_locale":"pt_PT","og_type":"article","og_title":"Sistema Solar e Ci\u00eancia Espacial - ODYSSEUS II","og_description":"&nbsp; &nbsp; &nbsp; &nbsp; &nbsp; &nbsp; &nbsp; &nbsp; &nbsp; &nbsp; Explora\u00e7\u00e3o dos planetas rochosos &#8211; o que podemos aprender para a Terra Explora\u00e7\u00e3o de Marte: Terraforma\u00e7\u00e3o de Marte (Wikipedia): https:\/\/pt.wikipedia.org\/wiki\/Terraforma%C3%A7%C3%A3o_de_Marte Marte (CCVAlg): http:\/\/www.ccvalg.pt\/astronomia\/sistema_solar\/marte.htm Wikipedia-Marte (Wikipedia): https:\/\/pt.wikipedia.org\/wiki\/Marte_%28planeta%29 Explora\u00e7\u00e3o de Marte (PUCRS): https:\/\/www.youtube.com\/watch?v=w5AXZ98LWJI Curiosity &#8211; A procura de vida em Marte (NASA): https:\/\/www.youtube.com\/watch?v=7J3Q1iiitkA Funda\u00e7\u00e3o financia miss\u00e3o tripulada [&hellip;]","og_url":"https:\/\/odysseus-contests.eu\/2016\/pt-pt\/biblioteca\/sistema-solar-e-ciencia-espacial\/","og_site_name":"ODYSSEUS II","article_modified_time":"2016-06-16T12:49:12+00:00","og_image":[{"url":"http:\/\/odysseus-contests.eu\/2016\/wp-content\/uploads\/2015\/06\/content-resources-library-solar.jpg"}],"twitter_card":"summary_large_image","twitter_misc":{"Tempo estimado de leitura":"3 minutos"},"schema":{"@context":"https:\/\/schema.org","@graph":[{"@type":"WebPage","@id":"https:\/\/odysseus-contests.eu\/2016\/pt-pt\/biblioteca\/sistema-solar-e-ciencia-espacial\/","url":"https:\/\/odysseus-contests.eu\/2016\/pt-pt\/biblioteca\/sistema-solar-e-ciencia-espacial\/","name":"Sistema Solar e Ci\u00eancia Espacial - ODYSSEUS II","isPartOf":{"@id":"https:\/\/odysseus-contests.eu\/2016\/de\/#website"},"datePublished":"2015-07-04T13:22:08+00:00","dateModified":"2016-06-16T12:49:12+00:00","breadcrumb":{"@id":"https:\/\/odysseus-contests.eu\/2016\/pt-pt\/biblioteca\/sistema-solar-e-ciencia-espacial\/#breadcrumb"},"inLanguage":"pt-PT","potentialAction":[{"@type":"ReadAction","target":["https:\/\/odysseus-contests.eu\/2016\/pt-pt\/biblioteca\/sistema-solar-e-ciencia-espacial\/"]}]},{"@type":"BreadcrumbList","@id":"https:\/\/odysseus-contests.eu\/2016\/pt-pt\/biblioteca\/sistema-solar-e-ciencia-espacial\/#breadcrumb","itemListElement":[{"@type":"ListItem","position":1,"name":"Home","item":"https:\/\/odysseus-contests.eu\/2016\/pt-pt\/"},{"@type":"ListItem","position":2,"name":"Biblioteca","item":"https:\/\/odysseus-contests.eu\/2016\/pt-pt\/biblioteca\/"},{"@type":"ListItem","position":3,"name":"Sistema Solar e Ci\u00eancia Espacial"}]},{"@type":"WebSite","@id":"https:\/\/odysseus-contests.eu\/2016\/de\/#website","url":"https:\/\/odysseus-contests.eu\/2016\/de\/","name":"ODYSSEUS II","description":"European Youth Space Contest","potentialAction":[{"@type":"SearchAction","target":{"@type":"EntryPoint","urlTemplate":"https:\/\/odysseus-contests.eu\/2016\/de\/?s={search_term_string}"},"query-input":"required name=search_term_string"}],"inLanguage":"pt-PT"}]}},"_links":{"self":[{"href":"https:\/\/odysseus-contests.eu\/2016\/pt-pt\/wp-json\/wp\/v2\/pages\/1755"}],"collection":[{"href":"https:\/\/odysseus-contests.eu\/2016\/pt-pt\/wp-json\/wp\/v2\/pages"}],"about":[{"href":"https:\/\/odysseus-contests.eu\/2016\/pt-pt\/wp-json\/wp\/v2\/types\/page"}],"author":[{"embeddable":true,"href":"https:\/\/odysseus-contests.eu\/2016\/pt-pt\/wp-json\/wp\/v2\/users\/1"}],"replies":[{"embeddable":true,"href":"https:\/\/odysseus-contests.eu\/2016\/pt-pt\/wp-json\/wp\/v2\/comments?post=1755"}],"version-history":[{"count":1,"href":"https:\/\/odysseus-contests.eu\/2016\/pt-pt\/wp-json\/wp\/v2\/pages\/1755\/revisions"}],"predecessor-version":[{"id":11983,"href":"https:\/\/odysseus-contests.eu\/2016\/pt-pt\/wp-json\/wp\/v2\/pages\/1755\/revisions\/11983"}],"up":[{"embeddable":true,"href":"https:\/\/odysseus-contests.eu\/2016\/pt-pt\/wp-json\/wp\/v2\/pages\/1752"}],"wp:attachment":[{"href":"https:\/\/odysseus-contests.eu\/2016\/pt-pt\/wp-json\/wp\/v2\/media?parent=1755"}],"curies":[{"name":"wp","href":"https:\/\/api.w.org\/{rel}","templated":true}]}}