{"id":1736,"date":"2015-07-04T16:10:43","date_gmt":"2015-07-04T13:10:43","guid":{"rendered":"http:\/\/odysseus-contests.eu\/2016\/?page_id=1736"},"modified":"2015-07-04T16:10:43","modified_gmt":"2015-07-04T13:10:43","slug":"regulamento","status":"publish","type":"page","link":"https:\/\/odysseus-contests.eu\/2016\/pt-pt\/pioneers\/regulamento\/","title":{"rendered":"Regulamento"},"content":{"rendered":"<ul>\n<li>O concurso \u00e9 aberto a alunos desde os catorze (14) aos dezoito (18) anos de idade. Isto significa que s\u00e3o alunos nascidos a ou entre 1 de Abril de\u00a0 1997 e 31 de Mar\u00e7o de 2002.<\/li>\n<li>Os \u2018Pioneers\u2019 trabalham em equipas de dois (2) a tr\u00eas (3) alunos, orientados por um professor orientador. Os alunos de uma equipa podem ser de escolas diferentes do mesmo pa\u00eds ou de diferentes turmas de uma escola, desde que seja assegurado o crit\u00e9rio de idade. Cada equipa poder\u00e1 tamb\u00e9m ter um <strong><a href=\"http:\/\/odysseus-contests.eu\/2016\/pt-pt\/rede-de-mentores\/\" target=\"_blank\">mentor<\/a><\/strong> para gui\u00e1-la t\u00e9cnica ou cientificamente.<\/li>\n<li>Cada equipa de Pioneers tem que ter um professor orientador para a dirigir a assegurar o registo e submiss\u00e3o do projeto, para al\u00e9m de orientar o trabalho durante o projeto e assegurar o eventual acompanhamento dos alunos \u00e0s meias-finais e finais.<\/li>\n<li>As equipas apenas podem submeter um projeto e cada concorrente apenas pode competir numa \u00fanica equipa.<\/li>\n<li>As equipas devem escolher um nome identificativo \u00fanico que demonstre os prop\u00f3sitos educacionais, cient\u00edficos ou sociais do concurso.<\/li>\n<li>Todos os concorrentes ou equipas devem submeter um projeto original de Ci\u00eancias Espaciais enquadrado nos temas e desafios especificados para a sua categoria et\u00e1ria.<\/li>\n<li>Os concorrentes da categoria Pioneers podem submeter a sua entrada digital entre 1 de Setembro de 2015 e 15 de Janeiro de 2016.<\/li>\n<li>Todas as entradas submetidas devem ser de trabalho pessoal dos concorrentes produzido exclusivamente para este concurso.<\/li>\n<li>Os projetos dos Pioneers ser\u00e3o avaliados em tr\u00eas fases:\n<ul>\n<li>Nacionalmente, por um painel de ju\u00edzes do seu pr\u00f3prio pa\u00eds, baseando-se nas submiss\u00f5es <em>online<\/em>. Este processo decorrer\u00e1 entre 16 de Janeiro de 2016 e 26 de Fevereiro de 2016. Os vencedores nacionais ser\u00e3o anunciados a 28 de Fevereiro de 2016. As submiss\u00f5es de pa\u00edses n\u00e3o pertencentes \u00e0 Uni\u00e3o Europeia ser\u00e3o entregues pelos organizadores a um painel de ju\u00edzes de acordo com a l\u00edngua selecionada pelos participantes.<\/li>\n<li>Regionalmente, por uma sele\u00e7\u00e3o de ju\u00edzes da ronda anterior, escolhida a partir de todos os pa\u00edses participantes na regi\u00e3o. A avalia\u00e7\u00e3o ter\u00e1 lugar nas meias-finais realizadas em cada regi\u00e3o que reunir\u00e3o todos os vencedores nacionais da respetiva regi\u00e3o. As equipas que participam nas meias-finais ter\u00e3o que apresentar ao vivo os seus trabalhos perante os ju\u00edzes. As meias finais regionais ter\u00e3o lugar entre 15 de Mar\u00e7o de 26 de Abril de 2016. As datas exatas por regi\u00e3o ser\u00e3o anunciadas no website do Odysseus II.<\/li>\n<li>Internacionalmente, por um painel de proeminentes investigadores espaciais, educadores e personalidades da Ci\u00eancia. Os vencedores das finais regionais encontrar-se-\u00e3o em Bruxelas ou Toulouse para apresentar os seus projetos aos ju\u00edzes. A final internacional ter\u00e1 lugar entre 4 e 7 de Julho de 2016.<\/li>\n<\/ul>\n<\/li>\n<li>Durante a avalia\u00e7\u00e3o a n\u00edvel nacional, o n\u00famero de equipas vencedoras que \u00e9 apurado para a meia-final regional ser\u00e1 determinado pela popula\u00e7\u00e3o relativa dos pa\u00edses e pelo n\u00famero de submiss\u00f5es de cada regi\u00e3o e em cada categoria tem\u00e1tica. Os organizadores do Concurso Odysseus \u0399\u0399 anunciar\u00e3o quantos vencedores avan\u00e7ar\u00e3o para as meias-finais atrav\u00e9s do <em>website<\/em> As dez equipas vencedoras a n\u00edvel regional avan\u00e7ar\u00e3o para a Final Internacional.<\/li>\n<li>Durante a sele\u00e7\u00e3o dos melhores projetos a n\u00edvel Europeu, os pr\u00e9mios s\u00e3o distribu\u00eddos sem olhar \u00e0 cidadania ou resid\u00eancia dos finalistas, i.e., n\u00e3o h\u00e1 quotas pr\u00e9-definidas tendo por base as propor\u00e7\u00f5es da popula\u00e7\u00e3o ou a participa\u00e7\u00e3o no concurso.<\/li>\n<li>Os ju\u00edzes dos projetos espaciais atribuir\u00e3o pontos aos seguintes crit\u00e9rios:\n<ul>\n<li>Excel\u00eancia acad\u00e9mica (rigor, dificuldade)<\/li>\n<li>Relev\u00e2ncia para o tema selecionado<\/li>\n<li>Capacidades de resolu\u00e7\u00e3o de problemas evidenciadas pelos alunos<\/li>\n<li>Originalidade<\/li>\n<li>Relev\u00e2ncia social<\/li>\n<li>Apresenta\u00e7\u00e3o<\/li>\n<li>M\u00e9rito t\u00e9cnico e capacidades pr\u00e1ticas<\/li>\n<li>Sustentabilidade e consci\u00eancia ambiental<\/li>\n<\/ul>\n<\/li>\n<li>Cada equipa receber\u00e1 um resumo da avalia\u00e7\u00e3o do seu projeto feita pelo j\u00fari na altura da avalia\u00e7\u00e3o. Pedidos posteriores para mais avalia\u00e7\u00f5es n\u00e3o poder\u00e3o ser aceites.<\/li>\n<li>Os ju\u00edzes tamb\u00e9m ir\u00e3o distribuir um n\u00famero especial de cita\u00e7\u00f5es \u00e0s equipas n\u00e3o vencedoras de cada fase, nomeadamente:\n<ul>\n<li>Gr\u00e1fico mais apelativo<\/li>\n<li>Problema mais original<\/li>\n<li>Apresenta\u00e7\u00e3o mais profissional<\/li>\n<li>Submiss\u00e3o mais art\u00edstica<\/li>\n<li>Melhor uso da m\u00fasica num projeto cient\u00edfico<\/li>\n<li>Aproxima\u00e7\u00e3o mais inovadora ao tema tratado<\/li>\n<li>Projeto de maior consci\u00eancia ambiental<\/li>\n<li>Solu\u00e7\u00e3o mais inovadora na aproxima\u00e7\u00e3o ao problema<\/li>\n<li>Melhor uso do conhecimento fundamental sobre o Espa\u00e7o<\/li>\n<\/ul>\n<\/li>\n<li>Cada equipa Pioneer ir\u00e1 receber um diploma para mostrar que participaram no concurso Odysseus II tal como os professores orientadores de todas as equipas.<\/li>\n<li>Todos os projetos vencedores ser\u00e3o totalmente inclu\u00eddos na \u00e1rea do Hall da Fama do <em>website <\/em>Odysseus II e os membros concorrentes da equipa ser\u00e3o galardoados com um medalh\u00e3o dos vencedores.<\/li>\n<li>A participa\u00e7\u00e3o no concurso \u00e9 gratuita e as despesas de viagem (bilhetes de avi\u00e3o e comboio, habita\u00e7\u00e3o, refei\u00e7\u00f5es e seguros) para a participa\u00e7\u00e3o nas finais regionais e Europeia ser\u00e3o cobertas pelos organizadores do Concurso Odysseus \u0399\u0399, dentro dos limites do razo\u00e1vel. As viagens pagas para as finais regionais e internacional destinam-se a um professor orientador e tr\u00eas concorrentes.<\/li>\n<li>Quer nas finais regionais quer na final internacional os finalistas participar\u00e3o em atividades baseadas no espa\u00e7o, eventos e visitas de estudo, organizadas e pagas pelos organizadores do Concurso Odysseus \u0399\u0399.<\/li>\n<li>\u00c9 da responsabilidade do professor orientador de cada equipa fornecer informa\u00e7\u00e3o completa e correta acerca de cada participante atrav\u00e9s do formul\u00e1rio de registo do website do Concurso Odysseus.<\/li>\n<li>Cada participante menor de dezoito (18) anos tem que fornecer uma autoriza\u00e7\u00e3o parental assinada para poder participar no concurso.<\/li>\n<li>Tem que ser apresentada uma autoriza\u00e7\u00e3o parental para viajar e para participar nas finais regional e Europeia por cada concorrente menor de dezoito (18) anos que participe nessas finais.<\/li>\n<li>\u00c9 da responsabilidade do professor orientador de cada equipa fornecer \u00e0 organiza\u00e7\u00e3o o formul\u00e1rio de consentimento parental assinado para todos os seus concorrentes.<\/li>\n<li>Cada professor orientador pode orientar at\u00e9 4 equipas no concurso.<\/li>\n<\/ul>\n<p>&nbsp;<\/p>\n","protected":false},"excerpt":{"rendered":"<p>O concurso \u00e9 aberto a alunos desde os catorze (14) aos dezoito (18) anos de idade. Isto significa que s\u00e3o alunos nascidos a ou entre 1 de Abril de\u00a0 1997 e 31 de Mar\u00e7o de 2002. Os \u2018Pioneers\u2019 trabalham em equipas de dois (2) a tr\u00eas (3) alunos, orientados por um professor orientador. Os alunos [&hellip;]<\/p>\n","protected":false},"author":1,"featured_media":0,"parent":1728,"menu_order":20,"comment_status":"closed","ping_status":"closed","template":"","meta":[],"acf":[],"yoast_head":"<!-- This site is optimized with the Yoast SEO plugin v19.14 - https:\/\/yoast.com\/wordpress\/plugins\/seo\/ -->\n<title>Regulamento - ODYSSEUS II<\/title>\n<meta name=\"robots\" content=\"index, follow, max-snippet:-1, max-image-preview:large, max-video-preview:-1\" \/>\n<link rel=\"canonical\" href=\"https:\/\/odysseus-contests.eu\/2016\/pt-pt\/pioneers\/regulamento\/\" \/>\n<meta property=\"og:locale\" content=\"pt_PT\" \/>\n<meta property=\"og:type\" content=\"article\" \/>\n<meta property=\"og:title\" content=\"Regulamento - ODYSSEUS II\" \/>\n<meta property=\"og:description\" content=\"O concurso \u00e9 aberto a alunos desde os catorze (14) aos dezoito (18) anos de idade. Isto significa que s\u00e3o alunos nascidos a ou entre 1 de Abril de\u00a0 1997 e 31 de Mar\u00e7o de 2002. Os \u2018Pioneers\u2019 trabalham em equipas de dois (2) a tr\u00eas (3) alunos, orientados por um professor orientador. Os alunos [&hellip;]\" \/>\n<meta property=\"og:url\" content=\"https:\/\/odysseus-contests.eu\/2016\/pt-pt\/pioneers\/regulamento\/\" \/>\n<meta property=\"og:site_name\" content=\"ODYSSEUS II\" \/>\n<meta name=\"twitter:card\" content=\"summary_large_image\" \/>\n<meta name=\"twitter:label1\" content=\"Tempo estimado de leitura\" \/>\n\t<meta name=\"twitter:data1\" content=\"5 minutos\" \/>\n<script type=\"application\/ld+json\" class=\"yoast-schema-graph\">{\"@context\":\"https:\/\/schema.org\",\"@graph\":[{\"@type\":\"WebPage\",\"@id\":\"https:\/\/odysseus-contests.eu\/2016\/pt-pt\/pioneers\/regulamento\/\",\"url\":\"https:\/\/odysseus-contests.eu\/2016\/pt-pt\/pioneers\/regulamento\/\",\"name\":\"Regulamento - ODYSSEUS II\",\"isPartOf\":{\"@id\":\"https:\/\/odysseus-contests.eu\/2016\/de\/#website\"},\"datePublished\":\"2015-07-04T13:10:43+00:00\",\"dateModified\":\"2015-07-04T13:10:43+00:00\",\"breadcrumb\":{\"@id\":\"https:\/\/odysseus-contests.eu\/2016\/pt-pt\/pioneers\/regulamento\/#breadcrumb\"},\"inLanguage\":\"pt-PT\",\"potentialAction\":[{\"@type\":\"ReadAction\",\"target\":[\"https:\/\/odysseus-contests.eu\/2016\/pt-pt\/pioneers\/regulamento\/\"]}]},{\"@type\":\"BreadcrumbList\",\"@id\":\"https:\/\/odysseus-contests.eu\/2016\/pt-pt\/pioneers\/regulamento\/#breadcrumb\",\"itemListElement\":[{\"@type\":\"ListItem\",\"position\":1,\"name\":\"Home\",\"item\":\"https:\/\/odysseus-contests.eu\/2016\/pt-pt\/\"},{\"@type\":\"ListItem\",\"position\":2,\"name\":\"Pioneers\",\"item\":\"https:\/\/odysseus-contests.eu\/2016\/pt-pt\/pioneers\/\"},{\"@type\":\"ListItem\",\"position\":3,\"name\":\"Regulamento\"}]},{\"@type\":\"WebSite\",\"@id\":\"https:\/\/odysseus-contests.eu\/2016\/de\/#website\",\"url\":\"https:\/\/odysseus-contests.eu\/2016\/de\/\",\"name\":\"ODYSSEUS II\",\"description\":\"European Youth Space Contest\",\"potentialAction\":[{\"@type\":\"SearchAction\",\"target\":{\"@type\":\"EntryPoint\",\"urlTemplate\":\"https:\/\/odysseus-contests.eu\/2016\/de\/?s={search_term_string}\"},\"query-input\":\"required name=search_term_string\"}],\"inLanguage\":\"pt-PT\"}]}<\/script>\n<!-- \/ Yoast SEO plugin. -->","yoast_head_json":{"title":"Regulamento - ODYSSEUS II","robots":{"index":"index","follow":"follow","max-snippet":"max-snippet:-1","max-image-preview":"max-image-preview:large","max-video-preview":"max-video-preview:-1"},"canonical":"https:\/\/odysseus-contests.eu\/2016\/pt-pt\/pioneers\/regulamento\/","og_locale":"pt_PT","og_type":"article","og_title":"Regulamento - ODYSSEUS II","og_description":"O concurso \u00e9 aberto a alunos desde os catorze (14) aos dezoito (18) anos de idade. Isto significa que s\u00e3o alunos nascidos a ou entre 1 de Abril de\u00a0 1997 e 31 de Mar\u00e7o de 2002. Os \u2018Pioneers\u2019 trabalham em equipas de dois (2) a tr\u00eas (3) alunos, orientados por um professor orientador. Os alunos [&hellip;]","og_url":"https:\/\/odysseus-contests.eu\/2016\/pt-pt\/pioneers\/regulamento\/","og_site_name":"ODYSSEUS II","twitter_card":"summary_large_image","twitter_misc":{"Tempo estimado de leitura":"5 minutos"},"schema":{"@context":"https:\/\/schema.org","@graph":[{"@type":"WebPage","@id":"https:\/\/odysseus-contests.eu\/2016\/pt-pt\/pioneers\/regulamento\/","url":"https:\/\/odysseus-contests.eu\/2016\/pt-pt\/pioneers\/regulamento\/","name":"Regulamento - ODYSSEUS II","isPartOf":{"@id":"https:\/\/odysseus-contests.eu\/2016\/de\/#website"},"datePublished":"2015-07-04T13:10:43+00:00","dateModified":"2015-07-04T13:10:43+00:00","breadcrumb":{"@id":"https:\/\/odysseus-contests.eu\/2016\/pt-pt\/pioneers\/regulamento\/#breadcrumb"},"inLanguage":"pt-PT","potentialAction":[{"@type":"ReadAction","target":["https:\/\/odysseus-contests.eu\/2016\/pt-pt\/pioneers\/regulamento\/"]}]},{"@type":"BreadcrumbList","@id":"https:\/\/odysseus-contests.eu\/2016\/pt-pt\/pioneers\/regulamento\/#breadcrumb","itemListElement":[{"@type":"ListItem","position":1,"name":"Home","item":"https:\/\/odysseus-contests.eu\/2016\/pt-pt\/"},{"@type":"ListItem","position":2,"name":"Pioneers","item":"https:\/\/odysseus-contests.eu\/2016\/pt-pt\/pioneers\/"},{"@type":"ListItem","position":3,"name":"Regulamento"}]},{"@type":"WebSite","@id":"https:\/\/odysseus-contests.eu\/2016\/de\/#website","url":"https:\/\/odysseus-contests.eu\/2016\/de\/","name":"ODYSSEUS II","description":"European Youth Space Contest","potentialAction":[{"@type":"SearchAction","target":{"@type":"EntryPoint","urlTemplate":"https:\/\/odysseus-contests.eu\/2016\/de\/?s={search_term_string}"},"query-input":"required name=search_term_string"}],"inLanguage":"pt-PT"}]}},"_links":{"self":[{"href":"https:\/\/odysseus-contests.eu\/2016\/pt-pt\/wp-json\/wp\/v2\/pages\/1736"}],"collection":[{"href":"https:\/\/odysseus-contests.eu\/2016\/pt-pt\/wp-json\/wp\/v2\/pages"}],"about":[{"href":"https:\/\/odysseus-contests.eu\/2016\/pt-pt\/wp-json\/wp\/v2\/types\/page"}],"author":[{"embeddable":true,"href":"https:\/\/odysseus-contests.eu\/2016\/pt-pt\/wp-json\/wp\/v2\/users\/1"}],"replies":[{"embeddable":true,"href":"https:\/\/odysseus-contests.eu\/2016\/pt-pt\/wp-json\/wp\/v2\/comments?post=1736"}],"version-history":[{"count":0,"href":"https:\/\/odysseus-contests.eu\/2016\/pt-pt\/wp-json\/wp\/v2\/pages\/1736\/revisions"}],"up":[{"embeddable":true,"href":"https:\/\/odysseus-contests.eu\/2016\/pt-pt\/wp-json\/wp\/v2\/pages\/1728"}],"wp:attachment":[{"href":"https:\/\/odysseus-contests.eu\/2016\/pt-pt\/wp-json\/wp\/v2\/media?parent=1736"}],"curies":[{"name":"wp","href":"https:\/\/api.w.org\/{rel}","templated":true}]}}