{"id":1729,"date":"2015-07-04T16:18:43","date_gmt":"2015-07-04T13:18:43","guid":{"rendered":"http:\/\/odysseus-contests.eu\/2016\/?page_id=1729"},"modified":"2015-07-08T22:14:44","modified_gmt":"2015-07-08T19:14:44","slug":"premios","status":"publish","type":"page","link":"https:\/\/odysseus-contests.eu\/2016\/pt-pt\/pioneers\/premios\/","title":{"rendered":"Pr\u00e9mios"},"content":{"rendered":"<p><img decoding=\"async\" loading=\"lazy\" class=\"img-responsive alignleft wp-image-342 size-full\" src=\"http:\/\/odysseus-contests.eu\/2016\/wp-content\/uploads\/2015\/05\/content-prizes-pioneers.jpg\" alt=\"content-prizes-pioneers\" width=\"700\" height=\"400\" srcset=\"https:\/\/odysseus-contests.eu\/2016\/wp-content\/uploads\/2015\/05\/content-prizes-pioneers.jpg 700w, https:\/\/odysseus-contests.eu\/2016\/wp-content\/uploads\/2015\/05\/content-prizes-pioneers-300x171.jpg 300w\" sizes=\"(max-width: 700px) 100vw, 700px\" \/><\/p>\n<p><strong><em>Fase Nacional<\/em><\/strong><\/p>\n<p>Cada equipa de concorrentes, receber\u00e1 um diploma para mostrar que participaram no concurso Odysseus \u0399\u0399.<\/p>\n<p>As equipas vencedoras a n\u00edvel nacional receber\u00e3o medalh\u00e3o de vencedores e um set memorabilia do concurso Odysseus II e os seus projetos ser\u00e3o dispostos na \u00edntegra na \u00e1rea do Hall da Fama do website Odysseus II. Essas equipas seguir\u00e3o para as meias-finais Regionais e participar\u00e3o em diversas atividades baseadas no espa\u00e7o, em eventos e visitas de estudo que ser\u00e3o organizadas num dos seguintes pa\u00edses: \u00c1ustria, B\u00e9lgica, Rep\u00fablica Checa, Dinamarca, Fran\u00e7a, Gr\u00e9cia, It\u00e1lia, Pol\u00f3nia, Espanha e Reino Unido. <strong>\u00a0<\/strong><\/p>\n<p><strong><em>Fase Regional<\/em><\/strong><\/p>\n<p>Cada concorrente que contribuiu para os projetos vencedores em cada final de regional, receber\u00e1 como pr\u00e9mio um telesc\u00f3pio computorizado de alta qualidade (Celestron Nexstar ou um tipo similar). As equipas vencedoras de cada meia-final regional v\u00e3o ser apuradas para a final internacional, onde ir\u00e3o participar numa viagem a Bruxelas ou Toulouse.<\/p>\n<p><strong><em>Fase Final<\/em><\/strong><\/p>\n<p>Os concorrentes que contribu\u00edrem para o projeto vencedor da final internacional ir\u00e3o ganhar uma viagem para o Centro Espacial da Guiana, onde v\u00e3o participar em atividades espaciais relacionadas e visitas guiadas e receber\u00e3o um diploma de Embaixador Espacial da Juventude Europeia (\u2018European Youth Space Ambassador\u2019), que ser\u00e1 entregue na final.<\/p>\n<p>Os pr\u00e9mios n\u00e3o podem ser substitu\u00eddos por um equivalente financeiro.<\/p>\n","protected":false},"excerpt":{"rendered":"<p>Fase Nacional Cada equipa de concorrentes, receber\u00e1 um diploma para mostrar que participaram no concurso Odysseus \u0399\u0399. As equipas vencedoras a n\u00edvel nacional receber\u00e3o medalh\u00e3o de vencedores e um set memorabilia do concurso Odysseus II e os seus projetos ser\u00e3o dispostos na \u00edntegra na \u00e1rea do Hall da Fama do website Odysseus II. Essas equipas [&hellip;]<\/p>\n","protected":false},"author":1,"featured_media":0,"parent":1728,"menu_order":0,"comment_status":"closed","ping_status":"closed","template":"","meta":[],"acf":[],"yoast_head":"<!-- This site is optimized with the Yoast SEO plugin v19.14 - https:\/\/yoast.com\/wordpress\/plugins\/seo\/ -->\n<title>Pr\u00e9mios - ODYSSEUS II<\/title>\n<meta name=\"robots\" content=\"index, follow, max-snippet:-1, max-image-preview:large, max-video-preview:-1\" \/>\n<link rel=\"canonical\" href=\"https:\/\/odysseus-contests.eu\/2016\/pt-pt\/pioneers\/premios\/\" \/>\n<meta property=\"og:locale\" content=\"pt_PT\" \/>\n<meta property=\"og:type\" content=\"article\" \/>\n<meta property=\"og:title\" content=\"Pr\u00e9mios - ODYSSEUS II\" \/>\n<meta property=\"og:description\" content=\"Fase Nacional Cada equipa de concorrentes, receber\u00e1 um diploma para mostrar que participaram no concurso Odysseus \u0399\u0399. As equipas vencedoras a n\u00edvel nacional receber\u00e3o medalh\u00e3o de vencedores e um set memorabilia do concurso Odysseus II e os seus projetos ser\u00e3o dispostos na \u00edntegra na \u00e1rea do Hall da Fama do website Odysseus II. Essas equipas [&hellip;]\" \/>\n<meta property=\"og:url\" content=\"https:\/\/odysseus-contests.eu\/2016\/pt-pt\/pioneers\/premios\/\" \/>\n<meta property=\"og:site_name\" content=\"ODYSSEUS II\" \/>\n<meta property=\"article:modified_time\" content=\"2015-07-08T19:14:44+00:00\" \/>\n<meta property=\"og:image\" content=\"http:\/\/odysseus-contests.eu\/2016\/wp-content\/uploads\/2015\/05\/content-prizes-pioneers.jpg\" \/>\n<meta name=\"twitter:card\" content=\"summary_large_image\" \/>\n<meta name=\"twitter:label1\" content=\"Tempo estimado de leitura\" \/>\n\t<meta name=\"twitter:data1\" content=\"1 minuto\" \/>\n<script type=\"application\/ld+json\" class=\"yoast-schema-graph\">{\"@context\":\"https:\/\/schema.org\",\"@graph\":[{\"@type\":\"WebPage\",\"@id\":\"https:\/\/odysseus-contests.eu\/2016\/pt-pt\/pioneers\/premios\/\",\"url\":\"https:\/\/odysseus-contests.eu\/2016\/pt-pt\/pioneers\/premios\/\",\"name\":\"Pr\u00e9mios - ODYSSEUS II\",\"isPartOf\":{\"@id\":\"https:\/\/odysseus-contests.eu\/2016\/de\/#website\"},\"datePublished\":\"2015-07-04T13:18:43+00:00\",\"dateModified\":\"2015-07-08T19:14:44+00:00\",\"breadcrumb\":{\"@id\":\"https:\/\/odysseus-contests.eu\/2016\/pt-pt\/pioneers\/premios\/#breadcrumb\"},\"inLanguage\":\"pt-PT\",\"potentialAction\":[{\"@type\":\"ReadAction\",\"target\":[\"https:\/\/odysseus-contests.eu\/2016\/pt-pt\/pioneers\/premios\/\"]}]},{\"@type\":\"BreadcrumbList\",\"@id\":\"https:\/\/odysseus-contests.eu\/2016\/pt-pt\/pioneers\/premios\/#breadcrumb\",\"itemListElement\":[{\"@type\":\"ListItem\",\"position\":1,\"name\":\"Home\",\"item\":\"https:\/\/odysseus-contests.eu\/2016\/pt-pt\/\"},{\"@type\":\"ListItem\",\"position\":2,\"name\":\"Pioneers\",\"item\":\"https:\/\/odysseus-contests.eu\/2016\/pt-pt\/pioneers\/\"},{\"@type\":\"ListItem\",\"position\":3,\"name\":\"Pr\u00e9mios\"}]},{\"@type\":\"WebSite\",\"@id\":\"https:\/\/odysseus-contests.eu\/2016\/de\/#website\",\"url\":\"https:\/\/odysseus-contests.eu\/2016\/de\/\",\"name\":\"ODYSSEUS II\",\"description\":\"European Youth Space Contest\",\"potentialAction\":[{\"@type\":\"SearchAction\",\"target\":{\"@type\":\"EntryPoint\",\"urlTemplate\":\"https:\/\/odysseus-contests.eu\/2016\/de\/?s={search_term_string}\"},\"query-input\":\"required name=search_term_string\"}],\"inLanguage\":\"pt-PT\"}]}<\/script>\n<!-- \/ Yoast SEO plugin. -->","yoast_head_json":{"title":"Pr\u00e9mios - ODYSSEUS II","robots":{"index":"index","follow":"follow","max-snippet":"max-snippet:-1","max-image-preview":"max-image-preview:large","max-video-preview":"max-video-preview:-1"},"canonical":"https:\/\/odysseus-contests.eu\/2016\/pt-pt\/pioneers\/premios\/","og_locale":"pt_PT","og_type":"article","og_title":"Pr\u00e9mios - ODYSSEUS II","og_description":"Fase Nacional Cada equipa de concorrentes, receber\u00e1 um diploma para mostrar que participaram no concurso Odysseus \u0399\u0399. As equipas vencedoras a n\u00edvel nacional receber\u00e3o medalh\u00e3o de vencedores e um set memorabilia do concurso Odysseus II e os seus projetos ser\u00e3o dispostos na \u00edntegra na \u00e1rea do Hall da Fama do website Odysseus II. Essas equipas [&hellip;]","og_url":"https:\/\/odysseus-contests.eu\/2016\/pt-pt\/pioneers\/premios\/","og_site_name":"ODYSSEUS II","article_modified_time":"2015-07-08T19:14:44+00:00","og_image":[{"url":"http:\/\/odysseus-contests.eu\/2016\/wp-content\/uploads\/2015\/05\/content-prizes-pioneers.jpg"}],"twitter_card":"summary_large_image","twitter_misc":{"Tempo estimado de leitura":"1 minuto"},"schema":{"@context":"https:\/\/schema.org","@graph":[{"@type":"WebPage","@id":"https:\/\/odysseus-contests.eu\/2016\/pt-pt\/pioneers\/premios\/","url":"https:\/\/odysseus-contests.eu\/2016\/pt-pt\/pioneers\/premios\/","name":"Pr\u00e9mios - ODYSSEUS II","isPartOf":{"@id":"https:\/\/odysseus-contests.eu\/2016\/de\/#website"},"datePublished":"2015-07-04T13:18:43+00:00","dateModified":"2015-07-08T19:14:44+00:00","breadcrumb":{"@id":"https:\/\/odysseus-contests.eu\/2016\/pt-pt\/pioneers\/premios\/#breadcrumb"},"inLanguage":"pt-PT","potentialAction":[{"@type":"ReadAction","target":["https:\/\/odysseus-contests.eu\/2016\/pt-pt\/pioneers\/premios\/"]}]},{"@type":"BreadcrumbList","@id":"https:\/\/odysseus-contests.eu\/2016\/pt-pt\/pioneers\/premios\/#breadcrumb","itemListElement":[{"@type":"ListItem","position":1,"name":"Home","item":"https:\/\/odysseus-contests.eu\/2016\/pt-pt\/"},{"@type":"ListItem","position":2,"name":"Pioneers","item":"https:\/\/odysseus-contests.eu\/2016\/pt-pt\/pioneers\/"},{"@type":"ListItem","position":3,"name":"Pr\u00e9mios"}]},{"@type":"WebSite","@id":"https:\/\/odysseus-contests.eu\/2016\/de\/#website","url":"https:\/\/odysseus-contests.eu\/2016\/de\/","name":"ODYSSEUS II","description":"European Youth Space Contest","potentialAction":[{"@type":"SearchAction","target":{"@type":"EntryPoint","urlTemplate":"https:\/\/odysseus-contests.eu\/2016\/de\/?s={search_term_string}"},"query-input":"required name=search_term_string"}],"inLanguage":"pt-PT"}]}},"_links":{"self":[{"href":"https:\/\/odysseus-contests.eu\/2016\/pt-pt\/wp-json\/wp\/v2\/pages\/1729"}],"collection":[{"href":"https:\/\/odysseus-contests.eu\/2016\/pt-pt\/wp-json\/wp\/v2\/pages"}],"about":[{"href":"https:\/\/odysseus-contests.eu\/2016\/pt-pt\/wp-json\/wp\/v2\/types\/page"}],"author":[{"embeddable":true,"href":"https:\/\/odysseus-contests.eu\/2016\/pt-pt\/wp-json\/wp\/v2\/users\/1"}],"replies":[{"embeddable":true,"href":"https:\/\/odysseus-contests.eu\/2016\/pt-pt\/wp-json\/wp\/v2\/comments?post=1729"}],"version-history":[{"count":0,"href":"https:\/\/odysseus-contests.eu\/2016\/pt-pt\/wp-json\/wp\/v2\/pages\/1729\/revisions"}],"up":[{"embeddable":true,"href":"https:\/\/odysseus-contests.eu\/2016\/pt-pt\/wp-json\/wp\/v2\/pages\/1728"}],"wp:attachment":[{"href":"https:\/\/odysseus-contests.eu\/2016\/pt-pt\/wp-json\/wp\/v2\/media?parent=1729"}],"curies":[{"name":"wp","href":"https:\/\/api.w.org\/{rel}","templated":true}]}}