{"id":1708,"date":"2015-07-04T15:39:22","date_gmt":"2015-07-04T12:39:22","guid":{"rendered":"http:\/\/odysseus-contests.eu\/2016\/?page_id=1708"},"modified":"2015-07-27T21:26:00","modified_gmt":"2015-07-27T18:26:00","slug":"rede-de-mentores","status":"publish","type":"page","link":"https:\/\/odysseus-contests.eu\/2016\/pt-pt\/recursos\/rede-de-mentores\/","title":{"rendered":"Rede de Mentores"},"content":{"rendered":"<p><strong>Como funciona<\/strong><\/p>\n<p>A fim de proporcionar o melhor apoio e orienta\u00e7\u00e3o poss\u00edvel aos concorrentes das categorias Pioneers e Explorers, os organizadores do Concurso Odysseus II ir\u00e3o criar e mobilizar uma rede de mentores volunt\u00e1rios. Os concorrentes poder\u00e3o pedir apoio de mentores desta rede, mas se qualquer um dos participantes desejar trabalhar com um mentor que n\u00e3o esteja na lista, tamb\u00e9m est\u00e1 autorizado a encontrar o seu pr\u00f3prio mentor fora da rede fornecida pelos organizadores. Os mentores podem atuar como consultores para tantas submiss\u00f5es quantas as que sejam convidados a apoiar.<\/p>\n<p><strong>O que pode oferecer um mentor? <\/strong><\/p>\n<p>Os mentores devem dar apoio aos participantes, dando conselhos t\u00e9cnicos e cient\u00edficos. Os mentores podem definir o enquadramento necess\u00e1rio para um projeto adequado ou um problema para os concorrentes investigarem. N\u00e3o devem criar qualquer parte do conte\u00fado do projeto que \u00e9 enviado para o concurso para a avalia\u00e7\u00e3o.<\/p>\n<p><strong>Quem s\u00e3o os mentores? <\/strong><\/p>\n<p>Os mentores s\u00e3o pessoas com e conhecimentos especiais de ci\u00eancia e conhecimento relacionados com o espa\u00e7o (por exemplo, professores, investigadores, t\u00e9cnicos) e, geralmente, trabalham, ou trabalharam na ind\u00fastria espacial,\u00a0 como pesquisadores, professores ou divulgadores\u00a0 de ci\u00eancia. Os mentores inclu\u00eddos na rede ser\u00e3o profissionais validados pelos organizadores do concurso Odysseus II.<\/p>\n<p><strong>Como contactar um mentor?<\/strong><\/p>\n<p>Abaixo poder\u00e1s encontrar um mapa com informa\u00e7\u00f5es sobre a localiza\u00e7\u00e3o dos mentores. Quando clicares num pino, os seus nomes e detalhes de contato ir\u00e3o aparecer. Podes entrar em contato com um mentor, enviando um e-mail para o endere\u00e7o de e-mail fornecido.<\/p>\n<p><strong>Registo Volunt\u00e1rio de Mentores <\/strong><\/p>\n<p>Se tem interesse em se registar como mentor volunt\u00e1rio, por favor clique na caixa de <a href=\"http:\/\/odysseus-contests.eu\/2016\/mentors-registration\/\" target=\"_blank\">registo<\/a> e siga as instru\u00e7\u00f5es. Temos o prazer de receb\u00ea-lo para o concurso Odysseus II!<\/p>\n","protected":false},"excerpt":{"rendered":"<p>Como funciona A fim de proporcionar o melhor apoio e orienta\u00e7\u00e3o poss\u00edvel aos concorrentes das categorias Pioneers e Explorers, os organizadores do Concurso Odysseus II ir\u00e3o criar e mobilizar uma rede de mentores volunt\u00e1rios. Os concorrentes poder\u00e3o pedir apoio de mentores desta rede, mas se qualquer um dos participantes desejar trabalhar com um mentor que [&hellip;]<\/p>\n","protected":false},"author":1,"featured_media":0,"parent":1790,"menu_order":0,"comment_status":"closed","ping_status":"closed","template":"template_mentors.php","meta":[],"acf":[],"yoast_head":"<!-- This site is optimized with the Yoast SEO plugin v19.14 - https:\/\/yoast.com\/wordpress\/plugins\/seo\/ -->\n<title>Rede de Mentores - ODYSSEUS II<\/title>\n<meta name=\"robots\" content=\"index, follow, max-snippet:-1, max-image-preview:large, max-video-preview:-1\" \/>\n<link rel=\"canonical\" href=\"https:\/\/odysseus-contests.eu\/2016\/pt-pt\/recursos\/rede-de-mentores\/\" \/>\n<meta property=\"og:locale\" content=\"pt_PT\" \/>\n<meta property=\"og:type\" content=\"article\" \/>\n<meta property=\"og:title\" content=\"Rede de Mentores - ODYSSEUS II\" \/>\n<meta property=\"og:description\" content=\"Como funciona A fim de proporcionar o melhor apoio e orienta\u00e7\u00e3o poss\u00edvel aos concorrentes das categorias Pioneers e Explorers, os organizadores do Concurso Odysseus II ir\u00e3o criar e mobilizar uma rede de mentores volunt\u00e1rios. Os concorrentes poder\u00e3o pedir apoio de mentores desta rede, mas se qualquer um dos participantes desejar trabalhar com um mentor que [&hellip;]\" \/>\n<meta property=\"og:url\" content=\"https:\/\/odysseus-contests.eu\/2016\/pt-pt\/recursos\/rede-de-mentores\/\" \/>\n<meta property=\"og:site_name\" content=\"ODYSSEUS II\" \/>\n<meta property=\"article:modified_time\" content=\"2015-07-27T18:26:00+00:00\" \/>\n<meta name=\"twitter:card\" content=\"summary_large_image\" \/>\n<meta name=\"twitter:label1\" content=\"Tempo estimado de leitura\" \/>\n\t<meta name=\"twitter:data1\" content=\"2 minutos\" \/>\n<script type=\"application\/ld+json\" class=\"yoast-schema-graph\">{\"@context\":\"https:\/\/schema.org\",\"@graph\":[{\"@type\":\"WebPage\",\"@id\":\"https:\/\/odysseus-contests.eu\/2016\/pt-pt\/recursos\/rede-de-mentores\/\",\"url\":\"https:\/\/odysseus-contests.eu\/2016\/pt-pt\/recursos\/rede-de-mentores\/\",\"name\":\"Rede de Mentores - ODYSSEUS II\",\"isPartOf\":{\"@id\":\"https:\/\/odysseus-contests.eu\/2016\/de\/#website\"},\"datePublished\":\"2015-07-04T12:39:22+00:00\",\"dateModified\":\"2015-07-27T18:26:00+00:00\",\"breadcrumb\":{\"@id\":\"https:\/\/odysseus-contests.eu\/2016\/pt-pt\/recursos\/rede-de-mentores\/#breadcrumb\"},\"inLanguage\":\"pt-PT\",\"potentialAction\":[{\"@type\":\"ReadAction\",\"target\":[\"https:\/\/odysseus-contests.eu\/2016\/pt-pt\/recursos\/rede-de-mentores\/\"]}]},{\"@type\":\"BreadcrumbList\",\"@id\":\"https:\/\/odysseus-contests.eu\/2016\/pt-pt\/recursos\/rede-de-mentores\/#breadcrumb\",\"itemListElement\":[{\"@type\":\"ListItem\",\"position\":1,\"name\":\"Home\",\"item\":\"https:\/\/odysseus-contests.eu\/2016\/pt-pt\/\"},{\"@type\":\"ListItem\",\"position\":2,\"name\":\"Recursos\",\"item\":\"https:\/\/odysseus-contests.eu\/2016\/pt-pt\/recursos\/\"},{\"@type\":\"ListItem\",\"position\":3,\"name\":\"Rede de Mentores\"}]},{\"@type\":\"WebSite\",\"@id\":\"https:\/\/odysseus-contests.eu\/2016\/de\/#website\",\"url\":\"https:\/\/odysseus-contests.eu\/2016\/de\/\",\"name\":\"ODYSSEUS II\",\"description\":\"European Youth Space Contest\",\"potentialAction\":[{\"@type\":\"SearchAction\",\"target\":{\"@type\":\"EntryPoint\",\"urlTemplate\":\"https:\/\/odysseus-contests.eu\/2016\/de\/?s={search_term_string}\"},\"query-input\":\"required name=search_term_string\"}],\"inLanguage\":\"pt-PT\"}]}<\/script>\n<!-- \/ Yoast SEO plugin. -->","yoast_head_json":{"title":"Rede de Mentores - ODYSSEUS II","robots":{"index":"index","follow":"follow","max-snippet":"max-snippet:-1","max-image-preview":"max-image-preview:large","max-video-preview":"max-video-preview:-1"},"canonical":"https:\/\/odysseus-contests.eu\/2016\/pt-pt\/recursos\/rede-de-mentores\/","og_locale":"pt_PT","og_type":"article","og_title":"Rede de Mentores - ODYSSEUS II","og_description":"Como funciona A fim de proporcionar o melhor apoio e orienta\u00e7\u00e3o poss\u00edvel aos concorrentes das categorias Pioneers e Explorers, os organizadores do Concurso Odysseus II ir\u00e3o criar e mobilizar uma rede de mentores volunt\u00e1rios. Os concorrentes poder\u00e3o pedir apoio de mentores desta rede, mas se qualquer um dos participantes desejar trabalhar com um mentor que [&hellip;]","og_url":"https:\/\/odysseus-contests.eu\/2016\/pt-pt\/recursos\/rede-de-mentores\/","og_site_name":"ODYSSEUS II","article_modified_time":"2015-07-27T18:26:00+00:00","twitter_card":"summary_large_image","twitter_misc":{"Tempo estimado de leitura":"2 minutos"},"schema":{"@context":"https:\/\/schema.org","@graph":[{"@type":"WebPage","@id":"https:\/\/odysseus-contests.eu\/2016\/pt-pt\/recursos\/rede-de-mentores\/","url":"https:\/\/odysseus-contests.eu\/2016\/pt-pt\/recursos\/rede-de-mentores\/","name":"Rede de Mentores - ODYSSEUS II","isPartOf":{"@id":"https:\/\/odysseus-contests.eu\/2016\/de\/#website"},"datePublished":"2015-07-04T12:39:22+00:00","dateModified":"2015-07-27T18:26:00+00:00","breadcrumb":{"@id":"https:\/\/odysseus-contests.eu\/2016\/pt-pt\/recursos\/rede-de-mentores\/#breadcrumb"},"inLanguage":"pt-PT","potentialAction":[{"@type":"ReadAction","target":["https:\/\/odysseus-contests.eu\/2016\/pt-pt\/recursos\/rede-de-mentores\/"]}]},{"@type":"BreadcrumbList","@id":"https:\/\/odysseus-contests.eu\/2016\/pt-pt\/recursos\/rede-de-mentores\/#breadcrumb","itemListElement":[{"@type":"ListItem","position":1,"name":"Home","item":"https:\/\/odysseus-contests.eu\/2016\/pt-pt\/"},{"@type":"ListItem","position":2,"name":"Recursos","item":"https:\/\/odysseus-contests.eu\/2016\/pt-pt\/recursos\/"},{"@type":"ListItem","position":3,"name":"Rede de Mentores"}]},{"@type":"WebSite","@id":"https:\/\/odysseus-contests.eu\/2016\/de\/#website","url":"https:\/\/odysseus-contests.eu\/2016\/de\/","name":"ODYSSEUS II","description":"European Youth Space Contest","potentialAction":[{"@type":"SearchAction","target":{"@type":"EntryPoint","urlTemplate":"https:\/\/odysseus-contests.eu\/2016\/de\/?s={search_term_string}"},"query-input":"required name=search_term_string"}],"inLanguage":"pt-PT"}]}},"_links":{"self":[{"href":"https:\/\/odysseus-contests.eu\/2016\/pt-pt\/wp-json\/wp\/v2\/pages\/1708"}],"collection":[{"href":"https:\/\/odysseus-contests.eu\/2016\/pt-pt\/wp-json\/wp\/v2\/pages"}],"about":[{"href":"https:\/\/odysseus-contests.eu\/2016\/pt-pt\/wp-json\/wp\/v2\/types\/page"}],"author":[{"embeddable":true,"href":"https:\/\/odysseus-contests.eu\/2016\/pt-pt\/wp-json\/wp\/v2\/users\/1"}],"replies":[{"embeddable":true,"href":"https:\/\/odysseus-contests.eu\/2016\/pt-pt\/wp-json\/wp\/v2\/comments?post=1708"}],"version-history":[{"count":0,"href":"https:\/\/odysseus-contests.eu\/2016\/pt-pt\/wp-json\/wp\/v2\/pages\/1708\/revisions"}],"up":[{"embeddable":true,"href":"https:\/\/odysseus-contests.eu\/2016\/pt-pt\/wp-json\/wp\/v2\/pages\/1790"}],"wp:attachment":[{"href":"https:\/\/odysseus-contests.eu\/2016\/pt-pt\/wp-json\/wp\/v2\/media?parent=1708"}],"curies":[{"name":"wp","href":"https:\/\/api.w.org\/{rel}","templated":true}]}}