{"id":1705,"date":"2015-07-04T15:47:27","date_gmt":"2015-07-04T12:47:27","guid":{"rendered":"http:\/\/odysseus-contests.eu\/2016\/?page_id=1705"},"modified":"2015-09-07T10:26:04","modified_gmt":"2015-09-07T07:26:04","slug":"dicas-para-o-sucesso","status":"publish","type":"page","link":"https:\/\/odysseus-contests.eu\/2016\/pt-pt\/explorers\/dicas-para-o-sucesso\/","title":{"rendered":"Dicas para o Sucesso"},"content":{"rendered":"<ul>\n<li>Compreende o Concurso. L\u00ea a introdu\u00e7\u00e3o do concurso e as restantes informa\u00e7\u00f5es com cuidado.<\/li>\n<li>Concentra o teu esfor\u00e7o para dar resposta aos crit\u00e9rios de avalia\u00e7\u00e3o espec\u00edficos. O Comit\u00e9 Cient\u00edfico \u00e9 composto por cientistas profissionais, investigadores e educadores. Eles avaliam cada entrada pelos crit\u00e9rios de avalia\u00e7\u00e3o especificados para este concurso. O conte\u00fado, incluindo o rigor cient\u00edfico e a excel\u00eancia, \u00e9 o que vai determinar suas decis\u00f5es. Tenta ser espec\u00edfico e n\u00e3o escrevas nada que ainda n\u00e3o tenhas confirmado em termos de rigor e mais importante que isso, n\u00e3o escrevas coisas que n\u00e3o entendes. Tenta ser consistente e n\u00e3o alongues muito o projeto. Projetos bem focados s\u00e3o mais propensos a ter mais sucesso pois s\u00e3o mais completos e expl\u00edcitos. Tenta organizar o teu projeto para que ele tenha uma sequ\u00eancia e estrutura racional. Al\u00e9m disso, tenta criar um layout atraente.<\/li>\n<li>Trabalha sobre os princ\u00edpios fundamentais. A apar\u00eancia de uma entrada \u00e9 muitas vezes um indicador de esfor\u00e7o s\u00e9rio por parte dos alunos. Entradas limpas, bem editadas, leg\u00edveis, sem erros de ortografia; estes s\u00e3o aspetos que melhoram qualquer entrada de um concorrente. Se a sua entrada \u00e9 um ensaio recomenda-se que ele ser\u00e1 revisto por algu\u00e9m que n\u00e3o seja o(s) seu(s) criador(es).<\/li>\n<li>Procure o apoio de um mentor. Procure na <a href=\"http:\/\/odysseus-contests.eu\/2016\/pt-pt\/recursos\/rede-de-mentores\/\" target=\"_blank\">p\u00e1gina da web do Concurso \u0399\u0399 Odysseus<\/a> para escolher um Mentor do seu pa\u00eds.<\/li>\n<li>Planeia com anteced\u00eancia. Faz um plano do teu projeto, delineando o seu principal curso de a\u00e7\u00e3o. Gere o teu tempo de modo a que o teu hor\u00e1rio de trabalho permita haver tempo para rever e corrigir o teu trabalho.<\/li>\n<li>Usa o template fornecido pelos organizadores para servir de suporte ao teu documento e projeto.<\/li>\n<li>Escolhe um t\u00f3pico que seja importante para ti. Isto tornar\u00e1 mais f\u00e1cil concentrares-te e gastar mais tempo a trabalhar no projeto.<\/li>\n<li>Elabora uma pergunta de pesquisa que te ajude a definir aquilo a que o trabalho vai dar resposta. Pergunta a ti mesmo, qual a rela\u00e7\u00e3o entre o foco do teu projeto e os resultados que est\u00e1s interessado em obter. Pensa nisso como sendo o objetivo da tua entrada ou como uma hip\u00f3tese declarada na forma de uma pergunta.<\/li>\n<li>Desenha diagramas e fluxogramas para organizar a informa\u00e7\u00e3o que recolhes sobre o espa\u00e7o, e em especial sobre o teu tema, para ajudar-te a descobrir como traduzir essa informa\u00e7\u00e3o em algo significativo.<\/li>\n<li>L\u00ea e estuda os projetos demo na p\u00e1gina web do Odysseus II as \u201c<a href=\"http:\/\/odysseus-contests.eu\/2016\/pt-pt\/explorers\/questoes-frequentes-faq\/\" target=\"_blank\">Quest\u00f5es Frequentes (FAQ)<\/a>\u201d.<\/li>\n<li>Faz todas as perguntas que permitam esclarecer-te aos organizadores atrav\u00e9s do preenchimento do formul\u00e1rio de contacto relevante.<\/li>\n<li>Organiza ferramentas, materiais e fontes para o concurso.<\/li>\n<li>Encontra\u00a0<em>sites<\/em> \u00fateis sobre espa\u00e7o e fontes de material relevante para o teu projeto, mas mant\u00e9m apenas fontes respeit\u00e1veis e de confian\u00e7a (por exemplo, os sites da ESA ou da NASA e locais, com o sufixo .edu).<\/li>\n<li>Gasta tempo a reunir informa\u00e7\u00f5es fundamentais sobre o t\u00f3pico.<\/li>\n<li>Certifica-te de que qualquer facto que uses na tua argumenta\u00e7\u00e3o \u00e9 verific\u00e1vel por fontes fi\u00e1veis antes de consider\u00e1-lo, para teres a certeza que \u00e9 v\u00e1lido.<\/li>\n<li>Aprofunda a tua pesquisa. Tenta aprender conceitos cient\u00edficos e ser o mais detalhado e rigoroso poss\u00edvel.<\/li>\n<li>N\u00e3o desanimes se tiveres dificuldades durante a cria\u00e7\u00e3o do teu projeto. Roma e Pavia n\u00e3o se fizeram num dia.<\/li>\n<li>Diverte-te! Disfruta da tua aventura espacial!<\/li>\n<\/ul>\n","protected":false},"excerpt":{"rendered":"<p>Compreende o Concurso. L\u00ea a introdu\u00e7\u00e3o do concurso e as restantes informa\u00e7\u00f5es com cuidado. Concentra o teu esfor\u00e7o para dar resposta aos crit\u00e9rios de avalia\u00e7\u00e3o espec\u00edficos. O Comit\u00e9 Cient\u00edfico \u00e9 composto por cientistas profissionais, investigadores e educadores. Eles avaliam cada entrada pelos crit\u00e9rios de avalia\u00e7\u00e3o especificados para este concurso. O conte\u00fado, incluindo o rigor cient\u00edfico [&hellip;]<\/p>\n","protected":false},"author":1,"featured_media":0,"parent":1692,"menu_order":80,"comment_status":"closed","ping_status":"closed","template":"","meta":[],"acf":[],"yoast_head":"<!-- This site is optimized with the Yoast SEO plugin v19.14 - https:\/\/yoast.com\/wordpress\/plugins\/seo\/ -->\n<title>Dicas para o Sucesso - ODYSSEUS II<\/title>\n<meta name=\"robots\" content=\"index, follow, max-snippet:-1, max-image-preview:large, max-video-preview:-1\" \/>\n<link rel=\"canonical\" href=\"https:\/\/odysseus-contests.eu\/2016\/pt-pt\/explorers\/dicas-para-o-sucesso\/\" \/>\n<meta property=\"og:locale\" content=\"pt_PT\" \/>\n<meta property=\"og:type\" content=\"article\" \/>\n<meta property=\"og:title\" content=\"Dicas para o Sucesso - ODYSSEUS II\" \/>\n<meta property=\"og:description\" content=\"Compreende o Concurso. L\u00ea a introdu\u00e7\u00e3o do concurso e as restantes informa\u00e7\u00f5es com cuidado. Concentra o teu esfor\u00e7o para dar resposta aos crit\u00e9rios de avalia\u00e7\u00e3o espec\u00edficos. O Comit\u00e9 Cient\u00edfico \u00e9 composto por cientistas profissionais, investigadores e educadores. Eles avaliam cada entrada pelos crit\u00e9rios de avalia\u00e7\u00e3o especificados para este concurso. O conte\u00fado, incluindo o rigor cient\u00edfico [&hellip;]\" \/>\n<meta property=\"og:url\" content=\"https:\/\/odysseus-contests.eu\/2016\/pt-pt\/explorers\/dicas-para-o-sucesso\/\" \/>\n<meta property=\"og:site_name\" content=\"ODYSSEUS II\" \/>\n<meta property=\"article:modified_time\" content=\"2015-09-07T07:26:04+00:00\" \/>\n<meta name=\"twitter:card\" content=\"summary_large_image\" \/>\n<meta name=\"twitter:label1\" content=\"Tempo estimado de leitura\" \/>\n\t<meta name=\"twitter:data1\" content=\"3 minutos\" \/>\n<script type=\"application\/ld+json\" class=\"yoast-schema-graph\">{\"@context\":\"https:\/\/schema.org\",\"@graph\":[{\"@type\":\"WebPage\",\"@id\":\"https:\/\/odysseus-contests.eu\/2016\/pt-pt\/explorers\/dicas-para-o-sucesso\/\",\"url\":\"https:\/\/odysseus-contests.eu\/2016\/pt-pt\/explorers\/dicas-para-o-sucesso\/\",\"name\":\"Dicas para o Sucesso - ODYSSEUS II\",\"isPartOf\":{\"@id\":\"https:\/\/odysseus-contests.eu\/2016\/de\/#website\"},\"datePublished\":\"2015-07-04T12:47:27+00:00\",\"dateModified\":\"2015-09-07T07:26:04+00:00\",\"breadcrumb\":{\"@id\":\"https:\/\/odysseus-contests.eu\/2016\/pt-pt\/explorers\/dicas-para-o-sucesso\/#breadcrumb\"},\"inLanguage\":\"pt-PT\",\"potentialAction\":[{\"@type\":\"ReadAction\",\"target\":[\"https:\/\/odysseus-contests.eu\/2016\/pt-pt\/explorers\/dicas-para-o-sucesso\/\"]}]},{\"@type\":\"BreadcrumbList\",\"@id\":\"https:\/\/odysseus-contests.eu\/2016\/pt-pt\/explorers\/dicas-para-o-sucesso\/#breadcrumb\",\"itemListElement\":[{\"@type\":\"ListItem\",\"position\":1,\"name\":\"Home\",\"item\":\"https:\/\/odysseus-contests.eu\/2016\/pt-pt\/\"},{\"@type\":\"ListItem\",\"position\":2,\"name\":\"Explorers\",\"item\":\"https:\/\/odysseus-contests.eu\/2016\/pt-pt\/explorers\/\"},{\"@type\":\"ListItem\",\"position\":3,\"name\":\"Dicas para o Sucesso\"}]},{\"@type\":\"WebSite\",\"@id\":\"https:\/\/odysseus-contests.eu\/2016\/de\/#website\",\"url\":\"https:\/\/odysseus-contests.eu\/2016\/de\/\",\"name\":\"ODYSSEUS II\",\"description\":\"European Youth Space Contest\",\"potentialAction\":[{\"@type\":\"SearchAction\",\"target\":{\"@type\":\"EntryPoint\",\"urlTemplate\":\"https:\/\/odysseus-contests.eu\/2016\/de\/?s={search_term_string}\"},\"query-input\":\"required name=search_term_string\"}],\"inLanguage\":\"pt-PT\"}]}<\/script>\n<!-- \/ Yoast SEO plugin. -->","yoast_head_json":{"title":"Dicas para o Sucesso - ODYSSEUS II","robots":{"index":"index","follow":"follow","max-snippet":"max-snippet:-1","max-image-preview":"max-image-preview:large","max-video-preview":"max-video-preview:-1"},"canonical":"https:\/\/odysseus-contests.eu\/2016\/pt-pt\/explorers\/dicas-para-o-sucesso\/","og_locale":"pt_PT","og_type":"article","og_title":"Dicas para o Sucesso - ODYSSEUS II","og_description":"Compreende o Concurso. L\u00ea a introdu\u00e7\u00e3o do concurso e as restantes informa\u00e7\u00f5es com cuidado. Concentra o teu esfor\u00e7o para dar resposta aos crit\u00e9rios de avalia\u00e7\u00e3o espec\u00edficos. O Comit\u00e9 Cient\u00edfico \u00e9 composto por cientistas profissionais, investigadores e educadores. Eles avaliam cada entrada pelos crit\u00e9rios de avalia\u00e7\u00e3o especificados para este concurso. O conte\u00fado, incluindo o rigor cient\u00edfico [&hellip;]","og_url":"https:\/\/odysseus-contests.eu\/2016\/pt-pt\/explorers\/dicas-para-o-sucesso\/","og_site_name":"ODYSSEUS II","article_modified_time":"2015-09-07T07:26:04+00:00","twitter_card":"summary_large_image","twitter_misc":{"Tempo estimado de leitura":"3 minutos"},"schema":{"@context":"https:\/\/schema.org","@graph":[{"@type":"WebPage","@id":"https:\/\/odysseus-contests.eu\/2016\/pt-pt\/explorers\/dicas-para-o-sucesso\/","url":"https:\/\/odysseus-contests.eu\/2016\/pt-pt\/explorers\/dicas-para-o-sucesso\/","name":"Dicas para o Sucesso - ODYSSEUS II","isPartOf":{"@id":"https:\/\/odysseus-contests.eu\/2016\/de\/#website"},"datePublished":"2015-07-04T12:47:27+00:00","dateModified":"2015-09-07T07:26:04+00:00","breadcrumb":{"@id":"https:\/\/odysseus-contests.eu\/2016\/pt-pt\/explorers\/dicas-para-o-sucesso\/#breadcrumb"},"inLanguage":"pt-PT","potentialAction":[{"@type":"ReadAction","target":["https:\/\/odysseus-contests.eu\/2016\/pt-pt\/explorers\/dicas-para-o-sucesso\/"]}]},{"@type":"BreadcrumbList","@id":"https:\/\/odysseus-contests.eu\/2016\/pt-pt\/explorers\/dicas-para-o-sucesso\/#breadcrumb","itemListElement":[{"@type":"ListItem","position":1,"name":"Home","item":"https:\/\/odysseus-contests.eu\/2016\/pt-pt\/"},{"@type":"ListItem","position":2,"name":"Explorers","item":"https:\/\/odysseus-contests.eu\/2016\/pt-pt\/explorers\/"},{"@type":"ListItem","position":3,"name":"Dicas para o Sucesso"}]},{"@type":"WebSite","@id":"https:\/\/odysseus-contests.eu\/2016\/de\/#website","url":"https:\/\/odysseus-contests.eu\/2016\/de\/","name":"ODYSSEUS II","description":"European Youth Space Contest","potentialAction":[{"@type":"SearchAction","target":{"@type":"EntryPoint","urlTemplate":"https:\/\/odysseus-contests.eu\/2016\/de\/?s={search_term_string}"},"query-input":"required name=search_term_string"}],"inLanguage":"pt-PT"}]}},"_links":{"self":[{"href":"https:\/\/odysseus-contests.eu\/2016\/pt-pt\/wp-json\/wp\/v2\/pages\/1705"}],"collection":[{"href":"https:\/\/odysseus-contests.eu\/2016\/pt-pt\/wp-json\/wp\/v2\/pages"}],"about":[{"href":"https:\/\/odysseus-contests.eu\/2016\/pt-pt\/wp-json\/wp\/v2\/types\/page"}],"author":[{"embeddable":true,"href":"https:\/\/odysseus-contests.eu\/2016\/pt-pt\/wp-json\/wp\/v2\/users\/1"}],"replies":[{"embeddable":true,"href":"https:\/\/odysseus-contests.eu\/2016\/pt-pt\/wp-json\/wp\/v2\/comments?post=1705"}],"version-history":[{"count":0,"href":"https:\/\/odysseus-contests.eu\/2016\/pt-pt\/wp-json\/wp\/v2\/pages\/1705\/revisions"}],"up":[{"embeddable":true,"href":"https:\/\/odysseus-contests.eu\/2016\/pt-pt\/wp-json\/wp\/v2\/pages\/1692"}],"wp:attachment":[{"href":"https:\/\/odysseus-contests.eu\/2016\/pt-pt\/wp-json\/wp\/v2\/media?parent=1705"}],"curies":[{"name":"wp","href":"https:\/\/api.w.org\/{rel}","templated":true}]}}