{"id":1700,"date":"2015-07-04T15:43:43","date_gmt":"2015-07-04T12:43:43","guid":{"rendered":"http:\/\/odysseus-contests.eu\/2016\/?page_id=1700"},"modified":"2016-04-10T00:19:00","modified_gmt":"2016-04-09T21:19:00","slug":"calendar","status":"publish","type":"page","link":"https:\/\/odysseus-contests.eu\/2016\/pt-pt\/explorers\/calendar\/","title":{"rendered":"Calend\u00e1rio"},"content":{"rendered":"<ul>\n<li>Abertura dos registos: 1 de setembro de 2015<\/li>\n<li>Data limite para a submiss\u00e3o de trabalhos: 15 de janeiro de 2016<\/li>\n<li>Per\u00edodo de avalia\u00e7\u00e3o: 16 de Janeiro de 2016 \u2013 26 de fevereiro de 2016<\/li>\n<li>An\u00fancio dos vencedores nacionais: 28 de fevereiro de 2016<\/li>\n<li>Meias-finais regionais: 30 de mar\u00e7o de 2016 \u2013 15 de maio de 2016 (as datas exatas para cada final regional ser\u00e3o anunciadas em dezembro de 2015)<\/li>\n<li>An\u00fancio dos finalistas: 15 de maio de 2016<\/li>\n<li>Final Europeia: 5-8 de julho de 2016<\/li>\n<li>Cerim\u00f3nia de entrega dos pr\u00e9mios: 8 de julho de 2016<\/li>\n<\/ul>\n","protected":false},"excerpt":{"rendered":"<p>Abertura dos registos: 1 de setembro de 2015 Data limite para a submiss\u00e3o de trabalhos: 15 de janeiro de 2016 Per\u00edodo de avalia\u00e7\u00e3o: 16 de Janeiro de 2016 \u2013 26 de fevereiro de 2016 An\u00fancio dos vencedores nacionais: 28 de fevereiro de 2016 Meias-finais regionais: 30 de mar\u00e7o de 2016 \u2013 15 de maio de [&hellip;]<\/p>\n","protected":false},"author":1,"featured_media":0,"parent":1692,"menu_order":30,"comment_status":"closed","ping_status":"closed","template":"","meta":[],"acf":[],"yoast_head":"<!-- This site is optimized with the Yoast SEO plugin v19.14 - https:\/\/yoast.com\/wordpress\/plugins\/seo\/ -->\n<title>Calend\u00e1rio - ODYSSEUS II<\/title>\n<meta name=\"robots\" content=\"index, follow, max-snippet:-1, max-image-preview:large, max-video-preview:-1\" \/>\n<link rel=\"canonical\" href=\"https:\/\/odysseus-contests.eu\/2016\/pt-pt\/explorers\/calendar\/\" \/>\n<meta property=\"og:locale\" content=\"pt_PT\" \/>\n<meta property=\"og:type\" content=\"article\" \/>\n<meta property=\"og:title\" content=\"Calend\u00e1rio - ODYSSEUS II\" \/>\n<meta property=\"og:description\" content=\"Abertura dos registos: 1 de setembro de 2015 Data limite para a submiss\u00e3o de trabalhos: 15 de janeiro de 2016 Per\u00edodo de avalia\u00e7\u00e3o: 16 de Janeiro de 2016 \u2013 26 de fevereiro de 2016 An\u00fancio dos vencedores nacionais: 28 de fevereiro de 2016 Meias-finais regionais: 30 de mar\u00e7o de 2016 \u2013 15 de maio de [&hellip;]\" \/>\n<meta property=\"og:url\" content=\"https:\/\/odysseus-contests.eu\/2016\/pt-pt\/explorers\/calendar\/\" \/>\n<meta property=\"og:site_name\" content=\"ODYSSEUS II\" \/>\n<meta property=\"article:modified_time\" content=\"2016-04-09T21:19:00+00:00\" \/>\n<meta name=\"twitter:card\" content=\"summary_large_image\" \/>\n<script type=\"application\/ld+json\" class=\"yoast-schema-graph\">{\"@context\":\"https:\/\/schema.org\",\"@graph\":[{\"@type\":\"WebPage\",\"@id\":\"https:\/\/odysseus-contests.eu\/2016\/pt-pt\/explorers\/calendar\/\",\"url\":\"https:\/\/odysseus-contests.eu\/2016\/pt-pt\/explorers\/calendar\/\",\"name\":\"Calend\u00e1rio - ODYSSEUS II\",\"isPartOf\":{\"@id\":\"https:\/\/odysseus-contests.eu\/2016\/de\/#website\"},\"datePublished\":\"2015-07-04T12:43:43+00:00\",\"dateModified\":\"2016-04-09T21:19:00+00:00\",\"breadcrumb\":{\"@id\":\"https:\/\/odysseus-contests.eu\/2016\/pt-pt\/explorers\/calendar\/#breadcrumb\"},\"inLanguage\":\"pt-PT\",\"potentialAction\":[{\"@type\":\"ReadAction\",\"target\":[\"https:\/\/odysseus-contests.eu\/2016\/pt-pt\/explorers\/calendar\/\"]}]},{\"@type\":\"BreadcrumbList\",\"@id\":\"https:\/\/odysseus-contests.eu\/2016\/pt-pt\/explorers\/calendar\/#breadcrumb\",\"itemListElement\":[{\"@type\":\"ListItem\",\"position\":1,\"name\":\"Home\",\"item\":\"https:\/\/odysseus-contests.eu\/2016\/pt-pt\/\"},{\"@type\":\"ListItem\",\"position\":2,\"name\":\"Explorers\",\"item\":\"https:\/\/odysseus-contests.eu\/2016\/pt-pt\/explorers\/\"},{\"@type\":\"ListItem\",\"position\":3,\"name\":\"Calend\u00e1rio\"}]},{\"@type\":\"WebSite\",\"@id\":\"https:\/\/odysseus-contests.eu\/2016\/de\/#website\",\"url\":\"https:\/\/odysseus-contests.eu\/2016\/de\/\",\"name\":\"ODYSSEUS II\",\"description\":\"European Youth Space Contest\",\"potentialAction\":[{\"@type\":\"SearchAction\",\"target\":{\"@type\":\"EntryPoint\",\"urlTemplate\":\"https:\/\/odysseus-contests.eu\/2016\/de\/?s={search_term_string}\"},\"query-input\":\"required name=search_term_string\"}],\"inLanguage\":\"pt-PT\"}]}<\/script>\n<!-- \/ Yoast SEO plugin. -->","yoast_head_json":{"title":"Calend\u00e1rio - ODYSSEUS II","robots":{"index":"index","follow":"follow","max-snippet":"max-snippet:-1","max-image-preview":"max-image-preview:large","max-video-preview":"max-video-preview:-1"},"canonical":"https:\/\/odysseus-contests.eu\/2016\/pt-pt\/explorers\/calendar\/","og_locale":"pt_PT","og_type":"article","og_title":"Calend\u00e1rio - ODYSSEUS II","og_description":"Abertura dos registos: 1 de setembro de 2015 Data limite para a submiss\u00e3o de trabalhos: 15 de janeiro de 2016 Per\u00edodo de avalia\u00e7\u00e3o: 16 de Janeiro de 2016 \u2013 26 de fevereiro de 2016 An\u00fancio dos vencedores nacionais: 28 de fevereiro de 2016 Meias-finais regionais: 30 de mar\u00e7o de 2016 \u2013 15 de maio de [&hellip;]","og_url":"https:\/\/odysseus-contests.eu\/2016\/pt-pt\/explorers\/calendar\/","og_site_name":"ODYSSEUS II","article_modified_time":"2016-04-09T21:19:00+00:00","twitter_card":"summary_large_image","schema":{"@context":"https:\/\/schema.org","@graph":[{"@type":"WebPage","@id":"https:\/\/odysseus-contests.eu\/2016\/pt-pt\/explorers\/calendar\/","url":"https:\/\/odysseus-contests.eu\/2016\/pt-pt\/explorers\/calendar\/","name":"Calend\u00e1rio - ODYSSEUS II","isPartOf":{"@id":"https:\/\/odysseus-contests.eu\/2016\/de\/#website"},"datePublished":"2015-07-04T12:43:43+00:00","dateModified":"2016-04-09T21:19:00+00:00","breadcrumb":{"@id":"https:\/\/odysseus-contests.eu\/2016\/pt-pt\/explorers\/calendar\/#breadcrumb"},"inLanguage":"pt-PT","potentialAction":[{"@type":"ReadAction","target":["https:\/\/odysseus-contests.eu\/2016\/pt-pt\/explorers\/calendar\/"]}]},{"@type":"BreadcrumbList","@id":"https:\/\/odysseus-contests.eu\/2016\/pt-pt\/explorers\/calendar\/#breadcrumb","itemListElement":[{"@type":"ListItem","position":1,"name":"Home","item":"https:\/\/odysseus-contests.eu\/2016\/pt-pt\/"},{"@type":"ListItem","position":2,"name":"Explorers","item":"https:\/\/odysseus-contests.eu\/2016\/pt-pt\/explorers\/"},{"@type":"ListItem","position":3,"name":"Calend\u00e1rio"}]},{"@type":"WebSite","@id":"https:\/\/odysseus-contests.eu\/2016\/de\/#website","url":"https:\/\/odysseus-contests.eu\/2016\/de\/","name":"ODYSSEUS II","description":"European Youth Space Contest","potentialAction":[{"@type":"SearchAction","target":{"@type":"EntryPoint","urlTemplate":"https:\/\/odysseus-contests.eu\/2016\/de\/?s={search_term_string}"},"query-input":"required name=search_term_string"}],"inLanguage":"pt-PT"}]}},"_links":{"self":[{"href":"https:\/\/odysseus-contests.eu\/2016\/pt-pt\/wp-json\/wp\/v2\/pages\/1700"}],"collection":[{"href":"https:\/\/odysseus-contests.eu\/2016\/pt-pt\/wp-json\/wp\/v2\/pages"}],"about":[{"href":"https:\/\/odysseus-contests.eu\/2016\/pt-pt\/wp-json\/wp\/v2\/types\/page"}],"author":[{"embeddable":true,"href":"https:\/\/odysseus-contests.eu\/2016\/pt-pt\/wp-json\/wp\/v2\/users\/1"}],"replies":[{"embeddable":true,"href":"https:\/\/odysseus-contests.eu\/2016\/pt-pt\/wp-json\/wp\/v2\/comments?post=1700"}],"version-history":[{"count":1,"href":"https:\/\/odysseus-contests.eu\/2016\/pt-pt\/wp-json\/wp\/v2\/pages\/1700\/revisions"}],"predecessor-version":[{"id":9666,"href":"https:\/\/odysseus-contests.eu\/2016\/pt-pt\/wp-json\/wp\/v2\/pages\/1700\/revisions\/9666"}],"up":[{"embeddable":true,"href":"https:\/\/odysseus-contests.eu\/2016\/pt-pt\/wp-json\/wp\/v2\/pages\/1692"}],"wp:attachment":[{"href":"https:\/\/odysseus-contests.eu\/2016\/pt-pt\/wp-json\/wp\/v2\/media?parent=1700"}],"curies":[{"name":"wp","href":"https:\/\/api.w.org\/{rel}","templated":true}]}}