{"id":2970,"date":"2015-07-17T22:15:06","date_gmt":"2015-07-17T19:15:06","guid":{"rendered":"http:\/\/odysseus-contests.eu\/2016\/?page_id=2970"},"modified":"2015-07-28T16:35:48","modified_gmt":"2015-07-28T13:35:48","slug":"rights-and-protection-of-minors","status":"publish","type":"page","link":"https:\/\/odysseus-contests.eu\/2016\/pl\/regulamin\/rights-and-protection-of-minors\/","title":{"rendered":"Prawa i ochrona nieletnich"},"content":{"rendered":"<ul>\n<li style=\"text-align: justify;\">Za podanie pe\u0142nej i poprawnej informacji o cz\u0142onkach zespo\u0142u w formularzu rejestracyjnym na stronie projektu Odysseus II jest odpowiedzialny nauczyciel\/lider danego zespo\u0142u.<\/li>\n<li style=\"text-align: justify;\">Wszyscy uczestnicy, kt\u00f3rzy nie uko\u0144czyli osiemnastego roku \u017cycia musz\u0105 przedstawi\u0107 podpisan\u0105 przez rodzic\u00f3w zgod\u0119 na uczestnictwo w konkursie. Dodatkowo wymagana jest zgoda rodzic\u00f3w lub opiekun\u00f3w prawnych na podr\u00f3\u017c i uczestnictwo w fina\u0142ach regionalnych i europejskich dla ka\u017cdego z uczestnik\u00f3w poni\u017cej osiemnastego roku \u017cycia przed rozpocz\u0119ciem podr\u00f3\u017cy na fina\u0142y.<\/li>\n<li style=\"text-align: justify;\">Za dostarczenie wymaganych zg\u00f3d organizatorom odpowiedzialni si\u0119 nauczyciele\/ liderzy.<\/li>\n<li style=\"text-align: justify;\">Wszyscy cz\u0142onkowie zwyci\u0119skich zespo\u0142\u00f3w b\u0119d\u0105 umieszczeni na grupowej fotografii i musz\u0105 wyrazi\u0107 zgod\u0119 na umieszczenie ich wizerunku na stronie projektu Odysseus II, innych powi\u0105zanych stronach, oraz zwi\u0105zanych z konkursem materia\u0142ach drukowanych.<\/li>\n<\/ul>\n","protected":false},"excerpt":{"rendered":"<p>Za podanie pe\u0142nej i poprawnej informacji o cz\u0142onkach zespo\u0142u w formularzu rejestracyjnym na stronie projektu Odysseus II jest odpowiedzialny nauczyciel\/lider danego zespo\u0142u. Wszyscy uczestnicy, kt\u00f3rzy nie uko\u0144czyli osiemnastego roku \u017cycia musz\u0105 przedstawi\u0107 podpisan\u0105 przez rodzic\u00f3w zgod\u0119 na uczestnictwo w konkursie. Dodatkowo wymagana jest zgoda rodzic\u00f3w lub opiekun\u00f3w prawnych na podr\u00f3\u017c i uczestnictwo w fina\u0142ach regionalnych [&hellip;]<\/p>\n","protected":false},"author":2,"featured_media":0,"parent":2949,"menu_order":0,"comment_status":"closed","ping_status":"closed","template":"","meta":[],"acf":[],"yoast_head":"<!-- This site is optimized with the Yoast SEO plugin v19.14 - https:\/\/yoast.com\/wordpress\/plugins\/seo\/ -->\n<title>Prawa i ochrona nieletnich - ODYSSEUS II<\/title>\n<meta name=\"robots\" content=\"index, follow, max-snippet:-1, max-image-preview:large, max-video-preview:-1\" \/>\n<link rel=\"canonical\" href=\"https:\/\/odysseus-contests.eu\/2016\/pl\/regulamin\/rights-and-protection-of-minors\/\" \/>\n<meta property=\"og:locale\" content=\"pl_PL\" \/>\n<meta property=\"og:type\" content=\"article\" \/>\n<meta property=\"og:title\" content=\"Prawa i ochrona nieletnich - ODYSSEUS II\" \/>\n<meta property=\"og:description\" content=\"Za podanie pe\u0142nej i poprawnej informacji o cz\u0142onkach zespo\u0142u w formularzu rejestracyjnym na stronie projektu Odysseus II jest odpowiedzialny nauczyciel\/lider danego zespo\u0142u. Wszyscy uczestnicy, kt\u00f3rzy nie uko\u0144czyli osiemnastego roku \u017cycia musz\u0105 przedstawi\u0107 podpisan\u0105 przez rodzic\u00f3w zgod\u0119 na uczestnictwo w konkursie. Dodatkowo wymagana jest zgoda rodzic\u00f3w lub opiekun\u00f3w prawnych na podr\u00f3\u017c i uczestnictwo w fina\u0142ach regionalnych [&hellip;]\" \/>\n<meta property=\"og:url\" content=\"https:\/\/odysseus-contests.eu\/2016\/pl\/regulamin\/rights-and-protection-of-minors\/\" \/>\n<meta property=\"og:site_name\" content=\"ODYSSEUS II\" \/>\n<meta property=\"article:modified_time\" content=\"2015-07-28T13:35:48+00:00\" \/>\n<meta name=\"twitter:card\" content=\"summary_large_image\" \/>\n<meta name=\"twitter:label1\" content=\"Szacowany czas czytania\" \/>\n\t<meta name=\"twitter:data1\" content=\"1 minuta\" \/>\n<script type=\"application\/ld+json\" class=\"yoast-schema-graph\">{\"@context\":\"https:\/\/schema.org\",\"@graph\":[{\"@type\":\"WebPage\",\"@id\":\"https:\/\/odysseus-contests.eu\/2016\/pl\/regulamin\/rights-and-protection-of-minors\/\",\"url\":\"https:\/\/odysseus-contests.eu\/2016\/pl\/regulamin\/rights-and-protection-of-minors\/\",\"name\":\"Prawa i ochrona nieletnich - ODYSSEUS II\",\"isPartOf\":{\"@id\":\"https:\/\/odysseus-contests.eu\/2016\/de\/#website\"},\"datePublished\":\"2015-07-17T19:15:06+00:00\",\"dateModified\":\"2015-07-28T13:35:48+00:00\",\"breadcrumb\":{\"@id\":\"https:\/\/odysseus-contests.eu\/2016\/pl\/regulamin\/rights-and-protection-of-minors\/#breadcrumb\"},\"inLanguage\":\"pl-PL\",\"potentialAction\":[{\"@type\":\"ReadAction\",\"target\":[\"https:\/\/odysseus-contests.eu\/2016\/pl\/regulamin\/rights-and-protection-of-minors\/\"]}]},{\"@type\":\"BreadcrumbList\",\"@id\":\"https:\/\/odysseus-contests.eu\/2016\/pl\/regulamin\/rights-and-protection-of-minors\/#breadcrumb\",\"itemListElement\":[{\"@type\":\"ListItem\",\"position\":1,\"name\":\"Home\",\"item\":\"https:\/\/odysseus-contests.eu\/2016\/pl\/\"},{\"@type\":\"ListItem\",\"position\":2,\"name\":\"Regulamin konkursu\",\"item\":\"https:\/\/odysseus-contests.eu\/2016\/pl\/regulamin\/\"},{\"@type\":\"ListItem\",\"position\":3,\"name\":\"Prawa i ochrona nieletnich\"}]},{\"@type\":\"WebSite\",\"@id\":\"https:\/\/odysseus-contests.eu\/2016\/de\/#website\",\"url\":\"https:\/\/odysseus-contests.eu\/2016\/de\/\",\"name\":\"ODYSSEUS II\",\"description\":\"European Youth Space Contest\",\"potentialAction\":[{\"@type\":\"SearchAction\",\"target\":{\"@type\":\"EntryPoint\",\"urlTemplate\":\"https:\/\/odysseus-contests.eu\/2016\/de\/?s={search_term_string}\"},\"query-input\":\"required name=search_term_string\"}],\"inLanguage\":\"pl-PL\"}]}<\/script>\n<!-- \/ Yoast SEO plugin. -->","yoast_head_json":{"title":"Prawa i ochrona nieletnich - ODYSSEUS II","robots":{"index":"index","follow":"follow","max-snippet":"max-snippet:-1","max-image-preview":"max-image-preview:large","max-video-preview":"max-video-preview:-1"},"canonical":"https:\/\/odysseus-contests.eu\/2016\/pl\/regulamin\/rights-and-protection-of-minors\/","og_locale":"pl_PL","og_type":"article","og_title":"Prawa i ochrona nieletnich - ODYSSEUS II","og_description":"Za podanie pe\u0142nej i poprawnej informacji o cz\u0142onkach zespo\u0142u w formularzu rejestracyjnym na stronie projektu Odysseus II jest odpowiedzialny nauczyciel\/lider danego zespo\u0142u. Wszyscy uczestnicy, kt\u00f3rzy nie uko\u0144czyli osiemnastego roku \u017cycia musz\u0105 przedstawi\u0107 podpisan\u0105 przez rodzic\u00f3w zgod\u0119 na uczestnictwo w konkursie. Dodatkowo wymagana jest zgoda rodzic\u00f3w lub opiekun\u00f3w prawnych na podr\u00f3\u017c i uczestnictwo w fina\u0142ach regionalnych [&hellip;]","og_url":"https:\/\/odysseus-contests.eu\/2016\/pl\/regulamin\/rights-and-protection-of-minors\/","og_site_name":"ODYSSEUS II","article_modified_time":"2015-07-28T13:35:48+00:00","twitter_card":"summary_large_image","twitter_misc":{"Szacowany czas czytania":"1 minuta"},"schema":{"@context":"https:\/\/schema.org","@graph":[{"@type":"WebPage","@id":"https:\/\/odysseus-contests.eu\/2016\/pl\/regulamin\/rights-and-protection-of-minors\/","url":"https:\/\/odysseus-contests.eu\/2016\/pl\/regulamin\/rights-and-protection-of-minors\/","name":"Prawa i ochrona nieletnich - ODYSSEUS II","isPartOf":{"@id":"https:\/\/odysseus-contests.eu\/2016\/de\/#website"},"datePublished":"2015-07-17T19:15:06+00:00","dateModified":"2015-07-28T13:35:48+00:00","breadcrumb":{"@id":"https:\/\/odysseus-contests.eu\/2016\/pl\/regulamin\/rights-and-protection-of-minors\/#breadcrumb"},"inLanguage":"pl-PL","potentialAction":[{"@type":"ReadAction","target":["https:\/\/odysseus-contests.eu\/2016\/pl\/regulamin\/rights-and-protection-of-minors\/"]}]},{"@type":"BreadcrumbList","@id":"https:\/\/odysseus-contests.eu\/2016\/pl\/regulamin\/rights-and-protection-of-minors\/#breadcrumb","itemListElement":[{"@type":"ListItem","position":1,"name":"Home","item":"https:\/\/odysseus-contests.eu\/2016\/pl\/"},{"@type":"ListItem","position":2,"name":"Regulamin konkursu","item":"https:\/\/odysseus-contests.eu\/2016\/pl\/regulamin\/"},{"@type":"ListItem","position":3,"name":"Prawa i ochrona nieletnich"}]},{"@type":"WebSite","@id":"https:\/\/odysseus-contests.eu\/2016\/de\/#website","url":"https:\/\/odysseus-contests.eu\/2016\/de\/","name":"ODYSSEUS II","description":"European Youth Space Contest","potentialAction":[{"@type":"SearchAction","target":{"@type":"EntryPoint","urlTemplate":"https:\/\/odysseus-contests.eu\/2016\/de\/?s={search_term_string}"},"query-input":"required name=search_term_string"}],"inLanguage":"pl-PL"}]}},"_links":{"self":[{"href":"https:\/\/odysseus-contests.eu\/2016\/pl\/wp-json\/wp\/v2\/pages\/2970"}],"collection":[{"href":"https:\/\/odysseus-contests.eu\/2016\/pl\/wp-json\/wp\/v2\/pages"}],"about":[{"href":"https:\/\/odysseus-contests.eu\/2016\/pl\/wp-json\/wp\/v2\/types\/page"}],"author":[{"embeddable":true,"href":"https:\/\/odysseus-contests.eu\/2016\/pl\/wp-json\/wp\/v2\/users\/2"}],"replies":[{"embeddable":true,"href":"https:\/\/odysseus-contests.eu\/2016\/pl\/wp-json\/wp\/v2\/comments?post=2970"}],"version-history":[{"count":0,"href":"https:\/\/odysseus-contests.eu\/2016\/pl\/wp-json\/wp\/v2\/pages\/2970\/revisions"}],"up":[{"embeddable":true,"href":"https:\/\/odysseus-contests.eu\/2016\/pl\/wp-json\/wp\/v2\/pages\/2949"}],"wp:attachment":[{"href":"https:\/\/odysseus-contests.eu\/2016\/pl\/wp-json\/wp\/v2\/media?parent=2970"}],"curies":[{"name":"wp","href":"https:\/\/api.w.org\/{rel}","templated":true}]}}