{"id":2969,"date":"2015-07-17T22:14:01","date_gmt":"2015-07-17T19:14:01","guid":{"rendered":"http:\/\/odysseus-contests.eu\/2016\/?page_id=2969"},"modified":"2015-07-27T15:41:48","modified_gmt":"2015-07-27T12:41:48","slug":"publikacjei-promocja","status":"publish","type":"page","link":"https:\/\/odysseus-contests.eu\/2016\/pl\/regulamin\/publikacjei-promocja\/","title":{"rendered":"Publikacjei promocja"},"content":{"rendered":"<ul>\n<li style=\"text-align: justify;\">Z\u0142o\u017cone projekty przechodz\u0105 na w\u0142asno\u015b\u0107 projektu Odysseus II, nie zostan\u0105 zwr\u00f3cone i mog\u0105 by\u0107 u\u017cyte w celach reklamowych, prezentacji publicznych, promocji oraz innych celach niekomercyjnych.<\/li>\n<li style=\"text-align: justify;\">Po zamkni\u0119ciu etapu sk\u0142adania projekt\u00f3w, wszystkie prace b\u0119d\u0105 publicznie udost\u0119pnione w portalu Odysseus II.<\/li>\n<li style=\"text-align: justify;\">Rejestracja zespo\u0142u daje projektowi Odysseus II prawo do publikacji nazwisk, wieku i narodowo\u015bci cz\u0142onk\u00f3w zwyci\u0119skich zespo\u0142\u00f3w w portalu projektu Odysseus II.<\/li>\n<li style=\"text-align: justify;\">Organizatorzy projektu Odysseus II mog\u0105 prosi\u0107 o przes\u0142anie oryginalnych prac konkursowych czy innych obiekt\u00f3w zwi\u0105zanych z prac\u0105 uczestnik\u00f3w w celu przedstawienia ich podczas fina\u0142u w Brukseli. Koszty transportu pokrywaj\u0105 organizatorzy.<\/li>\n<li style=\"text-align: justify;\">Cz\u0142onkowie zwyci\u0119skiego zespo\u0142u w fina\u0142ach mi\u0119dzynarodowych b\u0119d\u0105 pe\u0142ni\u0107 rol\u0119 European Youth Space Ambasador i b\u0119d\u0105 uczestniczyli w licznych wydarzeniach po finale, kt\u00f3re b\u0119d\u0105 promowa\u0107 inicjatywy Unii Europejskiej.<\/li>\n<\/ul>\n","protected":false},"excerpt":{"rendered":"<p>Z\u0142o\u017cone projekty przechodz\u0105 na w\u0142asno\u015b\u0107 projektu Odysseus II, nie zostan\u0105 zwr\u00f3cone i mog\u0105 by\u0107 u\u017cyte w celach reklamowych, prezentacji publicznych, promocji oraz innych celach niekomercyjnych. Po zamkni\u0119ciu etapu sk\u0142adania projekt\u00f3w, wszystkie prace b\u0119d\u0105 publicznie udost\u0119pnione w portalu Odysseus II. Rejestracja zespo\u0142u daje projektowi Odysseus II prawo do publikacji nazwisk, wieku i narodowo\u015bci cz\u0142onk\u00f3w zwyci\u0119skich zespo\u0142\u00f3w [&hellip;]<\/p>\n","protected":false},"author":2,"featured_media":0,"parent":2949,"menu_order":90,"comment_status":"closed","ping_status":"closed","template":"","meta":[],"acf":[],"yoast_head":"<!-- This site is optimized with the Yoast SEO plugin v19.14 - https:\/\/yoast.com\/wordpress\/plugins\/seo\/ -->\n<title>Publikacjei promocja - ODYSSEUS II<\/title>\n<meta name=\"robots\" content=\"index, follow, max-snippet:-1, max-image-preview:large, max-video-preview:-1\" \/>\n<link rel=\"canonical\" href=\"https:\/\/odysseus-contests.eu\/2016\/pl\/regulamin\/publikacjei-promocja\/\" \/>\n<meta property=\"og:locale\" content=\"pl_PL\" \/>\n<meta property=\"og:type\" content=\"article\" \/>\n<meta property=\"og:title\" content=\"Publikacjei promocja - ODYSSEUS II\" \/>\n<meta property=\"og:description\" content=\"Z\u0142o\u017cone projekty przechodz\u0105 na w\u0142asno\u015b\u0107 projektu Odysseus II, nie zostan\u0105 zwr\u00f3cone i mog\u0105 by\u0107 u\u017cyte w celach reklamowych, prezentacji publicznych, promocji oraz innych celach niekomercyjnych. Po zamkni\u0119ciu etapu sk\u0142adania projekt\u00f3w, wszystkie prace b\u0119d\u0105 publicznie udost\u0119pnione w portalu Odysseus II. Rejestracja zespo\u0142u daje projektowi Odysseus II prawo do publikacji nazwisk, wieku i narodowo\u015bci cz\u0142onk\u00f3w zwyci\u0119skich zespo\u0142\u00f3w [&hellip;]\" \/>\n<meta property=\"og:url\" content=\"https:\/\/odysseus-contests.eu\/2016\/pl\/regulamin\/publikacjei-promocja\/\" \/>\n<meta property=\"og:site_name\" content=\"ODYSSEUS II\" \/>\n<meta property=\"article:modified_time\" content=\"2015-07-27T12:41:48+00:00\" \/>\n<meta name=\"twitter:card\" content=\"summary_large_image\" \/>\n<meta name=\"twitter:label1\" content=\"Szacowany czas czytania\" \/>\n\t<meta name=\"twitter:data1\" content=\"1 minuta\" \/>\n<script type=\"application\/ld+json\" class=\"yoast-schema-graph\">{\"@context\":\"https:\/\/schema.org\",\"@graph\":[{\"@type\":\"WebPage\",\"@id\":\"https:\/\/odysseus-contests.eu\/2016\/pl\/regulamin\/publikacjei-promocja\/\",\"url\":\"https:\/\/odysseus-contests.eu\/2016\/pl\/regulamin\/publikacjei-promocja\/\",\"name\":\"Publikacjei promocja - ODYSSEUS II\",\"isPartOf\":{\"@id\":\"https:\/\/odysseus-contests.eu\/2016\/de\/#website\"},\"datePublished\":\"2015-07-17T19:14:01+00:00\",\"dateModified\":\"2015-07-27T12:41:48+00:00\",\"breadcrumb\":{\"@id\":\"https:\/\/odysseus-contests.eu\/2016\/pl\/regulamin\/publikacjei-promocja\/#breadcrumb\"},\"inLanguage\":\"pl-PL\",\"potentialAction\":[{\"@type\":\"ReadAction\",\"target\":[\"https:\/\/odysseus-contests.eu\/2016\/pl\/regulamin\/publikacjei-promocja\/\"]}]},{\"@type\":\"BreadcrumbList\",\"@id\":\"https:\/\/odysseus-contests.eu\/2016\/pl\/regulamin\/publikacjei-promocja\/#breadcrumb\",\"itemListElement\":[{\"@type\":\"ListItem\",\"position\":1,\"name\":\"Home\",\"item\":\"https:\/\/odysseus-contests.eu\/2016\/pl\/\"},{\"@type\":\"ListItem\",\"position\":2,\"name\":\"Regulamin konkursu\",\"item\":\"https:\/\/odysseus-contests.eu\/2016\/pl\/regulamin\/\"},{\"@type\":\"ListItem\",\"position\":3,\"name\":\"Publikacjei promocja\"}]},{\"@type\":\"WebSite\",\"@id\":\"https:\/\/odysseus-contests.eu\/2016\/de\/#website\",\"url\":\"https:\/\/odysseus-contests.eu\/2016\/de\/\",\"name\":\"ODYSSEUS II\",\"description\":\"European Youth Space Contest\",\"potentialAction\":[{\"@type\":\"SearchAction\",\"target\":{\"@type\":\"EntryPoint\",\"urlTemplate\":\"https:\/\/odysseus-contests.eu\/2016\/de\/?s={search_term_string}\"},\"query-input\":\"required name=search_term_string\"}],\"inLanguage\":\"pl-PL\"}]}<\/script>\n<!-- \/ Yoast SEO plugin. -->","yoast_head_json":{"title":"Publikacjei promocja - ODYSSEUS II","robots":{"index":"index","follow":"follow","max-snippet":"max-snippet:-1","max-image-preview":"max-image-preview:large","max-video-preview":"max-video-preview:-1"},"canonical":"https:\/\/odysseus-contests.eu\/2016\/pl\/regulamin\/publikacjei-promocja\/","og_locale":"pl_PL","og_type":"article","og_title":"Publikacjei promocja - ODYSSEUS II","og_description":"Z\u0142o\u017cone projekty przechodz\u0105 na w\u0142asno\u015b\u0107 projektu Odysseus II, nie zostan\u0105 zwr\u00f3cone i mog\u0105 by\u0107 u\u017cyte w celach reklamowych, prezentacji publicznych, promocji oraz innych celach niekomercyjnych. Po zamkni\u0119ciu etapu sk\u0142adania projekt\u00f3w, wszystkie prace b\u0119d\u0105 publicznie udost\u0119pnione w portalu Odysseus II. Rejestracja zespo\u0142u daje projektowi Odysseus II prawo do publikacji nazwisk, wieku i narodowo\u015bci cz\u0142onk\u00f3w zwyci\u0119skich zespo\u0142\u00f3w [&hellip;]","og_url":"https:\/\/odysseus-contests.eu\/2016\/pl\/regulamin\/publikacjei-promocja\/","og_site_name":"ODYSSEUS II","article_modified_time":"2015-07-27T12:41:48+00:00","twitter_card":"summary_large_image","twitter_misc":{"Szacowany czas czytania":"1 minuta"},"schema":{"@context":"https:\/\/schema.org","@graph":[{"@type":"WebPage","@id":"https:\/\/odysseus-contests.eu\/2016\/pl\/regulamin\/publikacjei-promocja\/","url":"https:\/\/odysseus-contests.eu\/2016\/pl\/regulamin\/publikacjei-promocja\/","name":"Publikacjei promocja - ODYSSEUS II","isPartOf":{"@id":"https:\/\/odysseus-contests.eu\/2016\/de\/#website"},"datePublished":"2015-07-17T19:14:01+00:00","dateModified":"2015-07-27T12:41:48+00:00","breadcrumb":{"@id":"https:\/\/odysseus-contests.eu\/2016\/pl\/regulamin\/publikacjei-promocja\/#breadcrumb"},"inLanguage":"pl-PL","potentialAction":[{"@type":"ReadAction","target":["https:\/\/odysseus-contests.eu\/2016\/pl\/regulamin\/publikacjei-promocja\/"]}]},{"@type":"BreadcrumbList","@id":"https:\/\/odysseus-contests.eu\/2016\/pl\/regulamin\/publikacjei-promocja\/#breadcrumb","itemListElement":[{"@type":"ListItem","position":1,"name":"Home","item":"https:\/\/odysseus-contests.eu\/2016\/pl\/"},{"@type":"ListItem","position":2,"name":"Regulamin konkursu","item":"https:\/\/odysseus-contests.eu\/2016\/pl\/regulamin\/"},{"@type":"ListItem","position":3,"name":"Publikacjei promocja"}]},{"@type":"WebSite","@id":"https:\/\/odysseus-contests.eu\/2016\/de\/#website","url":"https:\/\/odysseus-contests.eu\/2016\/de\/","name":"ODYSSEUS II","description":"European Youth Space Contest","potentialAction":[{"@type":"SearchAction","target":{"@type":"EntryPoint","urlTemplate":"https:\/\/odysseus-contests.eu\/2016\/de\/?s={search_term_string}"},"query-input":"required name=search_term_string"}],"inLanguage":"pl-PL"}]}},"_links":{"self":[{"href":"https:\/\/odysseus-contests.eu\/2016\/pl\/wp-json\/wp\/v2\/pages\/2969"}],"collection":[{"href":"https:\/\/odysseus-contests.eu\/2016\/pl\/wp-json\/wp\/v2\/pages"}],"about":[{"href":"https:\/\/odysseus-contests.eu\/2016\/pl\/wp-json\/wp\/v2\/types\/page"}],"author":[{"embeddable":true,"href":"https:\/\/odysseus-contests.eu\/2016\/pl\/wp-json\/wp\/v2\/users\/2"}],"replies":[{"embeddable":true,"href":"https:\/\/odysseus-contests.eu\/2016\/pl\/wp-json\/wp\/v2\/comments?post=2969"}],"version-history":[{"count":0,"href":"https:\/\/odysseus-contests.eu\/2016\/pl\/wp-json\/wp\/v2\/pages\/2969\/revisions"}],"up":[{"embeddable":true,"href":"https:\/\/odysseus-contests.eu\/2016\/pl\/wp-json\/wp\/v2\/pages\/2949"}],"wp:attachment":[{"href":"https:\/\/odysseus-contests.eu\/2016\/pl\/wp-json\/wp\/v2\/media?parent=2969"}],"curies":[{"name":"wp","href":"https:\/\/api.w.org\/{rel}","templated":true}]}}