{"id":2965,"date":"2015-07-17T22:11:07","date_gmt":"2015-07-17T19:11:07","guid":{"rendered":"http:\/\/odysseus-contests.eu\/2016\/?page_id=2965"},"modified":"2015-07-28T16:32:52","modified_gmt":"2015-07-28T13:32:52","slug":"kryteria-oceny","status":"publish","type":"page","link":"https:\/\/odysseus-contests.eu\/2016\/pl\/regulamin\/kryteria-oceny\/","title":{"rendered":"Kryteria oceny"},"content":{"rendered":"<p style=\"text-align: justify;\">W kategorii wiekowej Skywalkers wszystkie prace b\u0119d\u0105 oceniane online poprzez g\u0142osowanie uczestnik\u00f3w konkursu. W kategoriach Pioneers i Explorers projekty b\u0119d\u0105 oceniane w trzech etapach: krajowym, regionalnym i mi\u0119dzynarodowym. Po wi\u0119cej informacji na temat procesu oceniania zajrzyj do regulaminu znajduj\u0105cego si\u0119 na stronie odpowiedniej kategorii: <u><a href=\"http:\/\/odysseus-contests.eu\/2016\/pl\/skywalkers\/kryteria-oceny\/\">Skywalkers<\/a><\/u>, <u><a href=\"http:\/\/odysseus-contests.eu\/2016\/pl\/pioneers\/assessment-and-evaluation-criteria\/\">Pioneers<\/a> <\/u>lub<u> <a href=\"http:\/\/odysseus-contests.eu\/2016\/pl\/kalendarium\/kryteria-oceny\/\">Explorers<\/a><\/u>.<\/p>\n","protected":false},"excerpt":{"rendered":"<p>W kategorii wiekowej Skywalkers wszystkie prace b\u0119d\u0105 oceniane online poprzez g\u0142osowanie uczestnik\u00f3w konkursu. W kategoriach Pioneers i Explorers projekty b\u0119d\u0105 oceniane w trzech etapach: krajowym, regionalnym i mi\u0119dzynarodowym. Po wi\u0119cej informacji na temat procesu oceniania zajrzyj do regulaminu znajduj\u0105cego si\u0119 na stronie odpowiedniej kategorii: Skywalkers, Pioneers lub Explorers.<\/p>\n","protected":false},"author":2,"featured_media":0,"parent":2949,"menu_order":70,"comment_status":"closed","ping_status":"closed","template":"","meta":[],"acf":[],"yoast_head":"<!-- This site is optimized with the Yoast SEO plugin v19.14 - https:\/\/yoast.com\/wordpress\/plugins\/seo\/ -->\n<title>Kryteria oceny - ODYSSEUS II<\/title>\n<meta name=\"robots\" content=\"index, follow, max-snippet:-1, max-image-preview:large, max-video-preview:-1\" \/>\n<link rel=\"canonical\" href=\"https:\/\/odysseus-contests.eu\/2016\/pl\/regulamin\/kryteria-oceny\/\" \/>\n<meta property=\"og:locale\" content=\"pl_PL\" \/>\n<meta property=\"og:type\" content=\"article\" \/>\n<meta property=\"og:title\" content=\"Kryteria oceny - ODYSSEUS II\" \/>\n<meta property=\"og:description\" content=\"W kategorii wiekowej Skywalkers wszystkie prace b\u0119d\u0105 oceniane online poprzez g\u0142osowanie uczestnik\u00f3w konkursu. W kategoriach Pioneers i Explorers projekty b\u0119d\u0105 oceniane w trzech etapach: krajowym, regionalnym i mi\u0119dzynarodowym. Po wi\u0119cej informacji na temat procesu oceniania zajrzyj do regulaminu znajduj\u0105cego si\u0119 na stronie odpowiedniej kategorii: Skywalkers, Pioneers lub Explorers.\" \/>\n<meta property=\"og:url\" content=\"https:\/\/odysseus-contests.eu\/2016\/pl\/regulamin\/kryteria-oceny\/\" \/>\n<meta property=\"og:site_name\" content=\"ODYSSEUS II\" \/>\n<meta property=\"article:modified_time\" content=\"2015-07-28T13:32:52+00:00\" \/>\n<meta name=\"twitter:card\" content=\"summary_large_image\" \/>\n<script type=\"application\/ld+json\" class=\"yoast-schema-graph\">{\"@context\":\"https:\/\/schema.org\",\"@graph\":[{\"@type\":\"WebPage\",\"@id\":\"https:\/\/odysseus-contests.eu\/2016\/pl\/regulamin\/kryteria-oceny\/\",\"url\":\"https:\/\/odysseus-contests.eu\/2016\/pl\/regulamin\/kryteria-oceny\/\",\"name\":\"Kryteria oceny - ODYSSEUS II\",\"isPartOf\":{\"@id\":\"https:\/\/odysseus-contests.eu\/2016\/de\/#website\"},\"datePublished\":\"2015-07-17T19:11:07+00:00\",\"dateModified\":\"2015-07-28T13:32:52+00:00\",\"breadcrumb\":{\"@id\":\"https:\/\/odysseus-contests.eu\/2016\/pl\/regulamin\/kryteria-oceny\/#breadcrumb\"},\"inLanguage\":\"pl-PL\",\"potentialAction\":[{\"@type\":\"ReadAction\",\"target\":[\"https:\/\/odysseus-contests.eu\/2016\/pl\/regulamin\/kryteria-oceny\/\"]}]},{\"@type\":\"BreadcrumbList\",\"@id\":\"https:\/\/odysseus-contests.eu\/2016\/pl\/regulamin\/kryteria-oceny\/#breadcrumb\",\"itemListElement\":[{\"@type\":\"ListItem\",\"position\":1,\"name\":\"Home\",\"item\":\"https:\/\/odysseus-contests.eu\/2016\/pl\/\"},{\"@type\":\"ListItem\",\"position\":2,\"name\":\"Regulamin konkursu\",\"item\":\"https:\/\/odysseus-contests.eu\/2016\/pl\/regulamin\/\"},{\"@type\":\"ListItem\",\"position\":3,\"name\":\"Kryteria oceny\"}]},{\"@type\":\"WebSite\",\"@id\":\"https:\/\/odysseus-contests.eu\/2016\/de\/#website\",\"url\":\"https:\/\/odysseus-contests.eu\/2016\/de\/\",\"name\":\"ODYSSEUS II\",\"description\":\"European Youth Space Contest\",\"potentialAction\":[{\"@type\":\"SearchAction\",\"target\":{\"@type\":\"EntryPoint\",\"urlTemplate\":\"https:\/\/odysseus-contests.eu\/2016\/de\/?s={search_term_string}\"},\"query-input\":\"required name=search_term_string\"}],\"inLanguage\":\"pl-PL\"}]}<\/script>\n<!-- \/ Yoast SEO plugin. -->","yoast_head_json":{"title":"Kryteria oceny - ODYSSEUS II","robots":{"index":"index","follow":"follow","max-snippet":"max-snippet:-1","max-image-preview":"max-image-preview:large","max-video-preview":"max-video-preview:-1"},"canonical":"https:\/\/odysseus-contests.eu\/2016\/pl\/regulamin\/kryteria-oceny\/","og_locale":"pl_PL","og_type":"article","og_title":"Kryteria oceny - ODYSSEUS II","og_description":"W kategorii wiekowej Skywalkers wszystkie prace b\u0119d\u0105 oceniane online poprzez g\u0142osowanie uczestnik\u00f3w konkursu. W kategoriach Pioneers i Explorers projekty b\u0119d\u0105 oceniane w trzech etapach: krajowym, regionalnym i mi\u0119dzynarodowym. Po wi\u0119cej informacji na temat procesu oceniania zajrzyj do regulaminu znajduj\u0105cego si\u0119 na stronie odpowiedniej kategorii: Skywalkers, Pioneers lub Explorers.","og_url":"https:\/\/odysseus-contests.eu\/2016\/pl\/regulamin\/kryteria-oceny\/","og_site_name":"ODYSSEUS II","article_modified_time":"2015-07-28T13:32:52+00:00","twitter_card":"summary_large_image","schema":{"@context":"https:\/\/schema.org","@graph":[{"@type":"WebPage","@id":"https:\/\/odysseus-contests.eu\/2016\/pl\/regulamin\/kryteria-oceny\/","url":"https:\/\/odysseus-contests.eu\/2016\/pl\/regulamin\/kryteria-oceny\/","name":"Kryteria oceny - ODYSSEUS II","isPartOf":{"@id":"https:\/\/odysseus-contests.eu\/2016\/de\/#website"},"datePublished":"2015-07-17T19:11:07+00:00","dateModified":"2015-07-28T13:32:52+00:00","breadcrumb":{"@id":"https:\/\/odysseus-contests.eu\/2016\/pl\/regulamin\/kryteria-oceny\/#breadcrumb"},"inLanguage":"pl-PL","potentialAction":[{"@type":"ReadAction","target":["https:\/\/odysseus-contests.eu\/2016\/pl\/regulamin\/kryteria-oceny\/"]}]},{"@type":"BreadcrumbList","@id":"https:\/\/odysseus-contests.eu\/2016\/pl\/regulamin\/kryteria-oceny\/#breadcrumb","itemListElement":[{"@type":"ListItem","position":1,"name":"Home","item":"https:\/\/odysseus-contests.eu\/2016\/pl\/"},{"@type":"ListItem","position":2,"name":"Regulamin konkursu","item":"https:\/\/odysseus-contests.eu\/2016\/pl\/regulamin\/"},{"@type":"ListItem","position":3,"name":"Kryteria oceny"}]},{"@type":"WebSite","@id":"https:\/\/odysseus-contests.eu\/2016\/de\/#website","url":"https:\/\/odysseus-contests.eu\/2016\/de\/","name":"ODYSSEUS II","description":"European Youth Space Contest","potentialAction":[{"@type":"SearchAction","target":{"@type":"EntryPoint","urlTemplate":"https:\/\/odysseus-contests.eu\/2016\/de\/?s={search_term_string}"},"query-input":"required name=search_term_string"}],"inLanguage":"pl-PL"}]}},"_links":{"self":[{"href":"https:\/\/odysseus-contests.eu\/2016\/pl\/wp-json\/wp\/v2\/pages\/2965"}],"collection":[{"href":"https:\/\/odysseus-contests.eu\/2016\/pl\/wp-json\/wp\/v2\/pages"}],"about":[{"href":"https:\/\/odysseus-contests.eu\/2016\/pl\/wp-json\/wp\/v2\/types\/page"}],"author":[{"embeddable":true,"href":"https:\/\/odysseus-contests.eu\/2016\/pl\/wp-json\/wp\/v2\/users\/2"}],"replies":[{"embeddable":true,"href":"https:\/\/odysseus-contests.eu\/2016\/pl\/wp-json\/wp\/v2\/comments?post=2965"}],"version-history":[{"count":0,"href":"https:\/\/odysseus-contests.eu\/2016\/pl\/wp-json\/wp\/v2\/pages\/2965\/revisions"}],"up":[{"embeddable":true,"href":"https:\/\/odysseus-contests.eu\/2016\/pl\/wp-json\/wp\/v2\/pages\/2949"}],"wp:attachment":[{"href":"https:\/\/odysseus-contests.eu\/2016\/pl\/wp-json\/wp\/v2\/media?parent=2965"}],"curies":[{"name":"wp","href":"https:\/\/api.w.org\/{rel}","templated":true}]}}