{"id":2960,"date":"2015-07-17T22:07:27","date_gmt":"2015-07-17T19:07:27","guid":{"rendered":"http:\/\/odysseus-contests.eu\/2016\/?page_id=2960"},"modified":"2015-07-28T16:31:48","modified_gmt":"2015-07-28T13:31:48","slug":"rejestracja","status":"publish","type":"page","link":"https:\/\/odysseus-contests.eu\/2016\/pl\/regulamin\/rejestracja\/","title":{"rendered":"Rejestracja"},"content":{"rendered":"<ul>\n<li style=\"text-align: justify;\">Rejestracji w konkursie Odysseus II mo\u017cna dokona\u0107 jedynie na oficjalnej stronie konkursu: <a href=\"http:\/\/odysseus-contests.eu\/2016\/\">odysseus-contest.eu<\/a><\/li>\n<li style=\"text-align: justify;\">Rejestracja trwa od 1 wrze\u015bnia 2015 r. do 15 stycznia 2016 r.<\/li>\n<li style=\"text-align: justify;\">Poprzez rejestracj\u0119 w konkursie przeprowadzon\u0105 na oficjalnej stronie Odysseus II uczestnicy oraz nauczyciele lub liderzy akceptuj\u0105 zasady konkursu okre\u015blone w niniejszym regulaminie oraz na stronie internetowej konkursu.<\/li>\n<li style=\"text-align: justify;\">Podczas rejestracji w konkursie Odysseus II uczestnicy, albo ich nauczyciele lub liderzy, zobowi\u0105zani s\u0105 przekaza\u0107 organizatorom informacje wymagane w procesie rejestracji i wskazane w formularzu zg\u0142oszeniowym dost\u0119pnym na oficjalnej stronie konkursu.<\/li>\n<li style=\"text-align: justify;\">Po zaakceptowaniu zespo\u0142\u00f3w, organizatorzy konkursu utworz\u0105 bezpieczne konto dla ka\u017cdego indywidualnego uczestnika w kategorii Skywalkers, dla ka\u017cdego zespo\u0142u w kategorii Pioneers oraz dla ka\u017cdego studenta lub pary student\u00f3w w kategorii Explorers. Od tego momentu ka\u017cdy uczestnik indywidualny lub zesp\u00f3\u0142 otrzyma w\u0142asny login i has\u0142o do konta \u2013 ka\u017cdemu pojedynczemu dzie\u0142u lub projektowi zostanie przyporz\u0105dkowane osobne konto.<\/li>\n<li style=\"text-align: justify;\">Nauczyciel lub lider opiekuj\u0105cy si\u0119 danym uczniem lub zespo\u0142em musi by\u0107 upowa\u017cniony do potwierdzenia wszystkich przekazanych danych osobowych i zapewnienia ich poprawno\u015bci. Ponadto musi wyrazi\u0107 zgod\u0119 na wykorzystanie przez organizator\u00f3w informacji zawartych w zg\u0142oszeniu w celu weryfikacji powy\u017cszego upowa\u017cnienia. Analogiczna odpowiedzialno\u015b\u0107 ci\u0105\u017cy na studentach studi\u00f3w pierwszego stopnia, kt\u00f3rzy rejestruj\u0105 si\u0119 sami.<\/li>\n<li style=\"text-align: justify;\">Organizatorzy maj\u0105 prawo usun\u0105\u0107 konto ucznia, studenta lub zespo\u0142u i zablokowa\u0107 im dost\u0119p do strony internetowej konkursu Odysseus II w przypadku, gdy rejestracja jest niekompletna, b\u0105d\u017a wprowadzone dane s\u0105 nieprawdziwe, niepoprawne, niepe\u0142ne lub nieaktualne (albo istnieje takie podejrzenie), b\u0105d\u017a organizatorzy nie s\u0105 w stanie zweryfikowa\u0107 \u017cadnych danych wprowadzonych przez zesp\u00f3\u0142.<\/li>\n<li style=\"text-align: justify;\">Na uczestnikach i nauczycielach lub liderach spoczywa odpowiedzialno\u015b\u0107 za utrzymanie bezpiecze\u0144stwa konta oraz za wszystkie czynno\u015bci wykonywane za jego po\u015brednictwem. Nauczyciel lub lider zobowi\u0105zany jest natychmiast poinformowa\u0107 organizator\u00f3w o wszelkich nieautoryzowanych operacjach przeprowadzanych na koncie swojego ucznia lub zespo\u0142u, a tak\u017ce o wszelkich podejrzanych operacjach \u015bwiadcz\u0105cych o naruszeniu bezpiecze\u0144stwa konta.<\/li>\n<\/ul>\n","protected":false},"excerpt":{"rendered":"<p>Rejestracji w konkursie Odysseus II mo\u017cna dokona\u0107 jedynie na oficjalnej stronie konkursu: odysseus-contest.eu Rejestracja trwa od 1 wrze\u015bnia 2015 r. do 15 stycznia 2016 r. Poprzez rejestracj\u0119 w konkursie przeprowadzon\u0105 na oficjalnej stronie Odysseus II uczestnicy oraz nauczyciele lub liderzy akceptuj\u0105 zasady konkursu okre\u015blone w niniejszym regulaminie oraz na stronie internetowej konkursu. Podczas rejestracji w [&hellip;]<\/p>\n","protected":false},"author":2,"featured_media":0,"parent":2949,"menu_order":40,"comment_status":"closed","ping_status":"closed","template":"","meta":[],"acf":[],"yoast_head":"<!-- This site is optimized with the Yoast SEO plugin v19.14 - https:\/\/yoast.com\/wordpress\/plugins\/seo\/ -->\n<title>Rejestracja - ODYSSEUS II<\/title>\n<meta name=\"robots\" content=\"index, follow, max-snippet:-1, max-image-preview:large, max-video-preview:-1\" \/>\n<link rel=\"canonical\" href=\"https:\/\/odysseus-contests.eu\/2016\/pl\/regulamin\/rejestracja\/\" \/>\n<meta property=\"og:locale\" content=\"pl_PL\" \/>\n<meta property=\"og:type\" content=\"article\" \/>\n<meta property=\"og:title\" content=\"Rejestracja - ODYSSEUS II\" \/>\n<meta property=\"og:description\" content=\"Rejestracji w konkursie Odysseus II mo\u017cna dokona\u0107 jedynie na oficjalnej stronie konkursu: odysseus-contest.eu Rejestracja trwa od 1 wrze\u015bnia 2015 r. do 15 stycznia 2016 r. Poprzez rejestracj\u0119 w konkursie przeprowadzon\u0105 na oficjalnej stronie Odysseus II uczestnicy oraz nauczyciele lub liderzy akceptuj\u0105 zasady konkursu okre\u015blone w niniejszym regulaminie oraz na stronie internetowej konkursu. Podczas rejestracji w [&hellip;]\" \/>\n<meta property=\"og:url\" content=\"https:\/\/odysseus-contests.eu\/2016\/pl\/regulamin\/rejestracja\/\" \/>\n<meta property=\"og:site_name\" content=\"ODYSSEUS II\" \/>\n<meta property=\"article:modified_time\" content=\"2015-07-28T13:31:48+00:00\" \/>\n<meta name=\"twitter:card\" content=\"summary_large_image\" \/>\n<meta name=\"twitter:label1\" content=\"Szacowany czas czytania\" \/>\n\t<meta name=\"twitter:data1\" content=\"2 minuty\" \/>\n<script type=\"application\/ld+json\" class=\"yoast-schema-graph\">{\"@context\":\"https:\/\/schema.org\",\"@graph\":[{\"@type\":\"WebPage\",\"@id\":\"https:\/\/odysseus-contests.eu\/2016\/pl\/regulamin\/rejestracja\/\",\"url\":\"https:\/\/odysseus-contests.eu\/2016\/pl\/regulamin\/rejestracja\/\",\"name\":\"Rejestracja - ODYSSEUS II\",\"isPartOf\":{\"@id\":\"https:\/\/odysseus-contests.eu\/2016\/de\/#website\"},\"datePublished\":\"2015-07-17T19:07:27+00:00\",\"dateModified\":\"2015-07-28T13:31:48+00:00\",\"breadcrumb\":{\"@id\":\"https:\/\/odysseus-contests.eu\/2016\/pl\/regulamin\/rejestracja\/#breadcrumb\"},\"inLanguage\":\"pl-PL\",\"potentialAction\":[{\"@type\":\"ReadAction\",\"target\":[\"https:\/\/odysseus-contests.eu\/2016\/pl\/regulamin\/rejestracja\/\"]}]},{\"@type\":\"BreadcrumbList\",\"@id\":\"https:\/\/odysseus-contests.eu\/2016\/pl\/regulamin\/rejestracja\/#breadcrumb\",\"itemListElement\":[{\"@type\":\"ListItem\",\"position\":1,\"name\":\"Home\",\"item\":\"https:\/\/odysseus-contests.eu\/2016\/pl\/\"},{\"@type\":\"ListItem\",\"position\":2,\"name\":\"Regulamin konkursu\",\"item\":\"https:\/\/odysseus-contests.eu\/2016\/pl\/regulamin\/\"},{\"@type\":\"ListItem\",\"position\":3,\"name\":\"Rejestracja\"}]},{\"@type\":\"WebSite\",\"@id\":\"https:\/\/odysseus-contests.eu\/2016\/de\/#website\",\"url\":\"https:\/\/odysseus-contests.eu\/2016\/de\/\",\"name\":\"ODYSSEUS II\",\"description\":\"European Youth Space Contest\",\"potentialAction\":[{\"@type\":\"SearchAction\",\"target\":{\"@type\":\"EntryPoint\",\"urlTemplate\":\"https:\/\/odysseus-contests.eu\/2016\/de\/?s={search_term_string}\"},\"query-input\":\"required name=search_term_string\"}],\"inLanguage\":\"pl-PL\"}]}<\/script>\n<!-- \/ Yoast SEO plugin. -->","yoast_head_json":{"title":"Rejestracja - ODYSSEUS II","robots":{"index":"index","follow":"follow","max-snippet":"max-snippet:-1","max-image-preview":"max-image-preview:large","max-video-preview":"max-video-preview:-1"},"canonical":"https:\/\/odysseus-contests.eu\/2016\/pl\/regulamin\/rejestracja\/","og_locale":"pl_PL","og_type":"article","og_title":"Rejestracja - ODYSSEUS II","og_description":"Rejestracji w konkursie Odysseus II mo\u017cna dokona\u0107 jedynie na oficjalnej stronie konkursu: odysseus-contest.eu Rejestracja trwa od 1 wrze\u015bnia 2015 r. do 15 stycznia 2016 r. Poprzez rejestracj\u0119 w konkursie przeprowadzon\u0105 na oficjalnej stronie Odysseus II uczestnicy oraz nauczyciele lub liderzy akceptuj\u0105 zasady konkursu okre\u015blone w niniejszym regulaminie oraz na stronie internetowej konkursu. Podczas rejestracji w [&hellip;]","og_url":"https:\/\/odysseus-contests.eu\/2016\/pl\/regulamin\/rejestracja\/","og_site_name":"ODYSSEUS II","article_modified_time":"2015-07-28T13:31:48+00:00","twitter_card":"summary_large_image","twitter_misc":{"Szacowany czas czytania":"2 minuty"},"schema":{"@context":"https:\/\/schema.org","@graph":[{"@type":"WebPage","@id":"https:\/\/odysseus-contests.eu\/2016\/pl\/regulamin\/rejestracja\/","url":"https:\/\/odysseus-contests.eu\/2016\/pl\/regulamin\/rejestracja\/","name":"Rejestracja - ODYSSEUS II","isPartOf":{"@id":"https:\/\/odysseus-contests.eu\/2016\/de\/#website"},"datePublished":"2015-07-17T19:07:27+00:00","dateModified":"2015-07-28T13:31:48+00:00","breadcrumb":{"@id":"https:\/\/odysseus-contests.eu\/2016\/pl\/regulamin\/rejestracja\/#breadcrumb"},"inLanguage":"pl-PL","potentialAction":[{"@type":"ReadAction","target":["https:\/\/odysseus-contests.eu\/2016\/pl\/regulamin\/rejestracja\/"]}]},{"@type":"BreadcrumbList","@id":"https:\/\/odysseus-contests.eu\/2016\/pl\/regulamin\/rejestracja\/#breadcrumb","itemListElement":[{"@type":"ListItem","position":1,"name":"Home","item":"https:\/\/odysseus-contests.eu\/2016\/pl\/"},{"@type":"ListItem","position":2,"name":"Regulamin konkursu","item":"https:\/\/odysseus-contests.eu\/2016\/pl\/regulamin\/"},{"@type":"ListItem","position":3,"name":"Rejestracja"}]},{"@type":"WebSite","@id":"https:\/\/odysseus-contests.eu\/2016\/de\/#website","url":"https:\/\/odysseus-contests.eu\/2016\/de\/","name":"ODYSSEUS II","description":"European Youth Space Contest","potentialAction":[{"@type":"SearchAction","target":{"@type":"EntryPoint","urlTemplate":"https:\/\/odysseus-contests.eu\/2016\/de\/?s={search_term_string}"},"query-input":"required name=search_term_string"}],"inLanguage":"pl-PL"}]}},"_links":{"self":[{"href":"https:\/\/odysseus-contests.eu\/2016\/pl\/wp-json\/wp\/v2\/pages\/2960"}],"collection":[{"href":"https:\/\/odysseus-contests.eu\/2016\/pl\/wp-json\/wp\/v2\/pages"}],"about":[{"href":"https:\/\/odysseus-contests.eu\/2016\/pl\/wp-json\/wp\/v2\/types\/page"}],"author":[{"embeddable":true,"href":"https:\/\/odysseus-contests.eu\/2016\/pl\/wp-json\/wp\/v2\/users\/2"}],"replies":[{"embeddable":true,"href":"https:\/\/odysseus-contests.eu\/2016\/pl\/wp-json\/wp\/v2\/comments?post=2960"}],"version-history":[{"count":0,"href":"https:\/\/odysseus-contests.eu\/2016\/pl\/wp-json\/wp\/v2\/pages\/2960\/revisions"}],"up":[{"embeddable":true,"href":"https:\/\/odysseus-contests.eu\/2016\/pl\/wp-json\/wp\/v2\/pages\/2949"}],"wp:attachment":[{"href":"https:\/\/odysseus-contests.eu\/2016\/pl\/wp-json\/wp\/v2\/media?parent=2960"}],"curies":[{"name":"wp","href":"https:\/\/api.w.org\/{rel}","templated":true}]}}