{"id":2951,"date":"2015-07-17T22:09:08","date_gmt":"2015-07-17T19:09:08","guid":{"rendered":"http:\/\/odysseus-contests.eu\/2016\/?page_id=2951"},"modified":"2015-07-28T16:25:27","modified_gmt":"2015-07-28T13:25:27","slug":"przesylanie-prac-droga-elektroniczna","status":"publish","type":"page","link":"https:\/\/odysseus-contests.eu\/2016\/pl\/regulamin\/przesylanie-prac-droga-elektroniczna\/","title":{"rendered":"Przesy\u0142anie prac drog\u0105 elektroniczn\u0105"},"content":{"rendered":"<ul>\n<li style=\"text-align: justify;\">Uczestnicy indywidualni i zespo\u0142y musz\u0105 przes\u0142a\u0107 autorskie dzie\u0142o lub autorski projekt, zwi\u0105zany z nauk\u0105 zwi\u0105zan\u0105 z przestrzeni\u0105 kosmiczn\u0105, kt\u00f3rych podstaw\u0105 s\u0105 tematy i zadania okre\u015blone dla poszczeg\u00f3lnych kategorii wiekowych.<\/li>\n<li style=\"text-align: justify;\">Uczestnicy indywidualni i zespo\u0142y mog\u0105 przesy\u0142a\u0107 prace drog\u0105 elektroniczn\u0105 w terminach okre\u015blonych dla poszczeg\u00f3lnych kategorii wiekowych:\n<ul>\n<li>Skywalkers: od 1 wrze\u015bnia 2015 r. do 31 marca 2016 r.<\/li>\n<li>Pioneers i Explorers: od 1 wrze\u015bnia 2015 r. do 15 stycznia 2016 r.<\/li>\n<\/ul>\n<\/li>\n<li style=\"text-align: justify;\">Prace, kt\u00f3re wp\u0142yn\u0105 ostatniego wyznaczonego dnia po p\u00f3\u0142nocy (23:59:59 czasu \u015brodkowoeuropejskiego) nie b\u0119d\u0105 brane pod uwag\u0119, o ile nie wyst\u0105pi powa\u017cna awaria platformy zg\u0142oszeniowej. Je\u017celi ostatniego dnia przyjmowania zg\u0142osze\u0144 (czyli odpowiednio 15 stycznia 2016 r. lub 31 marca 2016 r.) platforma ulegnie awarii na wi\u0119cej ni\u017c dwie godziny, organizatorzy zadbaj\u0105 o udost\u0119pnienie jej nast\u0119pnego dnia (czyli odpowiednio 16 stycznia 2016 r. lub 1 kwietnia 2016 r.) w godzinach od 8:00 do 18:00 czasu \u015brodkowoeuropejskiego.<\/li>\n<li style=\"text-align: justify;\">Je\u017celi przes\u0142ane prace zostan\u0105 utracone lub usuni\u0119te z powodu b\u0142\u0119du systemu obs\u0142uguj\u0105cego konkurs Odysseus II, zesp\u00f3\u0142 b\u0119dzie m\u00f3g\u0142 przes\u0142a\u0107 prac\u0119 ponownie, nawet po up\u0142ywie terminu, o ile b\u0119dzie to uzasadnione. Nie jest to dopuszczalne w przypadku, gdy uczestnicy sami usun\u0119li lub uszkodzili przes\u0142ane prace.<\/li>\n<li style=\"text-align: justify;\">Prace na konkurs Odysseus II nale\u017cy przesy\u0142a\u0107 wy\u0142\u0105cznie za po\u015brednictwem oficjalnej strony konkursu. Przed przes\u0142aniem prac uczestnicy lub zespo\u0142y musz\u0105 si\u0119 zarejestrowa\u0107 i otrzyma\u0107 akceptacj\u0119 organizator\u00f3w (zobacz Rejestracja powy\u017cej).<\/li>\n<li style=\"text-align: justify;\">Ka\u017cda praca musi by\u0107 zwi\u0105zana wy\u0142\u0105cznie z jednym tematem i dotyczy\u0107 jednej z kategorii spo\u015br\u00f3d tych przedstawionych przez organizator\u00f3w. Jednak\u017ce uczestnicy mog\u0105 wybra\u0107 dowoln\u0105 dziedzin\u0119, kt\u00f3r\u0105 chc\u0105 powi\u0105za\u0107 z danym tematem. Do zilustrowania wybranego tematu mo\u017cna wykorzysta\u0107 najr\u00f3\u017cniejsze dziedziny, na przyk\u0142ad takie jak: fizyk\u0119 (w tym astronomi\u0119 czy astrobiologi\u0119), chemi\u0119, biologi\u0119 (np. ochron\u0119 \u015brodowiska), nauki o Ziemi (np. geologi\u0119), technik\u0119 (np. in\u017cynieri\u0119, robotyk\u0119, architektur\u0119), sztuk\u0119 (np. rysunek, grafik\u0119, wzornictwo), czy psychologi\u0119.<\/li>\n<li style=\"text-align: justify;\">Pliki elektroniczne, kt\u00f3re mo\u017cna do\u0142\u0105czy\u0107 do projekt\u00f3w mog\u0105 by\u0107 w formie wypracowa\u0144, prezentacji w PowerPoincie, plakat\u00f3w, film\u00f3w, link\u00f3w do stron przygotowanych w ramach projektu oraz plik\u00f3w audio.<\/li>\n<li style=\"text-align: justify;\">Dozwolone formaty plik\u00f3w to:\n<ul>\n<li>dla dokument\u00f3w: *.doc, *.docx, *.pdf, *.txt,\u00a0 *.ps,\u00a0 *.ppt, *.pptx, *.pps,\u00a0 *.ppsx<\/li>\n<li>dla zdj\u0119\u0107: *.png, *.jpg, *.bmp, *.gif<\/li>\n<li>dla film\u00f3w: wszystkie filmy musz\u0105 by\u0107 umieszczone na portalu youtube lub vimeo oraz nale\u017cy poda\u0107 adres do nich.<\/li>\n<li>dla plik\u00f3w audio: *.mp3, *.wav, *.aiff, *.au, *.m4a<\/li>\n<li>dla format\u00f3w kompresji: *.tar *.gz *.zip *.7z *.zipx<\/li>\n<\/ul>\n<\/li>\n<\/ul>\n<ul>\n<li style=\"text-align: justify;\">Termin dzie\u0142o odnosi si\u0119 prac wykonanych dowoln\u0105 technik\u0105 manualn\u0105 (rysunek, obraz, mozaika, itp.) lub za pomoc\u0105 urz\u0105dze\u0144 elektronicznych (fotografie, rysunki wykonane w programach graficznych itp.). Dzie\u0142a wykonane manualnie nale\u017cy zeskanowa\u0107 i zapisa\u0107 w jednym z wy\u017cej wymienionych format\u00f3w.<\/li>\n<li style=\"text-align: justify;\">W okresie rejestracji na oficjalnej stronie konkursu zostanie udost\u0119pniony szablon, za pomoc\u0105, kt\u00f3rego uczestnicy b\u0119d\u0105 mogli kompilowa\u0107 zg\u0142oszenia. Skorzystanie z niego jest opcjonalne.<\/li>\n<li style=\"text-align: justify;\">Nieskompresowane pliki zg\u0142aszanej pracy mog\u0105 mie\u0107 rozmiar do 20 MB. Uczestnicy mog\u0105 \u0142\u0105czy\u0107 wiele plik\u00f3w w jeden pakiet w celu przes\u0142ania zg\u0142oszenia. Ponadto uczestnicy mog\u0105 kompresowa\u0107 pliki do formatu *.gz lub *.zip, przy czym nieskompresowane pliki wci\u0105\u017c nie mog\u0105 przekroczy\u0107 rozmiaru 20 MB.<\/li>\n<li style=\"text-align: justify;\">Koszt materia\u0142\u00f3w do wykonania projektu nie mo\u017ce przekroczy\u0107 150\u00a0\u20ac.<\/li>\n<li style=\"text-align: justify;\">Przesy\u0142ane prace powinny zawiera\u0107 stron\u0119 z podzi\u0119kowaniami dla wszystkich os\u00f3b, kt\u00f3re mia\u0142y wk\u0142ad w projekt, w tym dla podmiot\u00f3w, kt\u00f3re udzieli\u0142y wsparcia finansowego. Na stronie z podzi\u0119kowaniami mo\u017cna umie\u015bci\u0107 logo sponsora, ale jakiekolwiek inne formy reklamy i lokowania produktu w przesy\u0142anych materia\u0142ach s\u0105 niedopuszczalne.<\/li>\n<li style=\"text-align: justify;\">Uczestnicy s\u0105 odpowiedzialni za konwersj\u0119 przesy\u0142anych plik\u00f3w do format\u00f3w akceptowanych przez organizator\u00f3w konkursu.<\/li>\n<li style=\"text-align: justify;\">Uczestnicy s\u0105 odpowiedzialni za tre\u015b\u0107 zg\u0142aszanej pracy. Je\u017celi zdecyduj\u0105 si\u0119 ujawni\u0107 w pracy informacje osobiste, robi\u0105 to na w\u0142asne ryzyko.<\/li>\n<li style=\"text-align: justify;\">Organizatorzy nie ponosz\u0105 odpowiedzialno\u015bci za tre\u015bci przesy\u0142anych prac.<\/li>\n<li style=\"text-align: justify;\">Uczestnicy zobowi\u0105zuj\u0105 si\u0119 nie przesy\u0142a\u0107 materia\u0142\u00f3w, kt\u00f3re s\u0105 szkaluj\u0105ce, obra\u017aliwe, uw\u0142aczaj\u0105ce, dokuczliwe, wulgarne, obsceniczne, nienawistne, nielegalne (lub promuj\u0105ce nielegalne dzia\u0142ania); kt\u00f3re maj\u0105 charakter gr\u00f3\u017ab karalnych lub nosz\u0105 znamiona fanatyzmu i rasizmu, lub maj\u0105 charakter seksualny<strong>.<\/strong><\/li>\n<\/ul>\n","protected":false},"excerpt":{"rendered":"<p>Uczestnicy indywidualni i zespo\u0142y musz\u0105 przes\u0142a\u0107 autorskie dzie\u0142o lub autorski projekt, zwi\u0105zany z nauk\u0105 zwi\u0105zan\u0105 z przestrzeni\u0105 kosmiczn\u0105, kt\u00f3rych podstaw\u0105 s\u0105 tematy i zadania okre\u015blone dla poszczeg\u00f3lnych kategorii wiekowych. Uczestnicy indywidualni i zespo\u0142y mog\u0105 przesy\u0142a\u0107 prace drog\u0105 elektroniczn\u0105 w terminach okre\u015blonych dla poszczeg\u00f3lnych kategorii wiekowych: Skywalkers: od 1 wrze\u015bnia 2015 r. do 31 marca 2016 [&hellip;]<\/p>\n","protected":false},"author":2,"featured_media":0,"parent":2949,"menu_order":0,"comment_status":"closed","ping_status":"closed","template":"","meta":[],"acf":[],"yoast_head":"<!-- This site is optimized with the Yoast SEO plugin v19.14 - https:\/\/yoast.com\/wordpress\/plugins\/seo\/ -->\n<title>Przesy\u0142anie prac drog\u0105 elektroniczn\u0105 - ODYSSEUS II<\/title>\n<meta name=\"robots\" content=\"index, follow, max-snippet:-1, max-image-preview:large, max-video-preview:-1\" \/>\n<link rel=\"canonical\" href=\"https:\/\/odysseus-contests.eu\/2016\/pl\/regulamin\/przesylanie-prac-droga-elektroniczna\/\" \/>\n<meta property=\"og:locale\" content=\"pl_PL\" \/>\n<meta property=\"og:type\" content=\"article\" \/>\n<meta property=\"og:title\" content=\"Przesy\u0142anie prac drog\u0105 elektroniczn\u0105 - ODYSSEUS II\" \/>\n<meta property=\"og:description\" content=\"Uczestnicy indywidualni i zespo\u0142y musz\u0105 przes\u0142a\u0107 autorskie dzie\u0142o lub autorski projekt, zwi\u0105zany z nauk\u0105 zwi\u0105zan\u0105 z przestrzeni\u0105 kosmiczn\u0105, kt\u00f3rych podstaw\u0105 s\u0105 tematy i zadania okre\u015blone dla poszczeg\u00f3lnych kategorii wiekowych. Uczestnicy indywidualni i zespo\u0142y mog\u0105 przesy\u0142a\u0107 prace drog\u0105 elektroniczn\u0105 w terminach okre\u015blonych dla poszczeg\u00f3lnych kategorii wiekowych: Skywalkers: od 1 wrze\u015bnia 2015 r. do 31 marca 2016 [&hellip;]\" \/>\n<meta property=\"og:url\" content=\"https:\/\/odysseus-contests.eu\/2016\/pl\/regulamin\/przesylanie-prac-droga-elektroniczna\/\" \/>\n<meta property=\"og:site_name\" content=\"ODYSSEUS II\" \/>\n<meta property=\"article:modified_time\" content=\"2015-07-28T13:25:27+00:00\" \/>\n<meta name=\"twitter:card\" content=\"summary_large_image\" \/>\n<meta name=\"twitter:label1\" content=\"Szacowany czas czytania\" \/>\n\t<meta name=\"twitter:data1\" content=\"4 minuty\" \/>\n<script type=\"application\/ld+json\" class=\"yoast-schema-graph\">{\"@context\":\"https:\/\/schema.org\",\"@graph\":[{\"@type\":\"WebPage\",\"@id\":\"https:\/\/odysseus-contests.eu\/2016\/pl\/regulamin\/przesylanie-prac-droga-elektroniczna\/\",\"url\":\"https:\/\/odysseus-contests.eu\/2016\/pl\/regulamin\/przesylanie-prac-droga-elektroniczna\/\",\"name\":\"Przesy\u0142anie prac drog\u0105 elektroniczn\u0105 - ODYSSEUS II\",\"isPartOf\":{\"@id\":\"https:\/\/odysseus-contests.eu\/2016\/de\/#website\"},\"datePublished\":\"2015-07-17T19:09:08+00:00\",\"dateModified\":\"2015-07-28T13:25:27+00:00\",\"breadcrumb\":{\"@id\":\"https:\/\/odysseus-contests.eu\/2016\/pl\/regulamin\/przesylanie-prac-droga-elektroniczna\/#breadcrumb\"},\"inLanguage\":\"pl-PL\",\"potentialAction\":[{\"@type\":\"ReadAction\",\"target\":[\"https:\/\/odysseus-contests.eu\/2016\/pl\/regulamin\/przesylanie-prac-droga-elektroniczna\/\"]}]},{\"@type\":\"BreadcrumbList\",\"@id\":\"https:\/\/odysseus-contests.eu\/2016\/pl\/regulamin\/przesylanie-prac-droga-elektroniczna\/#breadcrumb\",\"itemListElement\":[{\"@type\":\"ListItem\",\"position\":1,\"name\":\"Home\",\"item\":\"https:\/\/odysseus-contests.eu\/2016\/pl\/\"},{\"@type\":\"ListItem\",\"position\":2,\"name\":\"Regulamin konkursu\",\"item\":\"https:\/\/odysseus-contests.eu\/2016\/pl\/regulamin\/\"},{\"@type\":\"ListItem\",\"position\":3,\"name\":\"Przesy\u0142anie prac drog\u0105 elektroniczn\u0105\"}]},{\"@type\":\"WebSite\",\"@id\":\"https:\/\/odysseus-contests.eu\/2016\/de\/#website\",\"url\":\"https:\/\/odysseus-contests.eu\/2016\/de\/\",\"name\":\"ODYSSEUS II\",\"description\":\"European Youth Space Contest\",\"potentialAction\":[{\"@type\":\"SearchAction\",\"target\":{\"@type\":\"EntryPoint\",\"urlTemplate\":\"https:\/\/odysseus-contests.eu\/2016\/de\/?s={search_term_string}\"},\"query-input\":\"required name=search_term_string\"}],\"inLanguage\":\"pl-PL\"}]}<\/script>\n<!-- \/ Yoast SEO plugin. -->","yoast_head_json":{"title":"Przesy\u0142anie prac drog\u0105 elektroniczn\u0105 - ODYSSEUS II","robots":{"index":"index","follow":"follow","max-snippet":"max-snippet:-1","max-image-preview":"max-image-preview:large","max-video-preview":"max-video-preview:-1"},"canonical":"https:\/\/odysseus-contests.eu\/2016\/pl\/regulamin\/przesylanie-prac-droga-elektroniczna\/","og_locale":"pl_PL","og_type":"article","og_title":"Przesy\u0142anie prac drog\u0105 elektroniczn\u0105 - ODYSSEUS II","og_description":"Uczestnicy indywidualni i zespo\u0142y musz\u0105 przes\u0142a\u0107 autorskie dzie\u0142o lub autorski projekt, zwi\u0105zany z nauk\u0105 zwi\u0105zan\u0105 z przestrzeni\u0105 kosmiczn\u0105, kt\u00f3rych podstaw\u0105 s\u0105 tematy i zadania okre\u015blone dla poszczeg\u00f3lnych kategorii wiekowych. Uczestnicy indywidualni i zespo\u0142y mog\u0105 przesy\u0142a\u0107 prace drog\u0105 elektroniczn\u0105 w terminach okre\u015blonych dla poszczeg\u00f3lnych kategorii wiekowych: Skywalkers: od 1 wrze\u015bnia 2015 r. do 31 marca 2016 [&hellip;]","og_url":"https:\/\/odysseus-contests.eu\/2016\/pl\/regulamin\/przesylanie-prac-droga-elektroniczna\/","og_site_name":"ODYSSEUS II","article_modified_time":"2015-07-28T13:25:27+00:00","twitter_card":"summary_large_image","twitter_misc":{"Szacowany czas czytania":"4 minuty"},"schema":{"@context":"https:\/\/schema.org","@graph":[{"@type":"WebPage","@id":"https:\/\/odysseus-contests.eu\/2016\/pl\/regulamin\/przesylanie-prac-droga-elektroniczna\/","url":"https:\/\/odysseus-contests.eu\/2016\/pl\/regulamin\/przesylanie-prac-droga-elektroniczna\/","name":"Przesy\u0142anie prac drog\u0105 elektroniczn\u0105 - ODYSSEUS II","isPartOf":{"@id":"https:\/\/odysseus-contests.eu\/2016\/de\/#website"},"datePublished":"2015-07-17T19:09:08+00:00","dateModified":"2015-07-28T13:25:27+00:00","breadcrumb":{"@id":"https:\/\/odysseus-contests.eu\/2016\/pl\/regulamin\/przesylanie-prac-droga-elektroniczna\/#breadcrumb"},"inLanguage":"pl-PL","potentialAction":[{"@type":"ReadAction","target":["https:\/\/odysseus-contests.eu\/2016\/pl\/regulamin\/przesylanie-prac-droga-elektroniczna\/"]}]},{"@type":"BreadcrumbList","@id":"https:\/\/odysseus-contests.eu\/2016\/pl\/regulamin\/przesylanie-prac-droga-elektroniczna\/#breadcrumb","itemListElement":[{"@type":"ListItem","position":1,"name":"Home","item":"https:\/\/odysseus-contests.eu\/2016\/pl\/"},{"@type":"ListItem","position":2,"name":"Regulamin konkursu","item":"https:\/\/odysseus-contests.eu\/2016\/pl\/regulamin\/"},{"@type":"ListItem","position":3,"name":"Przesy\u0142anie prac drog\u0105 elektroniczn\u0105"}]},{"@type":"WebSite","@id":"https:\/\/odysseus-contests.eu\/2016\/de\/#website","url":"https:\/\/odysseus-contests.eu\/2016\/de\/","name":"ODYSSEUS II","description":"European Youth Space Contest","potentialAction":[{"@type":"SearchAction","target":{"@type":"EntryPoint","urlTemplate":"https:\/\/odysseus-contests.eu\/2016\/de\/?s={search_term_string}"},"query-input":"required name=search_term_string"}],"inLanguage":"pl-PL"}]}},"_links":{"self":[{"href":"https:\/\/odysseus-contests.eu\/2016\/pl\/wp-json\/wp\/v2\/pages\/2951"}],"collection":[{"href":"https:\/\/odysseus-contests.eu\/2016\/pl\/wp-json\/wp\/v2\/pages"}],"about":[{"href":"https:\/\/odysseus-contests.eu\/2016\/pl\/wp-json\/wp\/v2\/types\/page"}],"author":[{"embeddable":true,"href":"https:\/\/odysseus-contests.eu\/2016\/pl\/wp-json\/wp\/v2\/users\/2"}],"replies":[{"embeddable":true,"href":"https:\/\/odysseus-contests.eu\/2016\/pl\/wp-json\/wp\/v2\/comments?post=2951"}],"version-history":[{"count":0,"href":"https:\/\/odysseus-contests.eu\/2016\/pl\/wp-json\/wp\/v2\/pages\/2951\/revisions"}],"up":[{"embeddable":true,"href":"https:\/\/odysseus-contests.eu\/2016\/pl\/wp-json\/wp\/v2\/pages\/2949"}],"wp:attachment":[{"href":"https:\/\/odysseus-contests.eu\/2016\/pl\/wp-json\/wp\/v2\/media?parent=2951"}],"curies":[{"name":"wp","href":"https:\/\/api.w.org\/{rel}","templated":true}]}}